{"id":19020,"date":"2023-11-14T18:45:09","date_gmt":"2023-11-14T17:45:09","guid":{"rendered":"https:\/\/mamaterra.lt\/?post_type=product&#038;p=19020"},"modified":"2023-11-14T19:15:08","modified_gmt":"2023-11-14T18:15:08","slug":"doterra-adaptiv-bardas-eterisko-ellu-maisijums-30ml-copy","status":"publish","type":"product","link":"https:\/\/mamaterra.lt\/lv\/parduotuve\/eteriskas-ellas\/eterisko-ellu-maisijumi\/doterra-adaptiv-bardas-eterisko-ellu-maisijums-30ml-copy\/","title":{"rendered":"doTERRA Adaptiv b\u0101rdas \u0113terisko e\u013c\u013cu mais\u012bjums 30ml"},"content":{"rendered":"<p><strong>doTERRA Adaptiv b\u0101rdas \u0113terisko e\u013c\u013cu mais\u012bjums <\/strong><\/p>\n<p>30ml<\/p>\n<p>&nbsp;<\/p>\n<p><strong>doTERRA Adaptiv b\u0101rdas \u0113terisko e\u013c\u013cu mais\u012bjuma galven\u0101s priek\u0161roc\u012bbas:<\/strong><\/p>\n<p>Izmantojot doTERRA Adaptiv Beard e\u013c\u013cu, j\u016bs aizmirs\u012bsit par rupjiem matiem. Tikai da\u017ei pilieni dien\u0101 pal\u012bdz\u0113s saglab\u0101t matus m\u012bkstus, elast\u012bgus un mitrin\u0101tus.<\/p>\n<ul>\n<li>Mitrina un baro \u0101du un uztur sejas matu formu.<\/li>\n<li>Mitrina \u0101du un m\u012bkstina b\u0101rdu ar argana, jojobas, avokado un saulespu\u0137u e\u013c\u013c\u0101m.<\/li>\n<li>Ar Adaptiv\u2122 \u0113terisko e\u013c\u013cu mais\u012bjumu, satur CPTG\u00ae \u0113terisk\u0101s e\u013c\u013cas: Lavandas, magnolijas, neroli, Wild Orange, Spearmint, Copaiba un rozmar\u012bnu e\u013c\u013cai piem\u012bt svaigs un citrusu arom\u0101ts, kas sniedz centr\u0113jo\u0161u un atjaunojo\u0161u atmosf\u0113ru, padarot kop\u0161anu par prieku.<\/li>\n<\/ul>\n<p><strong>doTERRA b\u0101rdas \u0113terisko e\u013c\u013cu mais\u012bjums sast\u0101v no:<\/strong><\/p>\n<p>doTERRA\u00a0 b\u0101rdas e\u013c\u013ca (b\u0101rdas e\u013c\u013ca) satur: Argania spinosa (argana) kodolu e\u013c\u013cu, Simmondsia chinensis (jojobas) s\u0113klu e\u013c\u013cu, Persea gratissima (avokado) e\u013c\u013cu, Helianthus annuus (saulespu\u0137u) s\u0113klu e\u013c\u013cu.<\/p>\n","protected":false},"excerpt":{"rendered":"<ul>\n<li>Mitrina un baro \u0101du un uztur sejas matu formu<\/li>\n<li>Mitrina \u0101du un m\u012bkstina b\u0101rdu ar argana, jojobas, avokado un saulespu\u0137u e\u013c\u013c\u0101m<\/li>\n<\/ul>\n","protected":false},"featured_media":19025,"template":"","meta":{"site-sidebar-layout":"default","site-content-layout":"default","ast-site-content-layout":"default","site-content-style":"default","site-sidebar-style":"default","ast-global-header-display":"","ast-banner-title-visibility":"","ast-main-header-display":"","ast-hfb-above-header-display":"","ast-hfb-below-header-display":"","ast-hfb-mobile-header-display":"","site-post-title":"","ast-breadcrumbs-content":"","ast-featured-img":"","footer-sml-layout":"","ast-disable-related-posts":"","theme-transparent-header-meta":"default","adv-header-id-meta":"","stick-header-meta":"","header-above-stick-meta":"","header-main-stick-meta":"","header-below-stick-meta":"","astra-migrate-meta-layouts":"set","ast-page-background-enabled":"default","ast-page-background-meta":{"desktop":{"background-color":"","background-image":"","background-repeat":"repeat","background-position":"center center","background-size":"auto","background-attachment":"scroll","background-type":"","background-media":"","overlay-type":"","overlay-color":"","overlay-opacity":"","overlay-gradient":""},"tablet":{"background-color":"","background-image":"","background-repeat":"repeat","background-position":"center center","background-size":"auto","background-attachment":"scroll","background-type":"","background-media":"","overlay-type":"","overlay-color":"","overlay-opacity":"","overlay-gradient":""},"mobile":{"background-color":"","background-image":"","background-repeat":"repeat","background-position":"center center","background-size":"auto","background-attachment":"scroll","background-type":"","background-media":"","overlay-type":"","overlay-color":"","overlay-opacity":"","overlay-gradient":""}},"ast-content-background-meta":{"desktop":{"background-color":"var(--ast-global-color-5)","background-image":"","background-repeat":"repeat","background-position":"center center","background-size":"auto","background-attachment":"scroll","background-type":"","background-media":"","overlay-type":"","overlay-color":"","overlay-opacity":"","overlay-gradient":""},"tablet":{"background-color":"var(--ast-global-color-5)","background-image":"","background-repeat":"repeat","background-position":"center center","background-size":"auto","background-attachment":"scroll","background-type":"","background-media":"","overlay-type":"","overlay-color":"","overlay-opacity":"","overlay-gradient":""},"mobile":{"background-color":"var(--ast-global-color-5)","background-image":"","background-repeat":"repeat","background-position":"center center","background-size":"auto","background-attachment":"scroll","background-type":"","background-media":"","overlay-type":"","overlay-color":"","overlay-opacity":"","overlay-gradient":""}}},"product_brand":[],"product_cat":[597,599,601,604],"product_tag":[688,1054],"class_list":{"0":"post-19020","1":"product","2":"type-product","3":"status-publish","4":"has-post-thumbnail","6":"product_cat-davanas","7":"product_cat-davanas-viriesiem","8":"product_cat-eterisko-ellu-maisijumi","9":"product_cat-higiena-un-adas-kopsana","10":"product_tag-30ml-lv","11":"product_tag-northern-escape-lv","12":"desktop-align-left","13":"tablet-align-left","14":"mobile-align-left","16":"first","17":"outofstock","18":"taxable","19":"shipping-taxable","20":"purchasable","21":"product-type-simple"},"_links":{"self":[{"href":"https:\/\/mamaterra.lt\/lv\/wp-json\/wp\/v2\/product\/19020","targetHints":{"allow":["GET"]}}],"collection":[{"href":"https:\/\/mamaterra.lt\/lv\/wp-json\/wp\/v2\/product"}],"about":[{"href":"https:\/\/mamaterra.lt\/lv\/wp-json\/wp\/v2\/types\/product"}],"wp:featuredmedia":[{"embeddable":true,"href":"https:\/\/mamaterra.lt\/lv\/wp-json\/wp\/v2\/media\/19025"}],"wp:attachment":[{"href":"https:\/\/mamaterra.lt\/lv\/wp-json\/wp\/v2\/media?parent=19020"}],"wp:term":[{"taxonomy":"product_brand","embeddable":true,"href":"https:\/\/mamaterra.lt\/lv\/wp-json\/wp\/v2\/product_brand?post=19020"},{"taxonomy":"product_cat","embeddable":true,"href":"https:\/\/mamaterra.lt\/lv\/wp-json\/wp\/v2\/product_cat?post=19020"},{"taxonomy":"product_tag","embeddable":true,"href":"https:\/\/mamaterra.lt\/lv\/wp-json\/wp\/v2\/product_tag?post=19020"}],"curies":[{"name":"wp","href":"https:\/\/api.w.org\/{rel}","templated":true}]}}