{"id":18853,"date":"2023-10-01T18:30:39","date_gmt":"2023-10-01T17:30:39","guid":{"rendered":"https:\/\/mamaterra.lt\/parduotuve\/uncategorized\/holiday-joy-doterra-eteriniu-alieju-misinys-15ml\/"},"modified":"2023-10-01T18:35:23","modified_gmt":"2023-10-01T17:35:23","slug":"brivdienu-prieks-doterra-eteriska-ella-misinis-15ml","status":"publish","type":"product","link":"https:\/\/mamaterra.lt\/lv\/parduotuve\/eteriskas-ellas\/eterisko-ellu-maisijumi\/brivdienu-prieks-doterra-eteriska-ella-misinis-15ml\/","title":{"rendered":"Holiday Joy doterra \u0113terisko e\u013c\u013cu mais\u012bjums 15ml"},"content":{"rendered":"<p>Piepildiet savu m\u0101ju ar viesm\u012bl\u012bgu sv\u0113tku prieka \u0113terisko e\u013c\u013cu mais\u012bjuma smar\u017eu. Siltais un saldais arom\u0101ts rad\u012bs m\u0101j\u012bgu vidi \u0123imenes sapulc\u0113m. \u0160is patent\u0113tais mais\u012bjums sast\u0101v no savva\u013cas apels\u012bnu (savva\u013cas apels\u012bnu), krustnagli\u0146u (krustnagli\u0146as) un Cassia (\u0137\u012bnie\u0161u kan\u0113\u013ca) un Sib\u012brijas egles (Sib\u012brijas egles) un ingvera (ingvera) \u0113teriskaj\u0101m e\u013c\u013c\u0101m, kas rada produktu, kas izplata sv\u0113tku burv\u012bbu!<\/p>\n<h6 class=\"spotlight__foot-block-title\">Galven\u0101s priek\u0161roc\u012bbas<\/h6>\n<div class=\"spotlight__foot-block-content\">\n<ul class=\"spotlight__list-custom custom-list\">\n<li>Paaugstina garast\u0101vokli un uzmundrina saj\u016btas.<\/li>\n<\/ul>\n<h6 class=\"product-whats-inside__title\">Ko j\u016bs atrad\u012bsiet iek\u0161\u0101?<\/h6>\n<div class=\"product-whats-inside__tab-wrap\">\n<div class=\"product-whats-inside__content\">\n<div class=\"product-whats-inside__info-list\">Savva\u013cas apels\u012bns (<a class=\"active item product-whats-inside__info-list-item\" data-js-wi-tab=\"\" data-target=\"#tab1\">savva\u013cas apels\u012bns<\/a>)<a class=\"item product-whats-inside__info-list-item\" data-js-wi-tab=\"\" data-target=\"#tab2\">Ingvers (ingvers<\/a>)<a class=\"item product-whats-inside__info-list-item\" data-js-wi-tab=\"\" data-target=\"#tab3\">Cassia (\u0137\u012bnie\u0161u kan\u0113lis<\/a>)<a class=\"item product-whats-inside__info-list-item\" data-js-wi-tab=\"\" data-target=\"#tab4\">Krustnagli\u0146a (krustnagli\u0146a<\/a>)<a class=\"item product-whats-inside__info-list-item\" data-js-wi-tab=\"\" data-target=\"#tab5\">Sib\u012brijas egle (Sib\u012brijas za\u0137is)<\/a><\/div>\n<div>\n<h6 class=\"product-uses__block-title\">Lieto\u0161anas instrukcija<\/h6>\n<div class=\"product-uses__directions-for-use\">\n<div class=\"product-uses__directions-for-use-item\">\n<div class=\"product-uses__directions-for-use-icon\">\n<div class=\"icon--topically icon--xxl\"><\/div>\n<\/div>\n<ul>\n<li class=\"product-uses__directions-for-use-copy\">Mas\u0101\u017eai sajauciet 5 pilienus e\u013c\u013cas ar 10 ml b\u0101zes e\u013c\u013cas.<\/li>\n<li class=\"product-uses__directions-for-use-copy\">Vannai sajauciet 5 pilienus e\u013c\u013cas ar 5 ml b\u0101zes e\u013c\u013cas.<\/li>\n<li class=\"product-uses__directions-for-use-copy\">Ja to izmantojat smar\u017e\u0101m, sajauciet 1 pilienu ar 10 pilieniem b\u0101zes e\u013c\u013cas.<\/li>\n<\/ul>\n<\/div>\n<\/div>\n<div class=\"product-uses__cautions\">\n<h6 class=\"product-uses__block-title\">Piesardz\u012bbas pas\u0101kumi<\/h6>\n<div class=\"product-uses__cautions-body\">\n<p>Var kairin\u0101t \u0101du. Uzglab\u0101t b\u0113rniem nepieejam\u0101 viet\u0101. Ja esat gr\u016btniece vai slims, konsult\u0113jieties ar \u0101rstu. Izvairieties no saskares ar ac\u012bm, iek\u0161\u0113jo ausu un jut\u012bg\u0101m zon\u0101m. Izvairieties no saules un UV stariem vismaz 12 stundas p\u0113c produkta lieto\u0161anas.<\/p>\n<\/div>\n<\/div>\n<\/div>\n<\/div>\n<\/div>\n<\/div>\n","protected":false},"excerpt":{"rendered":"<ul>\n<li class=\"product-uses__directions-for-use-copy\">Mas\u0101\u017eai sajauciet 5 pilienus e\u013c\u013cas ar 10 ml b\u0101zes e\u013c\u013cas.<\/li>\n<li class=\"product-uses__directions-for-use-copy\">Vannai sajauciet 5 pilienus e\u013c\u013cas ar 5 ml b\u0101zes e\u013c\u013cas.<\/li>\n<li class=\"product-uses__directions-for-use-copy\">Ja to izmantojat smar\u017e\u0101m, sajauciet 1 pilienu ar 10 pilieniem b\u0101zes e\u013c\u013cas.<\/li>\n<\/ul>\n","protected":false},"featured_media":18848,"template":"","meta":{"site-sidebar-layout":"default","site-content-layout":"","ast-site-content-layout":"default","site-content-style":"default","site-sidebar-style":"default","ast-global-header-display":"","ast-banner-title-visibility":"","ast-main-header-display":"","ast-hfb-above-header-display":"","ast-hfb-below-header-display":"","ast-hfb-mobile-header-display":"","site-post-title":"","ast-breadcrumbs-content":"","ast-featured-img":"","footer-sml-layout":"","ast-disable-related-posts":"","theme-transparent-header-meta":"default","adv-header-id-meta":"","stick-header-meta":"","header-above-stick-meta":"","header-main-stick-meta":"","header-below-stick-meta":"","astra-migrate-meta-layouts":"default","ast-page-background-enabled":"default","ast-page-background-meta":{"desktop":{"background-color":"","background-image":"","background-repeat":"repeat","background-position":"center center","background-size":"auto","background-attachment":"scroll","background-type":"","background-media":"","overlay-type":"","overlay-color":"","overlay-opacity":"","overlay-gradient":""},"tablet":{"background-color":"","background-image":"","background-repeat":"repeat","background-position":"center center","background-size":"auto","background-attachment":"scroll","background-type":"","background-media":"","overlay-type":"","overlay-color":"","overlay-opacity":"","overlay-gradient":""},"mobile":{"background-color":"","background-image":"","background-repeat":"repeat","background-position":"center center","background-size":"auto","background-attachment":"scroll","background-type":"","background-media":"","overlay-type":"","overlay-color":"","overlay-opacity":"","overlay-gradient":""}},"ast-content-background-meta":{"desktop":{"background-color":"var(--ast-global-color-5)","background-image":"","background-repeat":"repeat","background-position":"center center","background-size":"auto","background-attachment":"scroll","background-type":"","background-media":"","overlay-type":"","overlay-color":"","overlay-opacity":"","overlay-gradient":""},"tablet":{"background-color":"var(--ast-global-color-5)","background-image":"","background-repeat":"repeat","background-position":"center center","background-size":"auto","background-attachment":"scroll","background-type":"","background-media":"","overlay-type":"","overlay-color":"","overlay-opacity":"","overlay-gradient":""},"mobile":{"background-color":"var(--ast-global-color-5)","background-image":"","background-repeat":"repeat","background-position":"center center","background-size":"auto","background-attachment":"scroll","background-type":"","background-media":"","overlay-type":"","overlay-color":"","overlay-opacity":"","overlay-gradient":""}}},"product_brand":[],"product_cat":[597,601,617,610],"product_tag":[],"class_list":{"0":"post-18853","1":"product","2":"type-product","3":"status-publish","4":"has-post-thumbnail","6":"product_cat-davanas","7":"product_cat-eterisko-ellu-maisijumi","8":"product_cat-gaisa-attirisana","9":"product_cat-imunitates-stiprinasanai","10":"desktop-align-left","11":"tablet-align-left","12":"mobile-align-left","14":"first","15":"instock","16":"taxable","17":"shipping-taxable","18":"purchasable","19":"product-type-simple"},"_links":{"self":[{"href":"https:\/\/mamaterra.lt\/lv\/wp-json\/wp\/v2\/product\/18853","targetHints":{"allow":["GET"]}}],"collection":[{"href":"https:\/\/mamaterra.lt\/lv\/wp-json\/wp\/v2\/product"}],"about":[{"href":"https:\/\/mamaterra.lt\/lv\/wp-json\/wp\/v2\/types\/product"}],"wp:featuredmedia":[{"embeddable":true,"href":"https:\/\/mamaterra.lt\/lv\/wp-json\/wp\/v2\/media\/18848"}],"wp:attachment":[{"href":"https:\/\/mamaterra.lt\/lv\/wp-json\/wp\/v2\/media?parent=18853"}],"wp:term":[{"taxonomy":"product_brand","embeddable":true,"href":"https:\/\/mamaterra.lt\/lv\/wp-json\/wp\/v2\/product_brand?post=18853"},{"taxonomy":"product_cat","embeddable":true,"href":"https:\/\/mamaterra.lt\/lv\/wp-json\/wp\/v2\/product_cat?post=18853"},{"taxonomy":"product_tag","embeddable":true,"href":"https:\/\/mamaterra.lt\/lv\/wp-json\/wp\/v2\/product_tag?post=18853"}],"curies":[{"name":"wp","href":"https:\/\/api.w.org\/{rel}","templated":true}]}}