{"id":18831,"date":"2023-10-01T17:31:28","date_gmt":"2023-10-01T16:31:28","guid":{"rendered":"https:\/\/mamaterra.lt\/?post_type=product&#038;p=18831"},"modified":"2024-03-10T17:42:02","modified_gmt":"2024-03-10T16:42:02","slug":"myrrh-touch-doterra-eteriska-ella-10ml","status":"publish","type":"product","link":"https:\/\/mamaterra.lt\/lv\/parduotuve\/eteriskas-ellas\/tiras-eteriskas-ellas\/myrrh-touch-doterra-eteriska-ella-10ml\/","title":{"rendered":"MYRRH touch doTERRA \u0113terisk\u0101 e\u013c\u013ca 10ml"},"content":{"rendered":"<h6>Mirra Touch Commiphora myrrha<\/h6>\n<h6>\ndoTERRA apvieno Mirras \u0113terisko e\u013c\u013cu ar frakcion\u0113tu kokosriekstu e\u013c\u013cu, lai rad\u012btu lieliski mitrino\u0161u un atjaunojo\u0161u papildin\u0101jumu ikdienas \u0101das kop\u0161anas proced\u016br\u0101m.<\/h6>\n<p>&nbsp;<\/p>\n<p>Mirras \u0113terisk\u0101 e\u013c\u013ca sniedz nomierino\u0161u saj\u016btu \u0101dai, un to bie\u017ei izmanto \u0101das kop\u0161anas balzamos un salvet\u0113s. Mirras piesk\u0101riens var pal\u012bdz\u0113t veicin\u0101t vesel\u012bgas \u0101das izskatu un uzlabot s\u012bk\u0101s grumbi\u0146as un grumbi\u0146as. Myrrh Touch arom\u0101ts ir centr\u0113jo\u0161s un nomierino\u0161s, t\u0101p\u0113c tas ir ide\u0101li piem\u0113rots nomierino\u0161as mas\u0101\u017eas mas\u0101\u017eai. To var ar\u012b uzkl\u0101t uz \u0101das k\u0101 da\u013cu no apzin\u0101t\u012bbas rut\u012bnas, lai veicin\u0101tu p\u0101rdomas un mieru.<\/p>\n<p>Lieto\u0161ana<br \/>\nLietojiet lok\u0101li k\u0101 da\u013cu no ikdienas \u0101das kop\u0161anas proced\u016br\u0101m.<br \/>\nLietojiet relaks\u0113jo\u0161as mas\u0101\u017eas laik\u0101.<br \/>\nUzkl\u0101jiet uz plaukst\u0101m un dzi\u013ci ieelpojiet.<br \/>\nLieto\u0161anas nor\u0101d\u012bjumi<br \/>\nLok\u0101lai lieto\u0161anai: Uzkl\u0101jiet uz v\u0113lam\u0101s vietas. Skat\u012bt turpm\u0101k sniegtos papildu piesardz\u012bbas pas\u0101kumus.<\/p>\n<p><iframe title=\"d\u014dTERRA mirres \u0113terisk\u0101 e\u013c\u013ca\" src=\"https:\/\/www.youtube.com\/embed\/foVE7H7r_nk\" width=\"853\" height=\"480\" frameborder=\"0\" allowfullscreen=\"allowfullscreen\"><\/iframe><\/p>\n","protected":false},"excerpt":{"rendered":"<ul>\n<li>Pal\u012bdz sajust emocion\u0101lo l\u012bdzsvaru un labsaj\u016btas saj\u016btu<\/li>\n<li>Lielisks t\u012br\u012b\u0161anas l\u012bdzeklis, \u012bpa\u0161i piem\u0113rots r\u012bklei un mutei<\/li>\n<li>Nomierina \u0101du, padara to t\u012bru un izskat\u0101s jaunekl\u012bga<\/li>\n<\/ul>\n","protected":false},"featured_media":21474,"template":"","meta":{"site-sidebar-layout":"default","site-content-layout":"default","ast-site-content-layout":"default","site-content-style":"default","site-sidebar-style":"default","ast-global-header-display":"","ast-banner-title-visibility":"","ast-main-header-display":"","ast-hfb-above-header-display":"","ast-hfb-below-header-display":"","ast-hfb-mobile-header-display":"","site-post-title":"","ast-breadcrumbs-content":"","ast-featured-img":"","footer-sml-layout":"","ast-disable-related-posts":"","theme-transparent-header-meta":"default","adv-header-id-meta":"","stick-header-meta":"","header-above-stick-meta":"","header-main-stick-meta":"","header-below-stick-meta":"","astra-migrate-meta-layouts":"set","ast-page-background-enabled":"default","ast-page-background-meta":{"desktop":{"background-color":"","background-image":"","background-repeat":"repeat","background-position":"center center","background-size":"auto","background-attachment":"scroll","background-type":"","background-media":"","overlay-type":"","overlay-color":"","overlay-opacity":"","overlay-gradient":""},"tablet":{"background-color":"","background-image":"","background-repeat":"repeat","background-position":"center center","background-size":"auto","background-attachment":"scroll","background-type":"","background-media":"","overlay-type":"","overlay-color":"","overlay-opacity":"","overlay-gradient":""},"mobile":{"background-color":"","background-image":"","background-repeat":"repeat","background-position":"center center","background-size":"auto","background-attachment":"scroll","background-type":"","background-media":"","overlay-type":"","overlay-color":"","overlay-opacity":"","overlay-gradient":""}},"ast-content-background-meta":{"desktop":{"background-color":"var(--ast-global-color-5)","background-image":"","background-repeat":"repeat","background-position":"center center","background-size":"auto","background-attachment":"scroll","background-type":"","background-media":"","overlay-type":"","overlay-color":"","overlay-opacity":"","overlay-gradient":""},"tablet":{"background-color":"var(--ast-global-color-5)","background-image":"","background-repeat":"repeat","background-position":"center center","background-size":"auto","background-attachment":"scroll","background-type":"","background-media":"","overlay-type":"","overlay-color":"","overlay-opacity":"","overlay-gradient":""},"mobile":{"background-color":"var(--ast-global-color-5)","background-image":"","background-repeat":"repeat","background-position":"center center","background-size":"auto","background-attachment":"scroll","background-type":"","background-media":"","overlay-type":"","overlay-color":"","overlay-opacity":"","overlay-gradient":""}}},"product_brand":[],"product_cat":[600,604,613,618,602],"product_tag":[676,631,1042],"class_list":{"0":"post-18831","1":"product","2":"type-product","3":"status-publish","4":"has-post-thumbnail","6":"product_cat-eteriskas-ellas","7":"product_cat-higiena-un-adas-kopsana","8":"product_cat-miegam","9":"product_cat-nomierinosas","10":"product_cat-tiras-eteriskas-ellas","11":"product_tag-15-ml-lv","12":"product_tag-eteriskas-ellas","13":"product_tag-myrrh-lv","14":"desktop-align-left","15":"tablet-align-left","16":"mobile-align-left","18":"first","19":"outofstock","20":"taxable","21":"shipping-taxable","22":"purchasable","23":"product-type-simple"},"_links":{"self":[{"href":"https:\/\/mamaterra.lt\/lv\/wp-json\/wp\/v2\/product\/18831","targetHints":{"allow":["GET"]}}],"collection":[{"href":"https:\/\/mamaterra.lt\/lv\/wp-json\/wp\/v2\/product"}],"about":[{"href":"https:\/\/mamaterra.lt\/lv\/wp-json\/wp\/v2\/types\/product"}],"wp:featuredmedia":[{"embeddable":true,"href":"https:\/\/mamaterra.lt\/lv\/wp-json\/wp\/v2\/media\/21474"}],"wp:attachment":[{"href":"https:\/\/mamaterra.lt\/lv\/wp-json\/wp\/v2\/media?parent=18831"}],"wp:term":[{"taxonomy":"product_brand","embeddable":true,"href":"https:\/\/mamaterra.lt\/lv\/wp-json\/wp\/v2\/product_brand?post=18831"},{"taxonomy":"product_cat","embeddable":true,"href":"https:\/\/mamaterra.lt\/lv\/wp-json\/wp\/v2\/product_cat?post=18831"},{"taxonomy":"product_tag","embeddable":true,"href":"https:\/\/mamaterra.lt\/lv\/wp-json\/wp\/v2\/product_tag?post=18831"}],"curies":[{"name":"wp","href":"https:\/\/api.w.org\/{rel}","templated":true}]}}