{"id":18809,"date":"2023-10-01T16:25:49","date_gmt":"2023-10-01T15:25:49","guid":{"rendered":"https:\/\/mamaterra.lt\/?post_type=product&#038;p=18809"},"modified":"2023-10-01T17:28:09","modified_gmt":"2023-10-01T16:28:09","slug":"aromats-goldenrod-vetiver-tira-doterra-eteriska-ella-15ml-copy","status":"publish","type":"product","link":"https:\/\/mamaterra.lt\/lv\/parduotuve\/eteriskas-ellas\/tiras-eteriskas-ellas\/aromats-goldenrod-vetiver-tira-doterra-eteriska-ella-15ml-copy\/","title":{"rendered":"VETIVER TOUCH 10ml"},"content":{"rendered":"<p><strong>Vetiver \u0113terisk\u0101 e\u013c\u013ca ar frakcion\u0113tu kokosriekstu e\u013c\u013cu, kas gatava uzkl\u0101\u0161anai uz \u0101das<\/strong><\/p>\n<p>Vetiveria zizanioides | 10ml<\/p>\n<p>&nbsp;<\/p>\n<p>Vetiver\u00a0 \u0113teriskajai e\u013c\u013cai ir bag\u0101ta un pievilc\u012bga sare\u017e\u0123\u012bta eksotiska smar\u017ea. No gar\u0101s z\u0101les cietaj\u0101m sakn\u0113m Vetiver \u0113terisk\u0101 e\u013c\u013ca (smar\u017e\u012bgs zelts) bie\u017ei tiek saukta par &#8220;augsnes smar\u017eu&#8221; un &#8220;neakt\u012bvo e\u013c\u013cu&#8221; ar tvaika destil\u0101ciju. \u0160\u012b e\u013c\u013ca tiek augstu nov\u0113rt\u0113ta t\u0101s nomierino\u0161\u0101 un zem\u0113juma efekta d\u0113\u013c. Lai izveidotu Vetiver Touch, doTERRA speci\u0101listi sajauca Vetiver\u00a0 \u0113terisko e\u013c\u013cu ar frakcion\u0113tu kokosriekstu e\u013c\u013cu (frakcion\u0113tu kokosriekstu e\u013c\u013cu), lai j\u016bs var\u0113tu nekav\u0113joties izmantot \u0161o produktu, gatavojoties atp\u016btai vai k\u0101 da\u013cu no barojo\u0161a \u0101das kop\u0161anas re\u017e\u012bma, kas kondicion\u0113 un mitrina. At\u0161\u0137ir\u012bb\u0101 no \u0161\u012b auga \u0113terisk\u0101s e\u013c\u013cas produkta smar\u017ea ir m\u012bkst\u0101ka, un pats produkts tiek pasniegts \u0113rt\u0101 pudel\u0113 ar lod\u012b\u0161u aplikatoru, kas piel\u0101gots \u0113rtai lieto\u0161anai.<\/p>\n<h4 class=\"product-whats-inside__info-list-item-title\">Galven\u0101s priek\u0161roc\u012bbas<\/h4>\n<ul>\n<li>Silts, salds un zemes koksnes arom\u0101ts.<\/li>\n<li>Izmanto uz \u0101das zemes un nomierina.<\/li>\n<li>Lieto\u0161ana nakt\u012b pal\u012bdz rad\u012bt nomierino\u0161u un relaks\u0113jo\u0161u atmosf\u0113ru.<\/li>\n<li>Sakar\u0101 ar nomierino\u0161o efektu bie\u017ei izmanto mas\u0101\u017eai.<\/li>\n<li>Sajauc ar frakcion\u0113tu kokosriekstu e\u013c\u013cu (frakcion\u0113tu kokosriekstu e\u013c\u013cu), kas kondicion\u0113 un mitrina \u0101du.<\/li>\n<li>Pag\u0101ja pauze? P\u0113c du\u0161as lietojiet vetivera (smar\u017e\u012bgas zeltain\u0101s dzelten\u0101s) \u0113terisko e\u013c\u013cu. Lai ieg\u016btu vislab\u0101kos rezult\u0101tus, uzkl\u0101jiet uz \u0101das, lai taj\u0101 blo\u0137\u0113tu mitrumu, un izbaudiet bag\u0101t\u012bgu siltu smar\u017eu. \u0160\u012bs vienk\u0101r\u0161\u0101s darb\u012bbas rad\u012bs perfektu atmosf\u0113ru p\u0113c du\u0161as un pal\u012bdz\u0113s jums izbaud\u012bt prets\u0101pju un nomierino\u0161o efektu, gatavojoties atp\u016btai.<\/li>\n<li>Uzkl\u0101jiet uz plaukstas loc\u012btav\u0101m, griez\u0113jiem, kakla vai k\u0101j\u0101m, lai sajustu mieru un atp\u016btu.<\/li>\n<li>Iek\u013caujiet Vetiver Touch sav\u0101 ikdienas \u0101das kop\u0161anas rut\u012bn\u0101 un j\u016btiet stabilit\u0101ti un pazem\u012bbu.<\/li>\n<li>Izmantojiet relaks\u0113jo\u0161ai mas\u0101\u017eai p\u0113c treni\u0146a.<\/li>\n<\/ul>\n<p>Vetivers tiek audz\u0113ts, ja citi augi neaug &#8211; uz sausas augsnes. Augs aug 16-18 m\u0113ne\u0161us, t\u0101p\u0113c Haiti nabadz\u012bgie audz\u0113t\u0101ji sa\u0146\u0113ma algu vienu reizi l\u012bdz 18 m\u0113ne\u0161iem. Doterra ir main\u012bjusi daudzu Haiti iedz\u012bvot\u0101ju dz\u012bvi, ieguldot l\u012bdzek\u013cus audz\u0113t\u0101ju apm\u0101c\u012bb\u0101 par to, k\u0101 augt un<span style=\"font-size: 16px;\"> Lai ieg\u016btu e\u013c\u013cu ar visvair\u0101k terapeitisk\u0101m \u012bpa\u0161\u012bb\u0101m, maks\u0101 past\u0101v\u012bgu taisn\u012bgu algu. Un m\u0113s varam baud\u012bt dzi\u013cu relaks\u0101ciju.<\/span><\/p>\n<div class=\"product-benefits__copy\"><strong style=\"font-size: 16px;\">Piesardz\u012bbas pas\u0101kumi<\/strong><\/div>\n<div>\n<div class=\"product-uses__cautions\">\n<div class=\"product-uses__cautions-body\">\n<p>Var kairin\u0101t \u0101du. Uzglab\u0101t b\u0113rniem nepieejam\u0101 viet\u0101. Ja J\u016bs esat gr\u016btniece, barojat b\u0113rnu ar kr\u016bti vai esat \u0101rsta uzraudz\u012bb\u0101, konsult\u0113jieties ar \u0101rstu. Neiek\u013c\u016bstiet ac\u012bs, iek\u0161\u0113j\u0101 aus\u012b un jut\u012bg\u0101s viet\u0101s.<\/p>\n<\/div>\n<\/div>\n<\/div>\n<p>Vair\u0101k inform\u0101cijas <strong>par smar\u017e\u012bgo zeltainu (VETIVER)<\/strong> <strong>doTERRA<\/strong> <strong>\u0112terisko e\u013c\u013cu <\/strong>atrad\u012bsit t\u0101l\u0101k redzamaj\u0101 videoklip\u0101.<\/p>\n<p><iframe title=\"Vetiver e\u013c\u013cas izmanto\u0161ana un priek\u0161roc\u012bbas | doTERRA \u0113terisk\u0101s e\u013c\u013cas\" src=\"https:\/\/www.youtube.com\/embed\/3AY8sSF2VUA\" width=\"853\" height=\"480\" frameborder=\"0\" allowfullscreen=\"allowfullscreen\"><\/iframe><\/p>\n","protected":false},"excerpt":{"rendered":"<ul>\n<li>Arom\u0101tisk\u0101s zelta dzelten\u0101s \u0113terisk\u0101s e\u013c\u013cas ir paz\u012bstama ar sav\u0101m zem\u0113juma \u012bpa\u0161\u012bb\u0101m<\/li>\n<li>Izmantojiet nomierino\u0161ai arom\u0101tiskai mas\u0101\u017eai<\/li>\n<li>Izmantojiet savos iecien\u012bt\u0101kajos arom\u0101tiskajos mais\u012bjumos k\u0101 zemes b\u0101zes noti<\/li>\n<\/ul>\n","protected":false},"featured_media":18824,"template":"","meta":{"site-sidebar-layout":"default","site-content-layout":"default","ast-site-content-layout":"default","site-content-style":"default","site-sidebar-style":"default","ast-global-header-display":"","ast-banner-title-visibility":"","ast-main-header-display":"","ast-hfb-above-header-display":"","ast-hfb-below-header-display":"","ast-hfb-mobile-header-display":"","site-post-title":"","ast-breadcrumbs-content":"","ast-featured-img":"","footer-sml-layout":"","ast-disable-related-posts":"","theme-transparent-header-meta":"default","adv-header-id-meta":"","stick-header-meta":"","header-above-stick-meta":"","header-main-stick-meta":"","header-below-stick-meta":"","astra-migrate-meta-layouts":"set","ast-page-background-enabled":"default","ast-page-background-meta":{"desktop":{"background-color":"","background-image":"","background-repeat":"repeat","background-position":"center center","background-size":"auto","background-attachment":"scroll","background-type":"","background-media":"","overlay-type":"","overlay-color":"","overlay-opacity":"","overlay-gradient":""},"tablet":{"background-color":"","background-image":"","background-repeat":"repeat","background-position":"center center","background-size":"auto","background-attachment":"scroll","background-type":"","background-media":"","overlay-type":"","overlay-color":"","overlay-opacity":"","overlay-gradient":""},"mobile":{"background-color":"","background-image":"","background-repeat":"repeat","background-position":"center center","background-size":"auto","background-attachment":"scroll","background-type":"","background-media":"","overlay-type":"","overlay-color":"","overlay-opacity":"","overlay-gradient":""}},"ast-content-background-meta":{"desktop":{"background-color":"var(--ast-global-color-5)","background-image":"","background-repeat":"repeat","background-position":"center center","background-size":"auto","background-attachment":"scroll","background-type":"","background-media":"","overlay-type":"","overlay-color":"","overlay-opacity":"","overlay-gradient":""},"tablet":{"background-color":"var(--ast-global-color-5)","background-image":"","background-repeat":"repeat","background-position":"center center","background-size":"auto","background-attachment":"scroll","background-type":"","background-media":"","overlay-type":"","overlay-color":"","overlay-opacity":"","overlay-gradient":""},"mobile":{"background-color":"var(--ast-global-color-5)","background-image":"","background-repeat":"repeat","background-position":"center center","background-size":"auto","background-attachment":"scroll","background-type":"","background-media":"","overlay-type":"","overlay-color":"","overlay-opacity":"","overlay-gradient":""}}},"product_brand":[],"product_cat":[600,613,618,602],"product_tag":[676,631,874],"class_list":{"0":"post-18809","1":"product","2":"type-product","3":"status-publish","4":"has-post-thumbnail","6":"product_cat-eteriskas-ellas","7":"product_cat-miegam","8":"product_cat-nomierinosas","9":"product_cat-tiras-eteriskas-ellas","10":"product_tag-15-ml-lv","11":"product_tag-eteriskas-ellas","12":"product_tag-vetiver-lv","13":"desktop-align-left","14":"tablet-align-left","15":"mobile-align-left","17":"first","18":"instock","19":"taxable","20":"shipping-taxable","21":"purchasable","22":"product-type-simple"},"_links":{"self":[{"href":"https:\/\/mamaterra.lt\/lv\/wp-json\/wp\/v2\/product\/18809","targetHints":{"allow":["GET"]}}],"collection":[{"href":"https:\/\/mamaterra.lt\/lv\/wp-json\/wp\/v2\/product"}],"about":[{"href":"https:\/\/mamaterra.lt\/lv\/wp-json\/wp\/v2\/types\/product"}],"wp:featuredmedia":[{"embeddable":true,"href":"https:\/\/mamaterra.lt\/lv\/wp-json\/wp\/v2\/media\/18824"}],"wp:attachment":[{"href":"https:\/\/mamaterra.lt\/lv\/wp-json\/wp\/v2\/media?parent=18809"}],"wp:term":[{"taxonomy":"product_brand","embeddable":true,"href":"https:\/\/mamaterra.lt\/lv\/wp-json\/wp\/v2\/product_brand?post=18809"},{"taxonomy":"product_cat","embeddable":true,"href":"https:\/\/mamaterra.lt\/lv\/wp-json\/wp\/v2\/product_cat?post=18809"},{"taxonomy":"product_tag","embeddable":true,"href":"https:\/\/mamaterra.lt\/lv\/wp-json\/wp\/v2\/product_tag?post=18809"}],"curies":[{"name":"wp","href":"https:\/\/api.w.org\/{rel}","templated":true}]}}