{"id":18680,"date":"2023-09-02T20:16:20","date_gmt":"2023-09-02T19:16:20","guid":{"rendered":"https:\/\/mamaterra.lt\/parduotuve\/uncategorized\/doterra-terrakotinis-pasyvusis-difuzorius-2vnt\/"},"modified":"2023-09-02T20:22:36","modified_gmt":"2023-09-02T19:22:36","slug":"doterra-terrakotinis-pasyvusis-difuzorius-2vnt","status":"publish","type":"product","link":"https:\/\/mamaterra.lt\/lv\/parduotuve\/difuzori\/doterra-terrakotinis-pasyvusis-difuzorius-2vnt\/","title":{"rendered":"doTERRA Terrastone pas\u012bvais difuzors 2gab."},"content":{"rendered":"<p>Izbaudiet d\u014dTERRA CPTG\u00ae \u0113terisk\u0101s e\u013c\u013cas, lai kur j\u016bs dotos, ar \u0161o p\u0101rn\u0113s\u0101jamo un ilgtsp\u0113j\u012bgo Terrastone pas\u012bvo difuzoru p\u0101ri. \u0160ie stil\u012bgie un funkcion\u0101lie difuzori, kas ieb\u016bv\u0113ti p\u0101rstr\u0101d\u0101jam\u0101 alum\u012bnij\u0101, ir mazi, atk\u0101rtoti lietojami, videi draudz\u012bgi un paredz\u0113ti, lai jebkurai telpai pie\u0161\u0137irtu arom\u0101tu, atmosf\u0113ru un stilu. Tos var novietot uz jebkuras l\u012bdzenas virsmas, izmantojot komplekt\u0101 iek\u013cauto lip\u012bgo gumijas spilventi\u0146u, vai piestiprin\u0101t pie magn\u0113tiskas virsmas, izmantojot pamatn\u0113 ieb\u016bv\u0113to magn\u0113tu. Pievienojiet da\u017eus pilienus \u0113terisk\u0101s e\u013c\u013cas uz Terrastone virsmas, lai pie\u0161\u0137irtu svaiguma piesk\u0101rienu &#8211; uz ve\u013cas skapja plaukta, biroja galda st\u016bra vai viesn\u012bcas naktsskap\u012b\u0161a. Lai pal\u012bdz\u0113tu saglab\u0101t iecien\u012bto arom\u0101tu, difuzoriem ir atk\u0101rtoti nosl\u0113dzams v\u0101ci\u0146\u0161. Terrastone pas\u012bvie difuzori ir p\u0101rdom\u0101ta saimnieces d\u0101vana sv\u0113tku ball\u012bt\u0113m, j\u016bsu br\u0101\u013cad\u0113la kopm\u012btnei vai jums pa\u0161am, k\u0101 ar\u012b lielisks veids, k\u0101 iepaz\u012bstin\u0101t k\u0101du ar \u0113terisko e\u013c\u013cu dif\u016bzijas skaistumu.<br \/>\nPagrieziet v\u0101ci\u0146u va\u013c\u0101. Pievienojiet 5-8 pilienus v\u0113lam\u0101s e\u013c\u013cas uz difuzora virsmas. P\u0113c vajadz\u012bbas uzpiliniet papildu e\u013c\u013cas pilienus. Novietojiet uz jebkuras l\u012bdzenas virsmas, izmantojot komplekt\u0101 iek\u013cauto lip\u012bgo gumijas spilventi\u0146u, vai piestipriniet pie magn\u0113tiskas virsmas, izmantojot pamatn\u0113 ieb\u016bv\u0113to magn\u0113tu. Lai izvair\u012btos no boj\u0101jumiem, turiet difuzoru t\u0101l\u0101k no prec\u012bz\u0101m iek\u0101rt\u0101m, kas var b\u016bt jut\u012bgas pret magn\u0113tisko sp\u0113ku. Lietojiet tikai saska\u0146\u0101 ar nor\u0101d\u012bjumiem.<\/p>\n","protected":false},"excerpt":{"rendered":"<p>Izbaudiet d\u014dTERRA CPTG\u00ae \u0113terisk\u0101s e\u013c\u013cas, lai kur j\u016bs dotos, ar \u0161o p\u0101rn\u0113s\u0101jamo un ilgtsp\u0113j\u012bgo Terrastone pas\u012bvo difuzoru p\u0101ri. \u0160ie stil\u012bgie un funkcion\u0101lie difuzori, kas ieb\u016bv\u0113ti p\u0101rstr\u0101d\u0101jam\u0101 alum\u012bnij\u0101, ir mazi, atk\u0101rtoti lietojami, videi draudz\u012bgi un paredz\u0113ti, lai jebkurai telpai pie\u0161\u0137irtu arom\u0101tu, atmosf\u0113ru un stilu.<\/p>\n","protected":false},"featured_media":18676,"template":"","meta":{"site-sidebar-layout":"default","site-content-layout":"","ast-site-content-layout":"default","site-content-style":"default","site-sidebar-style":"default","ast-global-header-display":"","ast-banner-title-visibility":"","ast-main-header-display":"","ast-hfb-above-header-display":"","ast-hfb-below-header-display":"","ast-hfb-mobile-header-display":"","site-post-title":"","ast-breadcrumbs-content":"","ast-featured-img":"","footer-sml-layout":"","ast-disable-related-posts":"","theme-transparent-header-meta":"default","adv-header-id-meta":"","stick-header-meta":"","header-above-stick-meta":"","header-main-stick-meta":"","header-below-stick-meta":"","astra-migrate-meta-layouts":"set","ast-page-background-enabled":"default","ast-page-background-meta":{"desktop":{"background-color":"","background-image":"","background-repeat":"repeat","background-position":"center center","background-size":"auto","background-attachment":"scroll","background-type":"","background-media":"","overlay-type":"","overlay-color":"","overlay-opacity":"","overlay-gradient":""},"tablet":{"background-color":"","background-image":"","background-repeat":"repeat","background-position":"center center","background-size":"auto","background-attachment":"scroll","background-type":"","background-media":"","overlay-type":"","overlay-color":"","overlay-opacity":"","overlay-gradient":""},"mobile":{"background-color":"","background-image":"","background-repeat":"repeat","background-position":"center center","background-size":"auto","background-attachment":"scroll","background-type":"","background-media":"","overlay-type":"","overlay-color":"","overlay-opacity":"","overlay-gradient":""}},"ast-content-background-meta":{"desktop":{"background-color":"var(--ast-global-color-5)","background-image":"","background-repeat":"repeat","background-position":"center center","background-size":"auto","background-attachment":"scroll","background-type":"","background-media":"","overlay-type":"","overlay-color":"","overlay-opacity":"","overlay-gradient":""},"tablet":{"background-color":"var(--ast-global-color-5)","background-image":"","background-repeat":"repeat","background-position":"center center","background-size":"auto","background-attachment":"scroll","background-type":"","background-media":"","overlay-type":"","overlay-color":"","overlay-opacity":"","overlay-gradient":""},"mobile":{"background-color":"var(--ast-global-color-5)","background-image":"","background-repeat":"repeat","background-position":"center center","background-size":"auto","background-attachment":"scroll","background-type":"","background-media":"","overlay-type":"","overlay-color":"","overlay-opacity":"","overlay-gradient":""}}},"product_brand":[],"product_cat":[597,596],"product_tag":[],"class_list":{"0":"post-18680","1":"product","2":"type-product","3":"status-publish","4":"has-post-thumbnail","6":"product_cat-davanas","7":"product_cat-difuzori","8":"desktop-align-left","9":"tablet-align-left","10":"mobile-align-left","12":"first","13":"outofstock","14":"sale","15":"taxable","16":"shipping-taxable","17":"purchasable","18":"product-type-simple"},"_links":{"self":[{"href":"https:\/\/mamaterra.lt\/lv\/wp-json\/wp\/v2\/product\/18680","targetHints":{"allow":["GET"]}}],"collection":[{"href":"https:\/\/mamaterra.lt\/lv\/wp-json\/wp\/v2\/product"}],"about":[{"href":"https:\/\/mamaterra.lt\/lv\/wp-json\/wp\/v2\/types\/product"}],"wp:featuredmedia":[{"embeddable":true,"href":"https:\/\/mamaterra.lt\/lv\/wp-json\/wp\/v2\/media\/18676"}],"wp:attachment":[{"href":"https:\/\/mamaterra.lt\/lv\/wp-json\/wp\/v2\/media?parent=18680"}],"wp:term":[{"taxonomy":"product_brand","embeddable":true,"href":"https:\/\/mamaterra.lt\/lv\/wp-json\/wp\/v2\/product_brand?post=18680"},{"taxonomy":"product_cat","embeddable":true,"href":"https:\/\/mamaterra.lt\/lv\/wp-json\/wp\/v2\/product_cat?post=18680"},{"taxonomy":"product_tag","embeddable":true,"href":"https:\/\/mamaterra.lt\/lv\/wp-json\/wp\/v2\/product_tag?post=18680"}],"curies":[{"name":"wp","href":"https:\/\/api.w.org\/{rel}","templated":true}]}}