{"id":18595,"date":"2023-08-28T18:23:57","date_gmt":"2023-08-28T17:23:57","guid":{"rendered":"https:\/\/mamaterra.lt\/parduotuve\/uncategorized\/manuka-touch-10-ml\/"},"modified":"2023-08-28T18:32:31","modified_gmt":"2023-08-28T17:32:31","slug":"manuka-touch-10-ml","status":"publish","type":"product","link":"https:\/\/mamaterra.lt\/lv\/parduotuve\/eteriskas-ellas\/tiras-eteriskas-ellas\/manuka-touch-10-ml\/","title":{"rendered":"Manuka touch 10 ml"},"content":{"rendered":"<h6>Manuka<\/h6>\n<p>Apvienojum\u0101 ar frakcion\u0113tu kokosriekstu e\u013c\u013cu 10 ml pudel\u012bt\u0113 Manuka Touch ir \u0113rti pa rokai, lai veicin\u0101tu vesel\u012bgas \u0101das izskatu.<\/p>\n<p>Apraksts<br \/>\nJau gadsimtiem ilgi Jaunz\u0113land\u0113 manuku lietoja, jo t\u0101 ir vesel\u012bga un labv\u0113l\u012bga vesel\u012bbai. Izbaudiet d\u014dTERRA Jaunz\u0113landes Manuka \u0113terisk\u0101s e\u013c\u013cas daudzos lok\u0101los ieguvumus \u0113rt\u0101 Touch form\u0101t\u0101. Manuka Touch piem\u012bt \u012bpa\u0161\u012bbas, kas var mazin\u0101t stresa saj\u016btu un dabiski veicin\u0101t relaks\u0101ciju.<\/p>\n<p>Izmantojiet Manuka Touch, lai iezem\u0113tu un centr\u0113tu ener\u0123iju, vienlaikus sarg\u0101jot sevi, gatavojoties dzi\u013cai medit\u0101cijai. Lok\u0101li lietojot, Manuka Touch veicina gludas, vesel\u012bgas \u0101das gludumu un var mazin\u0101t plankumu ra\u0161anos.<\/p>\n<p>Galven\u0101s priek\u0161roc\u012bbas<br \/>\nPal\u012bdz uztur\u0113t \u0101du t\u012bru un dzidru, vienlaikus pal\u012bdz mazin\u0101t plankumu par\u0101d\u012b\u0161anos.<br \/>\nRelaks\u0113jo\u0161a un nomierino\u0161a iedarb\u012bba uz garast\u0101vokli<br \/>\nveicina drosmi un iek\u0161\u0113jo sp\u0113ku<br \/>\nLieto\u0161ana<br \/>\nUzkl\u0101jiet katru dienu, lai vairotu drosmi.<br \/>\nLietojiet savu \u0101das kop\u0161anas ritu\u0101lu laik\u0101, lai veicin\u0101tu \u0101das jaun\u012bbu un vesel\u012bgu izskatu.<br \/>\nLietojiet k\u0101 da\u013cu no relaks\u0113jo\u0161as, nomierino\u0161as mas\u0101\u017eas smagos br\u012b\u017eos.<br \/>\nP\u0101rkl\u0101jiet manuku ar piparm\u0113tras un bergamotes \u0113teriskaj\u0101m e\u013c\u013c\u0101m, lai atsvaidzin\u0101tu motiv\u0101ciju.<\/p>\n","protected":false},"excerpt":{"rendered":"<p>Apvienojum\u0101 ar frakcion\u0113tu kokosriekstu e\u013c\u013cu 10 ml pudel\u012bt\u0113 Manuka Touch ir \u0113rti pa rokai, lai veicin\u0101tu vesel\u012bgas \u0101das izskatu.<\/p>\n","protected":false},"featured_media":23679,"template":"","meta":{"site-sidebar-layout":"default","site-content-layout":"","ast-site-content-layout":"default","site-content-style":"default","site-sidebar-style":"default","ast-global-header-display":"","ast-banner-title-visibility":"","ast-main-header-display":"","ast-hfb-above-header-display":"","ast-hfb-below-header-display":"","ast-hfb-mobile-header-display":"","site-post-title":"","ast-breadcrumbs-content":"","ast-featured-img":"","footer-sml-layout":"","ast-disable-related-posts":"","theme-transparent-header-meta":"default","adv-header-id-meta":"","stick-header-meta":"","header-above-stick-meta":"","header-main-stick-meta":"","header-below-stick-meta":"","astra-migrate-meta-layouts":"set","ast-page-background-enabled":"default","ast-page-background-meta":{"desktop":{"background-color":"","background-image":"","background-repeat":"repeat","background-position":"center center","background-size":"auto","background-attachment":"scroll","background-type":"","background-media":"","overlay-type":"","overlay-color":"","overlay-opacity":"","overlay-gradient":""},"tablet":{"background-color":"","background-image":"","background-repeat":"repeat","background-position":"center center","background-size":"auto","background-attachment":"scroll","background-type":"","background-media":"","overlay-type":"","overlay-color":"","overlay-opacity":"","overlay-gradient":""},"mobile":{"background-color":"","background-image":"","background-repeat":"repeat","background-position":"center center","background-size":"auto","background-attachment":"scroll","background-type":"","background-media":"","overlay-type":"","overlay-color":"","overlay-opacity":"","overlay-gradient":""}},"ast-content-background-meta":{"desktop":{"background-color":"var(--ast-global-color-5)","background-image":"","background-repeat":"repeat","background-position":"center center","background-size":"auto","background-attachment":"scroll","background-type":"","background-media":"","overlay-type":"","overlay-color":"","overlay-opacity":"","overlay-gradient":""},"tablet":{"background-color":"var(--ast-global-color-5)","background-image":"","background-repeat":"repeat","background-position":"center center","background-size":"auto","background-attachment":"scroll","background-type":"","background-media":"","overlay-type":"","overlay-color":"","overlay-opacity":"","overlay-gradient":""},"mobile":{"background-color":"var(--ast-global-color-5)","background-image":"","background-repeat":"repeat","background-position":"center center","background-size":"auto","background-attachment":"scroll","background-type":"","background-media":"","overlay-type":"","overlay-color":"","overlay-opacity":"","overlay-gradient":""}}},"product_brand":[],"product_cat":[600,604,611,613,618,602],"product_tag":[],"class_list":{"0":"post-18595","1":"product","2":"type-product","3":"status-publish","4":"has-post-thumbnail","6":"product_cat-eteriskas-ellas","7":"product_cat-higiena-un-adas-kopsana","8":"product_cat-koncentresanas","9":"product_cat-miegam","10":"product_cat-nomierinosas","11":"product_cat-tiras-eteriskas-ellas","12":"desktop-align-left","13":"tablet-align-left","14":"mobile-align-left","16":"first","17":"instock","18":"sale","19":"taxable","20":"shipping-taxable","21":"purchasable","22":"product-type-simple"},"_links":{"self":[{"href":"https:\/\/mamaterra.lt\/lv\/wp-json\/wp\/v2\/product\/18595","targetHints":{"allow":["GET"]}}],"collection":[{"href":"https:\/\/mamaterra.lt\/lv\/wp-json\/wp\/v2\/product"}],"about":[{"href":"https:\/\/mamaterra.lt\/lv\/wp-json\/wp\/v2\/types\/product"}],"wp:featuredmedia":[{"embeddable":true,"href":"https:\/\/mamaterra.lt\/lv\/wp-json\/wp\/v2\/media\/23679"}],"wp:attachment":[{"href":"https:\/\/mamaterra.lt\/lv\/wp-json\/wp\/v2\/media?parent=18595"}],"wp:term":[{"taxonomy":"product_brand","embeddable":true,"href":"https:\/\/mamaterra.lt\/lv\/wp-json\/wp\/v2\/product_brand?post=18595"},{"taxonomy":"product_cat","embeddable":true,"href":"https:\/\/mamaterra.lt\/lv\/wp-json\/wp\/v2\/product_cat?post=18595"},{"taxonomy":"product_tag","embeddable":true,"href":"https:\/\/mamaterra.lt\/lv\/wp-json\/wp\/v2\/product_tag?post=18595"}],"curies":[{"name":"wp","href":"https:\/\/api.w.org\/{rel}","templated":true}]}}