{"id":18563,"date":"2023-08-28T17:49:43","date_gmt":"2023-08-28T16:49:43","guid":{"rendered":"https:\/\/mamaterra.lt\/parduotuve\/uncategorized\/doterra-palmarosa-5ml\/"},"modified":"2023-08-28T18:02:30","modified_gmt":"2023-08-28T17:02:30","slug":"doterra-palmarosa-5ml","status":"publish","type":"product","link":"https:\/\/mamaterra.lt\/lv\/parduotuve\/eteriskas-ellas\/tiras-eteriskas-ellas\/doterra-palmarosa-5ml\/","title":{"rendered":"doTERRA Palmarosa 5ml"},"content":{"rendered":"<h6>Palmarosa, Cymbopogon martini<\/h6>\n<p>ir ingvera citronz\u0101les \u0113terisk\u0101 e\u013c\u013ca, ko izmanto produktos, kas paredz\u0113ti \u0101das skaistin\u0101\u0161anai un baro\u0161anai.<\/p>\n<div dir=\"auto\">\n<ul>\n<li dir=\"auto\"><span style=\"font-size: 16px;\">\u0160\u012b \u0113terisk\u0101 e\u013c\u013ca var pal\u012bdz\u0113t l\u012bdzsvarot \u0101das mitruma l\u012bmeni un darboties k\u0101 toniz\u0113jo\u0161s un vesel\u012bgs toniz\u0113jo\u0161s l\u012bdzeklis j\u016bsu \u0101dai.<\/span><\/li>\n<li dir=\"auto\"><span style=\"font-size: 16px;\">P\u0101ris pilieni palmarozas \u0113terisk\u0101s e\u013c\u013cas kop\u0101 ar b\u0101zes e\u013c\u013cu var pie\u0161\u0137irt nomierino\u0161ai mas\u0101\u017eai pavisam jaunu dimensiju. \u013baujiet spilgtajam ziedu arom\u0101tam iekustin\u0101t j\u016bsu saj\u016btas, vienlaikus str\u0101d\u0101jot ar musku\u013ciem.<\/span><\/li>\n<li dir=\"auto\"><span style=\"font-size: 16px;\">Tvaic\u0113jot rada m\u0101j\u012bgu atmosf\u0113ru ap jums. Izklied\u0113ts gais\u0101, tas piepild\u012bs jebkuru telpu ar pat\u012bkamu un viesm\u012bl\u012bgu arom\u0101tu. Tas ir grezns ziedu arom\u0101ts, kas atg\u0101dina iecien\u012btas \u0113terisk\u0101s e\u013c\u013cas, piem\u0113ram, \u0123er\u0101niju un rozi, bet tam ir unik\u0101la salda nots.<\/span><\/li>\n<li dir=\"auto\"><span style=\"font-size: 16px;\">Palmarozas \u0113terisk\u0101 e\u013c\u013ca mazina stresu, p\u0101rm\u0113r\u012bgu uztraukumu un nervu spriedzi, uzlabo atmi\u0146u, klied\u0113 bailes un veicina drosmi un p\u0101rliec\u012bbu, saskaroties ar dz\u012bves gr\u016bt\u012bb\u0101m.<br \/>\n<\/span><\/li>\n<\/ul>\n<p><span style=\"font-size: 16px;\">IZMANTO\u0160ANA<br \/>\nIzsmidzin\u0101\u0161anai lietot 2-3 pilienus.<br \/>\nNeaizmirstiet at\u0161\u0137aid\u012bt ar b\u0101zes e\u013c\u013cu, lietojot uz \u0101das, jo iesp\u0113jama \u0101das jut\u012bba.<br \/>\nUzberiet epsona s\u0101\u013cus un izbaudiet relaks\u0113jo\u0161u vannu.<br \/>\nP\u0101ris pilieni regul\u0101raj\u0101 kr\u0113m\u0101 uztur\u0113s J\u016bsu \u0101du lielisk\u0101 st\u0101vokl\u012b.<br \/>\nLieto mas\u0101\u017e\u0101m<br \/>\n<\/span><\/p>\n<p><span style=\"font-size: 16px;\">BR\u012aDIN\u0100JUMI<br \/>\nUzglab\u0101t b\u0113rniem nepieejam\u0101 viet\u0101<br \/>\nJa esat gr\u016btniece, barojat b\u0113rnu ar kr\u016bti vai \u0101rst\u0113jaties, konsult\u0113jieties ar savu \u0101rstu.<br \/>\nIzvair\u012bties no saskares ar ac\u012bm, iek\u0161\u0113j\u0101m aus\u012bm un jut\u012bg\u0101m viet\u0101m.omis.<\/span><\/p>\n<\/div>\n","protected":false},"excerpt":{"rendered":"<ul>\n<li dir=\"auto\">\u0160\u012b \u0113terisk\u0101 e\u013c\u013ca var pal\u012bdz\u0113t l\u012bdzsvarot \u0101das mitruma l\u012bmeni un darboties k\u0101 toniz\u0113jo\u0161s un vesel\u012bgs toniz\u0113jo\u0161s l\u012bdzeklis j\u016bsu \u0101dai.<\/li>\n<li dir=\"auto\">P\u0101ris pilieni palmarozas \u0113terisk\u0101s e\u013c\u013cas kop\u0101 ar b\u0101zes e\u013c\u013cu var pie\u0161\u0137irt nomierino\u0161ai mas\u0101\u017eai pavisam jaunu dimensiju. \u013baujiet spilgtajam ziedu arom\u0101tam iekustin\u0101t j\u016bsu saj\u016btas, vienlaikus str\u0101d\u0101jot ar musku\u013ciem.<\/li>\n<\/ul>\n","protected":false},"featured_media":18559,"template":"","meta":{"site-sidebar-layout":"default","site-content-layout":"","ast-site-content-layout":"default","site-content-style":"default","site-sidebar-style":"default","ast-global-header-display":"","ast-banner-title-visibility":"","ast-main-header-display":"","ast-hfb-above-header-display":"","ast-hfb-below-header-display":"","ast-hfb-mobile-header-display":"","site-post-title":"","ast-breadcrumbs-content":"","ast-featured-img":"","footer-sml-layout":"","ast-disable-related-posts":"","theme-transparent-header-meta":"default","adv-header-id-meta":"","stick-header-meta":"","header-above-stick-meta":"","header-main-stick-meta":"","header-below-stick-meta":"","astra-migrate-meta-layouts":"set","ast-page-background-enabled":"default","ast-page-background-meta":{"desktop":{"background-color":"","background-image":"","background-repeat":"repeat","background-position":"center center","background-size":"auto","background-attachment":"scroll","background-type":"","background-media":"","overlay-type":"","overlay-color":"","overlay-opacity":"","overlay-gradient":""},"tablet":{"background-color":"","background-image":"","background-repeat":"repeat","background-position":"center center","background-size":"auto","background-attachment":"scroll","background-type":"","background-media":"","overlay-type":"","overlay-color":"","overlay-opacity":"","overlay-gradient":""},"mobile":{"background-color":"","background-image":"","background-repeat":"repeat","background-position":"center center","background-size":"auto","background-attachment":"scroll","background-type":"","background-media":"","overlay-type":"","overlay-color":"","overlay-opacity":"","overlay-gradient":""}},"ast-content-background-meta":{"desktop":{"background-color":"var(--ast-global-color-5)","background-image":"","background-repeat":"repeat","background-position":"center center","background-size":"auto","background-attachment":"scroll","background-type":"","background-media":"","overlay-type":"","overlay-color":"","overlay-opacity":"","overlay-gradient":""},"tablet":{"background-color":"var(--ast-global-color-5)","background-image":"","background-repeat":"repeat","background-position":"center center","background-size":"auto","background-attachment":"scroll","background-type":"","background-media":"","overlay-type":"","overlay-color":"","overlay-opacity":"","overlay-gradient":""},"mobile":{"background-color":"var(--ast-global-color-5)","background-image":"","background-repeat":"repeat","background-position":"center center","background-size":"auto","background-attachment":"scroll","background-type":"","background-media":"","overlay-type":"","overlay-color":"","overlay-opacity":"","overlay-gradient":""}}},"product_brand":[],"product_cat":[600,604,610,602],"product_tag":[],"class_list":{"0":"post-18563","1":"product","2":"type-product","3":"status-publish","4":"has-post-thumbnail","6":"product_cat-eteriskas-ellas","7":"product_cat-higiena-un-adas-kopsana","8":"product_cat-imunitates-stiprinasanai","9":"product_cat-tiras-eteriskas-ellas","10":"desktop-align-left","11":"tablet-align-left","12":"mobile-align-left","14":"first","15":"outofstock","16":"taxable","17":"shipping-taxable","18":"purchasable","19":"product-type-simple"},"_links":{"self":[{"href":"https:\/\/mamaterra.lt\/lv\/wp-json\/wp\/v2\/product\/18563","targetHints":{"allow":["GET"]}}],"collection":[{"href":"https:\/\/mamaterra.lt\/lv\/wp-json\/wp\/v2\/product"}],"about":[{"href":"https:\/\/mamaterra.lt\/lv\/wp-json\/wp\/v2\/types\/product"}],"wp:featuredmedia":[{"embeddable":true,"href":"https:\/\/mamaterra.lt\/lv\/wp-json\/wp\/v2\/media\/18559"}],"wp:attachment":[{"href":"https:\/\/mamaterra.lt\/lv\/wp-json\/wp\/v2\/media?parent=18563"}],"wp:term":[{"taxonomy":"product_brand","embeddable":true,"href":"https:\/\/mamaterra.lt\/lv\/wp-json\/wp\/v2\/product_brand?post=18563"},{"taxonomy":"product_cat","embeddable":true,"href":"https:\/\/mamaterra.lt\/lv\/wp-json\/wp\/v2\/product_cat?post=18563"},{"taxonomy":"product_tag","embeddable":true,"href":"https:\/\/mamaterra.lt\/lv\/wp-json\/wp\/v2\/product_tag?post=18563"}],"curies":[{"name":"wp","href":"https:\/\/api.w.org\/{rel}","templated":true}]}}