{"id":18538,"date":"2023-08-24T21:20:20","date_gmt":"2023-08-24T20:20:20","guid":{"rendered":"https:\/\/mamaterra.lt\/parduotuve\/uncategorized\/litsea-japoniniu-laureniu-eterinis-aliejus-15-ml\/"},"modified":"2024-03-10T18:58:41","modified_gmt":"2024-03-10T17:58:41","slug":"doterra-litsea15-ml","status":"publish","type":"product","link":"https:\/\/mamaterra.lt\/lv\/parduotuve\/eteriskas-ellas\/eterisko-ellu-maisijumi\/doterra-litsea15-ml\/","title":{"rendered":"doTERRA Litsea15 ml"},"content":{"rendered":"<p>Litsea cubeba ir neliels m\u016b\u017eza\u013c\u0161 koks ar baltiem un dzelteniem ziediem. Neraugoties uz citronam l\u012bdz\u012bgo arom\u0101tu, tas nepieder pie citrusaug\u013cu dzimtas. T\u0101 ir kan\u0113\u013ca un roz\u012b\u0146u radiniece, t\u0101p\u0113c pieder lauru dzimtas kokiem. T\u0101s maz\u0101s ogas, kas paz\u012bstamas ar\u012b k\u0101 May Chang un Mountain Pepper, atg\u0101dina piparu graudi\u0146us un tiek v\u0101ktas no j\u016blija l\u012bdz septembrim. Saknes un zari\u0146i ir popul\u0101ri \u0100zij\u0101, un tos izmanto tradicion\u0101laj\u0101 \u0137\u012bnie\u0161u medic\u012bn\u0101. Eterisko e\u013c\u013cu no li\u010d\u012b ieg\u016bst, destil\u0113jot aug\u013cus ar tvaiku, bet koksni da\u017ek\u0101rt izmanto k\u0101 m\u0113be\u013cu vai celtniec\u012bbas materi\u0101lu. Salds un nomierino\u0161s, ko\u0161i za\u013c\u0161 un citronza\u013c\u0161, ieelpojiet tie\u0161i no pudel\u012btes, lai \u0101tri uzmundrin\u0101tu organismu. Lietojiet to difuzor\u0101, lai pal\u012bdz\u0113tu rad\u012bt relaks\u0113jo\u0161u un dz\u012bvespriec\u012bgu atmosf\u0113ru. Pievienojiet Lisea vannai vai mas\u0101\u017eas e\u013c\u013cai, lai atdz\u012bvin\u0101tu dienu. Pievienojiet to m\u0101j\u0101s gatavot\u0101m ziep\u0113m un losjoniem, lai pie\u0161\u0137irtu atsvaidzin\u0101jumu. Lisea var k\u013c\u016bt par j\u016bsu jauno iecien\u012bt\u0101ko citrusaug\u013cu arom\u0101tu.<br \/>\nLieto\u0161ana<br \/>\nIzmantojiet k\u0101 difuzoru, lai atdz\u012bvin\u0101tu atmosf\u0113ru.<br \/>\nPievienojiet uzmundrino\u0161\u0101m un atjaunojo\u0161\u0101m mas\u0101\u017e\u0101m.<br \/>\nKombin\u0113jiet Litsea ar papildu e\u013c\u013c\u0101m, piem\u0113ram, lavandas, sandalkoka vai balzama e\u013c\u013c\u0101m, lai rad\u012btu l\u012bdzsvarojo\u0161u un nomierino\u0161u arom\u0101tu.<\/p>\n<p>Izmanto\u0161ana<br \/>\nPievienojiet savam iecien\u012bt\u0101kajam r\u012bta kokteilim, lai ieg\u016btu atsvaidzino\u0161u gar\u0161u.<br \/>\nLieto \u0100zijas virtuv\u0113, zup\u0101s, t\u0113j\u0101s un karija \u0113dienos.<br \/>\nLabi sader ar baziliku, kardamonu vai piparm\u0113tru.<br \/>\nLieto\u0161anas nor\u0101d\u012bjumi<br \/>\n\u0112diena aromatiz\u0113\u0161anai.<br \/>\nBr\u012bdin\u0101jumi<br \/>\nLietot tikai at\u0161\u0137aid\u012btu. Lietojiet ne vair\u0101k k\u0101 vienu pilienu dien\u0101. Uzglab\u0101t b\u0113rniem nepieejam\u0101 viet\u0101. Sarg\u0101t no iek\u013c\u016b\u0161anas ac\u012bs un g\u013cot\u0101d\u0101.<\/p>\n","protected":false},"excerpt":{"rendered":"<p>Izmantojiet to difuzor\u0101, lai pal\u012bdz\u0113tu rad\u012bt relaks\u0113jo\u0161u un jautru atmosf\u0113ru. Pievienojiet Lisea vannai vai mas\u0101\u017eas e\u013c\u013cai, lai atdz\u012bvin\u0101tu j\u016bsu dienu. Pievienojiet to m\u0101j\u0101s gatavot\u0101m ziep\u0113m un losjoniem, lai pie\u0161\u0137irtu atsvaidzin\u0101jumu. Lisea var k\u013c\u016bt par j\u016bsu jauno iecien\u012bt\u0101ko citrusaug\u013cu arom\u0101tu.<\/p>\n","protected":false},"featured_media":18544,"template":"","meta":{"site-sidebar-layout":"default","site-content-layout":"","ast-site-content-layout":"default","site-content-style":"default","site-sidebar-style":"default","ast-global-header-display":"","ast-banner-title-visibility":"","ast-main-header-display":"","ast-hfb-above-header-display":"","ast-hfb-below-header-display":"","ast-hfb-mobile-header-display":"","site-post-title":"","ast-breadcrumbs-content":"","ast-featured-img":"","footer-sml-layout":"","ast-disable-related-posts":"","theme-transparent-header-meta":"default","adv-header-id-meta":"","stick-header-meta":"","header-above-stick-meta":"","header-main-stick-meta":"","header-below-stick-meta":"","astra-migrate-meta-layouts":"set","ast-page-background-enabled":"default","ast-page-background-meta":{"desktop":{"background-color":"","background-image":"","background-repeat":"repeat","background-position":"center center","background-size":"auto","background-attachment":"scroll","background-type":"","background-media":"","overlay-type":"","overlay-color":"","overlay-opacity":"","overlay-gradient":""},"tablet":{"background-color":"","background-image":"","background-repeat":"repeat","background-position":"center center","background-size":"auto","background-attachment":"scroll","background-type":"","background-media":"","overlay-type":"","overlay-color":"","overlay-opacity":"","overlay-gradient":""},"mobile":{"background-color":"","background-image":"","background-repeat":"repeat","background-position":"center center","background-size":"auto","background-attachment":"scroll","background-type":"","background-media":"","overlay-type":"","overlay-color":"","overlay-opacity":"","overlay-gradient":""}},"ast-content-background-meta":{"desktop":{"background-color":"var(--ast-global-color-5)","background-image":"","background-repeat":"repeat","background-position":"center center","background-size":"auto","background-attachment":"scroll","background-type":"","background-media":"","overlay-type":"","overlay-color":"","overlay-opacity":"","overlay-gradient":""},"tablet":{"background-color":"var(--ast-global-color-5)","background-image":"","background-repeat":"repeat","background-position":"center center","background-size":"auto","background-attachment":"scroll","background-type":"","background-media":"","overlay-type":"","overlay-color":"","overlay-opacity":"","overlay-gradient":""},"mobile":{"background-color":"var(--ast-global-color-5)","background-image":"","background-repeat":"repeat","background-position":"center center","background-size":"auto","background-attachment":"scroll","background-type":"","background-media":"","overlay-type":"","overlay-color":"","overlay-opacity":"","overlay-gradient":""}}},"product_brand":[],"product_cat":[600,601],"product_tag":[],"class_list":{"0":"post-18538","1":"product","2":"type-product","3":"status-publish","4":"has-post-thumbnail","6":"product_cat-eteriskas-ellas","7":"product_cat-eterisko-ellu-maisijumi","8":"desktop-align-left","9":"tablet-align-left","10":"mobile-align-left","12":"first","13":"outofstock","14":"taxable","15":"shipping-taxable","16":"purchasable","17":"product-type-simple"},"_links":{"self":[{"href":"https:\/\/mamaterra.lt\/lv\/wp-json\/wp\/v2\/product\/18538","targetHints":{"allow":["GET"]}}],"collection":[{"href":"https:\/\/mamaterra.lt\/lv\/wp-json\/wp\/v2\/product"}],"about":[{"href":"https:\/\/mamaterra.lt\/lv\/wp-json\/wp\/v2\/types\/product"}],"wp:featuredmedia":[{"embeddable":true,"href":"https:\/\/mamaterra.lt\/lv\/wp-json\/wp\/v2\/media\/18544"}],"wp:attachment":[{"href":"https:\/\/mamaterra.lt\/lv\/wp-json\/wp\/v2\/media?parent=18538"}],"wp:term":[{"taxonomy":"product_brand","embeddable":true,"href":"https:\/\/mamaterra.lt\/lv\/wp-json\/wp\/v2\/product_brand?post=18538"},{"taxonomy":"product_cat","embeddable":true,"href":"https:\/\/mamaterra.lt\/lv\/wp-json\/wp\/v2\/product_cat?post=18538"},{"taxonomy":"product_tag","embeddable":true,"href":"https:\/\/mamaterra.lt\/lv\/wp-json\/wp\/v2\/product_tag?post=18538"}],"curies":[{"name":"wp","href":"https:\/\/api.w.org\/{rel}","templated":true}]}}