{"id":18529,"date":"2023-08-24T21:00:26","date_gmt":"2023-08-24T20:00:26","guid":{"rendered":"https:\/\/mamaterra.lt\/parduotuve\/uncategorized\/sotumo-guma-su-metapwr-metaboliniu-misiniu\/"},"modified":"2024-03-26T20:07:37","modified_gmt":"2024-03-26T19:07:37","slug":"metapwr-metabolic-blend-sata-gumija","status":"publish","type":"product","link":"https:\/\/mamaterra.lt\/lv\/parduotuve\/eteriskas-ellas\/eterisko-ellu-maisijumi\/metapwr-metabolic-blend-sata-gumija\/","title":{"rendered":"MetaPWR Metabolic Blend s\u0101ta gumija"},"content":{"rendered":"<h6 class=\"product__title mb-3\">MetaPWR Metabolic Blend s\u0101ta gumija, 30 gab.<\/h6>\n<div class=\"product__desc d-md-block d-sm-block d-none\">\n<p>Arom\u0101tiska, ar ilgsto\u0161i saglab\u0101jamu saldenu, piparm\u0113tru un pikantu gar\u0161u, MetaPWR Satiety Gum pal\u012bdz mazin\u0101t izsalkuma v\u0113lmi, veicina p\u0101rdom\u0101tu \u0113\u0161anu un atbalsta vesel\u012bgu vielmai\u0146u. * Kop\u0101 ar doTERRA p\u0113tniekiem izstr\u0101d\u0101t\u0101 MetaPWR Satiety Gum satur kl\u012bniski sabalans\u0113tu CPTG\u00ae greipfr\u016btu, citronu, piparm\u0113tru, ingvera un kan\u0113\u013ca mizas \u0113terisko e\u013c\u013cu attiec\u012bbu, kas veicina vielmai\u0146u un mazina izsalkuma v\u0113lmi.* Bez cukura vai m\u0101ksl\u012bgajiem saldin\u0101t\u0101jiem \u0161\u012b gumija ir pat\u012bkams veids, k\u0101 optimiz\u0113t MetaPWR Metabolic Blend k\u0101 da\u013cu no ikdienas svara un fizisko aktivit\u0101\u0161u re\u017e\u012bma.*.<\/p>\n<p>MetaPWR s\u0101ta gumija &#8211; da\u013ca no MetaPWR vielmai\u0146as sist\u0113mas &#8211; atbalsta vesel\u012bgu dz\u012bvesveidu, kas v\u0113rsts uz ener\u0123ijas un dz\u012bvesprieka palielin\u0101\u0161anu, vielmai\u0146as vesel\u012bbu un svara kontroli, lai uzlabotu j\u016bsu dz\u012bves ilgumu*.<\/p>\n<p>Bez \u0122MO<br \/>\nNav sojas<br \/>\nBez konservantiem<br \/>\nBez piena produktiem<br \/>\nBez lipek\u013ca<br \/>\nNav m\u0101ksl\u012bgo saldin\u0101t\u0101ju vai aromatiz\u0113t\u0101ju<\/p>\n<\/div>\n","protected":false},"excerpt":{"rendered":"<p>Arom\u0101tiska, ar ilgsto\u0161i saglab\u0101jamu saldenu, piparm\u0113tru un pikantu gar\u0161u, MetaPWR Satiety Gum pal\u012bdz mazin\u0101t izsalkuma v\u0113lmi, veicina p\u0101rdom\u0101tu \u0113\u0161anu un atbalsta vesel\u012bgu vielmai\u0146u.<\/p>\n","protected":false},"featured_media":0,"template":"","meta":{"site-sidebar-layout":"default","site-content-layout":"","ast-site-content-layout":"default","site-content-style":"default","site-sidebar-style":"default","ast-global-header-display":"","ast-banner-title-visibility":"","ast-main-header-display":"","ast-hfb-above-header-display":"","ast-hfb-below-header-display":"","ast-hfb-mobile-header-display":"","site-post-title":"","ast-breadcrumbs-content":"","ast-featured-img":"","footer-sml-layout":"","ast-disable-related-posts":"","theme-transparent-header-meta":"default","adv-header-id-meta":"","stick-header-meta":"","header-above-stick-meta":"","header-main-stick-meta":"","header-below-stick-meta":"","astra-migrate-meta-layouts":"set","ast-page-background-enabled":"default","ast-page-background-meta":{"desktop":{"background-color":"","background-image":"","background-repeat":"repeat","background-position":"center center","background-size":"auto","background-attachment":"scroll","background-type":"","background-media":"","overlay-type":"","overlay-color":"","overlay-opacity":"","overlay-gradient":""},"tablet":{"background-color":"","background-image":"","background-repeat":"repeat","background-position":"center center","background-size":"auto","background-attachment":"scroll","background-type":"","background-media":"","overlay-type":"","overlay-color":"","overlay-opacity":"","overlay-gradient":""},"mobile":{"background-color":"","background-image":"","background-repeat":"repeat","background-position":"center center","background-size":"auto","background-attachment":"scroll","background-type":"","background-media":"","overlay-type":"","overlay-color":"","overlay-opacity":"","overlay-gradient":""}},"ast-content-background-meta":{"desktop":{"background-color":"var(--ast-global-color-5)","background-image":"","background-repeat":"repeat","background-position":"center center","background-size":"auto","background-attachment":"scroll","background-type":"","background-media":"","overlay-type":"","overlay-color":"","overlay-opacity":"","overlay-gradient":""},"tablet":{"background-color":"var(--ast-global-color-5)","background-image":"","background-repeat":"repeat","background-position":"center center","background-size":"auto","background-attachment":"scroll","background-type":"","background-media":"","overlay-type":"","overlay-color":"","overlay-opacity":"","overlay-gradient":""},"mobile":{"background-color":"var(--ast-global-color-5)","background-image":"","background-repeat":"repeat","background-position":"center center","background-size":"auto","background-attachment":"scroll","background-type":"","background-media":"","overlay-type":"","overlay-color":"","overlay-opacity":"","overlay-gradient":""}}},"product_brand":[],"product_cat":[601,620],"product_tag":[],"class_list":{"0":"post-18529","1":"product","2":"type-product","3":"status-publish","5":"product_cat-eterisko-ellu-maisijumi","6":"product_cat-gremosanai","7":"desktop-align-left","8":"tablet-align-left","9":"mobile-align-left","11":"first","12":"outofstock","13":"sale","14":"taxable","15":"shipping-taxable","16":"purchasable","17":"product-type-simple"},"_links":{"self":[{"href":"https:\/\/mamaterra.lt\/lv\/wp-json\/wp\/v2\/product\/18529","targetHints":{"allow":["GET"]}}],"collection":[{"href":"https:\/\/mamaterra.lt\/lv\/wp-json\/wp\/v2\/product"}],"about":[{"href":"https:\/\/mamaterra.lt\/lv\/wp-json\/wp\/v2\/types\/product"}],"wp:attachment":[{"href":"https:\/\/mamaterra.lt\/lv\/wp-json\/wp\/v2\/media?parent=18529"}],"wp:term":[{"taxonomy":"product_brand","embeddable":true,"href":"https:\/\/mamaterra.lt\/lv\/wp-json\/wp\/v2\/product_brand?post=18529"},{"taxonomy":"product_cat","embeddable":true,"href":"https:\/\/mamaterra.lt\/lv\/wp-json\/wp\/v2\/product_cat?post=18529"},{"taxonomy":"product_tag","embeddable":true,"href":"https:\/\/mamaterra.lt\/lv\/wp-json\/wp\/v2\/product_tag?post=18529"}],"curies":[{"name":"wp","href":"https:\/\/api.w.org\/{rel}","templated":true}]}}