{"id":18517,"date":"2023-08-24T20:43:11","date_gmt":"2023-08-24T19:43:11","guid":{"rendered":"https:\/\/mamaterra.lt\/parduotuve\/uncategorized\/doterra-metapwr-misinys-15ml\/"},"modified":"2024-02-10T18:41:13","modified_gmt":"2024-02-10T17:41:13","slug":"doterra-metapwr-eterisko-ellu-maisijums-15ml","status":"publish","type":"product","link":"https:\/\/mamaterra.lt\/lv\/parduotuve\/eteriskas-ellas\/eterisko-ellu-maisijumi\/doterra-metapwr-eterisko-ellu-maisijums-15ml\/","title":{"rendered":"doTERRA MetaPWR \u0112terisko e\u013c\u013cu mais\u012bjums 15ml"},"content":{"rendered":"<div class=\"spotlight__head\">\n<div class=\"ui container\">\n<div class=\"spotlight__wrap\">\n<div class=\"spotlight__head-item spotlight__head-item--copy\">\n<p>MetaPWR\u2122<br \/>\n\u0112terisko e\u013c\u013cu mais\u012bjums<\/p>\n<p>MetaPWR \u0113terisko e\u013c\u013cu mais\u012bjums ir izstr\u0101d\u0101ts, lai atbalst\u012btu dz\u012bvesveidu, kas v\u0113rsts uz liel\u0101ku vitalit\u0101ti, lab\u0101ku uztura izv\u0113li un labsaj\u016btas uztur\u0113\u0161anu. MetaPWR mais\u012bjums, ko izstr\u0101d\u0101ju\u0161i doTERRA kl\u012bniskie un medic\u012bnas zin\u0101tnieki, sast\u0101v no \u012bpa\u0161\u0101m, sabalans\u0113t\u0101m CPTG\u2122 greipfr\u016bta, citrona, piparm\u0113tras, ingvera un kan\u0113\u013ca \u0113terisko e\u013c\u013cu proporcij\u0101m. Citrusaug\u013cu, piparm\u0113tru un gar\u0161vielu e\u013c\u013cu kombin\u0101cija padara MetaPWR par sp\u0113c\u012bgu p\u0101rtikas aromatiz\u0113t\u0101ju, kas pal\u012bdz apmierin\u0101t j\u016bsu v\u0113lmes p\u0113c sald\u0101!<\/p>\n<p>Ide\u0101li piem\u0113rots pievieno\u0161anai dz\u0113rieniem ar citrusaug\u013cu, pikanto, piparm\u0113tru un saldo arom\u0101tu.<br \/>\nNodro\u0161ina ide\u0101lu uzmundrin\u0101jumu, kas nepiecie\u0161ams pirms un intens\u012bva treni\u0146a laik\u0101.<br \/>\nMetaPWR var stimul\u0113t saj\u016btas un pal\u012bdz\u0113t uzlabot garast\u0101vokli, ja to pievieno recept\u0113m.<br \/>\nLabv\u0113l\u012bgs papildin\u0101jums j\u016bsu labsaj\u016btas re\u017e\u012bmam, lai papildin\u0101tu p\u0101rdom\u0101tu p\u0101rtikas izv\u0113li.<\/p>\n<p>Saist\u012bb\u0101 ar piparm\u0113tru \u0113terisk\u0101s e\u013c\u013cas sast\u0101vda\u013cu:<\/p>\n<p>Izmanto gremo\u0161anas atvieglo\u0161anai*.<br \/>\nSekm\u0113 gremo\u0161anas \u0161\u0137idrumu veido\u0161anos*.<br \/>\nAtbalsta aknu un \u017eults darb\u012bbu*<br \/>\nPal\u012bdz veicin\u0101t tauku gremo\u0161anu*<br \/>\nSekm\u0113 lab\u0101ku tauku gremo\u0161anu*<br \/>\nPal\u012bdz veicin\u0101t gremo\u0161anu*<br \/>\nPal\u012bdz uztur\u0113t vesel\u012bgu ku\u0146\u0123i*.<\/p>\n<p>*\u0160\u012bs vesel\u012bguma nor\u0101des v\u0113l nav apstiprin\u0101tas ES un EFSA.<\/p>\n<p>Pilns sast\u0101vda\u013cu saraksts<\/p>\n<p>Greipfr\u016btu e\u013c\u013ca, citronu e\u013c\u013ca, ingvera e\u013c\u013ca, piparm\u0113tru e\u013c\u013ca, kan\u0113\u013ca mizas e\u013c\u013ca.<\/p>\n<\/div>\n<\/div>\n<\/div>\n<\/div>\n","protected":false},"excerpt":{"rendered":"<ul class=\"spotlight__list-custom custom-list\">\n<li>MetaPWR var stimul\u0113t saj\u016btas un pal\u012bdz\u0113t uzlabot garast\u0101vokli, ja to pievieno recept\u0113m.<\/li>\n<li>Labv\u0113l\u012bgs papildin\u0101jums j\u016bsu labsaj\u016btas re\u017e\u012bmam, lai papildin\u0101tu p\u0101rdom\u0101tu p\u0101rtikas izv\u0113li.<\/li>\n<\/ul>\n","protected":false},"featured_media":12014,"template":"","meta":{"site-sidebar-layout":"default","site-content-layout":"","ast-site-content-layout":"default","site-content-style":"default","site-sidebar-style":"default","ast-global-header-display":"","ast-banner-title-visibility":"","ast-main-header-display":"","ast-hfb-above-header-display":"","ast-hfb-below-header-display":"","ast-hfb-mobile-header-display":"","site-post-title":"","ast-breadcrumbs-content":"","ast-featured-img":"","footer-sml-layout":"","ast-disable-related-posts":"","theme-transparent-header-meta":"default","adv-header-id-meta":"","stick-header-meta":"","header-above-stick-meta":"","header-main-stick-meta":"","header-below-stick-meta":"","astra-migrate-meta-layouts":"set","ast-page-background-enabled":"default","ast-page-background-meta":{"desktop":{"background-color":"","background-image":"","background-repeat":"repeat","background-position":"center center","background-size":"auto","background-attachment":"scroll","background-type":"","background-media":"","overlay-type":"","overlay-color":"","overlay-opacity":"","overlay-gradient":""},"tablet":{"background-color":"","background-image":"","background-repeat":"repeat","background-position":"center center","background-size":"auto","background-attachment":"scroll","background-type":"","background-media":"","overlay-type":"","overlay-color":"","overlay-opacity":"","overlay-gradient":""},"mobile":{"background-color":"","background-image":"","background-repeat":"repeat","background-position":"center center","background-size":"auto","background-attachment":"scroll","background-type":"","background-media":"","overlay-type":"","overlay-color":"","overlay-opacity":"","overlay-gradient":""}},"ast-content-background-meta":{"desktop":{"background-color":"var(--ast-global-color-5)","background-image":"","background-repeat":"repeat","background-position":"center center","background-size":"auto","background-attachment":"scroll","background-type":"","background-media":"","overlay-type":"","overlay-color":"","overlay-opacity":"","overlay-gradient":""},"tablet":{"background-color":"var(--ast-global-color-5)","background-image":"","background-repeat":"repeat","background-position":"center center","background-size":"auto","background-attachment":"scroll","background-type":"","background-media":"","overlay-type":"","overlay-color":"","overlay-opacity":"","overlay-gradient":""},"mobile":{"background-color":"var(--ast-global-color-5)","background-image":"","background-repeat":"repeat","background-position":"center center","background-size":"auto","background-attachment":"scroll","background-type":"","background-media":"","overlay-type":"","overlay-color":"","overlay-opacity":"","overlay-gradient":""}}},"product_brand":[],"product_cat":[600,601,620],"product_tag":[],"class_list":{"0":"post-18517","1":"product","2":"type-product","3":"status-publish","4":"has-post-thumbnail","6":"product_cat-eteriskas-ellas","7":"product_cat-eterisko-ellu-maisijumi","8":"product_cat-gremosanai","9":"desktop-align-left","10":"tablet-align-left","11":"mobile-align-left","13":"first","14":"instock","15":"taxable","16":"shipping-taxable","17":"purchasable","18":"product-type-simple"},"_links":{"self":[{"href":"https:\/\/mamaterra.lt\/lv\/wp-json\/wp\/v2\/product\/18517","targetHints":{"allow":["GET"]}}],"collection":[{"href":"https:\/\/mamaterra.lt\/lv\/wp-json\/wp\/v2\/product"}],"about":[{"href":"https:\/\/mamaterra.lt\/lv\/wp-json\/wp\/v2\/types\/product"}],"wp:featuredmedia":[{"embeddable":true,"href":"https:\/\/mamaterra.lt\/lv\/wp-json\/wp\/v2\/media\/12014"}],"wp:attachment":[{"href":"https:\/\/mamaterra.lt\/lv\/wp-json\/wp\/v2\/media?parent=18517"}],"wp:term":[{"taxonomy":"product_brand","embeddable":true,"href":"https:\/\/mamaterra.lt\/lv\/wp-json\/wp\/v2\/product_brand?post=18517"},{"taxonomy":"product_cat","embeddable":true,"href":"https:\/\/mamaterra.lt\/lv\/wp-json\/wp\/v2\/product_cat?post=18517"},{"taxonomy":"product_tag","embeddable":true,"href":"https:\/\/mamaterra.lt\/lv\/wp-json\/wp\/v2\/product_tag?post=18517"}],"curies":[{"name":"wp","href":"https:\/\/api.w.org\/{rel}","templated":true}]}}