{"id":18307,"date":"2023-07-01T12:17:32","date_gmt":"2023-07-01T11:17:32","guid":{"rendered":"https:\/\/mamaterra.lt\/parduotuve\/uncategorized\/doterra-sun-body-mineral-sunscreen-spray-mineralinis-purskiklis-nuo-saules-kunui\/"},"modified":"2024-03-10T16:11:21","modified_gmt":"2024-03-10T15:11:21","slug":"doterra-sun-body-mineral-sunscreen-spray","status":"publish","type":"product","link":"https:\/\/mamaterra.lt\/lv\/parduotuve\/higiena-un-adas-kopsana\/doterra-saule-lv\/doterra-sun-body-mineral-sunscreen-spray\/","title":{"rendered":"d\u014dTERRA\u2122 sun Body Mineral Sunscreen Spray"},"content":{"rendered":"<h6 class=\"spotlight__head-title\">d\u014dTERRA\u2122 sun \u0136erme\u0146a miner\u0101lais saules aizsargkr\u0113ms ar aerosolu<\/h6>\n<p>170 g<\/p>\n<p>Piln\u012bga \u0137erme\u0146a aizsardz\u012bba ir tikai viena smidzin\u0101\u0161ana ar m\u016bsu \u0137erme\u0146a miner\u0101lu saules aizsargkr\u0113mu aerosolu. Magnolijas, ilang ilang un helikrizuma ziedu arom\u0101ts apvienojas ar sarkan\u0101 mandar\u012bna, citronz\u0101les, burk\u0101nu s\u0113klu un v\u012braka arom\u0101tu, radot vieglu, pacil\u0101jo\u0161u arom\u0101tu. Tas ir iepakots alum\u012bnija flakon\u0101 bez aerosola, kas nodro\u0161ina nep\u0101rtrauktu miglu vieglai un vieglai, visaptvero\u0161ai lieto\u0161anai l\u012bdz pat 80 min\u016bt\u0113m.<\/p>\n<ul class=\"spotlight__list-custom custom-list\">\n<li>Nodro\u0161ina SPF 30+ pla\u0161a spektra (UVA\/UVB) aizsardz\u012bbu viegl\u0101, mitrino\u0161\u0101 miner\u0101lu aerosola veid\u0101.<\/li>\n<li>Satur nenano cinka oks\u012bdu, avokado e\u013c\u013cu, alveju, aloe vera, ave\u0146u s\u0113klu e\u013c\u013cas un E vitam\u012bnu.<\/li>\n<li>Nesatur ftal\u0101tus, oksibenzonu un sint\u0113tiskas smar\u017evielas.<\/li>\n<li>Barojo\u0161a, intens\u012bvi mitrino\u0161a formula ir dermatolo\u0123iski p\u0101rbaud\u012bta un \u016bdensnotur\u012bga l\u012bdz pat 80 min\u016bt\u0113m.<\/li>\n<li>Veg\u0101niem draudz\u012bgs un dro\u0161s rifiem.<\/li>\n<\/ul>\n","protected":false},"excerpt":{"rendered":"<ul class=\"spotlight__list-custom custom-list\">\n<li>Nodro\u0161ina SPF 30+ pla\u0161a spektra (UVA\/UVB) aizsardz\u012bbu viegl\u0101, mitrino\u0161\u0101 miner\u0101lu aerosola veid\u0101.<\/li>\n<li>Satur nenano cinka oks\u012bdu, avokado e\u013c\u013cu, alveju, aloe vera, ave\u0146u s\u0113klu e\u013c\u013cas un E vitam\u012bnu.<\/li>\n<li>Nesatur ftal\u0101tus, oksibenzonu un sint\u0113tiskas smar\u017evielas.<\/li>\n<li>Barojo\u0161a, intens\u012bvi mitrino\u0161a formula ir dermatolo\u0123iski p\u0101rbaud\u012bta un \u016bdensnotur\u012bga l\u012bdz pat 80 min\u016bt\u0113m.<\/li>\n<li>Veg\u0101niem draudz\u012bgs un dro\u0161s rifiem.<\/li>\n<li><\/li>\n<\/ul>\n","protected":false},"featured_media":18303,"template":"","meta":{"site-sidebar-layout":"default","site-content-layout":"default","ast-site-content-layout":"default","site-content-style":"default","site-sidebar-style":"default","ast-global-header-display":"","ast-banner-title-visibility":"","ast-main-header-display":"","ast-hfb-above-header-display":"","ast-hfb-below-header-display":"","ast-hfb-mobile-header-display":"","site-post-title":"","ast-breadcrumbs-content":"","ast-featured-img":"","footer-sml-layout":"","ast-disable-related-posts":"","theme-transparent-header-meta":"default","adv-header-id-meta":"","stick-header-meta":"","header-above-stick-meta":"","header-main-stick-meta":"","header-below-stick-meta":"","astra-migrate-meta-layouts":"set","ast-page-background-enabled":"default","ast-page-background-meta":{"desktop":{"background-color":"","background-image":"","background-repeat":"repeat","background-position":"center center","background-size":"auto","background-attachment":"scroll","background-type":"","background-media":"","overlay-type":"","overlay-color":"","overlay-opacity":"","overlay-gradient":""},"tablet":{"background-color":"","background-image":"","background-repeat":"repeat","background-position":"center center","background-size":"auto","background-attachment":"scroll","background-type":"","background-media":"","overlay-type":"","overlay-color":"","overlay-opacity":"","overlay-gradient":""},"mobile":{"background-color":"","background-image":"","background-repeat":"repeat","background-position":"center center","background-size":"auto","background-attachment":"scroll","background-type":"","background-media":"","overlay-type":"","overlay-color":"","overlay-opacity":"","overlay-gradient":""}},"ast-content-background-meta":{"desktop":{"background-color":"var(--ast-global-color-5)","background-image":"","background-repeat":"repeat","background-position":"center center","background-size":"auto","background-attachment":"scroll","background-type":"","background-media":"","overlay-type":"","overlay-color":"","overlay-opacity":"","overlay-gradient":""},"tablet":{"background-color":"var(--ast-global-color-5)","background-image":"","background-repeat":"repeat","background-position":"center center","background-size":"auto","background-attachment":"scroll","background-type":"","background-media":"","overlay-type":"","overlay-color":"","overlay-opacity":"","overlay-gradient":""},"mobile":{"background-color":"var(--ast-global-color-5)","background-image":"","background-repeat":"repeat","background-position":"center center","background-size":"auto","background-attachment":"scroll","background-type":"","background-media":"","overlay-type":"","overlay-color":"","overlay-opacity":"","overlay-gradient":""}}},"product_brand":[],"product_cat":[619,3583,604],"product_tag":[],"class_list":{"0":"post-18307","1":"product","2":"type-product","3":"status-publish","4":"has-post-thumbnail","6":"product_cat-berniem","7":"product_cat-doterra-saule-lv","8":"product_cat-higiena-un-adas-kopsana","9":"desktop-align-left","10":"tablet-align-left","11":"mobile-align-left","13":"first","14":"instock","15":"sale","16":"taxable","17":"shipping-taxable","18":"purchasable","19":"product-type-simple"},"_links":{"self":[{"href":"https:\/\/mamaterra.lt\/lv\/wp-json\/wp\/v2\/product\/18307","targetHints":{"allow":["GET"]}}],"collection":[{"href":"https:\/\/mamaterra.lt\/lv\/wp-json\/wp\/v2\/product"}],"about":[{"href":"https:\/\/mamaterra.lt\/lv\/wp-json\/wp\/v2\/types\/product"}],"wp:featuredmedia":[{"embeddable":true,"href":"https:\/\/mamaterra.lt\/lv\/wp-json\/wp\/v2\/media\/18303"}],"wp:attachment":[{"href":"https:\/\/mamaterra.lt\/lv\/wp-json\/wp\/v2\/media?parent=18307"}],"wp:term":[{"taxonomy":"product_brand","embeddable":true,"href":"https:\/\/mamaterra.lt\/lv\/wp-json\/wp\/v2\/product_brand?post=18307"},{"taxonomy":"product_cat","embeddable":true,"href":"https:\/\/mamaterra.lt\/lv\/wp-json\/wp\/v2\/product_cat?post=18307"},{"taxonomy":"product_tag","embeddable":true,"href":"https:\/\/mamaterra.lt\/lv\/wp-json\/wp\/v2\/product_tag?post=18307"}],"curies":[{"name":"wp","href":"https:\/\/api.w.org\/{rel}","templated":true}]}}