{"id":18292,"date":"2023-07-01T11:58:49","date_gmt":"2023-07-01T10:58:49","guid":{"rendered":"https:\/\/mamaterra.lt\/parduotuve\/uncategorized\/doterra-sun-after-sun-body-spray-purskiklis-kunui-po-deginimosi-2\/"},"modified":"2024-03-10T16:41:40","modified_gmt":"2024-03-10T15:41:40","slug":"doterra-sun-pec-saulosanas-kermena-aerosols-purskiklis-kunui-pec-deginimosi","status":"publish","type":"product","link":"https:\/\/mamaterra.lt\/lv\/parduotuve\/higiena-un-adas-kopsana\/doterra-saule-lv\/doterra-sun-pec-saulosanas-kermena-aerosols-purskiklis-kunui-pec-deginimosi\/","title":{"rendered":"doTERRA sun P\u0113c sau\u013co\u0161an\u0101s \u0137erme\u0146a aerosols (Pur\u0161kiklis k\u016bnui p\u0113c deginimosi)"},"content":{"rendered":"<h3 class=\"spotlight__head-title\">doTERRA sun P\u0113c sau\u013co\u0161an\u0101s \u0137erme\u0146a aerosols (Pur\u0161kiklis k\u016bnui p\u0113c deginimosi)<\/h3>\n<p>170 g<\/p>\n<p>Sniedziet savai \u0101dai pat\u012bkamu, papildu kop\u0161anu p\u0113c ilg\u0101m stund\u0101m, kas pavad\u012btas siltajos staru staros, ar \u0137erme\u0146a aerosolu p\u0113c sau\u013co\u0161an\u0101s. Hialuronsk\u0101bes mitrino\u0161\u0101s \u012bpa\u0161\u012bbas un alvejas nomierino\u0161\u0101s \u012bpa\u0161\u012bbas apvienojum\u0101 ar arnikas ziedu ekstraktu veido dzi\u013ci mitrino\u0161u formulu. Kopaibas, lavandas, citronz\u0101les, piparm\u0113tras, jap\u0101\u0146u piparm\u0113tras, helikrizuma, sandalkoka, zil\u0101s tantes, v\u012braka un koriandra \u0113terisk\u0101s e\u013c\u013cas pie\u0161\u0137ir svaigu un spilgtu, bet vienlaikus piezem\u0113tu un smalku arom\u0101tu. Produkts ir iepakots alum\u012bnija pudel\u0113, kas nav aerosola izsmidzin\u0101t\u0101js, un tas izplata nep\u0101rtrauktu miglu, lai viegli p\u0101rkl\u0101tu visu \u0137erme\u0146a virsmu. M\u012bliet un r\u016bp\u0113jieties par savu \u0101du ar doTERRA After Sun.<\/p>\n<ul class=\"spotlight__list-custom custom-list\">\n<li style=\"list-style-type: none;\">\n<ul class=\"spotlight__list-custom custom-list\">\n<li>Nodro\u0161ina \u0101du nomierino\u0161u, atv\u0113sino\u0161u iedarb\u012bbu.<\/li>\n<li>Satur alveju, hialuronsk\u0101bi, za\u013co t\u0113ju un E vitam\u012bnu.<\/li>\n<li>Nesatur ftal\u0101tus, oksibenzonu un sint\u0113tiskas smar\u017evielas.<\/li>\n<li>Barojo\u0161a, intens\u012bvi mitrino\u0161a formula ir dermatolo\u0123iski p\u0101rbaud\u012bta un \u016bdensnotur\u012bga.<\/li>\n<li>Veg\u0101niem draudz\u012bgs un dro\u0161s rifiem.<\/li>\n<\/ul>\n<div class=\"spotlight__foot-block-icons\">\n<div class=\"body-system-list\">\n<div class=\"body-system-list__item\">\n<div class=\"body-system-list__item-img\"><\/div>\n<\/div>\n<div class=\"body-system-list__item\"><\/div>\n<\/div>\n<\/div>\n<\/li>\n<\/ul>\n","protected":false},"excerpt":{"rendered":"<ul class=\"spotlight__list-custom custom-list\">\n<li>Provides skin-soothing, cooling relief.<\/li>\n<li>Contains aloe vera, hyaluronic acid, green tea and vitamin E.<\/li>\n<li>Free from phthalates, oxybenzone and synthetic fragrances.<\/li>\n<li>Nourishing, intensely hydrating formula is dermatologically tested and water-resistant.<\/li>\n<li>Vegan-friendly and reef-safe.<\/li>\n<li><\/li>\n<\/ul>\n","protected":false},"featured_media":18287,"template":"","meta":{"site-sidebar-layout":"default","site-content-layout":"default","ast-site-content-layout":"default","site-content-style":"default","site-sidebar-style":"default","ast-global-header-display":"","ast-banner-title-visibility":"","ast-main-header-display":"","ast-hfb-above-header-display":"","ast-hfb-below-header-display":"","ast-hfb-mobile-header-display":"","site-post-title":"","ast-breadcrumbs-content":"","ast-featured-img":"","footer-sml-layout":"","ast-disable-related-posts":"","theme-transparent-header-meta":"default","adv-header-id-meta":"","stick-header-meta":"","header-above-stick-meta":"","header-main-stick-meta":"","header-below-stick-meta":"","astra-migrate-meta-layouts":"set","ast-page-background-enabled":"default","ast-page-background-meta":{"desktop":{"background-color":"","background-image":"","background-repeat":"repeat","background-position":"center center","background-size":"auto","background-attachment":"scroll","background-type":"","background-media":"","overlay-type":"","overlay-color":"","overlay-opacity":"","overlay-gradient":""},"tablet":{"background-color":"","background-image":"","background-repeat":"repeat","background-position":"center center","background-size":"auto","background-attachment":"scroll","background-type":"","background-media":"","overlay-type":"","overlay-color":"","overlay-opacity":"","overlay-gradient":""},"mobile":{"background-color":"","background-image":"","background-repeat":"repeat","background-position":"center center","background-size":"auto","background-attachment":"scroll","background-type":"","background-media":"","overlay-type":"","overlay-color":"","overlay-opacity":"","overlay-gradient":""}},"ast-content-background-meta":{"desktop":{"background-color":"var(--ast-global-color-5)","background-image":"","background-repeat":"repeat","background-position":"center center","background-size":"auto","background-attachment":"scroll","background-type":"","background-media":"","overlay-type":"","overlay-color":"","overlay-opacity":"","overlay-gradient":""},"tablet":{"background-color":"var(--ast-global-color-5)","background-image":"","background-repeat":"repeat","background-position":"center center","background-size":"auto","background-attachment":"scroll","background-type":"","background-media":"","overlay-type":"","overlay-color":"","overlay-opacity":"","overlay-gradient":""},"mobile":{"background-color":"var(--ast-global-color-5)","background-image":"","background-repeat":"repeat","background-position":"center center","background-size":"auto","background-attachment":"scroll","background-type":"","background-media":"","overlay-type":"","overlay-color":"","overlay-opacity":"","overlay-gradient":""}}},"product_brand":[],"product_cat":[619,3583,604],"product_tag":[],"class_list":{"0":"post-18292","1":"product","2":"type-product","3":"status-publish","4":"has-post-thumbnail","6":"product_cat-berniem","7":"product_cat-doterra-saule-lv","8":"product_cat-higiena-un-adas-kopsana","9":"desktop-align-left","10":"tablet-align-left","11":"mobile-align-left","13":"first","14":"instock","15":"taxable","16":"shipping-taxable","17":"purchasable","18":"product-type-simple"},"_links":{"self":[{"href":"https:\/\/mamaterra.lt\/lv\/wp-json\/wp\/v2\/product\/18292","targetHints":{"allow":["GET"]}}],"collection":[{"href":"https:\/\/mamaterra.lt\/lv\/wp-json\/wp\/v2\/product"}],"about":[{"href":"https:\/\/mamaterra.lt\/lv\/wp-json\/wp\/v2\/types\/product"}],"wp:featuredmedia":[{"embeddable":true,"href":"https:\/\/mamaterra.lt\/lv\/wp-json\/wp\/v2\/media\/18287"}],"wp:attachment":[{"href":"https:\/\/mamaterra.lt\/lv\/wp-json\/wp\/v2\/media?parent=18292"}],"wp:term":[{"taxonomy":"product_brand","embeddable":true,"href":"https:\/\/mamaterra.lt\/lv\/wp-json\/wp\/v2\/product_brand?post=18292"},{"taxonomy":"product_cat","embeddable":true,"href":"https:\/\/mamaterra.lt\/lv\/wp-json\/wp\/v2\/product_cat?post=18292"},{"taxonomy":"product_tag","embeddable":true,"href":"https:\/\/mamaterra.lt\/lv\/wp-json\/wp\/v2\/product_tag?post=18292"}],"curies":[{"name":"wp","href":"https:\/\/api.w.org\/{rel}","templated":true}]}}