{"id":18271,"date":"2023-07-01T11:41:35","date_gmt":"2023-07-01T10:41:35","guid":{"rendered":"https:\/\/mamaterra.lt\/parduotuve\/uncategorized\/mineralinis-piestukas-nuo-saules-veidui-ir-kunui-doterra-sun-face-body-mineral-sunscreen-stick\/"},"modified":"2024-03-10T16:22:07","modified_gmt":"2024-03-10T15:22:07","slug":"doterra-sun-sejas-kermena-mineralu-saules-aizsargkrems-stick","status":"publish","type":"product","link":"https:\/\/mamaterra.lt\/lv\/parduotuve\/higiena-un-adas-kopsana\/doterra-saule-lv\/doterra-sun-sejas-kermena-mineralu-saules-aizsargkrems-stick\/","title":{"rendered":"d\u014dTERRA\u2122 sun sejas + \u0137erme\u0146a miner\u0101lu saules aizsargkr\u0113ms Stick"},"content":{"rendered":"<h6>d\u014dTERRA\u2122 sun Saules aizsargkr\u0113ms sejai un \u0137ermenim ar miner\u0101liem<\/h6>\n<p>&nbsp;<\/p>\n<p>Sveicieties ar vislab\u0101ko, netrauc\u0113jo\u0161o aizsardz\u012bbu pret sauli ar m\u016bsu \u0137erme\u0146a miner\u0101lu saules aizsargkr\u0113mu stick. Biez\u0101 pagrie\u017eam\u0101 t\u016bbi\u0146a viegli un bez piep\u016bles uzkl\u0101jas uz \u0101das, un t\u0101s kompaktais izm\u0113rs \u013cauj to \u0113rti n\u0113s\u0101t l\u012bdzi, lai kurp j\u016bs dotos. \u0160is saules aizsargl\u012bdzeklis ar sarkan\u0101 mandar\u012bna, magnolijas, citronz\u0101les, ilang ilang, burk\u0101nu s\u0113klu, v\u012braka un helikrizuma \u0113teriskaj\u0101m e\u013c\u013c\u0101m nodro\u0161ina mitrino\u0161as un aizsarg\u0101jo\u0161as \u012bpa\u0161\u012bbas. Ide\u0101li piem\u0113rots jums un j\u016bsu \u0123imenei, motiv\u0113jiet savus mazos m\u012bl\u0113t savu \u0101du, izmantojot \u0113rto aplikatoru pirms piedz\u012bvojumiem br\u012bv\u0101 dab\u0101.<\/p>\n<ul class=\"spotlight__list-custom custom-list\">\n<li>Nodro\u0161ina SPF 30+ pla\u0161a spektra (UVA\/UVB) aizsardz\u012bbu viegli lietojam\u0101 n\u016bji\u0146\u0101.<\/li>\n<li>Nesatur ftal\u0101tus, oksibenzonu un sint\u0113tiskas smar\u017evielas.<\/li>\n<li>Barojo\u0161a, intens\u012bvi mitrino\u0161a formula ir dermatolo\u0123iski p\u0101rbaud\u012bta un \u016bdensnotur\u012bga l\u012bdz pat 80 min\u016bt\u0113m.<\/li>\n<li>Veg\u0101niem draudz\u012bgs un dro\u0161s rifiem.<\/li>\n<\/ul>\n","protected":false},"excerpt":{"rendered":"<ul class=\"spotlight__list-custom custom-list\">\n<li>Nodro\u0161ina SPF 30+ pla\u0161a spektra (UVA\/UVB) aizsardz\u012bbu viegli lietojam\u0101 n\u016bji\u0146\u0101.<\/li>\n<li>Nesatur ftal\u0101tus, oksibenzonu un sint\u0113tiskas smar\u017evielas.<\/li>\n<li>Barojo\u0161a, intens\u012bvi mitrino\u0161a formula ir dermatolo\u0123iski p\u0101rbaud\u012bta un \u016bdensnotur\u012bga l\u012bdz pat 80 min\u016bt\u0113m.<\/li>\n<li>Veg\u0101niem draudz\u012bgs un dro\u0161s rifiem.<\/li>\n<li><\/li>\n<\/ul>\n","protected":false},"featured_media":18267,"template":"","meta":{"site-sidebar-layout":"default","site-content-layout":"default","ast-site-content-layout":"default","site-content-style":"default","site-sidebar-style":"default","ast-global-header-display":"","ast-banner-title-visibility":"","ast-main-header-display":"","ast-hfb-above-header-display":"","ast-hfb-below-header-display":"","ast-hfb-mobile-header-display":"","site-post-title":"","ast-breadcrumbs-content":"","ast-featured-img":"","footer-sml-layout":"","ast-disable-related-posts":"","theme-transparent-header-meta":"default","adv-header-id-meta":"","stick-header-meta":"","header-above-stick-meta":"","header-main-stick-meta":"","header-below-stick-meta":"","astra-migrate-meta-layouts":"set","ast-page-background-enabled":"default","ast-page-background-meta":{"desktop":{"background-color":"","background-image":"","background-repeat":"repeat","background-position":"center center","background-size":"auto","background-attachment":"scroll","background-type":"","background-media":"","overlay-type":"","overlay-color":"","overlay-opacity":"","overlay-gradient":""},"tablet":{"background-color":"","background-image":"","background-repeat":"repeat","background-position":"center center","background-size":"auto","background-attachment":"scroll","background-type":"","background-media":"","overlay-type":"","overlay-color":"","overlay-opacity":"","overlay-gradient":""},"mobile":{"background-color":"","background-image":"","background-repeat":"repeat","background-position":"center center","background-size":"auto","background-attachment":"scroll","background-type":"","background-media":"","overlay-type":"","overlay-color":"","overlay-opacity":"","overlay-gradient":""}},"ast-content-background-meta":{"desktop":{"background-color":"var(--ast-global-color-5)","background-image":"","background-repeat":"repeat","background-position":"center center","background-size":"auto","background-attachment":"scroll","background-type":"","background-media":"","overlay-type":"","overlay-color":"","overlay-opacity":"","overlay-gradient":""},"tablet":{"background-color":"var(--ast-global-color-5)","background-image":"","background-repeat":"repeat","background-position":"center center","background-size":"auto","background-attachment":"scroll","background-type":"","background-media":"","overlay-type":"","overlay-color":"","overlay-opacity":"","overlay-gradient":""},"mobile":{"background-color":"var(--ast-global-color-5)","background-image":"","background-repeat":"repeat","background-position":"center center","background-size":"auto","background-attachment":"scroll","background-type":"","background-media":"","overlay-type":"","overlay-color":"","overlay-opacity":"","overlay-gradient":""}}},"product_brand":[],"product_cat":[3583,604],"product_tag":[],"class_list":{"0":"post-18271","1":"product","2":"type-product","3":"status-publish","4":"has-post-thumbnail","6":"product_cat-doterra-saule-lv","7":"product_cat-higiena-un-adas-kopsana","8":"desktop-align-left","9":"tablet-align-left","10":"mobile-align-left","12":"first","13":"instock","14":"taxable","15":"shipping-taxable","16":"purchasable","17":"product-type-simple"},"_links":{"self":[{"href":"https:\/\/mamaterra.lt\/lv\/wp-json\/wp\/v2\/product\/18271","targetHints":{"allow":["GET"]}}],"collection":[{"href":"https:\/\/mamaterra.lt\/lv\/wp-json\/wp\/v2\/product"}],"about":[{"href":"https:\/\/mamaterra.lt\/lv\/wp-json\/wp\/v2\/types\/product"}],"wp:featuredmedia":[{"embeddable":true,"href":"https:\/\/mamaterra.lt\/lv\/wp-json\/wp\/v2\/media\/18267"}],"wp:attachment":[{"href":"https:\/\/mamaterra.lt\/lv\/wp-json\/wp\/v2\/media?parent=18271"}],"wp:term":[{"taxonomy":"product_brand","embeddable":true,"href":"https:\/\/mamaterra.lt\/lv\/wp-json\/wp\/v2\/product_brand?post=18271"},{"taxonomy":"product_cat","embeddable":true,"href":"https:\/\/mamaterra.lt\/lv\/wp-json\/wp\/v2\/product_cat?post=18271"},{"taxonomy":"product_tag","embeddable":true,"href":"https:\/\/mamaterra.lt\/lv\/wp-json\/wp\/v2\/product_tag?post=18271"}],"curies":[{"name":"wp","href":"https:\/\/api.w.org\/{rel}","templated":true}]}}