{"id":18217,"date":"2023-03-02T20:53:59","date_gmt":"2023-03-02T19:53:59","guid":{"rendered":"https:\/\/mamaterra.lt\/parduotuve\/uncategorized\/nenuplaunamas-kondicionierius-doterra-leave-in-conditioner-237-ml\/"},"modified":"2023-03-02T20:53:59","modified_gmt":"2023-03-02T19:53:59","slug":"nenuplaunamas-kondicionierius-doterra-leave-in-conditioner-237-ml","status":"publish","type":"product","link":"https:\/\/mamaterra.lt\/lv\/parduotuve\/eteriskas-ellas\/nenuplaunamas-kondicionierius-doterra-leave-in-conditioner-237-ml\/","title":{"rendered":"Nenuplaunamas kondicionierius (doTERRA Leave-In Conditioner) 237 ml"},"content":{"rendered":"<h6>Nenuplaunamas kondicionierius (doTERRA Leave-In Conditioner)<\/h6>\n<h6>237 ml<\/h6>\n<p>M\u016bs\u0173 plaukams tenka nema\u017eai i\u0161k\u0119sti. Jie d\u017eiovinami, tiesinami ir garbanojami. Nepaklusn\u016bs plaukai neturi \u017evilgesio, ta\u010diau yra lengvas b\u016bdas pad\u0117ti savo plaukams, naudojant nenuplaunam\u0105 kondicionieri\u0173. Vis\u0173 tip\u0173 plaukams sukurtas doTERRA Leave-In Conditioner (Nenuplaunamas kondicionierius) glotnina, saugo ir palengvina plauk\u0173 i\u0161\u0161ukavim\u0105, kad jie nat\u016braliai spind\u0117t\u0173. Be \u0161iurk\u0161\u010di\u0173 chemikal\u0173 ir CPTG\u2122 Wild Orange (Laukini\u0173 apelsin\u0173), Lime (\u017dali\u0173j\u0173 citrin\u0173), Blue Tansy (Bitkr\u0117sli\u0173) ir Magnolia (Magnolij\u0173) eteriniais aliejais bei Osmanthus (Kvepeni\u0173) ekstraktu praturtintas paprastas naudoti pur\u0161kiklis dr\u0117kina plaukus, palengvina j\u0173 i\u0161\u0161ukavim\u0105 ir gali apsaugoti juos nuo formuojant \u0161ukuosen\u0105 patiriamo kar\u0161\u010dio.<\/p>\n<ul class=\"spotlight__list-custom custom-list\">\n<li>Paprastas naudoti pur\u0161kiklis, kurio nereikia nuskalauti.<\/li>\n<li>Gali palengvinti plauk\u0173 i\u0161\u0161ukavim\u0105 ir mink\u0161tinti.<\/li>\n<li>Apsaugo nuo formuojant \u0161ukuosen\u0105 patiriamo kar\u0161\u010dio.<\/li>\n<li>Padeda i\u0161laikyti plauk\u0173 dr\u0117gm\u0119.<\/li>\n<\/ul>\n<p class=\"product-whats-inside__footer-title\"><strong>Visas sudedam\u0173j\u0173 dali\u0173 s\u0105ra\u0161as<\/strong><\/p>\n<div class=\"product-whats-inside__footer-content\" data-js-clip-word-length-mob=\"\">\n<p>Vanduo, glicerolis, behenamidpropilo dimetilaminas, Citrus Aurantium Dulcis (apelsin\u0173) \u017eieveli\u0173 aliejus, laurdimonio hidroksipropilo hidrolizuoti mie\u017ei\u0173 baltymai, Michelia Alba \u017eied\u0173 aliejus, Tanacetum Annuum \u017eied\u0173, lap\u0173 ir stieb\u0173 aliejus, Osmanthus Fragrans \u017eied\u0173 ekstraktas, Citrus Aurantifolia (\u017eali\u0173j\u0173 citrin\u0173) \u017eieveli\u0173 aliejus, Prunus Domestica s\u0117kl\u0173 ekstraktas, Vaccinium Myrtillus vaisi\u0173 ekstraktas, Butyrospermum Parkii (sviestmed\u017ei\u0173) sviestas, Saccharum Officinarum (cukranendri\u0173) ekstraktas, Citrus Aurantium Dulcis (apelsin\u0173) vaisi\u0173 ekstraktas, Citrus Limon (citrin\u0173) vaisi\u0173 ekstraktas, Acer Saccharum (cukrini\u0173 klev\u0173) ekstraktas, cetearilo alkoholis, natrio benzoatas, natrio PCA, diheptilo sukcinatas, hidrogenuotas etilheksilo olivatas, pieno r\u016bg\u0161tis, poliglicerilo-2 stearatas, glicerilo stearatas, stearilo alkoholis, hidroksipropilo gliukonamidas, pantenolis, hidroksipropilamonio gliukonatas, trinatrio etilenldiamino disukcinatas, guaro hidroksipropiltrimonio chloridas, hidrogenuoto alyvuogi\u0173 aliejaus nesaponifikuojamos med\u017eiagos, kapriloilo glicerolio \/ sebaco r\u016bg\u0161ties kopolimeras, citrin\u0173 r\u016bg\u0161tis, natrio hidroksidas, natrio chloridas, benzilo alkoholis, kalio sorbatas, tartaro r\u016bg\u0161tis, citralis, limonenas, linalolis.<\/p>\n<\/div>\n","protected":false},"excerpt":{"rendered":"<ul class=\"spotlight__list-custom custom-list\">\n<li>Paprastas naudoti pur\u0161kiklis, kurio nereikia nuskalauti.<\/li>\n<li>Gali palengvinti plauk\u0173 i\u0161\u0161ukavim\u0105 ir mink\u0161tinti.<\/li>\n<li>Apsaugo nuo formuojant \u0161ukuosen\u0105 patiriamo kar\u0161\u010dio.<\/li>\n<li>Padeda i\u0161laikyti plauk\u0173 dr\u0117gm\u0119.<\/li>\n<\/ul>\n","protected":false},"featured_media":17156,"template":"","meta":{"site-sidebar-layout":"default","site-content-layout":"default","ast-site-content-layout":"default","site-content-style":"default","site-sidebar-style":"default","ast-global-header-display":"","ast-banner-title-visibility":"","ast-main-header-display":"","ast-hfb-above-header-display":"","ast-hfb-below-header-display":"","ast-hfb-mobile-header-display":"","site-post-title":"","ast-breadcrumbs-content":"","ast-featured-img":"","footer-sml-layout":"","ast-disable-related-posts":"","theme-transparent-header-meta":"default","adv-header-id-meta":"","stick-header-meta":"","header-above-stick-meta":"","header-main-stick-meta":"","header-below-stick-meta":"","astra-migrate-meta-layouts":"default","ast-page-background-enabled":"default","ast-page-background-meta":{"desktop":{"background-color":"","background-image":"","background-repeat":"repeat","background-position":"center center","background-size":"auto","background-attachment":"scroll","background-type":"","background-media":"","overlay-type":"","overlay-color":"","overlay-opacity":"","overlay-gradient":""},"tablet":{"background-color":"","background-image":"","background-repeat":"repeat","background-position":"center center","background-size":"auto","background-attachment":"scroll","background-type":"","background-media":"","overlay-type":"","overlay-color":"","overlay-opacity":"","overlay-gradient":""},"mobile":{"background-color":"","background-image":"","background-repeat":"repeat","background-position":"center center","background-size":"auto","background-attachment":"scroll","background-type":"","background-media":"","overlay-type":"","overlay-color":"","overlay-opacity":"","overlay-gradient":""}},"ast-content-background-meta":{"desktop":{"background-color":"var(--ast-global-color-5)","background-image":"","background-repeat":"repeat","background-position":"center center","background-size":"auto","background-attachment":"scroll","background-type":"","background-media":"","overlay-type":"","overlay-color":"","overlay-opacity":"","overlay-gradient":""},"tablet":{"background-color":"var(--ast-global-color-5)","background-image":"","background-repeat":"repeat","background-position":"center center","background-size":"auto","background-attachment":"scroll","background-type":"","background-media":"","overlay-type":"","overlay-color":"","overlay-opacity":"","overlay-gradient":""},"mobile":{"background-color":"var(--ast-global-color-5)","background-image":"","background-repeat":"repeat","background-position":"center center","background-size":"auto","background-attachment":"scroll","background-type":"","background-media":"","overlay-type":"","overlay-color":"","overlay-opacity":"","overlay-gradient":""}}},"product_brand":[],"product_cat":[600],"product_tag":[],"class_list":{"0":"post-18217","1":"product","2":"type-product","3":"status-publish","4":"has-post-thumbnail","6":"product_cat-eteriskas-ellas","7":"desktop-align-left","8":"tablet-align-left","9":"mobile-align-left","11":"first","12":"instock","13":"taxable","14":"shipping-taxable","15":"purchasable","16":"product-type-simple"},"_links":{"self":[{"href":"https:\/\/mamaterra.lt\/lv\/wp-json\/wp\/v2\/product\/18217","targetHints":{"allow":["GET"]}}],"collection":[{"href":"https:\/\/mamaterra.lt\/lv\/wp-json\/wp\/v2\/product"}],"about":[{"href":"https:\/\/mamaterra.lt\/lv\/wp-json\/wp\/v2\/types\/product"}],"wp:featuredmedia":[{"embeddable":true,"href":"https:\/\/mamaterra.lt\/lv\/wp-json\/wp\/v2\/media\/17156"}],"wp:attachment":[{"href":"https:\/\/mamaterra.lt\/lv\/wp-json\/wp\/v2\/media?parent=18217"}],"wp:term":[{"taxonomy":"product_brand","embeddable":true,"href":"https:\/\/mamaterra.lt\/lv\/wp-json\/wp\/v2\/product_brand?post=18217"},{"taxonomy":"product_cat","embeddable":true,"href":"https:\/\/mamaterra.lt\/lv\/wp-json\/wp\/v2\/product_cat?post=18217"},{"taxonomy":"product_tag","embeddable":true,"href":"https:\/\/mamaterra.lt\/lv\/wp-json\/wp\/v2\/product_tag?post=18217"}],"curies":[{"name":"wp","href":"https:\/\/api.w.org\/{rel}","templated":true}]}}