{"id":18213,"date":"2023-03-02T21:06:24","date_gmt":"2023-03-02T20:06:24","guid":{"rendered":"https:\/\/mamaterra.lt\/parduotuve\/uncategorized\/plauku-prieziuros-produktu-trejetas-doterra-hair-care-trio\/"},"modified":"2024-10-02T10:13:07","modified_gmt":"2024-10-02T09:13:07","slug":"plauku-prieziuros-produktu-trejetas-doterra-hair-care-trio","status":"publish","type":"product","link":"https:\/\/mamaterra.lt\/lv\/parduotuve\/higiena-un-adas-kopsana\/salon-essentials-matu-kopsanas-lidzekli\/plauku-prieziuros-produktu-trejetas-doterra-hair-care-trio\/","title":{"rendered":"Plauk\u0173 prie\u017ei\u016bros produkt\u0173 trejetas (doTERRA Hair Care Trio)"},"content":{"rendered":"<h6>Plauk\u0173 prie\u017ei\u016bros produkt\u0173 trejetas (doTERRA Hair Care Trio)<\/h6>\n<p>Rinkit\u0117s tik geriausius plauk\u0173 prie\u017ei\u016bros produktus, kuriais visada galite pasitik\u0117ti. Suk\u016br\u0117me plauk\u0173 prie\u017ei\u016bros produkt\u0173 linij\u0105 be sulfat\u0173, silikon\u0173, paraben\u0173, ftalat\u0173 ir kit\u0173 \u0161iurk\u0161\u010di\u0173 chemikal\u0173. Bendrov\u0117je doTERRA naudojame Motinos Gamtos sukurtus paprastus ir \u0161varius ingredientus, tokius kaip bolivini\u0173 baland\u0173 baltymai, sviestmed\u017ei\u0173 sviestas, kokos\u0173 aliejus ir Certified Pure Tested Grade (sertifikuoti, tyri, patikrintos kokyb\u0117s) CPTG\u2122 eteriniai aliejai.<\/p>\n<p>doTERRA Protecting Shampoo (Plaukus apsaugantis \u0161amp\u016bnas) yra saugus naudoti da\u017eytiems plaukams, o jo sud\u0117tyje n\u0117ra \u0161iurk\u0161\u010di\u0173 chemikal\u0173, ta\u010diau jis padeda pa\u0161alinti ne\u0161varumus, purv\u0105 ir sankaupas.<\/p>\n<p>Lengvas ir da\u017eytiems plaukams tinkamas doTERRA Daily Conditioner (Kondicionierius kasdienai) glotnina ir padeda i\u0161\u0161ukuoti plaukus bei juos maitina.<\/p>\n<p>Paprastas naudoti pur\u0161kiklis doTERRA Leave-In Conditioner (Nenuplaunamas kondicionierius) i\u0161saugo plauk\u0173 dr\u0117gm\u0119, padeda juos i\u0161\u0161ukuoti, mink\u0161tina ir apsaugo prie\u0161 formuojant.<\/p>\n<p class=\"product-whats-inside__footer-title\"><strong>\u0160iame rinkinyje yra<\/strong><\/p>\n<div class=\"product-whats-inside__footer-content\" data-js-clip-word-length-mob=\"\">\n<p>d\u014dTERRA\u2122 Protecting Shampoo (Plaukus apsaugantis \u0161amp\u016bnas) (500 ml), d\u014dTERRA\u2122 Daily Conditioner (Kondicionierius kasdienai) (500 ml), d\u014dTERRA\u2122 Leave-In Conditioner (Nenuplaunamas kondicionierius) (237 ml).<\/p>\n<\/div>\n","protected":false},"excerpt":{"rendered":"<h6 class=\"product-whats-inside__footer-title\">\u0160iame rinkinyje yra<\/h6>\n<div class=\"product-whats-inside__footer-content\" data-js-clip-word-length-mob=\"\">\n<p>d\u014dTERRA\u2122 Protecting Shampoo (Plaukus apsaugantis \u0161amp\u016bnas) (500 ml), d\u014dTERRA\u2122 Daily Conditioner (Kondicionierius kasdienai) (500 ml), d\u014dTERRA\u2122 Leave-In Conditioner (Nenuplaunamas kondicionierius) (237 ml).<\/p>\n<\/div>\n","protected":false},"featured_media":0,"template":"","meta":{"site-sidebar-layout":"default","site-content-layout":"default","ast-site-content-layout":"default","site-content-style":"default","site-sidebar-style":"default","ast-global-header-display":"","ast-banner-title-visibility":"","ast-main-header-display":"","ast-hfb-above-header-display":"","ast-hfb-below-header-display":"","ast-hfb-mobile-header-display":"","site-post-title":"","ast-breadcrumbs-content":"","ast-featured-img":"","footer-sml-layout":"","ast-disable-related-posts":"","theme-transparent-header-meta":"default","adv-header-id-meta":"","stick-header-meta":"","header-above-stick-meta":"","header-main-stick-meta":"","header-below-stick-meta":"","astra-migrate-meta-layouts":"set","ast-page-background-enabled":"default","ast-page-background-meta":{"desktop":{"background-color":"","background-image":"","background-repeat":"repeat","background-position":"center center","background-size":"auto","background-attachment":"scroll","background-type":"","background-media":"","overlay-type":"","overlay-color":"","overlay-opacity":"","overlay-gradient":""},"tablet":{"background-color":"","background-image":"","background-repeat":"repeat","background-position":"center center","background-size":"auto","background-attachment":"scroll","background-type":"","background-media":"","overlay-type":"","overlay-color":"","overlay-opacity":"","overlay-gradient":""},"mobile":{"background-color":"","background-image":"","background-repeat":"repeat","background-position":"center center","background-size":"auto","background-attachment":"scroll","background-type":"","background-media":"","overlay-type":"","overlay-color":"","overlay-opacity":"","overlay-gradient":""}},"ast-content-background-meta":{"desktop":{"background-color":"var(--ast-global-color-5)","background-image":"","background-repeat":"repeat","background-position":"center center","background-size":"auto","background-attachment":"scroll","background-type":"","background-media":"","overlay-type":"","overlay-color":"","overlay-opacity":"","overlay-gradient":""},"tablet":{"background-color":"var(--ast-global-color-5)","background-image":"","background-repeat":"repeat","background-position":"center center","background-size":"auto","background-attachment":"scroll","background-type":"","background-media":"","overlay-type":"","overlay-color":"","overlay-opacity":"","overlay-gradient":""},"mobile":{"background-color":"var(--ast-global-color-5)","background-image":"","background-repeat":"repeat","background-position":"center center","background-size":"auto","background-attachment":"scroll","background-type":"","background-media":"","overlay-type":"","overlay-color":"","overlay-opacity":"","overlay-gradient":""}}},"product_brand":[],"product_cat":[604,605],"product_tag":[],"class_list":{"0":"post-18213","1":"product","2":"type-product","3":"status-publish","5":"product_cat-higiena-un-adas-kopsana","6":"product_cat-salon-essentials-matu-kopsanas-lidzekli","7":"desktop-align-left","8":"tablet-align-left","9":"mobile-align-left","11":"first","12":"instock","13":"taxable","14":"shipping-taxable","15":"purchasable","16":"product-type-simple"},"_links":{"self":[{"href":"https:\/\/mamaterra.lt\/lv\/wp-json\/wp\/v2\/product\/18213","targetHints":{"allow":["GET"]}}],"collection":[{"href":"https:\/\/mamaterra.lt\/lv\/wp-json\/wp\/v2\/product"}],"about":[{"href":"https:\/\/mamaterra.lt\/lv\/wp-json\/wp\/v2\/types\/product"}],"wp:attachment":[{"href":"https:\/\/mamaterra.lt\/lv\/wp-json\/wp\/v2\/media?parent=18213"}],"wp:term":[{"taxonomy":"product_brand","embeddable":true,"href":"https:\/\/mamaterra.lt\/lv\/wp-json\/wp\/v2\/product_brand?post=18213"},{"taxonomy":"product_cat","embeddable":true,"href":"https:\/\/mamaterra.lt\/lv\/wp-json\/wp\/v2\/product_cat?post=18213"},{"taxonomy":"product_tag","embeddable":true,"href":"https:\/\/mamaterra.lt\/lv\/wp-json\/wp\/v2\/product_tag?post=18213"}],"curies":[{"name":"wp","href":"https:\/\/api.w.org\/{rel}","templated":true}]}}