{"id":18204,"date":"2023-04-03T19:59:48","date_gmt":"2023-04-03T18:59:48","guid":{"rendered":"https:\/\/mamaterra.lt\/parduotuve\/uncategorized\/baziniu-alieju-misinys-kunui-115-ml\/"},"modified":"2023-06-26T20:56:23","modified_gmt":"2023-06-26T19:56:23","slug":"baziniu-alieju-misinys-kunui-115-ml","status":"publish","type":"product","link":"https:\/\/mamaterra.lt\/lv\/parduotuve\/higiena-un-adas-kopsana\/doterra-spa-lv\/baziniu-alieju-misinys-kunui-115-ml\/","title":{"rendered":"DoTERRA \u0137erme\u0146a e\u013c\u013ca 115 ml"},"content":{"rendered":"<p>DoTERRA \u0137erme\u0146a e\u013c\u013ca bez smar\u017eas un kr\u0101sas ir paredz\u0113ta sajauk\u0161anai ar j\u016bsu iecien\u012bt\u0101kaj\u0101m \u0113teriskaj\u0101m e\u013c\u013c\u0101m, lai izveidotu nepiecie\u0161amos mais\u012bjumus. Sast\u0101v\u0101 ir t\u0101das unik\u0101las e\u013c\u013cas k\u0101 pasifloru, jojoba, baobaba, moringa un saulespu\u0137u e\u013c\u013ca, kas pal\u012bdz uztur\u0113t J\u016bsu \u0101du gludu un mitrin\u0101tu. \u0160\u012b barojo\u0161\u0101 un atjaunojo\u0161\u0101 e\u013c\u013ca ir viegla, ta\u010du labi ies\u016bcas \u0101d\u0101, t\u0101p\u0113c t\u0101 ir ide\u0101li piem\u0113rota profesion\u0101lai vai pa\u0161mas\u0101\u017eai. Lietojiet vann\u0101, p\u0113c du\u0161as vai uzkl\u0101jiet uz saus\u0101m viet\u0101m.<\/p>\n<p>Sast\u0101vs: Passiflora Edulis s\u0113klu e\u013c\u013ca, Simmondsia Chinensis (jojoba) s\u0113klu e\u013c\u013ca, Adansonia Digitata s\u0113klu e\u013c\u013ca, Moringa Oleifera s\u0113klu e\u013c\u013ca, tokoferols, Helianthus Annuus (saulespu\u0137u) s\u0113klu e\u013c\u013ca.<\/p>\n<p>Pasifloru aug\u013cu e\u013c\u013ca<\/p>\n<p>Ieg\u016bta no Ruandas zieme\u013crietumu da\u013cas.<br \/>\nPasifloru aug\u013ci zied visu gadu, t\u0101p\u0113c tos iev\u0101c, kad aug\u013ci ir nogatavoju\u0161ies.<br \/>\nE\u013c\u013cu meh\u0101niski spie\u017e no kalt\u0113t\u0101m s\u0113kl\u0101m Athi River, Kenij\u0101.<\/p>\n<p>Baobabu e\u013c\u013ca<\/p>\n<p>Ieg\u016bst Kenijas piekrast\u0113 un zem\u0101kajos austrumu re\u0123ionos.<br \/>\nSavva\u013cas kokus nov\u0101c no j\u016bnija l\u012bdz novembrim.<br \/>\nE\u013c\u013cu meh\u0101niski spie\u017e no s\u0113kl\u0101m Athi River, Kenij\u0101.<\/p>\n<p>Moringa e\u013c\u013ca<\/p>\n<p>Ieg\u016bst Kaseses re\u0123ion\u0101 Ugand\u0101 un Taita Tavetas apgabal\u0101 Kvale un Kilifi apgabal\u0101 Kenij\u0101.<br \/>\nMoringa ir iztur\u012bga pret sausumu un \u013coti barojo\u0161a.<br \/>\nE\u013c\u013cu meh\u0101niski spie\u017e ar skr\u016bves spiedi no kalt\u0113t\u0101m s\u0113kl\u0101m Athi River, Kenij\u0101.<\/p>\n<p>Izmanto\u0161ana<\/p>\n<p>Lieto k\u0101 vieglu b\u0101zes e\u013c\u013cu CPTG\u2122 \u0113terisko e\u013c\u013cu uzkl\u0101\u0161anai uz \u0101das mas\u0101\u017eas laik\u0101 vai k\u0101 ikdienas mitrino\u0161u l\u012bdzekli visam \u0137ermenim. At\u0161\u0137aidiet vienu da\u013cu \u0113terisk\u0101s e\u013c\u013cas ar piec\u0101m vai vair\u0101k da\u013c\u0101m b\u0101zes e\u013c\u013cas mais\u012bjuma (atkar\u012bb\u0101 no jut\u012bbas) vai k\u0101 nor\u0101d\u012bts uz \u0113terisk\u0101s e\u013c\u013cas eti\u0137etes.<\/p>\n<p>Izveidojiet savu person\u012bgo mas\u0101\u017eas e\u013c\u013cu.<br \/>\nPievienojiet da\u017eus pilienus vannas \u016bdenim.<br \/>\nLietojiet p\u0113c vannas vai du\u0161as.<br \/>\nUzkl\u0101jiet uz saus\u0101m viet\u0101m, piem\u0113ram, uz elko\u0146iem vai ce\u013cgaliem.<\/p>\n<p><span style=\"font-size: 16px;\">.<\/span><\/p>\n","protected":false},"excerpt":{"rendered":"<p>Sast\u0101vs: Passiflora Edulis s\u0113klu e\u013c\u013ca, Simmondsia Chinensis (Jojoba) s\u0113klu e\u013c\u013ca, Adansonia Digitata s\u0113klu e\u013c\u013ca, Moringa Oleifera s\u0113klu e\u013c\u013ca, tokoferols, Helianthus Annuus (Sunflower) s\u0113klu e\u013c\u013ca.<\/p>\n<p>Lieto k\u0101 vieglu b\u0101zes e\u013c\u013cu CPTG\u2122 \u0113terisko e\u013c\u013cu uzkl\u0101\u0161anai uz \u0101das mas\u0101\u017eas laik\u0101 vai k\u0101 ikdienas mitrin\u0101t\u0101ju visam \u0137ermenim. At\u0161\u0137aidiet vienu da\u013cu \u0113terisk\u0101s e\u013c\u013cas ar piec\u0101m vai vair\u0101k da\u013c\u0101m b\u0101zes e\u013c\u013cas mais\u012bjuma (atkar\u012bb\u0101 no jut\u012bguma) vai k\u0101 nor\u0101d\u012bts uz \u0113terisk\u0101s e\u013c\u013cas eti\u0137etes.<\/p>\n","protected":false},"featured_media":17316,"template":"","meta":{"site-sidebar-layout":"default","site-content-layout":"default","ast-site-content-layout":"default","site-content-style":"default","site-sidebar-style":"default","ast-global-header-display":"","ast-banner-title-visibility":"","ast-main-header-display":"","ast-hfb-above-header-display":"","ast-hfb-below-header-display":"","ast-hfb-mobile-header-display":"","site-post-title":"","ast-breadcrumbs-content":"","ast-featured-img":"","footer-sml-layout":"","ast-disable-related-posts":"","theme-transparent-header-meta":"default","adv-header-id-meta":"","stick-header-meta":"","header-above-stick-meta":"","header-main-stick-meta":"","header-below-stick-meta":"","astra-migrate-meta-layouts":"default","ast-page-background-enabled":"default","ast-page-background-meta":{"desktop":{"background-color":"","background-image":"","background-repeat":"repeat","background-position":"center center","background-size":"auto","background-attachment":"scroll","background-type":"","background-media":"","overlay-type":"","overlay-color":"","overlay-opacity":"","overlay-gradient":""},"tablet":{"background-color":"","background-image":"","background-repeat":"repeat","background-position":"center center","background-size":"auto","background-attachment":"scroll","background-type":"","background-media":"","overlay-type":"","overlay-color":"","overlay-opacity":"","overlay-gradient":""},"mobile":{"background-color":"","background-image":"","background-repeat":"repeat","background-position":"center center","background-size":"auto","background-attachment":"scroll","background-type":"","background-media":"","overlay-type":"","overlay-color":"","overlay-opacity":"","overlay-gradient":""}},"ast-content-background-meta":{"desktop":{"background-color":"var(--ast-global-color-5)","background-image":"","background-repeat":"repeat","background-position":"center center","background-size":"auto","background-attachment":"scroll","background-type":"","background-media":"","overlay-type":"","overlay-color":"","overlay-opacity":"","overlay-gradient":""},"tablet":{"background-color":"var(--ast-global-color-5)","background-image":"","background-repeat":"repeat","background-position":"center center","background-size":"auto","background-attachment":"scroll","background-type":"","background-media":"","overlay-type":"","overlay-color":"","overlay-opacity":"","overlay-gradient":""},"mobile":{"background-color":"var(--ast-global-color-5)","background-image":"","background-repeat":"repeat","background-position":"center center","background-size":"auto","background-attachment":"scroll","background-type":"","background-media":"","overlay-type":"","overlay-color":"","overlay-opacity":"","overlay-gradient":""}}},"product_brand":[],"product_cat":[609,604,612],"product_tag":[],"class_list":{"0":"post-18204","1":"product","2":"type-product","3":"status-publish","4":"has-post-thumbnail","6":"product_cat-doterra-spa-lv","7":"product_cat-higiena-un-adas-kopsana","8":"product_cat-masazai","9":"desktop-align-left","10":"tablet-align-left","11":"mobile-align-left","13":"first","14":"outofstock","15":"taxable","16":"shipping-taxable","17":"purchasable","18":"product-type-simple"},"_links":{"self":[{"href":"https:\/\/mamaterra.lt\/lv\/wp-json\/wp\/v2\/product\/18204","targetHints":{"allow":["GET"]}}],"collection":[{"href":"https:\/\/mamaterra.lt\/lv\/wp-json\/wp\/v2\/product"}],"about":[{"href":"https:\/\/mamaterra.lt\/lv\/wp-json\/wp\/v2\/types\/product"}],"wp:featuredmedia":[{"embeddable":true,"href":"https:\/\/mamaterra.lt\/lv\/wp-json\/wp\/v2\/media\/17316"}],"wp:attachment":[{"href":"https:\/\/mamaterra.lt\/lv\/wp-json\/wp\/v2\/media?parent=18204"}],"wp:term":[{"taxonomy":"product_brand","embeddable":true,"href":"https:\/\/mamaterra.lt\/lv\/wp-json\/wp\/v2\/product_brand?post=18204"},{"taxonomy":"product_cat","embeddable":true,"href":"https:\/\/mamaterra.lt\/lv\/wp-json\/wp\/v2\/product_cat?post=18204"},{"taxonomy":"product_tag","embeddable":true,"href":"https:\/\/mamaterra.lt\/lv\/wp-json\/wp\/v2\/product_tag?post=18204"}],"curies":[{"name":"wp","href":"https:\/\/api.w.org\/{rel}","templated":true}]}}