{"id":18199,"date":"2023-04-30T16:21:27","date_gmt":"2023-04-30T15:21:27","guid":{"rendered":"https:\/\/mamaterra.lt\/parduotuve\/uncategorized\/doterra-valerijonu-eterinis-aliejus-valerian-15-ml\/"},"modified":"2024-03-11T20:06:39","modified_gmt":"2024-03-11T19:06:39","slug":"doterra-baldriana-eteriska-ella-valerian-15-ml","status":"publish","type":"product","link":"https:\/\/mamaterra.lt\/lv\/parduotuve\/eteriskas-ellas\/tiras-eteriskas-ellas\/doterra-baldriana-eteriska-ella-valerian-15-ml\/","title":{"rendered":"doTERRA baldri\u0101na \u0113terisk\u0101 e\u013c\u013ca (VALERIAN) 15 ml"},"content":{"rendered":"<div class=\"spotlight__foot spotlight__foot--reverse\">\n<div class=\"ui container\">\n<div class=\"spotlight__foot-wrap\">\n<div class=\"spotlight__foot-block\">\n<div class=\"spotlight__foot-block-content\">\n<p>&nbsp;<\/p>\n<p>doTERRA baldri\u0101na \u0113terisk\u0101 e\u013c\u013ca (VALERIAN) 15 ml<\/p>\n<p>Valeriana officinalis<\/p>\n<p>Valer\u012bns, kura nosaukums c\u0113lies no lat\u012b\u0146u valodas v\u0101rda &#8220;valere&#8221;, kas noz\u012bm\u0113 &#8220;labkl\u0101j\u012bba&#8221;, ir daudzgad\u012bgs augs ar s\u0101rtiem ziediem, kas uzzied pavasar\u012b, kad t\u0101 saknes ir izraktas. Viena no sen\u0101kaj\u0101m zin\u0101maj\u0101m un vislab\u0101k izp\u0113t\u012btaj\u0101m baldri\u0101na \u0113terisk\u0101s e\u013c\u013cas \u012bpa\u0161\u012bb\u0101m ir t\u0101s relaks\u0113jo\u0161ais efekts, kas nov\u0113rt\u0113ts jau seno grie\u0137u un romie\u0161u laikos. E\u013c\u013cu destil\u0113 ar tvaiku no baldri\u0101na sakn\u0113m, un t\u0101 ir bag\u0101ta ar seskviterp\u0113niem un seskviterpenoliem, kas ir paz\u012bstami ar savu relaks\u0113jo\u0161o iedarb\u012bbu. \u0112terisk\u0101 \u0113terisk\u0101 e\u013c\u013ca var pal\u012bdz\u0113t nomierin\u0101t un atsl\u0101bin\u0101t stresa br\u012b\u017eos, un, lietojot to recept\u0113s un m\u0101j\u0101s gatavotos l\u012bdzek\u013cos, tai piem\u012bt zemes, piezem\u0113jo\u0161s arom\u0101ts.<\/p>\n<p>&nbsp;<\/p>\n<p>Galvenie ieguvumi<br \/>\nPiezem\u0113jo\u0161s zemes arom\u0101ts.<br \/>\nIde\u0101li piem\u0113rots relaks\u0113jo\u0161ai vakara proced\u016brai.<br \/>\nUnik\u0101ls arom\u0101ts, kas pal\u012bdz piedz\u012bvot pat\u012bkamus miera br\u012b\u017eus.<\/p>\n<p>&nbsp;<\/p>\n<\/div>\n<\/div>\n<\/div>\n<\/div>\n<\/div>\n","protected":false},"excerpt":{"rendered":"<p>\u0112terisk\u0101 \u0113terisk\u0101 e\u013c\u013ca var pal\u012bdz\u0113t nomierin\u0101t un atsl\u0101bin\u0101t stresa br\u012b\u017eos, un, lietojot to recept\u0113s un m\u0101j\u0101s gatavotos l\u012bdzek\u013cos, tai piem\u012bt zemes, piezem\u0113jo\u0161s arom\u0101ts.<\/p>\n","protected":false},"featured_media":23694,"template":"","meta":{"site-sidebar-layout":"default","site-content-layout":"default","ast-site-content-layout":"default","site-content-style":"default","site-sidebar-style":"default","ast-global-header-display":"","ast-banner-title-visibility":"","ast-main-header-display":"","ast-hfb-above-header-display":"","ast-hfb-below-header-display":"","ast-hfb-mobile-header-display":"","site-post-title":"","ast-breadcrumbs-content":"","ast-featured-img":"","footer-sml-layout":"","ast-disable-related-posts":"","theme-transparent-header-meta":"default","adv-header-id-meta":"","stick-header-meta":"","header-above-stick-meta":"","header-main-stick-meta":"","header-below-stick-meta":"","astra-migrate-meta-layouts":"set","ast-page-background-enabled":"default","ast-page-background-meta":{"desktop":{"background-color":"","background-image":"","background-repeat":"repeat","background-position":"center center","background-size":"auto","background-attachment":"scroll","background-type":"","background-media":"","overlay-type":"","overlay-color":"","overlay-opacity":"","overlay-gradient":""},"tablet":{"background-color":"","background-image":"","background-repeat":"repeat","background-position":"center center","background-size":"auto","background-attachment":"scroll","background-type":"","background-media":"","overlay-type":"","overlay-color":"","overlay-opacity":"","overlay-gradient":""},"mobile":{"background-color":"","background-image":"","background-repeat":"repeat","background-position":"center center","background-size":"auto","background-attachment":"scroll","background-type":"","background-media":"","overlay-type":"","overlay-color":"","overlay-opacity":"","overlay-gradient":""}},"ast-content-background-meta":{"desktop":{"background-color":"var(--ast-global-color-5)","background-image":"","background-repeat":"repeat","background-position":"center center","background-size":"auto","background-attachment":"scroll","background-type":"","background-media":"","overlay-type":"","overlay-color":"","overlay-opacity":"","overlay-gradient":""},"tablet":{"background-color":"var(--ast-global-color-5)","background-image":"","background-repeat":"repeat","background-position":"center center","background-size":"auto","background-attachment":"scroll","background-type":"","background-media":"","overlay-type":"","overlay-color":"","overlay-opacity":"","overlay-gradient":""},"mobile":{"background-color":"var(--ast-global-color-5)","background-image":"","background-repeat":"repeat","background-position":"center center","background-size":"auto","background-attachment":"scroll","background-type":"","background-media":"","overlay-type":"","overlay-color":"","overlay-opacity":"","overlay-gradient":""}}},"product_brand":[],"product_cat":[600,620,613,618,602],"product_tag":[],"class_list":{"0":"post-18199","1":"product","2":"type-product","3":"status-publish","4":"has-post-thumbnail","6":"product_cat-eteriskas-ellas","7":"product_cat-gremosanai","8":"product_cat-miegam","9":"product_cat-nomierinosas","10":"product_cat-tiras-eteriskas-ellas","11":"desktop-align-left","12":"tablet-align-left","13":"mobile-align-left","15":"first","16":"instock","17":"taxable","18":"shipping-taxable","19":"purchasable","20":"product-type-simple"},"_links":{"self":[{"href":"https:\/\/mamaterra.lt\/lv\/wp-json\/wp\/v2\/product\/18199","targetHints":{"allow":["GET"]}}],"collection":[{"href":"https:\/\/mamaterra.lt\/lv\/wp-json\/wp\/v2\/product"}],"about":[{"href":"https:\/\/mamaterra.lt\/lv\/wp-json\/wp\/v2\/types\/product"}],"wp:featuredmedia":[{"embeddable":true,"href":"https:\/\/mamaterra.lt\/lv\/wp-json\/wp\/v2\/media\/23694"}],"wp:attachment":[{"href":"https:\/\/mamaterra.lt\/lv\/wp-json\/wp\/v2\/media?parent=18199"}],"wp:term":[{"taxonomy":"product_brand","embeddable":true,"href":"https:\/\/mamaterra.lt\/lv\/wp-json\/wp\/v2\/product_brand?post=18199"},{"taxonomy":"product_cat","embeddable":true,"href":"https:\/\/mamaterra.lt\/lv\/wp-json\/wp\/v2\/product_cat?post=18199"},{"taxonomy":"product_tag","embeddable":true,"href":"https:\/\/mamaterra.lt\/lv\/wp-json\/wp\/v2\/product_tag?post=18199"}],"curies":[{"name":"wp","href":"https:\/\/api.w.org\/{rel}","templated":true}]}}