{"id":18195,"date":"2023-04-30T17:17:28","date_gmt":"2023-04-30T16:17:28","guid":{"rendered":"https:\/\/mamaterra.lt\/parduotuve\/uncategorized\/doterra-blue-lotus-touch-10ml\/"},"modified":"2024-02-10T21:42:46","modified_gmt":"2024-02-10T20:42:46","slug":"doterra-blue-lotus-touch-10ml","status":"publish","type":"product","link":"https:\/\/mamaterra.lt\/lv\/parduotuve\/eteriskas-ellas\/tiras-eteriskas-ellas\/doterra-blue-lotus-touch-10ml\/","title":{"rendered":"doTERRA Blue Lotus Touch 10ml"},"content":{"rendered":"<h6 class=\"spotlight__head-latin-title\">Nymphaea caerulea<\/h6>\n<div class=\"spotlight__head-copy\">\n<ul class=\"spotlight__list-custom custom-list\">\n<li>\n<div class=\"product-uses__directions-for-use\">\n<div class=\"product-uses__directions-for-use-item\">\n<div class=\"product-uses__directions-for-use-copy\">\n<p>Zilais lotoss, kas paz\u012bstams ar savu nosl\u0113pumain\u012bbu un mistiku, noteikti j\u016bs apburs. doTERRA Blue Lotus Touch apvieno frakcion\u0113tu kokosriekstu e\u013c\u013cu un zilo lotosu &#8211; br\u012bni\u0161\u0137\u012bgu ekstraktu, kas augstu v\u0113rt\u0113ts \u0112\u0123iptes kult\u016br\u0101 un m\u0101ksl\u0101. \u0160is ekstrakts ir ieg\u016bts no auga Nymphaea caerulea ziediem, kas paz\u012bstams ar\u012b k\u0101 \u0112\u0123iptes lotoss vai zil\u0101 \u016bdens lilija. \u013boti retajam, popul\u0101rajam un nov\u0113rt\u0113tajam zilajam lotosam ir rakstur\u012bgs salds un vilino\u0161s ziedu arom\u0101ts.<\/p>\n<p>To bie\u017ei izmanto mas\u0101\u017eas e\u013c\u013c\u0101s un medit\u0101cijai.<br \/>\nVar pal\u012bdz\u0113t uztur\u0113t optim\u0101lu \u0101das mitrumu.<br \/>\nBie\u017ei tiek izmantots k\u0101 burv\u012bgs person\u012bgais arom\u0101ts.<br \/>\nGatavs lieto\u0161anai &#8211; at\u0161\u0137aid\u012bts ar frakcion\u0113tu kokosriekstu e\u013c\u013cu.<br \/>\nUzkl\u0101jiet uz puls\u0113jo\u0161\u0101m zon\u0101m, lai nodro\u0161in\u0101tu l\u012bdzsvarotu un relaks\u0113jo\u0161u arom\u0101tu visas dienas garum\u0101.<br \/>\nLietojiet k\u0101 da\u013cu no ikdienas \u0101das kop\u0161anas rut\u012bnas, lai pal\u012bdz\u0113tu uztur\u0113t \u0101das dabisko mitruma barjeru.<br \/>\nUzkl\u0101jiet uz kakla un plaukstu loc\u012btav\u0101m k\u0101 hipnotiz\u0113jo\u0161u un pavedino\u0161u person\u012bgo smar\u017eu.<br \/>\nLieto\u0161anas nor\u0101d\u012bjumi<\/p>\n<p>Tikai \u0101r\u0113jai lieto\u0161anai. Iemas\u0113jiet \u0101d\u0101 smar\u017eai, \u0101das kop\u0161anai vai mas\u0101\u017eai.<\/p>\n<p>pinti oda ar masa\u017euoti.<\/p>\n<\/div>\n<\/div>\n<\/div>\n<\/li>\n<\/ul>\n<\/div>\n","protected":false},"excerpt":{"rendered":"<ul>\n<li>Uzkl\u0101jiet uz puls\u0113jo\u0161\u0101m zon\u0101m, lai ieg\u016btu l\u012bdzsvarojo\u0161u un relaks\u0113jo\u0161u arom\u0101tu visas dienas garum\u0101.<\/li>\n<li>Lietojiet k\u0101 da\u013cu no ikdienas \u0101das kop\u0161anas rut\u012bnas, lai pal\u012bdz\u0113tu saglab\u0101t \u0101das dabisko mitruma barjeru.<\/li>\n<li>Uzkl\u0101jiet uz kakla un plaukstu loc\u012btav\u0101m k\u0101 hipnotiz\u0113jo\u0161u un pavedino\u0161u person\u012bgo smar\u017eu.<\/li>\n<\/ul>\n","protected":false},"featured_media":0,"template":"","meta":{"site-sidebar-layout":"default","site-content-layout":"default","ast-site-content-layout":"default","site-content-style":"default","site-sidebar-style":"default","ast-global-header-display":"","ast-banner-title-visibility":"","ast-main-header-display":"","ast-hfb-above-header-display":"","ast-hfb-below-header-display":"","ast-hfb-mobile-header-display":"","site-post-title":"","ast-breadcrumbs-content":"","ast-featured-img":"","footer-sml-layout":"","ast-disable-related-posts":"","theme-transparent-header-meta":"default","adv-header-id-meta":"","stick-header-meta":"","header-above-stick-meta":"","header-main-stick-meta":"","header-below-stick-meta":"","astra-migrate-meta-layouts":"set","ast-page-background-enabled":"default","ast-page-background-meta":{"desktop":{"background-color":"","background-image":"","background-repeat":"repeat","background-position":"center center","background-size":"auto","background-attachment":"scroll","background-type":"","background-media":"","overlay-type":"","overlay-color":"","overlay-opacity":"","overlay-gradient":""},"tablet":{"background-color":"","background-image":"","background-repeat":"repeat","background-position":"center center","background-size":"auto","background-attachment":"scroll","background-type":"","background-media":"","overlay-type":"","overlay-color":"","overlay-opacity":"","overlay-gradient":""},"mobile":{"background-color":"","background-image":"","background-repeat":"repeat","background-position":"center center","background-size":"auto","background-attachment":"scroll","background-type":"","background-media":"","overlay-type":"","overlay-color":"","overlay-opacity":"","overlay-gradient":""}},"ast-content-background-meta":{"desktop":{"background-color":"var(--ast-global-color-5)","background-image":"","background-repeat":"repeat","background-position":"center center","background-size":"auto","background-attachment":"scroll","background-type":"","background-media":"","overlay-type":"","overlay-color":"","overlay-opacity":"","overlay-gradient":""},"tablet":{"background-color":"var(--ast-global-color-5)","background-image":"","background-repeat":"repeat","background-position":"center center","background-size":"auto","background-attachment":"scroll","background-type":"","background-media":"","overlay-type":"","overlay-color":"","overlay-opacity":"","overlay-gradient":""},"mobile":{"background-color":"var(--ast-global-color-5)","background-image":"","background-repeat":"repeat","background-position":"center center","background-size":"auto","background-attachment":"scroll","background-type":"","background-media":"","overlay-type":"","overlay-color":"","overlay-opacity":"","overlay-gradient":""}}},"product_brand":[],"product_cat":[600,604,618,602],"product_tag":[],"class_list":{"0":"post-18195","1":"product","2":"type-product","3":"status-publish","5":"product_cat-eteriskas-ellas","6":"product_cat-higiena-un-adas-kopsana","7":"product_cat-nomierinosas","8":"product_cat-tiras-eteriskas-ellas","9":"desktop-align-left","10":"tablet-align-left","11":"mobile-align-left","13":"first","14":"instock","15":"sale","16":"taxable","17":"shipping-taxable","18":"purchasable","19":"product-type-simple"},"_links":{"self":[{"href":"https:\/\/mamaterra.lt\/lv\/wp-json\/wp\/v2\/product\/18195","targetHints":{"allow":["GET"]}}],"collection":[{"href":"https:\/\/mamaterra.lt\/lv\/wp-json\/wp\/v2\/product"}],"about":[{"href":"https:\/\/mamaterra.lt\/lv\/wp-json\/wp\/v2\/types\/product"}],"wp:attachment":[{"href":"https:\/\/mamaterra.lt\/lv\/wp-json\/wp\/v2\/media?parent=18195"}],"wp:term":[{"taxonomy":"product_brand","embeddable":true,"href":"https:\/\/mamaterra.lt\/lv\/wp-json\/wp\/v2\/product_brand?post=18195"},{"taxonomy":"product_cat","embeddable":true,"href":"https:\/\/mamaterra.lt\/lv\/wp-json\/wp\/v2\/product_cat?post=18195"},{"taxonomy":"product_tag","embeddable":true,"href":"https:\/\/mamaterra.lt\/lv\/wp-json\/wp\/v2\/product_tag?post=18195"}],"curies":[{"name":"wp","href":"https:\/\/api.w.org\/{rel}","templated":true}]}}