{"id":18191,"date":"2023-04-30T17:35:00","date_gmt":"2023-04-30T16:35:00","guid":{"rendered":"https:\/\/mamaterra.lt\/parduotuve\/uncategorized\/doterra-bergamot-mint-15-ml\/"},"modified":"2023-06-26T20:42:16","modified_gmt":"2023-06-26T19:42:16","slug":"doterra-bergamot-mint-15-ml","status":"publish","type":"product","link":"https:\/\/mamaterra.lt\/lv\/parduotuve\/eteriskas-ellas\/tiras-eteriskas-ellas\/doterra-bergamot-mint-15-ml\/","title":{"rendered":"doTERRA Bergamot Mint 15 ml"},"content":{"rendered":"<h6 class=\"spotlight__head-latin-title\">Mentha citrata<\/h6>\n<div class=\"spotlight__head-copy\">\n<p>Bergamotes piparm\u0113tras (Peppermint Lemon) \u0113terisk\u0101 e\u013c\u013ca ir ieg\u016bta no ziedo\u0161a daudzgad\u012bga auga ar violetiem ziediem un sirds formas lap\u0101m. Neraugoties uz t\u0101s nosaukumu, bergamotes piparm\u0113tra nek\u0101d\u0101 veid\u0101 nav saist\u012bta ar bergamotes aug\u013ciem. Piparm\u0113tras citrona pasugas \u0113terisk\u0101s e\u013c\u013cas galven\u0101s sast\u0101vda\u013cas, kas ir l\u012bdz\u012bgas lavandas e\u013c\u013cai, ir linalols un linalilacet\u0101ts. \u0160\u012b e\u013c\u013ca lieliski papildina frakcion\u0113to kokosriekstu e\u013c\u013cu, ja to izmanto nomierino\u0161ai un relaks\u0113jo\u0161ai mas\u0101\u017eai p\u0113c treni\u0146a. Bergamotes piparm\u0113tras (Peppermint Lemon) \u0113terisk\u0101s e\u013c\u013cas lavandai l\u012bdz\u012bgais piparm\u0113tras arom\u0101ts ir lielisks papildin\u0101jums siltai, relaks\u0113jo\u0161ai vannai.<\/p>\n<p>T\u0101 labi sader ar citrusaug\u013cu, \u0123er\u0101nijas, lavandas, rozes un ilang ilang \u0113teriskaj\u0101m e\u013c\u013c\u0101m.<br \/>\n\u0160\u012b \u0113terisk\u0101 e\u013c\u013ca, kuras izcelsme ir Indij\u0101, ir destil\u0113ta ar tvaiku no Mentha citrata auga lap\u0101m un stubl\u0101jiem.<br \/>\nArom\u0101ts var pal\u012bdz\u0113t jums atsl\u0101bin\u0101ties.<br \/>\nIde\u0101li piem\u0113rota p\u0101riem<br \/>\nVienk\u0101r\u0161s un viegls veids, k\u0101 izmantot Bergamotes piparm\u0113tras \u0113terisko e\u013c\u013cu, ir sajaukt to ar doTERRA Spa losjonu bez smar\u017eas. Vienk\u0101r\u0161i pievienojiet vienu vai divus pilienus bergamotes piparm\u0113tru \u0113terisk\u0101s e\u013c\u013cas plaukst\u0101, pievienojiet nedaudz losjona un baudiet! \u0160is lieto\u0161anas veids ir \u012bpa\u0161i piem\u0113rots nomierino\u0161ai mas\u0101\u017eai pirms gul\u0113tie\u0161anas vai p\u0113c treni\u0146a.<br \/>\nLieto\u0161ana<br \/>\nPievienojiet b\u0101zes e\u013c\u013cai vai losjonam bez arom\u0101ta un izbaudiet relaks\u0113jo\u0161u mas\u0101\u017eu.<br \/>\nLietojiet relaks\u0113jo\u0161ai vannai.<br \/>\nLabi sader ar citrusaug\u013cu, \u0123er\u0101nijas, lavandas, rozes un ilang ilang \u0113teriskaj\u0101m e\u013c\u013c\u0101m.<br \/>\nLieto\u0161anas nor\u0101d\u012bjumi<\/p>\n<p>Sajauciet 5 pilienus e\u013c\u013cas ar aptuveni 10 ml b\u0101zes e\u013c\u013cas mas\u0101\u017eai. Vannai sajauciet 5 pilienus e\u013c\u013cas ar aptuveni 5 ml b\u0101zes e\u013c\u013cas. Lietojot smar\u017e\u0101m, sajauciet 1 pilienu ar 10 pilieniem b\u0101zes e\u013c\u013cas. Tikai \u0101r\u0113jai lieto\u0161anai.<br \/>\nPiesardz\u012bbas pas\u0101kumi<\/p>\n<p>Var izrais\u012bt \u0101das kairin\u0101jumu. Glab\u0101t b\u0113rniem nepieejam\u0101 viet\u0101. Ja gaid\u0101t b\u0113rnu vai \u0101rst\u0113jaties, konsult\u0113jieties ar \u0101rstu. Izvair\u012bties no saskares ar ac\u012bm, iek\u0161\u0113jo ausi un jut\u012bg\u0101m viet\u0101m.<\/p>\n<\/div>\n","protected":false},"excerpt":{"rendered":"<p>Mentha citrata Bergamotes piparm\u0113tras (Peppermint Lemon) \u0113terisk\u0101 e\u013c\u013ca ir ieg\u016bta no ziedo\u0161a daudzgad\u012bga auga ar violetiem ziediem un sirds formas lap\u0101m. Neraugoties uz t\u0101s nosaukumu, bergamotes piparm\u0113tra nek\u0101d\u0101 veid\u0101 nav saist\u012bta ar bergamotes aug\u013ciem. Piparm\u0113tras citrona pasugas \u0113terisk\u0101s e\u013c\u013cas galven\u0101s sast\u0101vda\u013cas, kas ir l\u012bdz\u012bgas lavandas e\u013c\u013cai, ir linalols un linalilacet\u0101ts. \u0160\u012b e\u013c\u013ca lieliski papildina frakcion\u0113to [&hellip;]<\/p>\n","protected":false},"featured_media":0,"template":"","meta":{"site-sidebar-layout":"default","site-content-layout":"default","ast-site-content-layout":"default","site-content-style":"default","site-sidebar-style":"default","ast-global-header-display":"","ast-banner-title-visibility":"","ast-main-header-display":"","ast-hfb-above-header-display":"","ast-hfb-below-header-display":"","ast-hfb-mobile-header-display":"","site-post-title":"","ast-breadcrumbs-content":"","ast-featured-img":"","footer-sml-layout":"","ast-disable-related-posts":"","theme-transparent-header-meta":"default","adv-header-id-meta":"","stick-header-meta":"","header-above-stick-meta":"","header-main-stick-meta":"","header-below-stick-meta":"","astra-migrate-meta-layouts":"default","ast-page-background-enabled":"default","ast-page-background-meta":{"desktop":{"background-color":"","background-image":"","background-repeat":"repeat","background-position":"center center","background-size":"auto","background-attachment":"scroll","background-type":"","background-media":"","overlay-type":"","overlay-color":"","overlay-opacity":"","overlay-gradient":""},"tablet":{"background-color":"","background-image":"","background-repeat":"repeat","background-position":"center center","background-size":"auto","background-attachment":"scroll","background-type":"","background-media":"","overlay-type":"","overlay-color":"","overlay-opacity":"","overlay-gradient":""},"mobile":{"background-color":"","background-image":"","background-repeat":"repeat","background-position":"center center","background-size":"auto","background-attachment":"scroll","background-type":"","background-media":"","overlay-type":"","overlay-color":"","overlay-opacity":"","overlay-gradient":""}},"ast-content-background-meta":{"desktop":{"background-color":"var(--ast-global-color-5)","background-image":"","background-repeat":"repeat","background-position":"center center","background-size":"auto","background-attachment":"scroll","background-type":"","background-media":"","overlay-type":"","overlay-color":"","overlay-opacity":"","overlay-gradient":""},"tablet":{"background-color":"var(--ast-global-color-5)","background-image":"","background-repeat":"repeat","background-position":"center center","background-size":"auto","background-attachment":"scroll","background-type":"","background-media":"","overlay-type":"","overlay-color":"","overlay-opacity":"","overlay-gradient":""},"mobile":{"background-color":"var(--ast-global-color-5)","background-image":"","background-repeat":"repeat","background-position":"center center","background-size":"auto","background-attachment":"scroll","background-type":"","background-media":"","overlay-type":"","overlay-color":"","overlay-opacity":"","overlay-gradient":""}}},"product_brand":[],"product_cat":[600,612,618,602],"product_tag":[],"class_list":{"0":"post-18191","1":"product","2":"type-product","3":"status-publish","5":"product_cat-eteriskas-ellas","6":"product_cat-masazai","7":"product_cat-nomierinosas","8":"product_cat-tiras-eteriskas-ellas","9":"desktop-align-left","10":"tablet-align-left","11":"mobile-align-left","13":"first","14":"instock","15":"taxable","16":"shipping-taxable","17":"purchasable","18":"product-type-simple"},"_links":{"self":[{"href":"https:\/\/mamaterra.lt\/lv\/wp-json\/wp\/v2\/product\/18191","targetHints":{"allow":["GET"]}}],"collection":[{"href":"https:\/\/mamaterra.lt\/lv\/wp-json\/wp\/v2\/product"}],"about":[{"href":"https:\/\/mamaterra.lt\/lv\/wp-json\/wp\/v2\/types\/product"}],"wp:attachment":[{"href":"https:\/\/mamaterra.lt\/lv\/wp-json\/wp\/v2\/media?parent=18191"}],"wp:term":[{"taxonomy":"product_brand","embeddable":true,"href":"https:\/\/mamaterra.lt\/lv\/wp-json\/wp\/v2\/product_brand?post=18191"},{"taxonomy":"product_cat","embeddable":true,"href":"https:\/\/mamaterra.lt\/lv\/wp-json\/wp\/v2\/product_cat?post=18191"},{"taxonomy":"product_tag","embeddable":true,"href":"https:\/\/mamaterra.lt\/lv\/wp-json\/wp\/v2\/product_tag?post=18191"}],"curies":[{"name":"wp","href":"https:\/\/api.w.org\/{rel}","templated":true}]}}