{"id":18185,"date":"2023-05-10T20:52:19","date_gmt":"2023-05-10T19:52:19","guid":{"rendered":"https:\/\/mamaterra.lt\/parduotuve\/uncategorized\/metapwr-advantage\/"},"modified":"2024-02-10T19:33:40","modified_gmt":"2024-02-10T18:33:40","slug":"doterra-metapwr-advantage-kolagens","status":"publish","type":"product","link":"https:\/\/mamaterra.lt\/lv\/parduotuve\/eteriskas-ellas\/doterra-metapwr-advantage-kolagens\/","title":{"rendered":"doTERRA MetaPWR Advantage Kolag\u0113ns"},"content":{"rendered":"<h6>MetaPWR Advantage Kolag\u0113ns<br \/>\nP\u0101rtikas papildin\u0101jums, kas satur kolag\u0113nu, augu izcelsmes vielas, \u0113terisk\u0101s e\u013c\u013cas, vitam\u012bnus, cukurus un saldin\u0101t\u0101jus.<\/h6>\n<p>Laika gait\u0101 m\u016bsu organism\u0101 samazin\u0101s dabisk\u0101 NAD+\/NADH (nikot\u012bnam\u012bda aden\u012bna dinukleot\u012bda) un kolag\u0113na ra\u017eo\u0161ana, kas ne\u013cauj organismam pilnv\u0113rt\u012bgi darboties. Tie\u0161i \u0161eit ir MetaPWR\u2122 Advantage priek\u0161roc\u012bbas. Sast\u0101v\u0101 eso\u0161ie devi\u0146u veidu j\u016bras izcelsmes kolag\u0113na tripept\u012bdi un NMN (nikot\u012bnam\u012bda mononukleot\u012bds) var veicin\u0101t NADH un NAD+ ra\u017eo\u0161anu. Piln\u012bb\u0101 uzlabojiet savu visp\u0101r\u0113jo \u0137erme\u0146a kompoz\u012bciju, lietojot gar\u0161\u012bgo MetaPWR Advantage pulveri.<\/p>\n<p>Nesatur \u0122MO, pienu, soju, lipekli, lipekli, konservantus, m\u0101ksl\u012bgos saldin\u0101t\u0101jus un aromatiz\u0113t\u0101jus.<br \/>\nKolag\u0113ns var pal\u012bdz\u0113t uzlabot \u0101das izskatu, veicinot \u0101das bl\u012bvumu, pal\u012bdzot palielin\u0101t tvirtumu un uzlabot mitrin\u0101\u0161anu.<br \/>\nSatur v\u012bnogu (Vitis vinifera) s\u0113klu ekstraktu:<br \/>\nSast\u0101vda\u013cas ekstrakts (v\u012bnogu v\u012bnogu v\u012bna (V\u012bni (v\u012bnogu v\u012bna) ekstrakts): veicina vielmai\u0146u, pal\u012bdz uztur\u0113t veselu sirdi un pozit\u012bvi ietekm\u0113 asinsspiedienu*.<br \/>\nSatur dab\u0101 sastopamus antioksidantus, kas aizsarg\u0101 \u0161\u016bnas, pal\u012bdz aizsarg\u0101t \u0161\u016bnas no br\u012bvo radik\u0101\u013cu kait\u012bg\u0101s ietekmes*.<br \/>\nAntioksidanti palielina organisma visp\u0101r\u0113jo antioksidantu kapacit\u0101ti un var pal\u012bdz\u0113t stiprin\u0101t organisma aizsargsp\u0113jas*.<br \/>\nKl\u012bniski un zin\u0101tniski pier\u0101d\u012bts, ka aizsarg\u0101 \u0161\u016bnas un audus no br\u012bvo radik\u0101\u013cu rad\u012bt\u0101 oksidat\u012bv\u0101 boj\u0101juma*.<br \/>\nSatur L-askorb\u012bnsk\u0101bi:<br \/>\npal\u0113nina noveco\u0161an\u0101s procesus*.<br \/>\nAizsarg\u0101 \u0101du no apk\u0101rt\u0113j\u0101s vides iedarb\u012bbas*.<br \/>\nZin\u0101tniski pier\u0101d\u012bts, ka pal\u012bdz aizsarg\u0101t \u0101du pret priek\u0161laic\u012bgu noveco\u0161anos, mazina erit\u0113mu un br\u012bvo radik\u0101\u013cu rad\u012bto stresu*.<br \/>\nSirds un asinsvadu vesel\u012bbu*.<br \/>\n*\u0160\u012bs vesel\u012bguma nor\u0101des joproj\u0101m tiek izskat\u012btas ES un Eiropas P\u0101rtikas nekait\u012bguma iest\u0101d\u0113 (EFSA).<\/p>\n<div class=\"spotlight__head-copy\">\n<p>Pilns sast\u0101vs<\/p>\n<p>Zivju kolag\u0113ns, nes\u0113jviela (rezistents dekstr\u012bns\/\u0161\u0137\u012bsto\u0161a tapiokas \u0161\u0137iedrviela), emulgators (arabsk\u0101be), sk\u0101buma regulators (citronsk\u0101be), alus raugs (Saccharomyces cerevisiae), kalcija karbon\u0101ts, gar\u0161as pastiprin\u0101t\u0101js (n\u0101trija glikon\u0101ts), maltodekstr\u012bns, L-askorb\u012bnsk\u0101be, smilts\u0113rk\u0161\u0137u (Hippophae rhamnoides) aug\u013cu ekstrakts, Dab\u012bgs aromatiz\u0113t\u0101js, saldin\u0101t\u0101js (stevijas izcelsmes steviolglikoz\u012bds), sarkano v\u012bnogu sulas koncentr\u0101ts, v\u012bnogu (Vitis vinifera) s\u0113klu ekstrakts, stabilizatori (fosfolip\u012bdi, tauksk\u0101bes), sarkano apels\u012bnu (Citrus sinensis) ekstrakts, n\u0101trija hialuron\u0101ts, \u0101bolu (Malus pumila) aug\u013cu ekstrakts, augu tauki, vid\u0113jas \u0137\u0113des triglicer\u012bdi, ciklodekstr\u012bns, saharoze, greipfr\u016btu (Citrus paradisi) mizi\u0146u \u0113terisk\u0101 e\u013c\u013ca, r\u012bsu (Oryza sativa) klijas un d\u012bgstu ekstrakts, citronu (Citrus limon) mizi\u0146u \u0113terisk\u0101 e\u013c\u013ca, kr\u0101sviela (hlorofil\u012bns), nikot\u012bnam\u012bda aden\u012bna dinukleot\u012bds, citrusu bioflavono\u012bdi, piparm\u0113tras (Mentha Piperita) stubl\u0101ju un lapu \u0113terisk\u0101 e\u013c\u013ca, ingvera (Zingiber officinale) sak\u0146u \u0113terisk\u0101 e\u013c\u013ca, kr\u0101sviela (beta-karot\u012bns), antioksidants (n\u0101trija askorb\u0101ts), kan\u0113\u013ca (Cinnamomum zeylanicum) mizu \u0113terisk\u0101 e\u013c\u013ca, saistviela (sil\u012bcija dioks\u012bds), antioksidants (DL-alfa-tokoferols), D-biot\u012bns.<\/p>\n<\/div>\n","protected":false},"excerpt":{"rendered":"<p>Nesatur \u0122MO, pienu, soju, lipekli, lipekli, konservantus, m\u0101ksl\u012bgos saldin\u0101t\u0101jus un aromatiz\u0113t\u0101jus.<br \/>\nKolag\u0113ns var pal\u012bdz\u0113t uzlabot \u0101das izskatu, veicinot \u0101das bl\u012bvumu, pal\u012bdzot palielin\u0101t tvirtumu un uzlabot mitrin\u0101\u0161anu.<\/p>\n","protected":false},"featured_media":17610,"template":"","meta":{"site-sidebar-layout":"default","site-content-layout":"default","ast-site-content-layout":"default","site-content-style":"default","site-sidebar-style":"default","ast-global-header-display":"","ast-banner-title-visibility":"","ast-main-header-display":"","ast-hfb-above-header-display":"","ast-hfb-below-header-display":"","ast-hfb-mobile-header-display":"","site-post-title":"","ast-breadcrumbs-content":"","ast-featured-img":"","footer-sml-layout":"","ast-disable-related-posts":"","theme-transparent-header-meta":"default","adv-header-id-meta":"","stick-header-meta":"","header-above-stick-meta":"","header-main-stick-meta":"","header-below-stick-meta":"","astra-migrate-meta-layouts":"set","ast-page-background-enabled":"default","ast-page-background-meta":{"desktop":{"background-color":"","background-image":"","background-repeat":"repeat","background-position":"center center","background-size":"auto","background-attachment":"scroll","background-type":"","background-media":"","overlay-type":"","overlay-color":"","overlay-opacity":"","overlay-gradient":""},"tablet":{"background-color":"","background-image":"","background-repeat":"repeat","background-position":"center center","background-size":"auto","background-attachment":"scroll","background-type":"","background-media":"","overlay-type":"","overlay-color":"","overlay-opacity":"","overlay-gradient":""},"mobile":{"background-color":"","background-image":"","background-repeat":"repeat","background-position":"center center","background-size":"auto","background-attachment":"scroll","background-type":"","background-media":"","overlay-type":"","overlay-color":"","overlay-opacity":"","overlay-gradient":""}},"ast-content-background-meta":{"desktop":{"background-color":"var(--ast-global-color-5)","background-image":"","background-repeat":"repeat","background-position":"center center","background-size":"auto","background-attachment":"scroll","background-type":"","background-media":"","overlay-type":"","overlay-color":"","overlay-opacity":"","overlay-gradient":""},"tablet":{"background-color":"var(--ast-global-color-5)","background-image":"","background-repeat":"repeat","background-position":"center center","background-size":"auto","background-attachment":"scroll","background-type":"","background-media":"","overlay-type":"","overlay-color":"","overlay-opacity":"","overlay-gradient":""},"mobile":{"background-color":"var(--ast-global-color-5)","background-image":"","background-repeat":"repeat","background-position":"center center","background-size":"auto","background-attachment":"scroll","background-type":"","background-media":"","overlay-type":"","overlay-color":"","overlay-opacity":"","overlay-gradient":""}}},"product_brand":[],"product_cat":[600],"product_tag":[],"class_list":{"0":"post-18185","1":"product","2":"type-product","3":"status-publish","4":"has-post-thumbnail","6":"product_cat-eteriskas-ellas","7":"desktop-align-left","8":"tablet-align-left","9":"mobile-align-left","11":"first","12":"instock","13":"sale","14":"taxable","15":"shipping-taxable","16":"purchasable","17":"product-type-simple"},"_links":{"self":[{"href":"https:\/\/mamaterra.lt\/lv\/wp-json\/wp\/v2\/product\/18185","targetHints":{"allow":["GET"]}}],"collection":[{"href":"https:\/\/mamaterra.lt\/lv\/wp-json\/wp\/v2\/product"}],"about":[{"href":"https:\/\/mamaterra.lt\/lv\/wp-json\/wp\/v2\/types\/product"}],"wp:featuredmedia":[{"embeddable":true,"href":"https:\/\/mamaterra.lt\/lv\/wp-json\/wp\/v2\/media\/17610"}],"wp:attachment":[{"href":"https:\/\/mamaterra.lt\/lv\/wp-json\/wp\/v2\/media?parent=18185"}],"wp:term":[{"taxonomy":"product_brand","embeddable":true,"href":"https:\/\/mamaterra.lt\/lv\/wp-json\/wp\/v2\/product_brand?post=18185"},{"taxonomy":"product_cat","embeddable":true,"href":"https:\/\/mamaterra.lt\/lv\/wp-json\/wp\/v2\/product_cat?post=18185"},{"taxonomy":"product_tag","embeddable":true,"href":"https:\/\/mamaterra.lt\/lv\/wp-json\/wp\/v2\/product_tag?post=18185"}],"curies":[{"name":"wp","href":"https:\/\/api.w.org\/{rel}","templated":true}]}}