{"id":18181,"date":"2023-05-30T20:27:56","date_gmt":"2023-05-30T19:27:56","guid":{"rendered":"https:\/\/mamaterra.lt\/parduotuve\/uncategorized\/mineralinis-losjonas-nuo-saules-veidui-ir-kunui-sunscreen-150-ml\/"},"modified":"2024-03-10T19:37:53","modified_gmt":"2024-03-10T18:37:53","slug":"mineralais-saules-losjons-sejai-un-kermenim-sunscreen-150","status":"publish","type":"product","link":"https:\/\/mamaterra.lt\/lv\/parduotuve\/higiena-un-adas-kopsana\/doterra-saule-lv\/mineralais-saules-losjons-sejai-un-kermenim-sunscreen-150\/","title":{"rendered":"Miner\u0101lais saules losjons sejai un \u0137ermenim (SUNSCREEN) 150"},"content":{"rendered":"<p>Saules sk\u016bpst\u012bta \u0101da ir aizsarg\u0101ta \u0101da, ja lietojat m\u016bsu sejas un \u0137erme\u0146a miner\u0101lu saules aizsargkr\u0113mu losjonu. T\u0101 sast\u0101v\u0101 ir sarkan\u0101 mandar\u012bna, magnolijas, citronz\u0101les, ilang ilang, burk\u0101nu s\u0113klu, v\u012brakaka un helihrizuma \u0113terisk\u0101s e\u013c\u013cas, kas nodro\u0161ina lieliski vieglu un pat\u012bkamu arom\u0101tu. Barojo\u0161s, mitrino\u0161s un nomierino\u0161s losjons viegli kl\u0101jas uz \u0101das un nodro\u0161ina \u016bdensnotur\u012bgu aizsardz\u012bbu l\u012bdz pat 80 min\u016bt\u0113m. Uzkl\u0101jiet uz \u0101das pirms dienas saul\u0113 un baudiet aizsardz\u012bbu no galvas l\u012bdz k\u0101j\u0101m.<\/p>\n<p>Biezais mitrino\u0161ais kr\u0113ms nodro\u0161ina SPF 30 aizsardz\u012bbu.<br \/>\nSatur nenano cinka oks\u012bdu, avokado e\u013c\u013cu, alveju, ave\u0146u s\u0113klu e\u013c\u013cu un E vitam\u012bnu.<br \/>\nNesatur ftal\u0101tus, oksibenzonu un sint\u0113tiskas smar\u017evielas.<br \/>\nBarojo\u0161\u0101 un \u012bpa\u0161i mitrino\u0161\u0101 formula ir dermatolo\u0123iski p\u0101rbaud\u012bta un \u016bdensnotur\u012bga l\u012bdz pat 80 min\u016bt\u0113m.<br \/>\nPiem\u0113rots veg\u0101niem un piem\u0113rots kora\u013c\u013ciem.<br \/>\nLieto\u0161anas pam\u0101c\u012bba<\/p>\n<p>Uzkl\u0101jiet 15 min\u016btes pirms sau\u013co\u0161an\u0101s. Uzkl\u0101jiet uz visas nesegtas \u0101das. Uzkl\u0101jiet atk\u0101rtoti vismaz reizi div\u0101s stund\u0101s.<br \/>\nPiesardz\u012bbas pas\u0101kumi<\/p>\n<p>Tikai \u0101r\u0113jai lieto\u0161anai. Nelietot uz boj\u0101tas vai saplais\u0101ju\u0161as \u0101das. Nelietot uz ac\u012bm. Noskalot ar \u016bdeni. Ja rodas izsitumi, p\u0101rtrauciet lieto\u0161anu un mekl\u0113jiet \u0101rsta padomu. Neuztur\u0113ties saul\u0113 p\u0101r\u0101k ilgi, pat lietojot saules aizsargkr\u0113mu. Sarg\u0101t z\u012bdai\u0146us un mazus b\u0113rnus no tie\u0161iem saules stariem. P\u0101rm\u0113r\u012bga atra\u0161an\u0101s saul\u0113 var rad\u012bt nopietnus vesel\u012bbas trauc\u0113jumus. Var izrais\u012bt \u0101das kairin\u0101jumu. Glab\u0101t b\u0113rniem nepieejam\u0101 viet\u0101. Ja esat gaid\u012bb\u0101s vai \u0101rst\u0113jaties, konsult\u0113jieties ar savu \u0101rstu. Izvair\u012bties no saskares ar ac\u012bm, iek\u0161\u0113jo ausi un jut\u012bg\u0101m viet\u0101m. B\u0113rniem l\u012bdz 6 m\u0113ne\u0161u vecumam: konsult\u0113jieties ar \u0101rstu.<\/p>\n","protected":false},"excerpt":{"rendered":"<p>Biezais mitrino\u0161ais kr\u0113ms nodro\u0161ina SPF 30 aizsardz\u012bbu.<br \/>\nSatur nenano cinka oks\u012bdu, avokado e\u013c\u013cu, alveju, ave\u0146u s\u0113klu e\u013c\u013cu un E vitam\u012bnu.<br \/>\nNesatur ftal\u0101tus, oksibenzonu un sint\u0113tiskas smar\u017evielas.<br \/>\nBarojo\u0161\u0101 un \u012bpa\u0161i mitrino\u0161\u0101 formula ir dermatolo\u0123iski p\u0101rbaud\u012bta un \u016bdensnotur\u012bga l\u012bdz pat 80 min\u016bt\u0113m.<br \/>\nPiem\u0113rots veg\u0101niem un piem\u0113rots kora\u013c\u013ciem.<\/p>\n","protected":false},"featured_media":23266,"template":"","meta":{"site-sidebar-layout":"default","site-content-layout":"default","ast-site-content-layout":"default","site-content-style":"default","site-sidebar-style":"default","ast-global-header-display":"","ast-banner-title-visibility":"","ast-main-header-display":"","ast-hfb-above-header-display":"","ast-hfb-below-header-display":"","ast-hfb-mobile-header-display":"","site-post-title":"","ast-breadcrumbs-content":"","ast-featured-img":"","footer-sml-layout":"","ast-disable-related-posts":"","theme-transparent-header-meta":"default","adv-header-id-meta":"","stick-header-meta":"","header-above-stick-meta":"","header-main-stick-meta":"","header-below-stick-meta":"","astra-migrate-meta-layouts":"set","ast-page-background-enabled":"default","ast-page-background-meta":{"desktop":{"background-color":"","background-image":"","background-repeat":"repeat","background-position":"center center","background-size":"auto","background-attachment":"scroll","background-type":"","background-media":"","overlay-type":"","overlay-color":"","overlay-opacity":"","overlay-gradient":""},"tablet":{"background-color":"","background-image":"","background-repeat":"repeat","background-position":"center center","background-size":"auto","background-attachment":"scroll","background-type":"","background-media":"","overlay-type":"","overlay-color":"","overlay-opacity":"","overlay-gradient":""},"mobile":{"background-color":"","background-image":"","background-repeat":"repeat","background-position":"center center","background-size":"auto","background-attachment":"scroll","background-type":"","background-media":"","overlay-type":"","overlay-color":"","overlay-opacity":"","overlay-gradient":""}},"ast-content-background-meta":{"desktop":{"background-color":"var(--ast-global-color-5)","background-image":"","background-repeat":"repeat","background-position":"center center","background-size":"auto","background-attachment":"scroll","background-type":"","background-media":"","overlay-type":"","overlay-color":"","overlay-opacity":"","overlay-gradient":""},"tablet":{"background-color":"var(--ast-global-color-5)","background-image":"","background-repeat":"repeat","background-position":"center center","background-size":"auto","background-attachment":"scroll","background-type":"","background-media":"","overlay-type":"","overlay-color":"","overlay-opacity":"","overlay-gradient":""},"mobile":{"background-color":"var(--ast-global-color-5)","background-image":"","background-repeat":"repeat","background-position":"center center","background-size":"auto","background-attachment":"scroll","background-type":"","background-media":"","overlay-type":"","overlay-color":"","overlay-opacity":"","overlay-gradient":""}}},"product_brand":[],"product_cat":[3583,604],"product_tag":[],"class_list":{"0":"post-18181","1":"product","2":"type-product","3":"status-publish","4":"has-post-thumbnail","6":"product_cat-doterra-saule-lv","7":"product_cat-higiena-un-adas-kopsana","8":"desktop-align-left","9":"tablet-align-left","10":"mobile-align-left","12":"first","13":"instock","14":"sale","15":"taxable","16":"shipping-taxable","17":"purchasable","18":"product-type-simple"},"_links":{"self":[{"href":"https:\/\/mamaterra.lt\/lv\/wp-json\/wp\/v2\/product\/18181","targetHints":{"allow":["GET"]}}],"collection":[{"href":"https:\/\/mamaterra.lt\/lv\/wp-json\/wp\/v2\/product"}],"about":[{"href":"https:\/\/mamaterra.lt\/lv\/wp-json\/wp\/v2\/types\/product"}],"wp:featuredmedia":[{"embeddable":true,"href":"https:\/\/mamaterra.lt\/lv\/wp-json\/wp\/v2\/media\/23266"}],"wp:attachment":[{"href":"https:\/\/mamaterra.lt\/lv\/wp-json\/wp\/v2\/media?parent=18181"}],"wp:term":[{"taxonomy":"product_brand","embeddable":true,"href":"https:\/\/mamaterra.lt\/lv\/wp-json\/wp\/v2\/product_brand?post=18181"},{"taxonomy":"product_cat","embeddable":true,"href":"https:\/\/mamaterra.lt\/lv\/wp-json\/wp\/v2\/product_cat?post=18181"},{"taxonomy":"product_tag","embeddable":true,"href":"https:\/\/mamaterra.lt\/lv\/wp-json\/wp\/v2\/product_tag?post=18181"}],"curies":[{"name":"wp","href":"https:\/\/api.w.org\/{rel}","templated":true}]}}