{"id":18167,"date":"2023-06-03T16:46:14","date_gmt":"2023-06-03T15:46:14","guid":{"rendered":"https:\/\/mamaterra.lt\/parduotuve\/uncategorized\/rinkinys-1-muilone-vonia-1-muilas-100-g-levandu-kvapo-1-muilas-100-g-su-alyvuogiu-lapeliais\/"},"modified":"2023-06-26T20:03:51","modified_gmt":"2023-06-26T19:03:51","slug":"set-1-soap-bath-1-soap-100-g-levender-scent-1-soap-100-g-with-olive-leaves","status":"publish","type":"product","link":"https:\/\/mamaterra.lt\/lv\/parduotuve\/davanas\/davanas-sievietem\/set-1-soap-bath-1-soap-100-g-levender-scent-1-soap-100-g-with-olive-leaves\/","title":{"rendered":"Keramikas ziepju vanna + 1 ziepes 100 g. Ar lavandas arom\u0101tu + 1 ziepes 100 g. ar ol\u012bvu lap\u0101m"},"content":{"rendered":"<p>Kolekcija<\/p>\n<p>AR OL\u012aVU RAKSTIEM ROT\u0100TS ZIEPJU TRAUKS &#8220;VANNA&#8221;<\/p>\n<p>1 ziepju ol\u012bve\u013c\u013ca 100 g<br \/>\n1 Ziepes ar ol\u012bvu lap\u0101m 100g<\/p>\n","protected":false},"excerpt":{"rendered":"<p>Kolekcija<\/p>\n<p>AR OL\u012aVU RAKSTIEM ROT\u0100TS ZIEPJU TRAUKS &#8220;VANNA&#8221;<\/p>\n<p>1 ziepju ol\u012bve\u013c\u013ca 100 g<br \/>\n1 Ziepes ar ol\u012bvu lap\u0101m 100g<\/p>\n","protected":false},"featured_media":17742,"template":"","meta":{"site-sidebar-layout":"default","site-content-layout":"default","ast-site-content-layout":"default","site-content-style":"default","site-sidebar-style":"default","ast-global-header-display":"","ast-banner-title-visibility":"","ast-main-header-display":"","ast-hfb-above-header-display":"","ast-hfb-below-header-display":"","ast-hfb-mobile-header-display":"","site-post-title":"","ast-breadcrumbs-content":"","ast-featured-img":"","footer-sml-layout":"","ast-disable-related-posts":"","theme-transparent-header-meta":"default","adv-header-id-meta":"","stick-header-meta":"","header-above-stick-meta":"","header-main-stick-meta":"","header-below-stick-meta":"","astra-migrate-meta-layouts":"default","ast-page-background-enabled":"default","ast-page-background-meta":{"desktop":{"background-color":"","background-image":"","background-repeat":"repeat","background-position":"center center","background-size":"auto","background-attachment":"scroll","background-type":"","background-media":"","overlay-type":"","overlay-color":"","overlay-opacity":"","overlay-gradient":""},"tablet":{"background-color":"","background-image":"","background-repeat":"repeat","background-position":"center center","background-size":"auto","background-attachment":"scroll","background-type":"","background-media":"","overlay-type":"","overlay-color":"","overlay-opacity":"","overlay-gradient":""},"mobile":{"background-color":"","background-image":"","background-repeat":"repeat","background-position":"center center","background-size":"auto","background-attachment":"scroll","background-type":"","background-media":"","overlay-type":"","overlay-color":"","overlay-opacity":"","overlay-gradient":""}},"ast-content-background-meta":{"desktop":{"background-color":"var(--ast-global-color-5)","background-image":"","background-repeat":"repeat","background-position":"center center","background-size":"auto","background-attachment":"scroll","background-type":"","background-media":"","overlay-type":"","overlay-color":"","overlay-opacity":"","overlay-gradient":""},"tablet":{"background-color":"var(--ast-global-color-5)","background-image":"","background-repeat":"repeat","background-position":"center center","background-size":"auto","background-attachment":"scroll","background-type":"","background-media":"","overlay-type":"","overlay-color":"","overlay-opacity":"","overlay-gradient":""},"mobile":{"background-color":"var(--ast-global-color-5)","background-image":"","background-repeat":"repeat","background-position":"center center","background-size":"auto","background-attachment":"scroll","background-type":"","background-media":"","overlay-type":"","overlay-color":"","overlay-opacity":"","overlay-gradient":""}}},"product_brand":[],"product_cat":[598,599,604,1856,1855],"product_tag":[],"class_list":{"0":"post-18167","1":"product","2":"type-product","3":"status-publish","4":"has-post-thumbnail","6":"product_cat-davanas-sievietem","7":"product_cat-davanas-viriesiem","8":"product_cat-higiena-un-adas-kopsana","9":"product_cat-piegadataji","10":"product_cat-provansas-produkti","11":"desktop-align-left","12":"tablet-align-left","13":"mobile-align-left","15":"first","16":"instock","17":"taxable","18":"shipping-taxable","19":"purchasable","20":"product-type-simple"},"_links":{"self":[{"href":"https:\/\/mamaterra.lt\/lv\/wp-json\/wp\/v2\/product\/18167","targetHints":{"allow":["GET"]}}],"collection":[{"href":"https:\/\/mamaterra.lt\/lv\/wp-json\/wp\/v2\/product"}],"about":[{"href":"https:\/\/mamaterra.lt\/lv\/wp-json\/wp\/v2\/types\/product"}],"wp:featuredmedia":[{"embeddable":true,"href":"https:\/\/mamaterra.lt\/lv\/wp-json\/wp\/v2\/media\/17742"}],"wp:attachment":[{"href":"https:\/\/mamaterra.lt\/lv\/wp-json\/wp\/v2\/media?parent=18167"}],"wp:term":[{"taxonomy":"product_brand","embeddable":true,"href":"https:\/\/mamaterra.lt\/lv\/wp-json\/wp\/v2\/product_brand?post=18167"},{"taxonomy":"product_cat","embeddable":true,"href":"https:\/\/mamaterra.lt\/lv\/wp-json\/wp\/v2\/product_cat?post=18167"},{"taxonomy":"product_tag","embeddable":true,"href":"https:\/\/mamaterra.lt\/lv\/wp-json\/wp\/v2\/product_tag?post=18167"}],"curies":[{"name":"wp","href":"https:\/\/api.w.org\/{rel}","templated":true}]}}