{"id":18157,"date":"2023-06-05T19:40:14","date_gmt":"2023-06-05T18:40:14","guid":{"rendered":"https:\/\/mamaterra.lt\/parduotuve\/uncategorized\/retro-levanda-tualetinis-vanduo-60ml\/"},"modified":"2023-06-26T19:47:31","modified_gmt":"2023-06-26T18:47:31","slug":"retro-levanda-tualetinis-vanduo-60ml","status":"publish","type":"product","link":"https:\/\/mamaterra.lt\/lv\/parduotuve\/davanas\/davanas-sievietem\/retro-levanda-tualetinis-vanduo-60ml\/","title":{"rendered":"Retro Levanda Eau de Toilette 60ml"},"content":{"rendered":"<p>Tualetes \u016bdens, kas bag\u0101tin\u0101ts ar lavandas \u0113terisko e\u013c\u013cu, kura gadsimtiem ilgi tiek ra\u017eota Provans\u0101 un ir paz\u012bstama ar t\u0101s labv\u0113l\u012bgo ietekmi uz vesel\u012bbu, skaistumu un labsaj\u016btu. Nomierino\u0161a, relaks\u0113jo\u0161a, antiseptiska un terapeitiska, t\u0101 ir \u012bsts sabiedrotais m\u016bsu ikdienas skaistumkop\u0161anas rut\u012bn\u0101.<\/p>\n<p>Lavandas greznais arom\u0101ts sniegs Jums bezsvara saj\u016btu un p\u0101rnes\u012bs J\u016bs maig\u0101 ziedu virpul\u012b. Retro stila pudel\u012bte rot\u0101s j\u016bsu kosm\u0113tikas galdi\u0146u.<\/p>\n<p>Tikai da\u017ei izsmidzin\u0101jumi uz kakla un plaukstu loc\u012btav\u0101m, un visas kust\u012bbas pavad\u012bs Provansas lavandas notis.<\/p>\n<p>Un, kad tualetes \u016bdens b\u016bs gatavs, j\u016bs var\u0113siet viegli pagatavot jaunu l\u012bdzekli, izmantojot doTERRA lavandas vai citas \u0113terisk\u0101s e\u013c\u013cas un aromatiz\u0113to etilspirtu.<\/p>\n<p>Smar\u017eas &#8211; 20-30 % smar\u017evielas (\u0161im flakonam 12-18 ml \u0113terisk\u0101s e\u013c\u013cas).<br \/>\nParfim\u0113rijas \u016bdens (parfim\u0113rijas \u016bdens) &#8211; 10-20% smar\u017evielas (6-12 ml \u0113terisk\u0101s e\u013c\u013cas).<br \/>\nEau de toilette (tualetes \u016bdens) &#8211; 5-15 % smar\u017evielas (3-9 ml).<br \/>\nEau de cologne &#8211; 2-4 % smar\u017evielas (1,2-3 ml).<\/p>\n","protected":false},"excerpt":{"rendered":"<p>Lavandas greznais arom\u0101ts sniegs jums bezsvara saj\u016btu un p\u0101rnes\u012bs j\u016bs maig\u0101 ziedu virpul\u012b. Retro stila pudel\u012bte rot\u0101s j\u016bsu kosm\u0113tikas galdi\u0146u.<\/p>\n<p>Tikai da\u017ei izsmidzin\u0101jumi uz kakla un plaukst\u0101m, un visas kust\u012bbas pavad\u012bs Provansas lavandas notis.<\/p>\n","protected":false},"featured_media":17848,"template":"","meta":{"site-sidebar-layout":"default","site-content-layout":"default","ast-site-content-layout":"default","site-content-style":"default","site-sidebar-style":"default","ast-global-header-display":"","ast-banner-title-visibility":"","ast-main-header-display":"","ast-hfb-above-header-display":"","ast-hfb-below-header-display":"","ast-hfb-mobile-header-display":"","site-post-title":"","ast-breadcrumbs-content":"","ast-featured-img":"","footer-sml-layout":"","ast-disable-related-posts":"","theme-transparent-header-meta":"default","adv-header-id-meta":"","stick-header-meta":"","header-above-stick-meta":"","header-main-stick-meta":"","header-below-stick-meta":"","astra-migrate-meta-layouts":"default","ast-page-background-enabled":"default","ast-page-background-meta":{"desktop":{"background-color":"","background-image":"","background-repeat":"repeat","background-position":"center center","background-size":"auto","background-attachment":"scroll","background-type":"","background-media":"","overlay-type":"","overlay-color":"","overlay-opacity":"","overlay-gradient":""},"tablet":{"background-color":"","background-image":"","background-repeat":"repeat","background-position":"center center","background-size":"auto","background-attachment":"scroll","background-type":"","background-media":"","overlay-type":"","overlay-color":"","overlay-opacity":"","overlay-gradient":""},"mobile":{"background-color":"","background-image":"","background-repeat":"repeat","background-position":"center center","background-size":"auto","background-attachment":"scroll","background-type":"","background-media":"","overlay-type":"","overlay-color":"","overlay-opacity":"","overlay-gradient":""}},"ast-content-background-meta":{"desktop":{"background-color":"var(--ast-global-color-5)","background-image":"","background-repeat":"repeat","background-position":"center center","background-size":"auto","background-attachment":"scroll","background-type":"","background-media":"","overlay-type":"","overlay-color":"","overlay-opacity":"","overlay-gradient":""},"tablet":{"background-color":"var(--ast-global-color-5)","background-image":"","background-repeat":"repeat","background-position":"center center","background-size":"auto","background-attachment":"scroll","background-type":"","background-media":"","overlay-type":"","overlay-color":"","overlay-opacity":"","overlay-gradient":""},"mobile":{"background-color":"var(--ast-global-color-5)","background-image":"","background-repeat":"repeat","background-position":"center center","background-size":"auto","background-attachment":"scroll","background-type":"","background-media":"","overlay-type":"","overlay-color":"","overlay-opacity":"","overlay-gradient":""}}},"product_brand":[],"product_cat":[597,598,1856,1855],"product_tag":[],"class_list":{"0":"post-18157","1":"product","2":"type-product","3":"status-publish","4":"has-post-thumbnail","6":"product_cat-davanas","7":"product_cat-davanas-sievietem","8":"product_cat-piegadataji","9":"product_cat-provansas-produkti","10":"desktop-align-left","11":"tablet-align-left","12":"mobile-align-left","14":"first","15":"instock","16":"taxable","17":"shipping-taxable","18":"purchasable","19":"product-type-simple"},"_links":{"self":[{"href":"https:\/\/mamaterra.lt\/lv\/wp-json\/wp\/v2\/product\/18157","targetHints":{"allow":["GET"]}}],"collection":[{"href":"https:\/\/mamaterra.lt\/lv\/wp-json\/wp\/v2\/product"}],"about":[{"href":"https:\/\/mamaterra.lt\/lv\/wp-json\/wp\/v2\/types\/product"}],"wp:featuredmedia":[{"embeddable":true,"href":"https:\/\/mamaterra.lt\/lv\/wp-json\/wp\/v2\/media\/17848"}],"wp:attachment":[{"href":"https:\/\/mamaterra.lt\/lv\/wp-json\/wp\/v2\/media?parent=18157"}],"wp:term":[{"taxonomy":"product_brand","embeddable":true,"href":"https:\/\/mamaterra.lt\/lv\/wp-json\/wp\/v2\/product_brand?post=18157"},{"taxonomy":"product_cat","embeddable":true,"href":"https:\/\/mamaterra.lt\/lv\/wp-json\/wp\/v2\/product_cat?post=18157"},{"taxonomy":"product_tag","embeddable":true,"href":"https:\/\/mamaterra.lt\/lv\/wp-json\/wp\/v2\/product_tag?post=18157"}],"curies":[{"name":"wp","href":"https:\/\/api.w.org\/{rel}","templated":true}]}}