{"id":18152,"date":"2023-06-22T19:28:00","date_gmt":"2023-06-22T18:28:00","guid":{"rendered":"https:\/\/mamaterra.lt\/parduotuve\/uncategorized\/doterra-neshama-soulful-blend\/"},"modified":"2023-06-26T19:41:09","modified_gmt":"2023-06-26T18:41:09","slug":"doterra-neshama-soulful-blend","status":"publish","type":"product","link":"https:\/\/mamaterra.lt\/lv\/parduotuve\/eteriskas-ellas\/eterisko-ellu-maisijumi\/doterra-neshama-soulful-blend\/","title":{"rendered":"doTERRA Neshama Soulful Blend"},"content":{"rendered":"<h6>Neshama 10 ml<\/h6>\n<p>&nbsp;<\/p>\n<div dir=\"auto\">\n<p>Ne\u0161ama ir ebreju valodas v\u0101rds, kas noz\u012bm\u0113 &#8220;dv\u0113sele&#8221;, un t\u0101 tika rad\u012bta, lai pal\u012bdz\u0113tu mums atg\u0101din\u0101t, kas m\u0113s paties\u012bb\u0101 esam un k\u0101 m\u0113s visi esam saist\u012bti viens ar otru un apk\u0101rt\u0113jo pasauli.<\/p>\n<p>V\u0113sturiski gan augi, gan \u0113terisk\u0101s e\u013c\u013cas ir biju\u0161as slav\u0113tas, pateicoties to labumam un pielietojumam cilv\u0113ces lab\u0101, kas liecina par saikni starp cilv\u0113ku un dabu.<\/p>\n<p>Daudzas no \u0113teriskaj\u0101m e\u013c\u013c\u0101m, kas izv\u0113l\u0113tas Neshama Dv\u0113seles mais\u012bjumam, ir uzskat\u012btas par sv\u0113t\u0101m un piemin\u0113tas senajos rakstos, un t\u0101s tolaik un tagad tiek izmantotas, lai pal\u012bdz\u0113tu mums savienoties ar augst\u0101ku sevis izj\u016btu. \u012apa\u0161u gr\u016bt\u012bbu br\u012b\u017eos Neshama lieto\u0161ana var atg\u0101din\u0101t, ka j\u016bsu dv\u0113selei ir dzi\u013ca saikne ar apk\u0101rt\u0113jo pasauli un ka dziedin\u0101\u0161ana n\u0101ks ar laiku.<\/p>\n<p>\u0160aj\u0101 iedvesmojo\u0161aj\u0101 mais\u012bjum\u0101 ir iek\u013cautas da\u017eas no CPTG visaugst\u0101k nov\u0113rt\u0113taj\u0101m un d\u0101rg\u0101kaj\u0101m \u0113teriskaj\u0101m e\u013c\u013c\u0101m: v\u012braks, lavanda, ciedru koks, ciprese, mirra, spikenards, savva\u013cas apels\u012bns, kasija un kan\u0113lis. \u0100rk\u0101rt\u012bgi gr\u016btos br\u012b\u017eos Neshama lieto\u0161ana var atg\u0101din\u0101t, ka j\u016bsu dv\u0113selei ir dzi\u013ca saikne ar apk\u0101rt\u0113jo pasauli un ka ir pien\u0101cis laiks pal\u012bdz\u0113t.<\/p>\n<\/div>\n","protected":false},"excerpt":{"rendered":"<p>Pacil\u0101jo\u0161s un uzl\u0101d\u0113jo\u0161s<br \/>\nUzlabo garast\u0101vokli<br \/>\nSavieno<br \/>\nLietojiet k\u0101 person\u012bgo arom\u0101tu dienas laik\u0101, lai veidotu saikni ar zemi.<br \/>\nIzj\u016btiet uzmundrin\u0101jumu un pateic\u012bbu visas dienas garum\u0101, jo jums atg\u0101dina, kas j\u016bs esat.<br \/>\nKai kartais jau\u010diat\u0117s neramiai, u\u017etepkite ant pulso ta\u0161k\u0173, kad atsipalaiduotum\u0117te ir prisijaukintum\u0117te nuotaik\u0105.<\/p>\n","protected":false},"featured_media":18024,"template":"","meta":{"site-sidebar-layout":"default","site-content-layout":"default","ast-site-content-layout":"default","site-content-style":"default","site-sidebar-style":"default","ast-global-header-display":"","ast-banner-title-visibility":"","ast-main-header-display":"","ast-hfb-above-header-display":"","ast-hfb-below-header-display":"","ast-hfb-mobile-header-display":"","site-post-title":"","ast-breadcrumbs-content":"","ast-featured-img":"","footer-sml-layout":"","ast-disable-related-posts":"","theme-transparent-header-meta":"default","adv-header-id-meta":"","stick-header-meta":"","header-above-stick-meta":"","header-main-stick-meta":"","header-below-stick-meta":"","astra-migrate-meta-layouts":"default","ast-page-background-enabled":"default","ast-page-background-meta":{"desktop":{"background-color":"","background-image":"","background-repeat":"repeat","background-position":"center center","background-size":"auto","background-attachment":"scroll","background-type":"","background-media":"","overlay-type":"","overlay-color":"","overlay-opacity":"","overlay-gradient":""},"tablet":{"background-color":"","background-image":"","background-repeat":"repeat","background-position":"center center","background-size":"auto","background-attachment":"scroll","background-type":"","background-media":"","overlay-type":"","overlay-color":"","overlay-opacity":"","overlay-gradient":""},"mobile":{"background-color":"","background-image":"","background-repeat":"repeat","background-position":"center center","background-size":"auto","background-attachment":"scroll","background-type":"","background-media":"","overlay-type":"","overlay-color":"","overlay-opacity":"","overlay-gradient":""}},"ast-content-background-meta":{"desktop":{"background-color":"var(--ast-global-color-5)","background-image":"","background-repeat":"repeat","background-position":"center center","background-size":"auto","background-attachment":"scroll","background-type":"","background-media":"","overlay-type":"","overlay-color":"","overlay-opacity":"","overlay-gradient":""},"tablet":{"background-color":"var(--ast-global-color-5)","background-image":"","background-repeat":"repeat","background-position":"center center","background-size":"auto","background-attachment":"scroll","background-type":"","background-media":"","overlay-type":"","overlay-color":"","overlay-opacity":"","overlay-gradient":""},"mobile":{"background-color":"var(--ast-global-color-5)","background-image":"","background-repeat":"repeat","background-position":"center center","background-size":"auto","background-attachment":"scroll","background-type":"","background-media":"","overlay-type":"","overlay-color":"","overlay-opacity":"","overlay-gradient":""}}},"product_brand":[],"product_cat":[601,618],"product_tag":[],"class_list":{"0":"post-18152","1":"product","2":"type-product","3":"status-publish","4":"has-post-thumbnail","6":"product_cat-eterisko-ellu-maisijumi","7":"product_cat-nomierinosas","8":"desktop-align-left","9":"tablet-align-left","10":"mobile-align-left","12":"first","13":"instock","14":"taxable","15":"shipping-taxable","16":"purchasable","17":"product-type-simple"},"_links":{"self":[{"href":"https:\/\/mamaterra.lt\/lv\/wp-json\/wp\/v2\/product\/18152","targetHints":{"allow":["GET"]}}],"collection":[{"href":"https:\/\/mamaterra.lt\/lv\/wp-json\/wp\/v2\/product"}],"about":[{"href":"https:\/\/mamaterra.lt\/lv\/wp-json\/wp\/v2\/types\/product"}],"wp:featuredmedia":[{"embeddable":true,"href":"https:\/\/mamaterra.lt\/lv\/wp-json\/wp\/v2\/media\/18024"}],"wp:attachment":[{"href":"https:\/\/mamaterra.lt\/lv\/wp-json\/wp\/v2\/media?parent=18152"}],"wp:term":[{"taxonomy":"product_brand","embeddable":true,"href":"https:\/\/mamaterra.lt\/lv\/wp-json\/wp\/v2\/product_brand?post=18152"},{"taxonomy":"product_cat","embeddable":true,"href":"https:\/\/mamaterra.lt\/lv\/wp-json\/wp\/v2\/product_cat?post=18152"},{"taxonomy":"product_tag","embeddable":true,"href":"https:\/\/mamaterra.lt\/lv\/wp-json\/wp\/v2\/product_tag?post=18152"}],"curies":[{"name":"wp","href":"https:\/\/api.w.org\/{rel}","templated":true}]}}