{"id":18146,"date":"2023-06-22T19:41:08","date_gmt":"2023-06-22T18:41:08","guid":{"rendered":"https:\/\/mamaterra.lt\/parduotuve\/uncategorized\/serenity-touch\/"},"modified":"2023-06-26T19:34:49","modified_gmt":"2023-06-26T18:34:49","slug":"serenity-touch","status":"publish","type":"product","link":"https:\/\/mamaterra.lt\/lv\/parduotuve\/eteriskas-ellas\/eterisko-ellu-maisijumi\/serenity-touch\/","title":{"rendered":"Serenity Touch"},"content":{"rendered":"<p>Serenity Touch, 10 ml roleris<\/p>\n<p>Grauzd\u0113ti ar frakcion\u0113tu kokosriekstu e\u013c\u013cu<\/p>\n<p>doTERRA SERENITY\u2122 Nomierino\u0161s \u0113terisko e\u013c\u013cu mais\u012bjums Apraksts:<\/p>\n<p>doTERRA Serenity ir nomierino\u0161s \u0113terisko e\u013c\u013cu mais\u012bjums, kas pal\u012bdz aizmirst r\u016bpes un atsl\u0101bin\u0101ties. \u0160is nomierino\u0161ais mais\u012bjums acumirkl\u012b ieved\u012bs j\u016bs sv\u0113tlaim\u012bg\u0101 relaks\u0101cijas st\u0101vokl\u012b.<\/p>\n<p>Nomierina saj\u016btas<br \/>\nPal\u012bdz mazin\u0101t spriedzi<br \/>\nPal\u012bdz rad\u012bt relaks\u0113jo\u0161u atmosf\u0113ru<\/p>\n<p>doTERRA SERENITY\u2122 Nomierino\u0161s \u0113terisko e\u013c\u013cu mais\u012bjums Sast\u0101vs:<\/p>\n<p>Sast\u0101vs: lavanda, ciedru koks, ilang-ilangs, major\u0101ns, romie\u0161u kumel\u012bte, vetivere, vani\u013cas absol\u016bts, Havaju sandalkoks, frakcion\u0113ta kokosriekstu e\u013c\u013ca.<\/p>\n<p>doTERRA SERENITY\u2122 Nomierino\u0161s \u0113terisko e\u013c\u013cu mais\u012bjums Visp\u0101r\u012bgas \u012bpa\u0161\u012bbas un pielietojums:<\/p>\n<p>&#8220;doTERRA Serenity Restful Blend&#8221; ir nomierino\u0161s un relaks\u0113jo\u0161s arom\u0101ts, kas sniedz lietot\u0101jam unik\u0101lu pieredzi. \u0160is perfekti sabalans\u0113tais, nomierino\u0161ais mais\u012bjums ir uzreiz j\u016btams un ieved lietot\u0101ju sv\u0113tlaim\u012bg\u0101 st\u0101vokl\u012b. &#8220;doTERRA Serenity&#8221; apvieno \u0113terisk\u0101s e\u013c\u013cas, kas paz\u012bstamas ar savu sp\u0113ju rad\u012bt mier\u012bgu vidi pirms gul\u0113tie\u0161anas. Ciedra koka, Ho koka un vetiv\u0113rijas \u0113terisk\u0101s e\u013c\u013cas pie\u0161\u0137ir &#8220;doTERRA Serenity&#8221; piezem\u0113jo\u0161u arom\u0101tu, kas veicina mier\u012bgu atmosf\u0113ru, kad ir pien\u0101cis laiks doties gul\u0113t.<\/p>\n<p>Uzkl\u0101jiet uz plaukstu loc\u012btav\u0101m un ieelpojiet vair\u0101kas reizes dien\u0101, lai mazin\u0101tu ikdienas stresu.<\/p>\n","protected":false},"excerpt":{"rendered":"<p>&nbsp;<\/p>\n<p>&nbsp;<\/p>\n","protected":false},"featured_media":18072,"template":"","meta":{"site-sidebar-layout":"default","site-content-layout":"default","ast-site-content-layout":"default","site-content-style":"default","site-sidebar-style":"default","ast-global-header-display":"","ast-banner-title-visibility":"","ast-main-header-display":"","ast-hfb-above-header-display":"","ast-hfb-below-header-display":"","ast-hfb-mobile-header-display":"","site-post-title":"","ast-breadcrumbs-content":"","ast-featured-img":"","footer-sml-layout":"","ast-disable-related-posts":"","theme-transparent-header-meta":"default","adv-header-id-meta":"","stick-header-meta":"","header-above-stick-meta":"","header-main-stick-meta":"","header-below-stick-meta":"","astra-migrate-meta-layouts":"default","ast-page-background-enabled":"default","ast-page-background-meta":{"desktop":{"background-color":"","background-image":"","background-repeat":"repeat","background-position":"center center","background-size":"auto","background-attachment":"scroll","background-type":"","background-media":"","overlay-type":"","overlay-color":"","overlay-opacity":"","overlay-gradient":""},"tablet":{"background-color":"","background-image":"","background-repeat":"repeat","background-position":"center center","background-size":"auto","background-attachment":"scroll","background-type":"","background-media":"","overlay-type":"","overlay-color":"","overlay-opacity":"","overlay-gradient":""},"mobile":{"background-color":"","background-image":"","background-repeat":"repeat","background-position":"center center","background-size":"auto","background-attachment":"scroll","background-type":"","background-media":"","overlay-type":"","overlay-color":"","overlay-opacity":"","overlay-gradient":""}},"ast-content-background-meta":{"desktop":{"background-color":"var(--ast-global-color-5)","background-image":"","background-repeat":"repeat","background-position":"center center","background-size":"auto","background-attachment":"scroll","background-type":"","background-media":"","overlay-type":"","overlay-color":"","overlay-opacity":"","overlay-gradient":""},"tablet":{"background-color":"var(--ast-global-color-5)","background-image":"","background-repeat":"repeat","background-position":"center center","background-size":"auto","background-attachment":"scroll","background-type":"","background-media":"","overlay-type":"","overlay-color":"","overlay-opacity":"","overlay-gradient":""},"mobile":{"background-color":"var(--ast-global-color-5)","background-image":"","background-repeat":"repeat","background-position":"center center","background-size":"auto","background-attachment":"scroll","background-type":"","background-media":"","overlay-type":"","overlay-color":"","overlay-opacity":"","overlay-gradient":""}}},"product_brand":[],"product_cat":[619,601,613],"product_tag":[],"class_list":{"0":"post-18146","1":"product","2":"type-product","3":"status-publish","4":"has-post-thumbnail","6":"product_cat-berniem","7":"product_cat-eterisko-ellu-maisijumi","8":"product_cat-miegam","9":"desktop-align-left","10":"tablet-align-left","11":"mobile-align-left","13":"first","14":"outofstock","15":"taxable","16":"shipping-taxable","17":"purchasable","18":"product-type-simple"},"_links":{"self":[{"href":"https:\/\/mamaterra.lt\/lv\/wp-json\/wp\/v2\/product\/18146","targetHints":{"allow":["GET"]}}],"collection":[{"href":"https:\/\/mamaterra.lt\/lv\/wp-json\/wp\/v2\/product"}],"about":[{"href":"https:\/\/mamaterra.lt\/lv\/wp-json\/wp\/v2\/types\/product"}],"wp:featuredmedia":[{"embeddable":true,"href":"https:\/\/mamaterra.lt\/lv\/wp-json\/wp\/v2\/media\/18072"}],"wp:attachment":[{"href":"https:\/\/mamaterra.lt\/lv\/wp-json\/wp\/v2\/media?parent=18146"}],"wp:term":[{"taxonomy":"product_brand","embeddable":true,"href":"https:\/\/mamaterra.lt\/lv\/wp-json\/wp\/v2\/product_brand?post=18146"},{"taxonomy":"product_cat","embeddable":true,"href":"https:\/\/mamaterra.lt\/lv\/wp-json\/wp\/v2\/product_cat?post=18146"},{"taxonomy":"product_tag","embeddable":true,"href":"https:\/\/mamaterra.lt\/lv\/wp-json\/wp\/v2\/product_tag?post=18146"}],"curies":[{"name":"wp","href":"https:\/\/api.w.org\/{rel}","templated":true}]}}