{"id":18140,"date":"2023-06-22T21:00:13","date_gmt":"2023-06-22T20:00:13","guid":{"rendered":"https:\/\/mamaterra.lt\/parduotuve\/uncategorized\/doterra-beautiful-blend\/"},"modified":"2023-06-26T19:27:51","modified_gmt":"2023-06-26T18:27:51","slug":"doterra-beautiful-blend","status":"publish","type":"product","link":"https:\/\/mamaterra.lt\/lv\/parduotuve\/eteriskas-ellas\/eterisko-ellu-maisijumi\/doterra-beautiful-blend\/","title":{"rendered":"doTERRA Beautiful Blend"},"content":{"rendered":"<p>doTERRA Beautiful Blend, 10ml<\/p>\n<p>Skaista &#8211; skaista, br\u012bni\u0161\u0137\u012bga, \u012bpa\u0161a, valdzino\u0161a, pa\u0161cie\u0146as pilna un p\u0101rliecin\u0101ta. To visu veicina \u0161is mais\u012bjums, kas ir visbr\u012bni\u0161\u0137\u012bg\u0101kais un 100% dab\u012bgais arom\u0101ts sievietei, kura j\u016btas nom\u0101kta, nom\u0101kta, nom\u0101kta, pa\u0161kritiska, \u017e\u0113l\u012bga pret sevi un necien\u012bga&#8230;<\/p>\n<p>Skaistais arom\u0101ts atver sirdi m\u012blest\u012bbai un sevis pie\u0146em\u0161anai, mudina atpaz\u012bt skaistumu sev\u012b un nov\u0113rt\u0113t \u0161\u012bs d\u0101vanas ar \u017e\u0113last\u012bbu un pateic\u012bbu.<\/p>\n<p>Sast\u0101vs:<\/p>\n<p>bergamotes &#8211; pa\u0161pie\u0146em\u0161anas arom\u0101ts, kas atbr\u012bvo no izmisuma, pa\u0161nov\u0113rt\u0113juma un neuztic\u012bbas saj\u016btas. Ja m\u0113s sev izvirz\u0101m p\u0101r\u0101k augstus standartus, m\u0113s j\u016btamies necien\u012bgi m\u012blest\u012bbai, nepietiekami labi un baid\u0101mies paust savas paties\u0101s domas un j\u016btas. Bergamotes arom\u0101ts atbr\u012bvo, pal\u012bdz mums m\u012bl\u0113t sevi, main\u012bt ies\u012bkst\u0113ju\u0161us uzskatus, att\u012bra m\u016bsu \u0137ermeni un pr\u0101tu, k\u0101 ar\u012b dod cer\u012bbu un tic\u012bbu.<\/p>\n<p>Osmants lietuvie\u0161u valod\u0101 ir paz\u012bstams k\u0101 elpa. Ar atsvaidzino\u0161u, valdzino\u0161u, vilino\u0161u un rota\u013c\u012bgu arom\u0101tu \u0161\u012b e\u013c\u013ca ir \u013coti popul\u0101ra parfim\u0113rij\u0101. Osmants mazina trauksmi, nogurumu, stresu, izs\u012bkumu, atsl\u0101bina un tam piem\u012bt afrodiziaka \u012bpa\u0161\u012bbas.<\/p>\n<p>Laima &#8211; za\u013cais citrons jeb laima, kam piem\u012bt sp\u0113c\u012bga att\u012bro\u0161a iedarb\u012bba, pal\u012bdzot cilv\u0113kam atbr\u012bvoties no emocion\u0101l\u0101m skumj\u0101m un atbr\u012bvot sird\u012b vietu priekam, gaismai un tic\u012bbai. Tas veicina emocion\u0101lo taisn\u012bgumu, atjauno v\u0113lmi dz\u012bvot, sniedz dro\u0161\u012bbas saj\u016btu, pal\u012bdz atbr\u012bvoties no ap\u0101tijas un bezcer\u012bbas.<\/p>\n<p>Smilts\u0113rk\u0161\u0137u e\u013c\u013ca &#8211; paz\u012bstama k\u0101 paties\u012bbas un sp\u0113ka e\u013c\u013ca, t\u0101 ir vairogs, kas pasarg\u0101 \u0137ermeni un garu no negat\u012bvas ietekmes. T\u0101 sniedz dro\u0161\u012bbas saj\u016btu, Dievi\u0161\u0137\u0101s m\u012blest\u012bbas saj\u016btu un saj\u016btu, ka neesat viens un pamests<\/p>\n","protected":false},"excerpt":{"rendered":"<p>Skaistais arom\u0101ts atver sirdi m\u012blest\u012bbai un sevis pie\u0146em\u0161anai, mudina atpaz\u012bt skaistumu sev\u012b un nov\u0113rt\u0113t \u0161\u012bs d\u0101vanas ar \u017e\u0113last\u012bbu un pateic\u012bbu.<\/p>\n","protected":false},"featured_media":18079,"template":"","meta":{"site-sidebar-layout":"default","site-content-layout":"default","ast-site-content-layout":"default","site-content-style":"default","site-sidebar-style":"default","ast-global-header-display":"","ast-banner-title-visibility":"","ast-main-header-display":"","ast-hfb-above-header-display":"","ast-hfb-below-header-display":"","ast-hfb-mobile-header-display":"","site-post-title":"","ast-breadcrumbs-content":"","ast-featured-img":"","footer-sml-layout":"","ast-disable-related-posts":"","theme-transparent-header-meta":"default","adv-header-id-meta":"","stick-header-meta":"","header-above-stick-meta":"","header-main-stick-meta":"","header-below-stick-meta":"","astra-migrate-meta-layouts":"default","ast-page-background-enabled":"default","ast-page-background-meta":{"desktop":{"background-color":"","background-image":"","background-repeat":"repeat","background-position":"center center","background-size":"auto","background-attachment":"scroll","background-type":"","background-media":"","overlay-type":"","overlay-color":"","overlay-opacity":"","overlay-gradient":""},"tablet":{"background-color":"","background-image":"","background-repeat":"repeat","background-position":"center center","background-size":"auto","background-attachment":"scroll","background-type":"","background-media":"","overlay-type":"","overlay-color":"","overlay-opacity":"","overlay-gradient":""},"mobile":{"background-color":"","background-image":"","background-repeat":"repeat","background-position":"center center","background-size":"auto","background-attachment":"scroll","background-type":"","background-media":"","overlay-type":"","overlay-color":"","overlay-opacity":"","overlay-gradient":""}},"ast-content-background-meta":{"desktop":{"background-color":"var(--ast-global-color-5)","background-image":"","background-repeat":"repeat","background-position":"center center","background-size":"auto","background-attachment":"scroll","background-type":"","background-media":"","overlay-type":"","overlay-color":"","overlay-opacity":"","overlay-gradient":""},"tablet":{"background-color":"var(--ast-global-color-5)","background-image":"","background-repeat":"repeat","background-position":"center center","background-size":"auto","background-attachment":"scroll","background-type":"","background-media":"","overlay-type":"","overlay-color":"","overlay-opacity":"","overlay-gradient":""},"mobile":{"background-color":"var(--ast-global-color-5)","background-image":"","background-repeat":"repeat","background-position":"center center","background-size":"auto","background-attachment":"scroll","background-type":"","background-media":"","overlay-type":"","overlay-color":"","overlay-opacity":"","overlay-gradient":""}}},"product_brand":[],"product_cat":[598,601,614],"product_tag":[],"class_list":{"0":"post-18140","1":"product","2":"type-product","3":"status-publish","4":"has-post-thumbnail","6":"product_cat-davanas-sievietem","7":"product_cat-eterisko-ellu-maisijumi","8":"product_cat-sievietem","9":"desktop-align-left","10":"tablet-align-left","11":"mobile-align-left","13":"first","14":"outofstock","15":"taxable","16":"shipping-taxable","17":"purchasable","18":"product-type-simple"},"_links":{"self":[{"href":"https:\/\/mamaterra.lt\/lv\/wp-json\/wp\/v2\/product\/18140","targetHints":{"allow":["GET"]}}],"collection":[{"href":"https:\/\/mamaterra.lt\/lv\/wp-json\/wp\/v2\/product"}],"about":[{"href":"https:\/\/mamaterra.lt\/lv\/wp-json\/wp\/v2\/types\/product"}],"wp:featuredmedia":[{"embeddable":true,"href":"https:\/\/mamaterra.lt\/lv\/wp-json\/wp\/v2\/media\/18079"}],"wp:attachment":[{"href":"https:\/\/mamaterra.lt\/lv\/wp-json\/wp\/v2\/media?parent=18140"}],"wp:term":[{"taxonomy":"product_brand","embeddable":true,"href":"https:\/\/mamaterra.lt\/lv\/wp-json\/wp\/v2\/product_brand?post=18140"},{"taxonomy":"product_cat","embeddable":true,"href":"https:\/\/mamaterra.lt\/lv\/wp-json\/wp\/v2\/product_cat?post=18140"},{"taxonomy":"product_tag","embeddable":true,"href":"https:\/\/mamaterra.lt\/lv\/wp-json\/wp\/v2\/product_tag?post=18140"}],"curies":[{"name":"wp","href":"https:\/\/api.w.org\/{rel}","templated":true}]}}