{"id":18133,"date":"2023-06-22T20:42:45","date_gmt":"2023-06-22T19:42:45","guid":{"rendered":"https:\/\/mamaterra.lt\/parduotuve\/uncategorized\/doterra-melissa-touch-10ml\/"},"modified":"2023-06-26T19:20:19","modified_gmt":"2023-06-26T18:20:19","slug":"doterra-melissa-touch-10ml","status":"publish","type":"product","link":"https:\/\/mamaterra.lt\/lv\/parduotuve\/eteriskas-ellas\/tiras-eteriskas-ellas\/doterra-melissa-touch-10ml\/","title":{"rendered":"doTERRA Melissa touch 10ml"},"content":{"rendered":"<p>Melisa 10 ml<\/p>\n<p>Citronmelisa, paz\u012bstama ar\u012b k\u0101 citronmelisa, ir piparm\u0113tru dzimtas (Lamiaceae) p\u0101rst\u0101vis. Tas ir \u0101tri augo\u0161s daudzgad\u012bgs augs. Nelielie, baltie, nekt\u0101ra pilnie ziedi ir \u012bpa\u0161i pievilc\u012bgi medus bit\u0113m &#8211; grie\u0137u v\u0101rds melisa noz\u012bm\u0113 bite.<\/p>\n<p>Melisas e\u013c\u013cai ir d\u0101rgs, daudz priek\u0161roc\u012bbu sniedzo\u0161s, salds, svaigs, citrusaug\u013cu arom\u0101ts.<\/p>\n<p>E\u013c\u013cu jau izsenis izmanto relaks\u0113jo\u0161as, nomierino\u0161as vides rad\u012b\u0161anai. d\u014dTERRA<br \/>\nsajauc frakcion\u0113tu kokosriekstu e\u013c\u013cu ar melisas ziedu e\u013c\u013cu, lai rad\u012btu Melissa Touch. Lietojiet, lai piepild\u012btu savas saj\u016btas ar \u0161o br\u012bni\u0161\u0137\u012bgi intri\u0123\u0113jo\u0161o arom\u0101tu.<\/p>\n<p>\u0160\u012b e\u013c\u013ca veicina gudr\u012bbu un gar\u012bgo apzi\u0146u. Ide\u0101li piem\u0113rota 6. un 7. \u010dakrai.<br \/>\nMelisai piem\u012bt liels sp\u0113ks t\u0101s augst\u0101s vibr\u0101cijas d\u0113\u013c. Lietojot to bie\u017ei, j\u016bs nevarat pal\u012bdz\u0113t, bet varat atbr\u012bvoties no tumsas, lai k\u0101da t\u0101 b\u016btu, un pie\u0146emt Gaismu! Ikvien\u0101 no mums ir t\u0101da dievi\u0161\u0137\u0101s gaismas dzirksts. Melisa mudina m\u016bs savienoties ar \u0161o gaismu un kopt to, l\u012bdz t\u0101 k\u013c\u016bst sp\u0113c\u012bg\u0101ka un gai\u0161\u0101ka.<\/p>\n<p>DoTERRA CPTG MELISSA \u0113terisk\u0101 e\u013c\u013ca ir ieg\u016bta Bulg\u0101rij\u0101. T\u0101 ir viena no d\u0101rg\u0101k\u0101m \u0113teriskaj\u0101m e\u013c\u013c\u0101m, t\u0101pat k\u0101 ro\u017eu, jasm\u012bnu vai neroli (apels\u012bnu ziedu), jo melisas \u0113terisk\u0101s e\u013c\u013cas ir \u013coti maz &#8211; 5 ml pudel\u012btei nepiecie\u0161ams gandr\u012bz 10 kg izejvielas!<\/p>\n","protected":false},"excerpt":{"rendered":"<p>Citronmelisa, paz\u012bstama ar\u012b k\u0101 citronmelisa, ir piparm\u0113tru dzimtas (Lamiaceae) p\u0101rst\u0101vis. Tas ir \u0101tri augo\u0161s daudzgad\u012bgs augs. Nelielie, baltie, nekt\u0101ra pilnie ziedi ir \u012bpa\u0161i pievilc\u012bgi medus bit\u0113m &#8211; grie\u0137u v\u0101rds melisa noz\u012bm\u0113 bite.<\/p>\n","protected":false},"featured_media":18062,"template":"","meta":{"site-sidebar-layout":"default","site-content-layout":"default","ast-site-content-layout":"default","site-content-style":"default","site-sidebar-style":"default","ast-global-header-display":"","ast-banner-title-visibility":"","ast-main-header-display":"","ast-hfb-above-header-display":"","ast-hfb-below-header-display":"","ast-hfb-mobile-header-display":"","site-post-title":"","ast-breadcrumbs-content":"","ast-featured-img":"","footer-sml-layout":"","ast-disable-related-posts":"","theme-transparent-header-meta":"default","adv-header-id-meta":"","stick-header-meta":"","header-above-stick-meta":"","header-main-stick-meta":"","header-below-stick-meta":"","astra-migrate-meta-layouts":"default","ast-page-background-enabled":"default","ast-page-background-meta":{"desktop":{"background-color":"","background-image":"","background-repeat":"repeat","background-position":"center center","background-size":"auto","background-attachment":"scroll","background-type":"","background-media":"","overlay-type":"","overlay-color":"","overlay-opacity":"","overlay-gradient":""},"tablet":{"background-color":"","background-image":"","background-repeat":"repeat","background-position":"center center","background-size":"auto","background-attachment":"scroll","background-type":"","background-media":"","overlay-type":"","overlay-color":"","overlay-opacity":"","overlay-gradient":""},"mobile":{"background-color":"","background-image":"","background-repeat":"repeat","background-position":"center center","background-size":"auto","background-attachment":"scroll","background-type":"","background-media":"","overlay-type":"","overlay-color":"","overlay-opacity":"","overlay-gradient":""}},"ast-content-background-meta":{"desktop":{"background-color":"var(--ast-global-color-5)","background-image":"","background-repeat":"repeat","background-position":"center center","background-size":"auto","background-attachment":"scroll","background-type":"","background-media":"","overlay-type":"","overlay-color":"","overlay-opacity":"","overlay-gradient":""},"tablet":{"background-color":"var(--ast-global-color-5)","background-image":"","background-repeat":"repeat","background-position":"center center","background-size":"auto","background-attachment":"scroll","background-type":"","background-media":"","overlay-type":"","overlay-color":"","overlay-opacity":"","overlay-gradient":""},"mobile":{"background-color":"var(--ast-global-color-5)","background-image":"","background-repeat":"repeat","background-position":"center center","background-size":"auto","background-attachment":"scroll","background-type":"","background-media":"","overlay-type":"","overlay-color":"","overlay-opacity":"","overlay-gradient":""}}},"product_brand":[],"product_cat":[620,604,610,613,618,602],"product_tag":[],"class_list":{"0":"post-18133","1":"product","2":"type-product","3":"status-publish","4":"has-post-thumbnail","6":"product_cat-gremosanai","7":"product_cat-higiena-un-adas-kopsana","8":"product_cat-imunitates-stiprinasanai","9":"product_cat-miegam","10":"product_cat-nomierinosas","11":"product_cat-tiras-eteriskas-ellas","12":"desktop-align-left","13":"tablet-align-left","14":"mobile-align-left","16":"first","17":"outofstock","18":"taxable","19":"shipping-taxable","20":"purchasable","21":"product-type-simple"},"_links":{"self":[{"href":"https:\/\/mamaterra.lt\/lv\/wp-json\/wp\/v2\/product\/18133","targetHints":{"allow":["GET"]}}],"collection":[{"href":"https:\/\/mamaterra.lt\/lv\/wp-json\/wp\/v2\/product"}],"about":[{"href":"https:\/\/mamaterra.lt\/lv\/wp-json\/wp\/v2\/types\/product"}],"wp:featuredmedia":[{"embeddable":true,"href":"https:\/\/mamaterra.lt\/lv\/wp-json\/wp\/v2\/media\/18062"}],"wp:attachment":[{"href":"https:\/\/mamaterra.lt\/lv\/wp-json\/wp\/v2\/media?parent=18133"}],"wp:term":[{"taxonomy":"product_brand","embeddable":true,"href":"https:\/\/mamaterra.lt\/lv\/wp-json\/wp\/v2\/product_brand?post=18133"},{"taxonomy":"product_cat","embeddable":true,"href":"https:\/\/mamaterra.lt\/lv\/wp-json\/wp\/v2\/product_cat?post=18133"},{"taxonomy":"product_tag","embeddable":true,"href":"https:\/\/mamaterra.lt\/lv\/wp-json\/wp\/v2\/product_tag?post=18133"}],"curies":[{"name":"wp","href":"https:\/\/api.w.org\/{rel}","templated":true}]}}