{"id":18129,"date":"2023-06-03T22:31:48","date_gmt":"2023-06-03T21:31:48","guid":{"rendered":"https:\/\/mamaterra.lt\/parduotuve\/uncategorized\/levandu-maiseliai-4-vnt\/"},"modified":"2023-06-26T19:08:39","modified_gmt":"2023-06-26T18:08:39","slug":"lavandas-maisini-4-gab","status":"publish","type":"product","link":"https:\/\/mamaterra.lt\/lv\/parduotuve\/provansas-produkti\/lavandas-maisini-4-gab\/","title":{"rendered":"Lavandas maisi\u0146i 4 gab."},"content":{"rendered":"<p>LHP Lavandas un lavandas ziedu arom\u0101tiskie maisi\u0146i<\/p>\n<p><strong>Lavandas v\u0113sture: v\u0101rds &#8220;lavanda&#8221; c\u0113lies no lat\u012b\u0146u valodas v\u0101rda &#8220;lavare&#8221;, kas noz\u012bm\u0113 &#8220;mazg\u0101t&#8221;.<\/strong> \u0160\u012b etimolo\u0123ija atg\u0101dina, ka \u013coti ilgu laiku v\u0113stur\u0113 lavandu izmantoja svaigi izmazg\u0101tas ve\u013cas aromatiz\u0113\u0161anai. \u0112\u0123iptie\u0161i un grie\u0137i nov\u0113rt\u0113ja lavandas \u012bpa\u0161\u012bbas un priek\u0161roc\u012bbas. Ar\u010diau m\u016bs\u0173 esantys rom\u0117nai taip pat j\u0105 naudojo vonioms kv\u0117pinti ir skalbiniams tausoti. \u0160\u012bs gar\u0161augu lieto\u0161anas trad\u012bcijas aizs\u0101k\u0101s jau senos laikos &#8211; Provans\u0101 maisi\u0146us ar kalt\u0113tiem ziediem glab\u0101 skapjos, lai atbaid\u012btu m\u0113les un elpotu ve\u013cu.<\/p>\n<p><strong>Lieto\u0161anas ieteikumi: ievietojiet ziedu maisi\u0146us sav\u0101 garderob\u0113, lai dabiski un smalki aromatiz\u0113tu dr\u0113bes un atbaid\u012btu t\u0101rpus.<\/strong><\/p>\n<p>Maisi\u0146us var tur\u0113t ar\u012b automa\u0161\u012bn\u0101 vai jebkur\u0101 m\u0101jas telp\u0101, lai elpotu iek\u0161telp\u0101s. Lai izplat\u012btu arom\u0101tu, laiku pa laikam izspiediet maisi\u0146us. Lai sasniegtu vislab\u0101kos rezult\u0101tus, maisu saturu nomainiet vai papildiniet reizi gad\u0101 p\u0113c katras ra\u017eas nov\u0101k\u0161anas. Kad k\u0101z\u0101s p\u0101rim tiek iemesta sauja lavandas ziedu, tas simboliz\u0113 laimes v\u0113l\u0113jumu.<\/p>\n<p>Ra\u017eots Francij\u0101<\/p>\n<p>18 g<\/p>\n","protected":false},"excerpt":{"rendered":"<p><strong>Lieto\u0161anas ieteikumi: ievietojiet ziedu maisi\u0146us sav\u0101 garderob\u0113, lai dabiski un smalki aromatiz\u0113tu dr\u0113bes un atbaid\u012btu t\u0101rpus.<\/strong><\/p>\n","protected":false},"featured_media":17771,"template":"","meta":{"site-sidebar-layout":"default","site-content-layout":"default","ast-site-content-layout":"default","site-content-style":"default","site-sidebar-style":"default","ast-global-header-display":"","ast-banner-title-visibility":"","ast-main-header-display":"","ast-hfb-above-header-display":"","ast-hfb-below-header-display":"","ast-hfb-mobile-header-display":"","site-post-title":"","ast-breadcrumbs-content":"","ast-featured-img":"","footer-sml-layout":"","ast-disable-related-posts":"","theme-transparent-header-meta":"default","adv-header-id-meta":"","stick-header-meta":"","header-above-stick-meta":"","header-main-stick-meta":"","header-below-stick-meta":"","astra-migrate-meta-layouts":"default","ast-page-background-enabled":"default","ast-page-background-meta":{"desktop":{"background-color":"","background-image":"","background-repeat":"repeat","background-position":"center center","background-size":"auto","background-attachment":"scroll","background-type":"","background-media":"","overlay-type":"","overlay-color":"","overlay-opacity":"","overlay-gradient":""},"tablet":{"background-color":"","background-image":"","background-repeat":"repeat","background-position":"center center","background-size":"auto","background-attachment":"scroll","background-type":"","background-media":"","overlay-type":"","overlay-color":"","overlay-opacity":"","overlay-gradient":""},"mobile":{"background-color":"","background-image":"","background-repeat":"repeat","background-position":"center center","background-size":"auto","background-attachment":"scroll","background-type":"","background-media":"","overlay-type":"","overlay-color":"","overlay-opacity":"","overlay-gradient":""}},"ast-content-background-meta":{"desktop":{"background-color":"var(--ast-global-color-5)","background-image":"","background-repeat":"repeat","background-position":"center center","background-size":"auto","background-attachment":"scroll","background-type":"","background-media":"","overlay-type":"","overlay-color":"","overlay-opacity":"","overlay-gradient":""},"tablet":{"background-color":"var(--ast-global-color-5)","background-image":"","background-repeat":"repeat","background-position":"center center","background-size":"auto","background-attachment":"scroll","background-type":"","background-media":"","overlay-type":"","overlay-color":"","overlay-opacity":"","overlay-gradient":""},"mobile":{"background-color":"var(--ast-global-color-5)","background-image":"","background-repeat":"repeat","background-position":"center center","background-size":"auto","background-attachment":"scroll","background-type":"","background-media":"","overlay-type":"","overlay-color":"","overlay-opacity":"","overlay-gradient":""}}},"product_brand":[],"product_cat":[1856,1855],"product_tag":[],"class_list":{"0":"post-18129","1":"product","2":"type-product","3":"status-publish","4":"has-post-thumbnail","6":"product_cat-piegadataji","7":"product_cat-provansas-produkti","8":"desktop-align-left","9":"tablet-align-left","10":"mobile-align-left","12":"first","13":"instock","14":"taxable","15":"shipping-taxable","16":"purchasable","17":"product-type-simple"},"_links":{"self":[{"href":"https:\/\/mamaterra.lt\/lv\/wp-json\/wp\/v2\/product\/18129","targetHints":{"allow":["GET"]}}],"collection":[{"href":"https:\/\/mamaterra.lt\/lv\/wp-json\/wp\/v2\/product"}],"about":[{"href":"https:\/\/mamaterra.lt\/lv\/wp-json\/wp\/v2\/types\/product"}],"wp:featuredmedia":[{"embeddable":true,"href":"https:\/\/mamaterra.lt\/lv\/wp-json\/wp\/v2\/media\/17771"}],"wp:attachment":[{"href":"https:\/\/mamaterra.lt\/lv\/wp-json\/wp\/v2\/media?parent=18129"}],"wp:term":[{"taxonomy":"product_brand","embeddable":true,"href":"https:\/\/mamaterra.lt\/lv\/wp-json\/wp\/v2\/product_brand?post=18129"},{"taxonomy":"product_cat","embeddable":true,"href":"https:\/\/mamaterra.lt\/lv\/wp-json\/wp\/v2\/product_cat?post=18129"},{"taxonomy":"product_tag","embeddable":true,"href":"https:\/\/mamaterra.lt\/lv\/wp-json\/wp\/v2\/product_tag?post=18129"}],"curies":[{"name":"wp","href":"https:\/\/api.w.org\/{rel}","templated":true}]}}