{"id":18121,"date":"2023-06-22T21:16:29","date_gmt":"2023-06-22T20:16:29","guid":{"rendered":"https:\/\/mamaterra.lt\/parduotuve\/uncategorized\/doterra-helichrysum-touch\/"},"modified":"2024-03-10T19:25:28","modified_gmt":"2024-03-10T18:25:28","slug":"doterra-helichrysum-touch","status":"publish","type":"product","link":"https:\/\/mamaterra.lt\/lv\/parduotuve\/eteriskas-ellas\/tiras-eteriskas-ellas\/doterra-helichrysum-touch\/","title":{"rendered":"doTERRA Helichrysum Touch"},"content":{"rendered":"<h6>doTERRA Helichrysum Touch, 10 ml<\/h6>\n<p>&nbsp;<\/p>\n<p>Ide\u0101li sabalans\u0113ta it\u0101\u013cu dad\u017eu \u0113terisk\u0101 e\u013c\u013ca un frakcion\u0113ta kokosriekstu e\u013c\u013ca veido doTERRA Helichrysum Touch. Helichrysum italicum, kas vislab\u0101k paz\u012bstams ar t\u0101 viet\u0113j\u0101m atjaunojo\u0161aj\u0101m \u012bpa\u0161\u012bb\u0101m, jau kop\u0161 sen\u0101s Grie\u0137ijas ir izmantots augu vesel\u012bbas praks\u0113. Helihrizuma piesk\u0101riens veicina mirdzo\u0161u, jaunekl\u012bgu sejas toni un var pal\u012bdz\u0113t mazin\u0101t noveco\u0161an\u0101s paz\u012bmes.<\/p>\n<p>Helichrysum italicum \u0113terisk\u0101 e\u013c\u013ca ir br\u012bnums j\u016bsu \u0101dai. Ja mekl\u0113jat dabisku veidu, k\u0101 samazin\u0101t grumbas, r\u0113tas un aps\u0101rtumus, jums vajadz\u0113tu dot iesp\u0113ju \u0161im dabas br\u012bnumam.<\/p>\n<p>Kumel\u012b\u0161u \u0113teriskajai e\u013c\u013cai piem\u012bt \u013coti sp\u0113c\u012bga pretnoveco\u0161an\u0101s iedarb\u012bba, un t\u0101 tiek izmantota k\u0101 akt\u012bv\u0101 sast\u0101vda\u013ca pat grezn\u0101kaj\u0101s kosm\u0113tikas l\u012bnij\u0101s, kas paredz\u0113tas, lai pal\u0113nin\u0101tu laika paz\u012bmes.<\/p>\n<p>Francij\u0101 paz\u012bstama k\u0101 jaun\u012bbas eliks\u012brs, \u0161\u012b e\u013c\u013ca palielina dabisk\u0101 kolag\u0113na saturu, k\u0101 rezult\u0101t\u0101 iev\u0113rojami samazin\u0101s grumbi\u0146as, palielin\u0101s tvirtums un redzami uzlabojas \u0101das izskats.<\/p>\n<p>E\u013c\u013ca iek\u013c\u016bst dzi\u013ci \u0101d\u0101, veicina \u0161\u016bnu re\u0123ener\u0101ciju, tai piem\u012bt antioksidanta \u012bpa\u0161\u012bbas, t\u0101 pal\u012bdz cilv\u0113kiem ar papla\u0161in\u0101tiem kapil\u0101riem un hematom\u0101m un tiek uzskat\u012bta par \u013coti efekt\u012bvu l\u012bdzekli r\u0113tu mazin\u0101\u0161anai.<\/p>\n<p>E\u013c\u013cu lieto, lai efekt\u012bvi mazin\u0101tu sasitumus un musku\u013cu s\u0101pes. To \u012bpa\u0161i iecien\u012bju\u0161i mas\u0101\u017eas terapeiti.<\/p>\n<p>\u0160\u012b e\u013c\u013ca pal\u012bdz atg\u016bt pa\u0161apzi\u0146u, dodot sp\u0113ku un drosmi ievainotajai dv\u0113selei dz\u012bvot un raudz\u012bties n\u0101kotn\u0113, neskatoties uz pag\u0101tnes skumj\u0101m un emocion\u0101l\u0101m traum\u0101m. Tas ir cer\u012bbu pilns arom\u0101ts, kas pal\u012bdz &#8220;f\u0113niksam pacelties no pelniem&#8221;.<\/p>\n<p>&nbsp;<\/p>\n","protected":false},"excerpt":{"rendered":"<p>Ide\u0101li sabalans\u0113ta it\u0101\u013cu dad\u017eu \u0113terisk\u0101 e\u013c\u013ca un frakcion\u0113ta kokosriekstu e\u013c\u013ca veido doTERRA Helichrysum Touch. Helichrysum italicum, kas vislab\u0101k paz\u012bstams ar t\u0101 viet\u0113j\u0101m atjaunojo\u0161aj\u0101m \u012bpa\u0161\u012bb\u0101m, jau kop\u0161 sen\u0101s Grie\u0137ijas ir izmantots augu vesel\u012bbas praks\u0113. Helihrizuma piesk\u0101riens veicina mirdzo\u0161u, jaunekl\u012bgu sejas toni un var pal\u012bdz\u0113t mazin\u0101t noveco\u0161an\u0101s paz\u012bmes.<\/p>\n","protected":false},"featured_media":18086,"template":"","meta":{"site-sidebar-layout":"default","site-content-layout":"default","ast-site-content-layout":"default","site-content-style":"default","site-sidebar-style":"default","ast-global-header-display":"","ast-banner-title-visibility":"","ast-main-header-display":"","ast-hfb-above-header-display":"","ast-hfb-below-header-display":"","ast-hfb-mobile-header-display":"","site-post-title":"","ast-breadcrumbs-content":"","ast-featured-img":"","footer-sml-layout":"","ast-disable-related-posts":"","theme-transparent-header-meta":"default","adv-header-id-meta":"","stick-header-meta":"","header-above-stick-meta":"","header-main-stick-meta":"","header-below-stick-meta":"","astra-migrate-meta-layouts":"set","ast-page-background-enabled":"default","ast-page-background-meta":{"desktop":{"background-color":"","background-image":"","background-repeat":"repeat","background-position":"center center","background-size":"auto","background-attachment":"scroll","background-type":"","background-media":"","overlay-type":"","overlay-color":"","overlay-opacity":"","overlay-gradient":""},"tablet":{"background-color":"","background-image":"","background-repeat":"repeat","background-position":"center center","background-size":"auto","background-attachment":"scroll","background-type":"","background-media":"","overlay-type":"","overlay-color":"","overlay-opacity":"","overlay-gradient":""},"mobile":{"background-color":"","background-image":"","background-repeat":"repeat","background-position":"center center","background-size":"auto","background-attachment":"scroll","background-type":"","background-media":"","overlay-type":"","overlay-color":"","overlay-opacity":"","overlay-gradient":""}},"ast-content-background-meta":{"desktop":{"background-color":"var(--ast-global-color-5)","background-image":"","background-repeat":"repeat","background-position":"center center","background-size":"auto","background-attachment":"scroll","background-type":"","background-media":"","overlay-type":"","overlay-color":"","overlay-opacity":"","overlay-gradient":""},"tablet":{"background-color":"var(--ast-global-color-5)","background-image":"","background-repeat":"repeat","background-position":"center center","background-size":"auto","background-attachment":"scroll","background-type":"","background-media":"","overlay-type":"","overlay-color":"","overlay-opacity":"","overlay-gradient":""},"mobile":{"background-color":"var(--ast-global-color-5)","background-image":"","background-repeat":"repeat","background-position":"center center","background-size":"auto","background-attachment":"scroll","background-type":"","background-media":"","overlay-type":"","overlay-color":"","overlay-opacity":"","overlay-gradient":""}}},"product_brand":[],"product_cat":[602],"product_tag":[],"class_list":{"0":"post-18121","1":"product","2":"type-product","3":"status-publish","4":"has-post-thumbnail","6":"product_cat-tiras-eteriskas-ellas","7":"desktop-align-left","8":"tablet-align-left","9":"mobile-align-left","11":"first","12":"instock","13":"taxable","14":"shipping-taxable","15":"purchasable","16":"product-type-simple"},"_links":{"self":[{"href":"https:\/\/mamaterra.lt\/lv\/wp-json\/wp\/v2\/product\/18121","targetHints":{"allow":["GET"]}}],"collection":[{"href":"https:\/\/mamaterra.lt\/lv\/wp-json\/wp\/v2\/product"}],"about":[{"href":"https:\/\/mamaterra.lt\/lv\/wp-json\/wp\/v2\/types\/product"}],"wp:featuredmedia":[{"embeddable":true,"href":"https:\/\/mamaterra.lt\/lv\/wp-json\/wp\/v2\/media\/18086"}],"wp:attachment":[{"href":"https:\/\/mamaterra.lt\/lv\/wp-json\/wp\/v2\/media?parent=18121"}],"wp:term":[{"taxonomy":"product_brand","embeddable":true,"href":"https:\/\/mamaterra.lt\/lv\/wp-json\/wp\/v2\/product_brand?post=18121"},{"taxonomy":"product_cat","embeddable":true,"href":"https:\/\/mamaterra.lt\/lv\/wp-json\/wp\/v2\/product_cat?post=18121"},{"taxonomy":"product_tag","embeddable":true,"href":"https:\/\/mamaterra.lt\/lv\/wp-json\/wp\/v2\/product_tag?post=18121"}],"curies":[{"name":"wp","href":"https:\/\/api.w.org\/{rel}","templated":true}]}}