{"id":18116,"date":"2023-06-25T18:05:18","date_gmt":"2023-06-25T17:05:18","guid":{"rendered":"https:\/\/mamaterra.lt\/?post_type=product&#038;p=18116"},"modified":"2023-06-25T18:23:05","modified_gmt":"2023-06-25T17:23:05","slug":"doterra-majestic-lore-elleo-personigais-aromats","status":"publish","type":"product","link":"https:\/\/mamaterra.lt\/lv\/parduotuve\/eteriskas-ellas\/eterisko-ellu-maisijumi\/doterra-majestic-lore-elleo-personigais-aromats\/","title":{"rendered":"doTERRA Majestic Lore \u0112terisko e\u013c\u013cu person\u012bgais arom\u0101ts"},"content":{"rendered":"<h6>Majestic Lore \u0112terisko e\u013c\u013cu person\u012bgais arom\u0101ts, 8ml<\/h6>\n<p>Majestic Lore\u2122 person\u012bgais arom\u0101ts, ko iedvesmoju\u0161i Kan\u0101das pla\u0161aj\u0101 bore\u0101laj\u0101 ainav\u0101 sastopamie skujkoku me\u017ei un flora, ir aizraujo\u0161s un at\u0161\u0137ir\u012bgs d\u014dTERRA ori\u0123in\u0101lais arom\u0101ts. Arom\u0101ts atg\u0101dina sul\u012bgus, za\u013cus me\u017eus, sniegotas kalnu virsotnes un spirgtas ziemas miglas, un tas vienl\u012bdz pat\u012bk gan v\u012brie\u0161iem, gan sieviet\u0113m. Sertific\u0113ti t\u012bras, p\u0101rbaud\u012btas CPTG\u2122 kategorijas meln\u0101s egles, balzama egles un citu valdzino\u0161u koksnes \u0113terisko e\u013c\u013cu mais\u012bjums apvienojas ar negaid\u012btu bergamotes svaigumu, radot klasisku un izsmalcin\u0101tu arom\u0101tu, kas ide\u0101li piem\u0113rots gan dien\u0101, gan vakar\u0101.<\/p>\n<h6>Br\u012bdin\u0101jumi<\/h6>\n<p>P\u0113c produkta lieto\u0161anas vismaz 12 stundas izvairieties no saules un UV staru iedarb\u012bbas. L\u012bdz iz\u017e\u016b\u0161anai ir viegli uzliesmojo\u0161s. Sarg\u0101t no liesm\u0101m un karstuma. Izvair\u012bties no izsmidzin\u0101\u0161anas ac\u012bs un jut\u012bg\u0101s viet\u0101s.<\/p>\n<h6>Sast\u0101vs<\/h6>\n<p>Alkohols, \u016bdens (Aqua), Picea Mariana zaru\/lapu e\u013c\u013ca, Abies Balsamea (Kan\u0101das balzams) mizas e\u013c\u013ca, Citrus Aurantium Bergamia (Bergamotes) aug\u013cu e\u013c\u013ca, Cupressus Nootkatensis koksnes e\u013c\u013ca, Chamaecyparis Obtusa koksnes e\u013c\u013ca, Lavandula Angustifolia (Lavandula Angustifolia) e\u013c\u013ca, Santalum Album (Sandalwood) e\u013c\u013ca, Cistus Ladaniferus lapu\/stumbra ekstrakts, Vetiveria Zizanoides sak\u0146u e\u013c\u013ca, Jasminum Grandiorum (Jasmine) ziedu ekstrakts, Styrax Tonkinensis sve\u0137u ekstrakts, Pogostemon Cablin e\u013c\u013ca, Bulnesia Sarmientoi koksnes e\u013c\u013ca, Evernia Prunastri (ozolkoka) ekstrakts, Michelia Alba ziedu e\u013c\u013ca, Cananga Odorata ziedu e\u013c\u013ca, bi\u0161u vaska ekstrakts, Dipteryx Odorata s\u0113klu ekstrakts, Eugenia Caryophyllus (krustnagli\u0146u) stubl\u0101ju e\u013c\u013ca, Cinnamomum Zeylanicum mizas e\u013c\u013ca, benzilbenzo\u0101ts, kan\u0113\u013ckoks, eigenols, limon\u0113ns, linalols.<\/p>\n","protected":false},"excerpt":{"rendered":"<p>Majestic Lore\u2122 person\u012bgais arom\u0101ts, ko iedvesmoju\u0161i Kan\u0101das pla\u0161aj\u0101 bore\u0101laj\u0101 ainav\u0101 sastopamie skujkoku me\u017ei un flora, ir aizraujo\u0161s un at\u0161\u0137ir\u012bgs d\u014dTERRA ori\u0123in\u0101lais arom\u0101ts. Arom\u0101ts atg\u0101dina sul\u012bgus, za\u013cus me\u017eus, sniegotas kalnu virsotnes un spirgtas ziemas miglas, un tas vienl\u012bdz pat\u012bk gan v\u012brie\u0161iem, gan sieviet\u0113m.<\/p>\n","protected":false},"featured_media":18112,"template":"","meta":{"site-sidebar-layout":"default","site-content-layout":"default","ast-site-content-layout":"default","site-content-style":"default","site-sidebar-style":"default","ast-global-header-display":"","ast-banner-title-visibility":"","ast-main-header-display":"","ast-hfb-above-header-display":"","ast-hfb-below-header-display":"","ast-hfb-mobile-header-display":"","site-post-title":"","ast-breadcrumbs-content":"","ast-featured-img":"","footer-sml-layout":"","ast-disable-related-posts":"","theme-transparent-header-meta":"default","adv-header-id-meta":"","stick-header-meta":"","header-above-stick-meta":"","header-main-stick-meta":"","header-below-stick-meta":"","astra-migrate-meta-layouts":"default","ast-page-background-enabled":"default","ast-page-background-meta":{"desktop":{"background-color":"","background-image":"","background-repeat":"repeat","background-position":"center center","background-size":"auto","background-attachment":"scroll","background-type":"","background-media":"","overlay-type":"","overlay-color":"","overlay-opacity":"","overlay-gradient":""},"tablet":{"background-color":"","background-image":"","background-repeat":"repeat","background-position":"center center","background-size":"auto","background-attachment":"scroll","background-type":"","background-media":"","overlay-type":"","overlay-color":"","overlay-opacity":"","overlay-gradient":""},"mobile":{"background-color":"","background-image":"","background-repeat":"repeat","background-position":"center center","background-size":"auto","background-attachment":"scroll","background-type":"","background-media":"","overlay-type":"","overlay-color":"","overlay-opacity":"","overlay-gradient":""}},"ast-content-background-meta":{"desktop":{"background-color":"var(--ast-global-color-5)","background-image":"","background-repeat":"repeat","background-position":"center center","background-size":"auto","background-attachment":"scroll","background-type":"","background-media":"","overlay-type":"","overlay-color":"","overlay-opacity":"","overlay-gradient":""},"tablet":{"background-color":"var(--ast-global-color-5)","background-image":"","background-repeat":"repeat","background-position":"center center","background-size":"auto","background-attachment":"scroll","background-type":"","background-media":"","overlay-type":"","overlay-color":"","overlay-opacity":"","overlay-gradient":""},"mobile":{"background-color":"var(--ast-global-color-5)","background-image":"","background-repeat":"repeat","background-position":"center center","background-size":"auto","background-attachment":"scroll","background-type":"","background-media":"","overlay-type":"","overlay-color":"","overlay-opacity":"","overlay-gradient":""}}},"product_brand":[],"product_cat":[597,598,599,601],"product_tag":[3413,3423],"class_list":{"0":"post-18116","1":"product","2":"type-product","3":"status-publish","4":"has-post-thumbnail","6":"product_cat-davanas","7":"product_cat-davanas-sievietem","8":"product_cat-davanas-viriesiem","9":"product_cat-eterisko-ellu-maisijumi","10":"product_tag-smarzas-unisex","11":"product_tag-smarzas-viriesiem","12":"desktop-align-left","13":"tablet-align-left","14":"mobile-align-left","16":"first","17":"instock","18":"taxable","19":"shipping-taxable","20":"purchasable","21":"product-type-simple"},"_links":{"self":[{"href":"https:\/\/mamaterra.lt\/lv\/wp-json\/wp\/v2\/product\/18116","targetHints":{"allow":["GET"]}}],"collection":[{"href":"https:\/\/mamaterra.lt\/lv\/wp-json\/wp\/v2\/product"}],"about":[{"href":"https:\/\/mamaterra.lt\/lv\/wp-json\/wp\/v2\/types\/product"}],"wp:featuredmedia":[{"embeddable":true,"href":"https:\/\/mamaterra.lt\/lv\/wp-json\/wp\/v2\/media\/18112"}],"wp:attachment":[{"href":"https:\/\/mamaterra.lt\/lv\/wp-json\/wp\/v2\/media?parent=18116"}],"wp:term":[{"taxonomy":"product_brand","embeddable":true,"href":"https:\/\/mamaterra.lt\/lv\/wp-json\/wp\/v2\/product_brand?post=18116"},{"taxonomy":"product_cat","embeddable":true,"href":"https:\/\/mamaterra.lt\/lv\/wp-json\/wp\/v2\/product_cat?post=18116"},{"taxonomy":"product_tag","embeddable":true,"href":"https:\/\/mamaterra.lt\/lv\/wp-json\/wp\/v2\/product_tag?post=18116"}],"curies":[{"name":"wp","href":"https:\/\/api.w.org\/{rel}","templated":true}]}}