{"id":16617,"date":"2023-01-01T20:32:52","date_gmt":"2023-01-01T19:32:52","guid":{"rendered":"https:\/\/mamaterra.lt\/?post_type=product&#038;p=16617"},"modified":"2024-03-17T21:11:35","modified_gmt":"2024-03-17T20:11:35","slug":"doterra-supermint-touch-eterisko-ellu-maisijums","status":"publish","type":"product","link":"https:\/\/mamaterra.lt\/lv\/parduotuve\/eteriskas-ellas\/eterisko-ellu-maisijumi\/doterra-supermint-touch-eterisko-ellu-maisijums\/","title":{"rendered":"doTERRA SuperMint\u2122 Touch \u0113terisko e\u013c\u013cu mais\u012bjums"},"content":{"rendered":"<h6>doTERRA SuperMint\u2122 Touch \u0113terisko e\u013c\u013cu mais\u012bjums<\/h6>\n<p>doTERRA SuperMint \u0113terisko e\u013c\u013cu mais\u012bjums Sast\u0101vs:<\/p>\n<p>doTERRA SuperMint Touch sast\u0101v\u0101 ir vislab\u0101k\u0101s piparm\u0113tru e\u013c\u013cas, kas veido \u013coti spilgtu, svaigu un pievilc\u012bgu mais\u012bjumu. T\u0101 saldaj\u0101 piparm\u0113tru un gar\u0161augu arom\u0101t\u0101 apvienotas CPTG\u2122 piparm\u0113tras, Jap\u0101nas piparm\u0113tras, bergamotes piparm\u0113tras un spearm\u0113tras frakcion\u0113t\u0101 kokosriekstu e\u013c\u013ca, un tas tiek pieg\u0101d\u0101ts lieto\u0161anai gatav\u0101 pudel\u012bt\u0113 ar bumbi\u0146u aplikatoru. Lietojot uz \u0101das, SuperMint Touch atv\u0113sina \u0101du un izstaro uzmundrino\u0161u un ener\u0123isku arom\u0101tu. Lai uzlabotu dz\u012bvesprieku, lietojiet \u0161o mais\u012bjumu jebkur\u0101 diennakts laik\u0101 un izbaudiet t\u0101 efekt\u012bv\u0101s atjaunojo\u0161\u0101s \u012bpa\u0161\u012bbas.<\/p>\n<p>&nbsp;<\/p>\n<p>Lietojot uz \u0101das, mais\u012bjums var rad\u012bt atv\u0113sino\u0161u saj\u016btu, jo taj\u0101 ir daudz mentola.<br \/>\nLietojot mas\u0101\u017eai, frakcion\u0113ta kokosriekstu e\u013c\u013ca k\u013c\u016bst par nomierino\u0161u pamatu.<br \/>\nNeaizst\u0101jams l\u012bdzeklis p\u0113c treni\u0146a, kas pal\u012bdz\u0113s jums atsvaidzin\u0101ties.<br \/>\nM\u0113tru \u0113terisko e\u013c\u013cu augu sint\u0113ze, kas b\u016bs vitalit\u0101tes dzirksts jebkur\u0101 diennakts laik\u0101.<\/p>\n","protected":false},"excerpt":{"rendered":"<ul>\n<li>SuperMint Touch nomierina \u0101du p\u0113c garas dienas saul\u0113.<br \/>\nLietojiet SuperMint Touch pirms ilgsto\u0161as akt\u012bvas darb\u012bbas &#8211; \u0161is mais\u012bjums pal\u012bdz\u0113s nodro\u0161in\u0101t skaidru pr\u0101tu un stiprin\u0101t iztur\u012bbu.<\/li>\n<li>Lietojiet nomierino\u0161ai, atv\u0113sino\u0161ai mas\u0101\u017eai un baudiet atsvaidzino\u0161u saj\u016btu p\u0113c treni\u0146a. Uzkl\u0101jiet uz viet\u0101m, kur\u0101s rodas puls\u0101cija, un izbaudiet uzmundrino\u0161o un ener\u0123iju pie\u0161\u0137iro\u0161o arom\u0101tu.<\/li>\n<li>Uzkl\u0101jiet uz v\u0113lamaj\u0101m viet\u0101m. Lai samazin\u0101tu iesp\u0113jamo \u0101das jut\u012bgumu, at\u0161\u0137aidiet ar b\u0101zes e\u013c\u013cu.<\/li>\n<\/ul>\n","protected":false},"featured_media":16642,"template":"","meta":{"site-sidebar-layout":"default","site-content-layout":"","ast-site-content-layout":"default","site-content-style":"default","site-sidebar-style":"default","ast-global-header-display":"","ast-banner-title-visibility":"","ast-main-header-display":"","ast-hfb-above-header-display":"","ast-hfb-below-header-display":"","ast-hfb-mobile-header-display":"","site-post-title":"","ast-breadcrumbs-content":"","ast-featured-img":"","footer-sml-layout":"","ast-disable-related-posts":"","theme-transparent-header-meta":"","adv-header-id-meta":"","stick-header-meta":"","header-above-stick-meta":"","header-main-stick-meta":"","header-below-stick-meta":"","astra-migrate-meta-layouts":"set","ast-page-background-enabled":"default","ast-page-background-meta":{"desktop":{"background-color":"","background-image":"","background-repeat":"repeat","background-position":"center center","background-size":"auto","background-attachment":"scroll","background-type":"","background-media":"","overlay-type":"","overlay-color":"","overlay-opacity":"","overlay-gradient":""},"tablet":{"background-color":"","background-image":"","background-repeat":"repeat","background-position":"center center","background-size":"auto","background-attachment":"scroll","background-type":"","background-media":"","overlay-type":"","overlay-color":"","overlay-opacity":"","overlay-gradient":""},"mobile":{"background-color":"","background-image":"","background-repeat":"repeat","background-position":"center center","background-size":"auto","background-attachment":"scroll","background-type":"","background-media":"","overlay-type":"","overlay-color":"","overlay-opacity":"","overlay-gradient":""}},"ast-content-background-meta":{"desktop":{"background-color":"var(--ast-global-color-5)","background-image":"","background-repeat":"repeat","background-position":"center center","background-size":"auto","background-attachment":"scroll","background-type":"","background-media":"","overlay-type":"","overlay-color":"","overlay-opacity":"","overlay-gradient":""},"tablet":{"background-color":"var(--ast-global-color-5)","background-image":"","background-repeat":"repeat","background-position":"center center","background-size":"auto","background-attachment":"scroll","background-type":"","background-media":"","overlay-type":"","overlay-color":"","overlay-opacity":"","overlay-gradient":""},"mobile":{"background-color":"var(--ast-global-color-5)","background-image":"","background-repeat":"repeat","background-position":"center center","background-size":"auto","background-attachment":"scroll","background-type":"","background-media":"","overlay-type":"","overlay-color":"","overlay-opacity":"","overlay-gradient":""}}},"product_brand":[],"product_cat":[600,601,620,611],"product_tag":[631,632,1435],"class_list":{"0":"post-16617","1":"product","2":"type-product","3":"status-publish","4":"has-post-thumbnail","6":"product_cat-eteriskas-ellas","7":"product_cat-eterisko-ellu-maisijumi","8":"product_cat-gremosanai","9":"product_cat-koncentresanas","10":"product_tag-eteriskas-ellas","11":"product_tag-eterisko-ellu-maisijumi","12":"product_tag-supermint-supermint-touch-lv","13":"desktop-align-left","14":"tablet-align-left","15":"mobile-align-left","17":"first","18":"instock","19":"taxable","20":"shipping-taxable","21":"product-type-simple"},"_links":{"self":[{"href":"https:\/\/mamaterra.lt\/lv\/wp-json\/wp\/v2\/product\/16617","targetHints":{"allow":["GET"]}}],"collection":[{"href":"https:\/\/mamaterra.lt\/lv\/wp-json\/wp\/v2\/product"}],"about":[{"href":"https:\/\/mamaterra.lt\/lv\/wp-json\/wp\/v2\/types\/product"}],"wp:featuredmedia":[{"embeddable":true,"href":"https:\/\/mamaterra.lt\/lv\/wp-json\/wp\/v2\/media\/16642"}],"wp:attachment":[{"href":"https:\/\/mamaterra.lt\/lv\/wp-json\/wp\/v2\/media?parent=16617"}],"wp:term":[{"taxonomy":"product_brand","embeddable":true,"href":"https:\/\/mamaterra.lt\/lv\/wp-json\/wp\/v2\/product_brand?post=16617"},{"taxonomy":"product_cat","embeddable":true,"href":"https:\/\/mamaterra.lt\/lv\/wp-json\/wp\/v2\/product_cat?post=16617"},{"taxonomy":"product_tag","embeddable":true,"href":"https:\/\/mamaterra.lt\/lv\/wp-json\/wp\/v2\/product_tag?post=16617"}],"curies":[{"name":"wp","href":"https:\/\/api.w.org\/{rel}","templated":true}]}}