{"id":16581,"date":"2021-04-18T16:08:51","date_gmt":"2021-04-18T15:08:51","guid":{"rendered":"https:\/\/mamaterra.lt\/parduotuve\/uncategorized\/thuja-arborvitae-tira-doterra-eteriska-ella-5ml\/"},"modified":"2021-04-18T16:08:51","modified_gmt":"2021-04-18T15:08:51","slug":"thuja-arbovitae-doterra-pure-essential-oil-5ml","status":"publish","type":"product","link":"https:\/\/mamaterra.lt\/lv\/parduotuve\/eteriskas-ellas\/tiras-eteriskas-ellas\/thuja-arbovitae-doterra-pure-essential-oil-5ml\/","title":{"rendered":"Thuja (ARBORVITAE) T\u012bra doTERRA \u0113terisk\u0101 e\u013c\u013ca 5ml"},"content":{"rendered":"<p><strong>Thuja (ARBORVITAE) T\u012bra doTERRA \u0113terisk\u0101 e\u013c\u013ca<\/strong><\/p>\n<p>Thuja plicata | 5ml<\/p>\n<p>&nbsp;<\/p>\n<p><strong>Thuja (ARBORVITAE) t\u012bras doTERRA \u0113terisk\u0101s e\u013c\u013cas apraksts:<\/strong><\/p>\n<p>Tujai, ko sauc par dz\u012bv\u012bbas koku, ir iespaid\u012bgs izm\u0113rs, un to izce\u013cas ar noder\u012bgu \u012bpa\u0161\u012bbu p\u0101rpiln\u012bbu.<\/p>\n<ul>\n<li>Uztur \u0101du t\u012bru un vesel\u012bgu izskatu<\/li>\n<li>Att\u012bro\u0161s l\u012bdzeklis<\/li>\n<li>Nomierino\u0161s arom\u0101ts<\/li>\n<\/ul>\n<p>&nbsp;<\/p>\n<p>Vair\u0101k inform\u0101cijas par <strong>t\u016bjas (ARBORVITAE) <\/strong><strong>doTERRA \u0113terisko e\u013c\u013cu<\/strong><strong> <\/strong>J\u016bs atrad\u012bsit t\u0101l\u0101k redzamaj\u0101 <strong>videoklip\u0101<\/strong> .<\/p>\n<p><iframe title=\"Arborvitae e\u013c\u013ca: ieguvumi un lietojumi no  \" src=\"https:\/\/www.youtube.com\/embed\/xkhOHynwSOM\" width=\"853\" height=\"480\" frameborder=\"0\" allowfullscreen=\"allowfullscreen\"><\/iframe><\/p>\n","protected":false},"excerpt":{"rendered":"<ul>\n<li>Uztur \u0101du t\u012bru un vesel\u012bgu izskatu<\/li>\n<li>Att\u012bro\u0161s l\u012bdzeklis<\/li>\n<li>Nomierino\u0161s arom\u0101ts<\/li>\n<\/ul>\n","protected":false},"featured_media":11640,"template":"","meta":{"site-sidebar-layout":"default","site-content-layout":"default","ast-site-content-layout":"default","site-content-style":"default","site-sidebar-style":"default","ast-global-header-display":"","ast-banner-title-visibility":"","ast-main-header-display":"","ast-hfb-above-header-display":"","ast-hfb-below-header-display":"","ast-hfb-mobile-header-display":"","site-post-title":"","ast-breadcrumbs-content":"","ast-featured-img":"","footer-sml-layout":"","ast-disable-related-posts":"","theme-transparent-header-meta":"default","adv-header-id-meta":"","stick-header-meta":"","header-above-stick-meta":"","header-main-stick-meta":"","header-below-stick-meta":"","astra-migrate-meta-layouts":"default","ast-page-background-enabled":"default","ast-page-background-meta":{"desktop":{"background-color":"","background-image":"","background-repeat":"repeat","background-position":"center center","background-size":"auto","background-attachment":"scroll","background-type":"","background-media":"","overlay-type":"","overlay-color":"","overlay-opacity":"","overlay-gradient":""},"tablet":{"background-color":"","background-image":"","background-repeat":"repeat","background-position":"center center","background-size":"auto","background-attachment":"scroll","background-type":"","background-media":"","overlay-type":"","overlay-color":"","overlay-opacity":"","overlay-gradient":""},"mobile":{"background-color":"","background-image":"","background-repeat":"repeat","background-position":"center center","background-size":"auto","background-attachment":"scroll","background-type":"","background-media":"","overlay-type":"","overlay-color":"","overlay-opacity":"","overlay-gradient":""}},"ast-content-background-meta":{"desktop":{"background-color":"var(--ast-global-color-5)","background-image":"","background-repeat":"repeat","background-position":"center center","background-size":"auto","background-attachment":"scroll","background-type":"","background-media":"","overlay-type":"","overlay-color":"","overlay-opacity":"","overlay-gradient":""},"tablet":{"background-color":"var(--ast-global-color-5)","background-image":"","background-repeat":"repeat","background-position":"center center","background-size":"auto","background-attachment":"scroll","background-type":"","background-media":"","overlay-type":"","overlay-color":"","overlay-opacity":"","overlay-gradient":""},"mobile":{"background-color":"var(--ast-global-color-5)","background-image":"","background-repeat":"repeat","background-position":"center center","background-size":"auto","background-attachment":"scroll","background-type":"","background-media":"","overlay-type":"","overlay-color":"","overlay-opacity":"","overlay-gradient":""}}},"product_brand":[],"product_cat":[600,602],"product_tag":[677,1374,631],"class_list":{"0":"post-16581","1":"product","2":"type-product","3":"status-publish","4":"has-post-thumbnail","6":"product_cat-eteriskas-ellas","7":"product_cat-tiras-eteriskas-ellas","8":"product_tag-5-ml-lv","9":"product_tag-arborvitae-lv","10":"product_tag-eteriskas-ellas","11":"desktop-align-left","12":"tablet-align-left","13":"mobile-align-left","15":"first","16":"instock","17":"taxable","18":"shipping-taxable","19":"purchasable","20":"product-type-simple"},"_links":{"self":[{"href":"https:\/\/mamaterra.lt\/lv\/wp-json\/wp\/v2\/product\/16581","targetHints":{"allow":["GET"]}}],"collection":[{"href":"https:\/\/mamaterra.lt\/lv\/wp-json\/wp\/v2\/product"}],"about":[{"href":"https:\/\/mamaterra.lt\/lv\/wp-json\/wp\/v2\/types\/product"}],"wp:featuredmedia":[{"embeddable":true,"href":"https:\/\/mamaterra.lt\/lv\/wp-json\/wp\/v2\/media\/11640"}],"wp:attachment":[{"href":"https:\/\/mamaterra.lt\/lv\/wp-json\/wp\/v2\/media?parent=16581"}],"wp:term":[{"taxonomy":"product_brand","embeddable":true,"href":"https:\/\/mamaterra.lt\/lv\/wp-json\/wp\/v2\/product_brand?post=16581"},{"taxonomy":"product_cat","embeddable":true,"href":"https:\/\/mamaterra.lt\/lv\/wp-json\/wp\/v2\/product_cat?post=16581"},{"taxonomy":"product_tag","embeddable":true,"href":"https:\/\/mamaterra.lt\/lv\/wp-json\/wp\/v2\/product_tag?post=16581"}],"curies":[{"name":"wp","href":"https:\/\/api.w.org\/{rel}","templated":true}]}}