{"id":16575,"date":"2021-04-18T16:31:35","date_gmt":"2021-04-18T15:31:35","guid":{"rendered":"https:\/\/mamaterra.lt\/parduotuve\/uncategorized\/citronella-pure-doterra-eteriska-ella-15ml\/"},"modified":"2021-04-18T16:31:35","modified_gmt":"2021-04-18T15:31:35","slug":"citronella-pure-doterra-essential-oil-15ml","status":"publish","type":"product","link":"https:\/\/mamaterra.lt\/lv\/parduotuve\/eteriskas-ellas\/tiras-eteriskas-ellas\/citronella-pure-doterra-essential-oil-15ml\/","title":{"rendered":"CITRONELLA Pure doTERRA \u0113terisk\u0101 e\u013c\u013ca 15ml"},"content":{"rendered":"<p><strong>CITRONELLA Pure doTERRA \u0113terisk\u0101 e\u013c\u013ca<\/strong><\/p>\n<p>Cymbopogon winterianus | 15ml<\/p>\n<p>&nbsp;<\/p>\n<p><strong>CITRONELLA Pure doTERRA \u0113terisk\u0101s e\u013c\u013cas apraksts:<\/strong><\/p>\n<p>Apreibino\u0161\u0101s citronz\u0101les \u0113teriskajai e\u013c\u013cai, kas ieg\u016bta no \u0100zij\u0101 augo\u0161as garas z\u0101les lap\u0101m, ir izteikts atsvaidzino\u0161s arom\u0101ts. Tas ir lielisks r\u012bks kempingam, dodoties p\u0101rg\u0101jien\u0101 vai iesaistoties cit\u0101s aktivit\u0101t\u0113s, kuru laik\u0101 j\u016bs izbaud\u0101t dabas skaistumu.<\/p>\n<ul>\n<li>Paz\u012bstams ar priec\u012bgu un pozit\u012bvu j\u016btu izrais\u012b\u0161anu<\/li>\n<li>Var pal\u012bdz\u0113t uztur\u0113t \u0101das t\u012br\u012bbu<\/li>\n<li>Nomierina \u0137ermeni un galvas \u0101du<\/li>\n<li>Ir t\u012br\u012b\u0161anas \u012bpa\u0161\u012bbas<\/li>\n<\/ul>\n<p>&nbsp;<\/p>\n<p>Vair\u0101k inform\u0101cijas par<strong> \u0113terisko e\u013c\u013cu doTERRA CITRONELLA<\/strong><strong><\/strong><strong> <\/strong>J\u016bs atrad\u012bsit t\u0101l\u0101k redzamaj\u0101 <strong>videoklip\u0101<\/strong> .<\/p>\n<p><iframe title=\"doTERRA citronella\" src=\"https:\/\/www.youtube.com\/embed\/SGO0QIgErsw\" width=\"853\" height=\"480\" frameborder=\"0\" allowfullscreen=\"allowfullscreen\"><\/iframe><\/p>\n","protected":false},"excerpt":{"rendered":"<ul>\n<li>Paz\u012bstams ar priec\u012bgu un pozit\u012bvu j\u016btu izrais\u012b\u0161anu<\/li>\n<li>Var pal\u012bdz\u0113t uztur\u0113t \u0101das t\u012br\u012bbu<\/li>\n<li>Nomierina \u0137ermeni un galvas \u0101du<\/li>\n<li>Ir t\u012br\u012b\u0161anas \u012bpa\u0161\u012bbas<\/li>\n<\/ul>\n","protected":false},"featured_media":11601,"template":"","meta":{"site-sidebar-layout":"default","site-content-layout":"default","ast-site-content-layout":"default","site-content-style":"default","site-sidebar-style":"default","ast-global-header-display":"","ast-banner-title-visibility":"","ast-main-header-display":"","ast-hfb-above-header-display":"","ast-hfb-below-header-display":"","ast-hfb-mobile-header-display":"","site-post-title":"","ast-breadcrumbs-content":"","ast-featured-img":"","footer-sml-layout":"","ast-disable-related-posts":"","theme-transparent-header-meta":"default","adv-header-id-meta":"","stick-header-meta":"","header-above-stick-meta":"","header-main-stick-meta":"","header-below-stick-meta":"","astra-migrate-meta-layouts":"default","ast-page-background-enabled":"default","ast-page-background-meta":{"desktop":{"background-color":"","background-image":"","background-repeat":"repeat","background-position":"center center","background-size":"auto","background-attachment":"scroll","background-type":"","background-media":"","overlay-type":"","overlay-color":"","overlay-opacity":"","overlay-gradient":""},"tablet":{"background-color":"","background-image":"","background-repeat":"repeat","background-position":"center center","background-size":"auto","background-attachment":"scroll","background-type":"","background-media":"","overlay-type":"","overlay-color":"","overlay-opacity":"","overlay-gradient":""},"mobile":{"background-color":"","background-image":"","background-repeat":"repeat","background-position":"center center","background-size":"auto","background-attachment":"scroll","background-type":"","background-media":"","overlay-type":"","overlay-color":"","overlay-opacity":"","overlay-gradient":""}},"ast-content-background-meta":{"desktop":{"background-color":"var(--ast-global-color-5)","background-image":"","background-repeat":"repeat","background-position":"center center","background-size":"auto","background-attachment":"scroll","background-type":"","background-media":"","overlay-type":"","overlay-color":"","overlay-opacity":"","overlay-gradient":""},"tablet":{"background-color":"var(--ast-global-color-5)","background-image":"","background-repeat":"repeat","background-position":"center center","background-size":"auto","background-attachment":"scroll","background-type":"","background-media":"","overlay-type":"","overlay-color":"","overlay-opacity":"","overlay-gradient":""},"mobile":{"background-color":"var(--ast-global-color-5)","background-image":"","background-repeat":"repeat","background-position":"center center","background-size":"auto","background-attachment":"scroll","background-type":"","background-media":"","overlay-type":"","overlay-color":"","overlay-opacity":"","overlay-gradient":""}}},"product_brand":[],"product_cat":[600,617,615,602],"product_tag":[676,1291,631],"class_list":{"0":"post-16575","1":"product","2":"type-product","3":"status-publish","4":"has-post-thumbnail","6":"product_cat-eteriskas-ellas","7":"product_cat-gaisa-attirisana","8":"product_cat-no-odiem-un-ercem","9":"product_cat-tiras-eteriskas-ellas","10":"product_tag-15-ml-lv","11":"product_tag-citronella-lv","12":"product_tag-eteriskas-ellas","13":"desktop-align-left","14":"tablet-align-left","15":"mobile-align-left","17":"first","18":"instock","19":"taxable","20":"shipping-taxable","21":"purchasable","22":"product-type-simple"},"_links":{"self":[{"href":"https:\/\/mamaterra.lt\/lv\/wp-json\/wp\/v2\/product\/16575","targetHints":{"allow":["GET"]}}],"collection":[{"href":"https:\/\/mamaterra.lt\/lv\/wp-json\/wp\/v2\/product"}],"about":[{"href":"https:\/\/mamaterra.lt\/lv\/wp-json\/wp\/v2\/types\/product"}],"wp:featuredmedia":[{"embeddable":true,"href":"https:\/\/mamaterra.lt\/lv\/wp-json\/wp\/v2\/media\/11601"}],"wp:attachment":[{"href":"https:\/\/mamaterra.lt\/lv\/wp-json\/wp\/v2\/media?parent=16575"}],"wp:term":[{"taxonomy":"product_brand","embeddable":true,"href":"https:\/\/mamaterra.lt\/lv\/wp-json\/wp\/v2\/product_brand?post=16575"},{"taxonomy":"product_cat","embeddable":true,"href":"https:\/\/mamaterra.lt\/lv\/wp-json\/wp\/v2\/product_cat?post=16575"},{"taxonomy":"product_tag","embeddable":true,"href":"https:\/\/mamaterra.lt\/lv\/wp-json\/wp\/v2\/product_tag?post=16575"}],"curies":[{"name":"wp","href":"https:\/\/api.w.org\/{rel}","templated":true}]}}