{"id":16573,"date":"2021-04-18T16:24:22","date_gmt":"2021-04-18T15:24:22","guid":{"rendered":"https:\/\/mamaterra.lt\/parduotuve\/uncategorized\/bergamot-pure-doterra-eteriska-ella-15ml\/"},"modified":"2021-04-18T16:24:22","modified_gmt":"2021-04-18T15:24:22","slug":"bergamot-pure-doterra-essential-oil-15ml","status":"publish","type":"product","link":"https:\/\/mamaterra.lt\/lv\/parduotuve\/eteriskas-ellas\/tiras-eteriskas-ellas\/bergamot-pure-doterra-essential-oil-15ml\/","title":{"rendered":"BERGAMOT Pure doTERRA \u0113terisk\u0101 e\u013c\u013ca 15ml"},"content":{"rendered":"<p><strong>BERGAMOT Pure doTERRA \u0113terisk\u0101 e\u013c\u013ca<\/strong><\/p>\n<p>Citrus bergamia | 15ml<\/p>\n<p>&nbsp;<\/p>\n<p><strong>BERGAMOT Pure doTERRA \u0113terisk\u0101s e\u013c\u013cas apraksts:<\/strong><\/p>\n<p>Bergamotes \u0113terisk\u0101 e\u013c\u013ca, kas nospiesta no bergamotes aug\u013cu miz\u0101m aukstum\u0101, ir unik\u0101la citrusaug\u013cu e\u013c\u013cu vid\u016b.<\/p>\n<ul>\n<li style=\"list-style-type: none;\">\n<ul>\n<li>Nomierino\u0161s un relaks\u0113jo\u0161s arom\u0101ts<\/li>\n<li>Bergamotes \u0113terisko e\u013c\u013cu bie\u017ei izmanto mas\u0101\u017eai, jo tai ir nomierino\u0161a iedarb\u012bba<\/li>\n<li>Uzkl\u0101jiet uz \u0101das, ejot du\u0161\u0101, un izbaudiet att\u012bro\u0161o iedarb\u012bbu uz \u0101du<\/li>\n<\/ul>\n<\/li>\n<\/ul>\n<p>&nbsp;<\/p>\n<p>Vair\u0101k inform\u0101cijas par <strong>BERGAMOT <\/strong><strong>doTERRA \u0113terisko e\u013c\u013cu<\/strong><strong> <\/strong>J\u016bs atrad\u012bsit t\u0101l\u0101k redzamaj\u0101 <strong>videoklip\u0101<\/strong> .<\/p>\n<p><iframe title=\"doTERRA bergamotes \u0113terisk\u0101 e\u013c\u013ca\" src=\"https:\/\/www.youtube.com\/embed\/OdVXDA9-T2w\" width=\"853\" height=\"480\" frameborder=\"0\" allowfullscreen=\"allowfullscreen\"><\/iframe><\/p>\n","protected":false},"excerpt":{"rendered":"<ul>\n<li>Nomierino\u0161s un relaks\u0113jo\u0161s arom\u0101ts<\/li>\n<li>Bergamotes \u0113terisko e\u013c\u013cu bie\u017ei izmanto mas\u0101\u017eai, jo tai ir nomierino\u0161a iedarb\u012bba<\/li>\n<li>Uzkl\u0101jiet uz \u0101das, ejot du\u0161\u0101, un izbaudiet att\u012bro\u0161o iedarb\u012bbu uz \u0101du<\/li>\n<\/ul>\n","protected":false},"featured_media":11573,"template":"","meta":{"site-sidebar-layout":"default","site-content-layout":"default","ast-site-content-layout":"default","site-content-style":"default","site-sidebar-style":"default","ast-global-header-display":"","ast-banner-title-visibility":"","ast-main-header-display":"","ast-hfb-above-header-display":"","ast-hfb-below-header-display":"","ast-hfb-mobile-header-display":"","site-post-title":"","ast-breadcrumbs-content":"","ast-featured-img":"","footer-sml-layout":"","ast-disable-related-posts":"","theme-transparent-header-meta":"default","adv-header-id-meta":"","stick-header-meta":"","header-above-stick-meta":"","header-main-stick-meta":"","header-below-stick-meta":"","astra-migrate-meta-layouts":"default","ast-page-background-enabled":"default","ast-page-background-meta":{"desktop":{"background-color":"","background-image":"","background-repeat":"repeat","background-position":"center center","background-size":"auto","background-attachment":"scroll","background-type":"","background-media":"","overlay-type":"","overlay-color":"","overlay-opacity":"","overlay-gradient":""},"tablet":{"background-color":"","background-image":"","background-repeat":"repeat","background-position":"center center","background-size":"auto","background-attachment":"scroll","background-type":"","background-media":"","overlay-type":"","overlay-color":"","overlay-opacity":"","overlay-gradient":""},"mobile":{"background-color":"","background-image":"","background-repeat":"repeat","background-position":"center center","background-size":"auto","background-attachment":"scroll","background-type":"","background-media":"","overlay-type":"","overlay-color":"","overlay-opacity":"","overlay-gradient":""}},"ast-content-background-meta":{"desktop":{"background-color":"var(--ast-global-color-5)","background-image":"","background-repeat":"repeat","background-position":"center center","background-size":"auto","background-attachment":"scroll","background-type":"","background-media":"","overlay-type":"","overlay-color":"","overlay-opacity":"","overlay-gradient":""},"tablet":{"background-color":"var(--ast-global-color-5)","background-image":"","background-repeat":"repeat","background-position":"center center","background-size":"auto","background-attachment":"scroll","background-type":"","background-media":"","overlay-type":"","overlay-color":"","overlay-opacity":"","overlay-gradient":""},"mobile":{"background-color":"var(--ast-global-color-5)","background-image":"","background-repeat":"repeat","background-position":"center center","background-size":"auto","background-attachment":"scroll","background-type":"","background-media":"","overlay-type":"","overlay-color":"","overlay-opacity":"","overlay-gradient":""}}},"product_brand":[],"product_cat":[600,613,618,602],"product_tag":[676,1391,631],"class_list":{"0":"post-16573","1":"product","2":"type-product","3":"status-publish","4":"has-post-thumbnail","6":"product_cat-eteriskas-ellas","7":"product_cat-miegam","8":"product_cat-nomierinosas","9":"product_cat-tiras-eteriskas-ellas","10":"product_tag-15-ml-lv","11":"product_tag-bergamot-lv","12":"product_tag-eteriskas-ellas","13":"desktop-align-left","14":"tablet-align-left","15":"mobile-align-left","17":"first","18":"instock","19":"sale","20":"taxable","21":"shipping-taxable","22":"purchasable","23":"product-type-simple"},"_links":{"self":[{"href":"https:\/\/mamaterra.lt\/lv\/wp-json\/wp\/v2\/product\/16573","targetHints":{"allow":["GET"]}}],"collection":[{"href":"https:\/\/mamaterra.lt\/lv\/wp-json\/wp\/v2\/product"}],"about":[{"href":"https:\/\/mamaterra.lt\/lv\/wp-json\/wp\/v2\/types\/product"}],"wp:featuredmedia":[{"embeddable":true,"href":"https:\/\/mamaterra.lt\/lv\/wp-json\/wp\/v2\/media\/11573"}],"wp:attachment":[{"href":"https:\/\/mamaterra.lt\/lv\/wp-json\/wp\/v2\/media?parent=16573"}],"wp:term":[{"taxonomy":"product_brand","embeddable":true,"href":"https:\/\/mamaterra.lt\/lv\/wp-json\/wp\/v2\/product_brand?post=16573"},{"taxonomy":"product_cat","embeddable":true,"href":"https:\/\/mamaterra.lt\/lv\/wp-json\/wp\/v2\/product_cat?post=16573"},{"taxonomy":"product_tag","embeddable":true,"href":"https:\/\/mamaterra.lt\/lv\/wp-json\/wp\/v2\/product_tag?post=16573"}],"curies":[{"name":"wp","href":"https:\/\/api.w.org\/{rel}","templated":true}]}}