{"id":16569,"date":"2021-04-18T16:33:11","date_gmt":"2021-04-18T15:33:11","guid":{"rendered":"https:\/\/mamaterra.lt\/parduotuve\/uncategorized\/clove-pure-doterra-eteriska-ella-15ml\/"},"modified":"2023-01-01T00:00:07","modified_gmt":"2022-12-31T23:00:07","slug":"krustnaglina-tira-doterra-eteriska-ella-15ml","status":"publish","type":"product","link":"https:\/\/mamaterra.lt\/lv\/parduotuve\/eteriskas-ellas\/tiras-eteriskas-ellas\/krustnaglina-tira-doterra-eteriska-ella-15ml\/","title":{"rendered":"CLOVE Pure doTERRA \u0113terisk\u0101 e\u013c\u013ca 15ml"},"content":{"rendered":"<p><strong>KRUSTNAGLI\u0145A Pure doTERRA \u0113terisk\u0101 e\u013c\u013ca<\/strong><\/p>\n<p>Eugenia caryophyllata | 15ml<\/p>\n<p>&nbsp;<\/p>\n<p><strong>CLOVE Pure doTERRA \u0113terisk\u0101s e\u013c\u013cas apraksts:<\/strong><\/p>\n<p>Krustnagli\u0146\u0101m, kas ir labi paz\u012bstamas k\u0101 popul\u0101ras p\u0101rtikas gar\u0161vielas, ir daudz v\u0113rt\u012bgu lietojumu.<\/p>\n<ul>\n<li>Atbalsta zobu un smaganu vesel\u012bbu<\/li>\n<li>Bie\u017ei izmanto k\u0101 p\u0101rtikas gar\u0161vielas<\/li>\n<li>Tvaic\u0113jiet, kad v\u0113laties siltu stimul\u0113jo\u0161u arom\u0101tu<\/li>\n<\/ul>\n<p>&nbsp;<\/p>\n<p>Vair\u0101k par<strong> KRUSTNAGLI\u0145U <\/strong><strong>doTERRA<\/strong><strong> <\/strong>J\u016bs atrad\u012bsit t\u0101l\u0101k redzamaj\u0101 <strong>videoklip\u0101<\/strong> .<\/p>\n<p><iframe title=\"doTERRA krustnagli\u0146a (15ml)\" src=\"https:\/\/www.youtube.com\/embed\/bU6gEQzkLT4\" width=\"853\" height=\"480\" frameborder=\"0\" allowfullscreen=\"allowfullscreen\"><\/iframe><\/p>\n","protected":false},"excerpt":{"rendered":"<ul>\n<li>Atbalsta zobu un smaganu vesel\u012bbu<\/li>\n<li>Bie\u017ei izmanto k\u0101 p\u0101rtikas gar\u0161vielas<\/li>\n<li>Tvaic\u0113jiet, kad v\u0113laties siltu stimul\u0113jo\u0161u arom\u0101tu<\/li>\n<\/ul>\n","protected":false},"featured_media":11532,"template":"","meta":{"site-sidebar-layout":"default","site-content-layout":"default","ast-site-content-layout":"default","site-content-style":"default","site-sidebar-style":"default","ast-global-header-display":"","ast-banner-title-visibility":"","ast-main-header-display":"","ast-hfb-above-header-display":"","ast-hfb-below-header-display":"","ast-hfb-mobile-header-display":"","site-post-title":"","ast-breadcrumbs-content":"","ast-featured-img":"","footer-sml-layout":"","ast-disable-related-posts":"","theme-transparent-header-meta":"default","adv-header-id-meta":"","stick-header-meta":"","header-above-stick-meta":"","header-main-stick-meta":"","header-below-stick-meta":"","astra-migrate-meta-layouts":"default","ast-page-background-enabled":"default","ast-page-background-meta":{"desktop":{"background-color":"","background-image":"","background-repeat":"repeat","background-position":"center center","background-size":"auto","background-attachment":"scroll","background-type":"","background-media":"","overlay-type":"","overlay-color":"","overlay-opacity":"","overlay-gradient":""},"tablet":{"background-color":"","background-image":"","background-repeat":"repeat","background-position":"center center","background-size":"auto","background-attachment":"scroll","background-type":"","background-media":"","overlay-type":"","overlay-color":"","overlay-opacity":"","overlay-gradient":""},"mobile":{"background-color":"","background-image":"","background-repeat":"repeat","background-position":"center center","background-size":"auto","background-attachment":"scroll","background-type":"","background-media":"","overlay-type":"","overlay-color":"","overlay-opacity":"","overlay-gradient":""}},"ast-content-background-meta":{"desktop":{"background-color":"var(--ast-global-color-5)","background-image":"","background-repeat":"repeat","background-position":"center center","background-size":"auto","background-attachment":"scroll","background-type":"","background-media":"","overlay-type":"","overlay-color":"","overlay-opacity":"","overlay-gradient":""},"tablet":{"background-color":"var(--ast-global-color-5)","background-image":"","background-repeat":"repeat","background-position":"center center","background-size":"auto","background-attachment":"scroll","background-type":"","background-media":"","overlay-type":"","overlay-color":"","overlay-opacity":"","overlay-gradient":""},"mobile":{"background-color":"var(--ast-global-color-5)","background-image":"","background-repeat":"repeat","background-position":"center center","background-size":"auto","background-attachment":"scroll","background-type":"","background-media":"","overlay-type":"","overlay-color":"","overlay-opacity":"","overlay-gradient":""}}},"product_brand":[],"product_cat":[600,617,620,615,602],"product_tag":[676,1237,631],"class_list":{"0":"post-16569","1":"product","2":"type-product","3":"status-publish","4":"has-post-thumbnail","6":"product_cat-eteriskas-ellas","7":"product_cat-gaisa-attirisana","8":"product_cat-gremosanai","9":"product_cat-no-odiem-un-ercem","10":"product_cat-tiras-eteriskas-ellas","11":"product_tag-15-ml-lv","12":"product_tag-clove-lv","13":"product_tag-eteriskas-ellas","14":"desktop-align-left","15":"tablet-align-left","16":"mobile-align-left","18":"first","19":"instock","20":"sale","21":"taxable","22":"shipping-taxable","23":"purchasable","24":"product-type-simple"},"_links":{"self":[{"href":"https:\/\/mamaterra.lt\/lv\/wp-json\/wp\/v2\/product\/16569","targetHints":{"allow":["GET"]}}],"collection":[{"href":"https:\/\/mamaterra.lt\/lv\/wp-json\/wp\/v2\/product"}],"about":[{"href":"https:\/\/mamaterra.lt\/lv\/wp-json\/wp\/v2\/types\/product"}],"wp:featuredmedia":[{"embeddable":true,"href":"https:\/\/mamaterra.lt\/lv\/wp-json\/wp\/v2\/media\/11532"}],"wp:attachment":[{"href":"https:\/\/mamaterra.lt\/lv\/wp-json\/wp\/v2\/media?parent=16569"}],"wp:term":[{"taxonomy":"product_brand","embeddable":true,"href":"https:\/\/mamaterra.lt\/lv\/wp-json\/wp\/v2\/product_brand?post=16569"},{"taxonomy":"product_cat","embeddable":true,"href":"https:\/\/mamaterra.lt\/lv\/wp-json\/wp\/v2\/product_cat?post=16569"},{"taxonomy":"product_tag","embeddable":true,"href":"https:\/\/mamaterra.lt\/lv\/wp-json\/wp\/v2\/product_tag?post=16569"}],"curies":[{"name":"wp","href":"https:\/\/api.w.org\/{rel}","templated":true}]}}