{"id":16563,"date":"2021-04-18T16:26:54","date_gmt":"2021-04-18T15:26:54","guid":{"rendered":"https:\/\/mamaterra.lt\/parduotuve\/uncategorized\/black-spruce-pure-doterra-eteriska-ella-5ml\/"},"modified":"2021-04-18T16:26:54","modified_gmt":"2021-04-18T15:26:54","slug":"melna-egle-pure-doterra-essential-oil-5ml","status":"publish","type":"product","link":"https:\/\/mamaterra.lt\/lv\/parduotuve\/eteriskas-ellas\/tiras-eteriskas-ellas\/melna-egle-pure-doterra-essential-oil-5ml\/","title":{"rendered":"BLACK SPRUCE Pure doTERRA \u0113terisk\u0101 e\u013c\u013ca 5ml"},"content":{"rendered":"<p><strong>BLACK SPRUCE Pure doTERRA \u0113terisk\u0101 e\u013c\u013ca<\/strong><\/p>\n<p>Picea mariana | 5ml<\/p>\n<p>&nbsp;<\/p>\n<p><strong>Essential Oil BLACK SPRUCE Pure doTERRA apraksts:<\/strong><\/p>\n<p>\u0160o sp\u0113c\u012bgo koka \u0113terisko e\u013c\u013cu izmantoja v\u0113l viet\u0113jie amerik\u0101\u0146i. Meln\u0101s egles \u0113terisk\u0101 e\u013c\u013ca pal\u012bdz\u0113ja vi\u0146iem lolot \u0101das skaistumu un bija v\u0113rt\u012bgs produkts vi\u0146u gar\u012bgajai dziedin\u0101\u0161anai un att\u012br\u012b\u0161anai.<\/p>\n<ul>\n<li>Nomierina \u0101du<\/li>\n<li>Augsts born\u012bta acet\u0101ta saturs sast\u0101v\u0101 veicina relaks\u0101cijas un miera saj\u016btu<\/li>\n<li>Nomierina nelielus \u0101das kairin\u0101jumus<\/li>\n<li>P\u0113c saspringta treni\u0146a mas\u0101\u017ea ar \u0161o e\u013c\u013cu nomierin\u0101s \u0101du un jut\u012bsies lab\u0101k<\/li>\n<\/ul>\n<p>&nbsp;<\/p>\n<p>Vair\u0101k par <strong>\u0113terisko e\u013c\u013cu BLACK SPRUCE <\/strong><strong>doTERRA<\/strong><strong> <\/strong>J\u016bs atrad\u012bsit t\u0101l\u0101k redzamaj\u0101 <strong>videoklip\u0101<\/strong> .<\/p>\n<p><iframe title=\"doTERRA Meln\u0101s egles \u0113terisko e\u013c\u013cu ieguve\" src=\"https:\/\/www.youtube.com\/embed\/yzjLeha1epo\" width=\"853\" height=\"480\" frameborder=\"0\" allowfullscreen=\"allowfullscreen\"><\/iframe><\/p>\n","protected":false},"excerpt":{"rendered":"<ul>\n<li>Nomierina \u0101du<\/li>\n<li>Augsts born\u012bta acet\u0101ta saturs sast\u0101v\u0101 veicina relaks\u0101cijas un miera saj\u016btu<\/li>\n<li>Nomierina nelielus \u0101das kairin\u0101jumus<\/li>\n<li>P\u0113c saspringta treni\u0146a mas\u0101\u017ea ar \u0161o e\u013c\u013cu nomierin\u0101s \u0101du un jut\u012bsies lab\u0101k<\/li>\n<\/ul>\n","protected":false},"featured_media":11525,"template":"","meta":{"site-sidebar-layout":"default","site-content-layout":"default","ast-site-content-layout":"default","site-content-style":"default","site-sidebar-style":"default","ast-global-header-display":"","ast-banner-title-visibility":"","ast-main-header-display":"","ast-hfb-above-header-display":"","ast-hfb-below-header-display":"","ast-hfb-mobile-header-display":"","site-post-title":"","ast-breadcrumbs-content":"","ast-featured-img":"","footer-sml-layout":"","ast-disable-related-posts":"","theme-transparent-header-meta":"default","adv-header-id-meta":"","stick-header-meta":"","header-above-stick-meta":"","header-main-stick-meta":"","header-below-stick-meta":"","astra-migrate-meta-layouts":"default","ast-page-background-enabled":"default","ast-page-background-meta":{"desktop":{"background-color":"","background-image":"","background-repeat":"repeat","background-position":"center center","background-size":"auto","background-attachment":"scroll","background-type":"","background-media":"","overlay-type":"","overlay-color":"","overlay-opacity":"","overlay-gradient":""},"tablet":{"background-color":"","background-image":"","background-repeat":"repeat","background-position":"center center","background-size":"auto","background-attachment":"scroll","background-type":"","background-media":"","overlay-type":"","overlay-color":"","overlay-opacity":"","overlay-gradient":""},"mobile":{"background-color":"","background-image":"","background-repeat":"repeat","background-position":"center center","background-size":"auto","background-attachment":"scroll","background-type":"","background-media":"","overlay-type":"","overlay-color":"","overlay-opacity":"","overlay-gradient":""}},"ast-content-background-meta":{"desktop":{"background-color":"var(--ast-global-color-5)","background-image":"","background-repeat":"repeat","background-position":"center center","background-size":"auto","background-attachment":"scroll","background-type":"","background-media":"","overlay-type":"","overlay-color":"","overlay-opacity":"","overlay-gradient":""},"tablet":{"background-color":"var(--ast-global-color-5)","background-image":"","background-repeat":"repeat","background-position":"center center","background-size":"auto","background-attachment":"scroll","background-type":"","background-media":"","overlay-type":"","overlay-color":"","overlay-opacity":"","overlay-gradient":""},"mobile":{"background-color":"var(--ast-global-color-5)","background-image":"","background-repeat":"repeat","background-position":"center center","background-size":"auto","background-attachment":"scroll","background-type":"","background-media":"","overlay-type":"","overlay-color":"","overlay-opacity":"","overlay-gradient":""}}},"product_brand":[],"product_cat":[600,617,612,618,602],"product_tag":[677,1345,631],"class_list":{"0":"post-16563","1":"product","2":"type-product","3":"status-publish","4":"has-post-thumbnail","6":"product_cat-eteriskas-ellas","7":"product_cat-gaisa-attirisana","8":"product_cat-masazai","9":"product_cat-nomierinosas","10":"product_cat-tiras-eteriskas-ellas","11":"product_tag-5-ml-lv","12":"product_tag-black-spruce-lv","13":"product_tag-eteriskas-ellas","14":"desktop-align-left","15":"tablet-align-left","16":"mobile-align-left","18":"first","19":"instock","20":"taxable","21":"shipping-taxable","22":"purchasable","23":"product-type-simple"},"_links":{"self":[{"href":"https:\/\/mamaterra.lt\/lv\/wp-json\/wp\/v2\/product\/16563","targetHints":{"allow":["GET"]}}],"collection":[{"href":"https:\/\/mamaterra.lt\/lv\/wp-json\/wp\/v2\/product"}],"about":[{"href":"https:\/\/mamaterra.lt\/lv\/wp-json\/wp\/v2\/types\/product"}],"wp:featuredmedia":[{"embeddable":true,"href":"https:\/\/mamaterra.lt\/lv\/wp-json\/wp\/v2\/media\/11525"}],"wp:attachment":[{"href":"https:\/\/mamaterra.lt\/lv\/wp-json\/wp\/v2\/media?parent=16563"}],"wp:term":[{"taxonomy":"product_brand","embeddable":true,"href":"https:\/\/mamaterra.lt\/lv\/wp-json\/wp\/v2\/product_brand?post=16563"},{"taxonomy":"product_cat","embeddable":true,"href":"https:\/\/mamaterra.lt\/lv\/wp-json\/wp\/v2\/product_cat?post=16563"},{"taxonomy":"product_tag","embeddable":true,"href":"https:\/\/mamaterra.lt\/lv\/wp-json\/wp\/v2\/product_tag?post=16563"}],"curies":[{"name":"wp","href":"https:\/\/api.w.org\/{rel}","templated":true}]}}