{"id":16562,"date":"2021-04-18T16:29:53","date_gmt":"2021-04-18T15:29:53","guid":{"rendered":"https:\/\/mamaterra.lt\/parduotuve\/uncategorized\/seleriju-seklas-tira-doterra-eteriska-ella-15ml\/"},"modified":"2021-04-18T16:29:53","modified_gmt":"2021-04-18T15:29:53","slug":"selerijas-seklas-tira-doterra-eteriska-ella-15ml","status":"publish","type":"product","link":"https:\/\/mamaterra.lt\/lv\/parduotuve\/eteriskas-ellas\/tiras-eteriskas-ellas\/selerijas-seklas-tira-doterra-eteriska-ella-15ml\/","title":{"rendered":"SELERIJU S\u0112KLAS T\u012bra doTERRA \u0113terisk\u0101 e\u013c\u013ca 15ml"},"content":{"rendered":"<p><strong>Selerijas S\u0112KLAS T\u012bra doTERRA \u0113terisk\u0101 e\u013c\u013ca<\/strong><\/p>\n<p>Apium graveolens | 15ml<\/p>\n<p>&nbsp;<\/p>\n<p><strong>SELERIJU S\u0112KLAS T\u012bra doTERRA \u0113terisk\u0101s e\u013c\u013cas apraksts un visp\u0101r\u012bg\u0101s \u012bpa\u0161\u012bbas:<\/strong><\/p>\n<p>Jau V-taj\u0101 gadsimt\u0101. \u0136\u012bn\u0101 izmantot\u0101s selerijas ir labi paz\u012bstama piedeva da\u017e\u0101diem \u0113dieniem. Sezonas laik\u0101 sav\u0101kt\u0101s svaig\u0101s selerijas, kuras var atrast viet\u0113j\u0101 lauksaimnieku tirg\u016b, aug l\u012bdz trim p\u0113d\u0101m (90 cm), ir spilgti za\u013cas kr\u0101sas un mirdz ar dz\u012bvi. Selerijas ir labi paz\u012bstamas ar savu sp\u0113c\u012bgo sare\u017e\u0123\u012bto saldo-pikanto arom\u0101tu. Paiet divi gadi, l\u012bdz \u0161ie augi piln\u012bb\u0101 nogatavojas un s\u0101k nest mazus aug\u013cus, kuru kr\u0101sa var b\u016bt no br\u016bnganas l\u012bdz br\u016bnai. \u0112terisko e\u013c\u013cu ieg\u016bst no \u0161o augu s\u0113kl\u0101m, destil\u0113jot t\u0101s ar tvaiku.  <span style=\"font-size: 16px;\">Paz\u012bstams ar savu sp\u0113c\u012bgo sare\u017e\u0123\u012bto saldo pikanto arom\u0101tu<\/span><\/p>\n<ul>\n<li>Paz\u012bstams ar savu sp\u0113c\u012bgo sare\u017e\u0123\u012bto saldo pikanto arom\u0101tu<\/li>\n<li>Gar\u0161\u012bgs papildin\u0101jums da\u017e\u0101diem \u0113dieniem<\/li>\n<li>Paz\u012bstams ar sav\u0101m t\u012br\u012b\u0161anas \u012bpa\u0161\u012bb\u0101m<\/li>\n<\/ul>\n<p><strong>SELERIJAS S\u0112KLAS T\u012bra doTERRA \u0113terisk\u0101 e\u013c\u013ca Izmanto:<\/strong><\/p>\n<p>Lietojot p\u0101rtikas ra\u017eo\u0161an\u0101, atcerieties, ka tie ir koncentr\u0101ti un izmantojiet tikai 1 &#8211; 2 pilienus, lai gar\u0161otu ga\u013cas un zivju \u0113dienus, da\u017e\u0101das m\u0113rces.<\/p>\n<ul>\n<li>Izmantojiet seleriju sulas viet\u0101 &#8211; 4 pilieni \u0161\u012bs e\u013c\u013cas ar 250 ml \u016bdens, pal\u012bdz\u0113s izvad\u012bt \u0161\u0137idrumus no organisma<\/li>\n<li>\u0136erme\u0146a att\u012br\u012b\u0161ana &#8211; uzkl\u0101jiet uz k\u0101j\u0101m, aknu zonas, dzeriet 1 &#8211; 2 pilienus ar \u016bdeni, sulu vai piliniet kapsul\u0101<\/li>\n<li>V\u0101jas un neelast\u012bgas loc\u012btavas &#8211; uzkl\u0101jiet uz k\u0101j\u0101m, problem\u0101tisko zonu, 2 &#8211; 4 reizes dien\u0101<\/li>\n<li>Spriedzes atbr\u012bvo\u0161anai &#8211; uzkl\u0101jiet uz mugurkaula, pieres un kakla l\u012bnijas.<\/li>\n<li>Repelentu iedarb\u012bba uz kukai\u0146iem &#8211; tvaiks ar difuzoru, p\u0113c at\u0161\u0137aid\u012b\u0161anas ar augu e\u013c\u013cu, uzkl\u0101jiet uz atkl\u0101t\u0101m \u0137erme\u0146a viet\u0101m, izveidojiet sprauslu.<\/li>\n<\/ul>\n<p>Siner\u0123ij\u0101 ar 1 pilienu frankincense, Meln\u0101 egle, Cypress rada br\u012bni\u0161\u0137\u012bgu arom\u0101tu un pal\u012bdz atbr\u012bvoties no negat\u012bv\u0101m emocij\u0101m, kas sare\u017e\u0123\u012b m\u016bsu dz\u012bvi.<\/p>\n<p>&nbsp;<\/p>\n<p>Vair\u0101k inform\u0101cijas par <strong>SELERIJAS S\u0112KLU<\/strong><strong>doTERRA \u0113terisko e\u013c\u013cu<\/strong><strong> <\/strong>J\u016bs atrad\u012bsit t\u0101l\u0101k redzamaj\u0101 <strong>videoklip\u0101<\/strong> .<\/p>\n<p><iframe title=\"K\u0101 lietot doTERRA seleriju s\u0113klu e\u013c\u013cu - \u0101tri padomi\" src=\"https:\/\/www.youtube.com\/embed\/cQJJN54oBt0\" width=\"853\" height=\"480\" frameborder=\"0\" allowfullscreen=\"allowfullscreen\"><\/iframe><\/p>\n","protected":false},"excerpt":{"rendered":"<ul>\n<li>Paz\u012bstams ar savu sp\u0113c\u012bgo sare\u017e\u0123\u012bto saldo pikanto arom\u0101tu<\/li>\n<li>Gar\u0161\u012bgs papildin\u0101jums da\u017e\u0101diem \u0113dieniem<\/li>\n<li>Paz\u012bstams ar sav\u0101m t\u012br\u012b\u0161anas \u012bpa\u0161\u012bb\u0101m<\/li>\n<\/ul>\n","protected":false},"featured_media":11612,"template":"","meta":{"site-sidebar-layout":"default","site-content-layout":"default","ast-site-content-layout":"default","site-content-style":"default","site-sidebar-style":"default","ast-global-header-display":"","ast-banner-title-visibility":"","ast-main-header-display":"","ast-hfb-above-header-display":"","ast-hfb-below-header-display":"","ast-hfb-mobile-header-display":"","site-post-title":"","ast-breadcrumbs-content":"","ast-featured-img":"","footer-sml-layout":"","ast-disable-related-posts":"","theme-transparent-header-meta":"default","adv-header-id-meta":"","stick-header-meta":"","header-above-stick-meta":"","header-main-stick-meta":"","header-below-stick-meta":"","astra-migrate-meta-layouts":"default","ast-page-background-enabled":"default","ast-page-background-meta":{"desktop":{"background-color":"","background-image":"","background-repeat":"repeat","background-position":"center center","background-size":"auto","background-attachment":"scroll","background-type":"","background-media":"","overlay-type":"","overlay-color":"","overlay-opacity":"","overlay-gradient":""},"tablet":{"background-color":"","background-image":"","background-repeat":"repeat","background-position":"center center","background-size":"auto","background-attachment":"scroll","background-type":"","background-media":"","overlay-type":"","overlay-color":"","overlay-opacity":"","overlay-gradient":""},"mobile":{"background-color":"","background-image":"","background-repeat":"repeat","background-position":"center center","background-size":"auto","background-attachment":"scroll","background-type":"","background-media":"","overlay-type":"","overlay-color":"","overlay-opacity":"","overlay-gradient":""}},"ast-content-background-meta":{"desktop":{"background-color":"var(--ast-global-color-5)","background-image":"","background-repeat":"repeat","background-position":"center center","background-size":"auto","background-attachment":"scroll","background-type":"","background-media":"","overlay-type":"","overlay-color":"","overlay-opacity":"","overlay-gradient":""},"tablet":{"background-color":"var(--ast-global-color-5)","background-image":"","background-repeat":"repeat","background-position":"center center","background-size":"auto","background-attachment":"scroll","background-type":"","background-media":"","overlay-type":"","overlay-color":"","overlay-opacity":"","overlay-gradient":""},"mobile":{"background-color":"var(--ast-global-color-5)","background-image":"","background-repeat":"repeat","background-position":"center center","background-size":"auto","background-attachment":"scroll","background-type":"","background-media":"","overlay-type":"","overlay-color":"","overlay-opacity":"","overlay-gradient":""}}},"product_brand":[],"product_cat":[600,602],"product_tag":[676,1273,631],"class_list":{"0":"post-16562","1":"product","2":"type-product","3":"status-publish","4":"has-post-thumbnail","6":"product_cat-eteriskas-ellas","7":"product_cat-tiras-eteriskas-ellas","8":"product_tag-15-ml-lv","9":"product_tag-celery-seed-lv","10":"product_tag-eteriskas-ellas","11":"desktop-align-left","12":"tablet-align-left","13":"mobile-align-left","15":"first","16":"instock","17":"taxable","18":"shipping-taxable","19":"purchasable","20":"product-type-simple"},"_links":{"self":[{"href":"https:\/\/mamaterra.lt\/lv\/wp-json\/wp\/v2\/product\/16562","targetHints":{"allow":["GET"]}}],"collection":[{"href":"https:\/\/mamaterra.lt\/lv\/wp-json\/wp\/v2\/product"}],"about":[{"href":"https:\/\/mamaterra.lt\/lv\/wp-json\/wp\/v2\/types\/product"}],"wp:featuredmedia":[{"embeddable":true,"href":"https:\/\/mamaterra.lt\/lv\/wp-json\/wp\/v2\/media\/11612"}],"wp:attachment":[{"href":"https:\/\/mamaterra.lt\/lv\/wp-json\/wp\/v2\/media?parent=16562"}],"wp:term":[{"taxonomy":"product_brand","embeddable":true,"href":"https:\/\/mamaterra.lt\/lv\/wp-json\/wp\/v2\/product_brand?post=16562"},{"taxonomy":"product_cat","embeddable":true,"href":"https:\/\/mamaterra.lt\/lv\/wp-json\/wp\/v2\/product_cat?post=16562"},{"taxonomy":"product_tag","embeddable":true,"href":"https:\/\/mamaterra.lt\/lv\/wp-json\/wp\/v2\/product_tag?post=16562"}],"curies":[{"name":"wp","href":"https:\/\/api.w.org\/{rel}","templated":true}]}}