{"id":16549,"date":"2021-04-18T16:29:17","date_gmt":"2021-04-18T15:29:17","guid":{"rendered":"https:\/\/mamaterra.lt\/parduotuve\/uncategorized\/cedarwood-pure-doterra-eteriska-ella-15ml\/"},"modified":"2021-04-18T16:29:17","modified_gmt":"2021-04-18T15:29:17","slug":"ciedru-koksne-tira-doterra-eteriska-ella-15ml","status":"publish","type":"product","link":"https:\/\/mamaterra.lt\/lv\/parduotuve\/eteriskas-ellas\/tiras-eteriskas-ellas\/ciedru-koksne-tira-doterra-eteriska-ella-15ml\/","title":{"rendered":"CEDARWOOD Pure doTERRA \u0113terisk\u0101 e\u013c\u013ca 15ml"},"content":{"rendered":"<p><strong>CEDARWOOD Pure doTERRA \u0113terisk\u0101 e\u013c\u013ca<\/strong><\/p>\n<p>Juniperus virginiana | 15ml<\/p>\n<p>&nbsp;<\/p>\n<p><strong>CEDARWOOD Pure doTERRA \u0113terisk\u0101s e\u013c\u013cas apraksts:<\/strong><\/p>\n<p>Siltais balzamiko arom\u0101ts no koka ciedra \u0113teriskaj\u0101 e\u013c\u013c\u0101 pal\u012bdz atp\u016bsties.<\/p>\n<ul>\n<li>Pievienots sejas toniksam vai mitrin\u0101t\u0101jam ir att\u012bro\u0161s efekts<\/li>\n<li>Pal\u012bdz uztur\u0113t vesel\u012bgu \u0101das izskatu<\/li>\n<li>Veicina relaks\u0101ciju<\/li>\n<\/ul>\n<p>&nbsp;<\/p>\n<p>Vair\u0101k inform\u0101cijas par <strong>ciedru koksni <\/strong><strong>doTERRA<\/strong><strong> <\/strong><strong>\u0112terisko e\u013c\u013cu <\/strong>atrad\u012bsit t\u0101l\u0101k redzamaj\u0101 videoklip\u0101.<\/p>\n<p><iframe title=\"Cedarwood \u0113terisko e\u013c\u013cu izmanto\u0161ana un priek\u0161roc\u012bbas\" src=\"https:\/\/www.youtube.com\/embed\/pvOl8TT64Js\" width=\"853\" height=\"480\" frameborder=\"0\" allowfullscreen=\"allowfullscreen\"><\/iframe><\/p>\n","protected":false},"excerpt":{"rendered":"<ul>\n<li>Pievienots sejas toniksam vai mitrin\u0101t\u0101jam ir att\u012bro\u0161s efekts<\/li>\n<li>Pal\u012bdz uztur\u0113t vesel\u012bgu \u0101das izskatu<\/li>\n<li>Veicina relaks\u0101ciju<\/li>\n<\/ul>\n","protected":false},"featured_media":11520,"template":"","meta":{"site-sidebar-layout":"default","site-content-layout":"default","ast-site-content-layout":"default","site-content-style":"default","site-sidebar-style":"default","ast-global-header-display":"","ast-banner-title-visibility":"","ast-main-header-display":"","ast-hfb-above-header-display":"","ast-hfb-below-header-display":"","ast-hfb-mobile-header-display":"","site-post-title":"","ast-breadcrumbs-content":"","ast-featured-img":"","footer-sml-layout":"","ast-disable-related-posts":"","theme-transparent-header-meta":"default","adv-header-id-meta":"","stick-header-meta":"","header-above-stick-meta":"","header-main-stick-meta":"","header-below-stick-meta":"","astra-migrate-meta-layouts":"default","ast-page-background-enabled":"default","ast-page-background-meta":{"desktop":{"background-color":"","background-image":"","background-repeat":"repeat","background-position":"center center","background-size":"auto","background-attachment":"scroll","background-type":"","background-media":"","overlay-type":"","overlay-color":"","overlay-opacity":"","overlay-gradient":""},"tablet":{"background-color":"","background-image":"","background-repeat":"repeat","background-position":"center center","background-size":"auto","background-attachment":"scroll","background-type":"","background-media":"","overlay-type":"","overlay-color":"","overlay-opacity":"","overlay-gradient":""},"mobile":{"background-color":"","background-image":"","background-repeat":"repeat","background-position":"center center","background-size":"auto","background-attachment":"scroll","background-type":"","background-media":"","overlay-type":"","overlay-color":"","overlay-opacity":"","overlay-gradient":""}},"ast-content-background-meta":{"desktop":{"background-color":"var(--ast-global-color-5)","background-image":"","background-repeat":"repeat","background-position":"center center","background-size":"auto","background-attachment":"scroll","background-type":"","background-media":"","overlay-type":"","overlay-color":"","overlay-opacity":"","overlay-gradient":""},"tablet":{"background-color":"var(--ast-global-color-5)","background-image":"","background-repeat":"repeat","background-position":"center center","background-size":"auto","background-attachment":"scroll","background-type":"","background-media":"","overlay-type":"","overlay-color":"","overlay-opacity":"","overlay-gradient":""},"mobile":{"background-color":"var(--ast-global-color-5)","background-image":"","background-repeat":"repeat","background-position":"center center","background-size":"auto","background-attachment":"scroll","background-type":"","background-media":"","overlay-type":"","overlay-color":"","overlay-opacity":"","overlay-gradient":""}}},"product_brand":[],"product_cat":[619,600,604,612,613,615,602],"product_tag":[676,1312,631],"class_list":{"0":"post-16549","1":"product","2":"type-product","3":"status-publish","4":"has-post-thumbnail","6":"product_cat-berniem","7":"product_cat-eteriskas-ellas","8":"product_cat-higiena-un-adas-kopsana","9":"product_cat-masazai","10":"product_cat-miegam","11":"product_cat-no-odiem-un-ercem","12":"product_cat-tiras-eteriskas-ellas","13":"product_tag-15-ml-lv","14":"product_tag-cedarwood-lv","15":"product_tag-eteriskas-ellas","16":"desktop-align-left","17":"tablet-align-left","18":"mobile-align-left","20":"first","21":"instock","22":"taxable","23":"shipping-taxable","24":"purchasable","25":"product-type-simple"},"_links":{"self":[{"href":"https:\/\/mamaterra.lt\/lv\/wp-json\/wp\/v2\/product\/16549","targetHints":{"allow":["GET"]}}],"collection":[{"href":"https:\/\/mamaterra.lt\/lv\/wp-json\/wp\/v2\/product"}],"about":[{"href":"https:\/\/mamaterra.lt\/lv\/wp-json\/wp\/v2\/types\/product"}],"wp:featuredmedia":[{"embeddable":true,"href":"https:\/\/mamaterra.lt\/lv\/wp-json\/wp\/v2\/media\/11520"}],"wp:attachment":[{"href":"https:\/\/mamaterra.lt\/lv\/wp-json\/wp\/v2\/media?parent=16549"}],"wp:term":[{"taxonomy":"product_brand","embeddable":true,"href":"https:\/\/mamaterra.lt\/lv\/wp-json\/wp\/v2\/product_brand?post=16549"},{"taxonomy":"product_cat","embeddable":true,"href":"https:\/\/mamaterra.lt\/lv\/wp-json\/wp\/v2\/product_cat?post=16549"},{"taxonomy":"product_tag","embeddable":true,"href":"https:\/\/mamaterra.lt\/lv\/wp-json\/wp\/v2\/product_tag?post=16549"}],"curies":[{"name":"wp","href":"https:\/\/api.w.org\/{rel}","templated":true}]}}