{"id":16543,"date":"2021-04-18T16:32:31","date_gmt":"2021-04-18T15:32:31","guid":{"rendered":"https:\/\/mamaterra.lt\/parduotuve\/uncategorized\/clary-sage-pure-doterra-eteriska-ella-15ml\/"},"modified":"2021-04-18T16:32:31","modified_gmt":"2021-04-18T15:32:31","slug":"clary-sage-pure-doterra-essential-oil-15ml","status":"publish","type":"product","link":"https:\/\/mamaterra.lt\/lv\/parduotuve\/eteriskas-ellas\/tiras-eteriskas-ellas\/clary-sage-pure-doterra-essential-oil-15ml\/","title":{"rendered":"CLARY SAGE Pure doTERRA \u0113terisk\u0101 e\u013c\u013ca 15ml"},"content":{"rendered":"<p><strong>CLARY SAGE Pure doTERRA \u0113terisk\u0101 e\u013c\u013ca<\/strong><\/p>\n<p>Salvijas | 15ml<\/p>\n<p>&nbsp;<\/p>\n<p><strong>CLARY SAGE Pure doTERRA \u0113terisk\u0101s e\u013c\u013cas visp\u0101r\u012bg\u0101s \u012bpa\u0161\u012bbas un apraksts:<\/strong><\/p>\n<p>Clary salvija, smar\u017e\u012bga salvijas \u0113terisk\u0101 e\u013c\u013ca tiek saukta par jaun\u012bbas un skaistuma e\u013c\u013cu, jo tai ir dabiski fitoestrog\u0113ni, kas sp\u0113j dabiski regul\u0113t estrog\u0113nu l\u012bmeni organism\u0101 un pal\u012bdz\u0113t uztur\u0113t sievie\u0161u org\u0101nu vesel\u012bbu.<\/p>\n<p>\u0160\u012b e\u013c\u013ca pozit\u012bvi ietekm\u0113 ne tikai sievie\u0161u, bet ar\u012b v\u012brie\u0161u vesel\u012bbu, un tai ir ar\u012b citas labv\u0113l\u012bgas \u012bpa\u0161\u012bbas.<\/p>\n<ul>\n<li>Mazina nepat\u012bkamus PMS simptomus ( piet\u016bkums, garast\u0101voklis), pozit\u012bvi ietekm\u0113 hormon\u0101lo aktivit\u0101ti, veicina pareizu menstru\u0101lo ciklu, mazina menopauzes simptomus, mazina karstuma vi\u013c\u0146us, regul\u0113 garast\u0101vokli.<\/li>\n<li>Pal\u012bdz bezmiegai, kuras c\u0113lo\u0146i ir stress vai hormon\u0101las izmai\u0146as.<\/li>\n<li>Dod skaidr\u012bbu, motiv\u0101ciju un pa\u0161apzi\u0146u.<\/li>\n<li>Nov\u0113r\u0161 sve\u0161as domas, atver dv\u0113seli jaun\u0101m iesp\u0113j\u0101m un pieredzei, stimul\u0113 rado\u0161umu.<\/li>\n<li>Clary Sage sast\u0101v\u0101 eso\u0161\u0101s sast\u0101vda\u013cas ietekm\u0113 r\u012bkles un runas centru smadzen\u0113s. Pal\u012bdz cilv\u0113kiem ne tikai atrais\u012bt savu balsi, bet ar\u012b cilv\u0113kiem, kuri m\u0113\u0123ina kaut ko pateikt, bet nevar atrast pareizos v\u0101rdus.<\/li>\n<li>Aptur matu izkri\u0161anu, pie\u0161\u0137ir tiem sp\u0113ku, toni, elast\u012bbu, stimul\u0113 matu aug\u0161anu.<\/li>\n<li>Noder\u012bga \u0101tri taukainiem matiem un zv\u012b\u0146ainai galvas \u0101dai.<\/li>\n<li>Noder\u012bga \u0101dai ar noslieci uz pinn\u0113m ar maz\u0101m br\u016bc\u0113m.<\/li>\n<li>Izl\u012bdzina, toniz\u0113 \u0101du, piem\u0113rota sausai \u0101dai.<\/li>\n<\/ul>\n<p>&nbsp;<\/p>\n<p>Vair\u0101k inform\u0101cijas par<strong> doTERRA CLARY SAGE \u0113terisko e\u013c\u013cu<\/strong><strong><\/strong><strong> <\/strong>J\u016bs atrad\u012bsit t\u0101l\u0101k redzamaj\u0101 <strong>videoklip\u0101<\/strong> .<\/p>\n<p><iframe title=\"Nomierino\u0161a Clary Sage - k\u0101 lietot Clary Sage \u0113terisko e\u013c\u013cu\" src=\"https:\/\/www.youtube.com\/embed\/OJAtkgzjToU\" width=\"853\" height=\"480\" frameborder=\"0\" allowfullscreen=\"allowfullscreen\"><\/iframe><\/p>\n","protected":false},"excerpt":{"rendered":"<ul>\n<li>Salvijas \u0113terisk\u0101 e\u013c\u013ca ir galven\u0101 sast\u0101vda\u013ca Clary Calm, doTERRA skaidrojo\u0161\u0101 mais\u012bjum\u0101<\/li>\n<li>Pal\u012bdz atp\u016bsties un sagatavoties klusai nakts atp\u016btai<\/li>\n<li>Atbalsta vesel\u012bgu matu un galvas \u0101das izskatu<\/li>\n<\/ul>\n","protected":false},"featured_media":11515,"template":"","meta":{"site-sidebar-layout":"default","site-content-layout":"default","ast-site-content-layout":"default","site-content-style":"default","site-sidebar-style":"default","ast-global-header-display":"","ast-banner-title-visibility":"","ast-main-header-display":"","ast-hfb-above-header-display":"","ast-hfb-below-header-display":"","ast-hfb-mobile-header-display":"","site-post-title":"","ast-breadcrumbs-content":"","ast-featured-img":"","footer-sml-layout":"","ast-disable-related-posts":"","theme-transparent-header-meta":"default","adv-header-id-meta":"","stick-header-meta":"","header-above-stick-meta":"","header-main-stick-meta":"","header-below-stick-meta":"","astra-migrate-meta-layouts":"default","ast-page-background-enabled":"default","ast-page-background-meta":{"desktop":{"background-color":"","background-image":"","background-repeat":"repeat","background-position":"center center","background-size":"auto","background-attachment":"scroll","background-type":"","background-media":"","overlay-type":"","overlay-color":"","overlay-opacity":"","overlay-gradient":""},"tablet":{"background-color":"","background-image":"","background-repeat":"repeat","background-position":"center center","background-size":"auto","background-attachment":"scroll","background-type":"","background-media":"","overlay-type":"","overlay-color":"","overlay-opacity":"","overlay-gradient":""},"mobile":{"background-color":"","background-image":"","background-repeat":"repeat","background-position":"center center","background-size":"auto","background-attachment":"scroll","background-type":"","background-media":"","overlay-type":"","overlay-color":"","overlay-opacity":"","overlay-gradient":""}},"ast-content-background-meta":{"desktop":{"background-color":"var(--ast-global-color-5)","background-image":"","background-repeat":"repeat","background-position":"center center","background-size":"auto","background-attachment":"scroll","background-type":"","background-media":"","overlay-type":"","overlay-color":"","overlay-opacity":"","overlay-gradient":""},"tablet":{"background-color":"var(--ast-global-color-5)","background-image":"","background-repeat":"repeat","background-position":"center center","background-size":"auto","background-attachment":"scroll","background-type":"","background-media":"","overlay-type":"","overlay-color":"","overlay-opacity":"","overlay-gradient":""},"mobile":{"background-color":"var(--ast-global-color-5)","background-image":"","background-repeat":"repeat","background-position":"center center","background-size":"auto","background-attachment":"scroll","background-type":"","background-media":"","overlay-type":"","overlay-color":"","overlay-opacity":"","overlay-gradient":""}}},"product_brand":[],"product_cat":[600,613,618,614,602],"product_tag":[676,1308,631],"class_list":{"0":"post-16543","1":"product","2":"type-product","3":"status-publish","4":"has-post-thumbnail","6":"product_cat-eteriskas-ellas","7":"product_cat-miegam","8":"product_cat-nomierinosas","9":"product_cat-sievietem","10":"product_cat-tiras-eteriskas-ellas","11":"product_tag-15-ml-lv","12":"product_tag-clary-sage-lv","13":"product_tag-eteriskas-ellas","14":"desktop-align-left","15":"tablet-align-left","16":"mobile-align-left","18":"first","19":"instock","20":"taxable","21":"shipping-taxable","22":"purchasable","23":"product-type-simple"},"_links":{"self":[{"href":"https:\/\/mamaterra.lt\/lv\/wp-json\/wp\/v2\/product\/16543","targetHints":{"allow":["GET"]}}],"collection":[{"href":"https:\/\/mamaterra.lt\/lv\/wp-json\/wp\/v2\/product"}],"about":[{"href":"https:\/\/mamaterra.lt\/lv\/wp-json\/wp\/v2\/types\/product"}],"wp:featuredmedia":[{"embeddable":true,"href":"https:\/\/mamaterra.lt\/lv\/wp-json\/wp\/v2\/media\/11515"}],"wp:attachment":[{"href":"https:\/\/mamaterra.lt\/lv\/wp-json\/wp\/v2\/media?parent=16543"}],"wp:term":[{"taxonomy":"product_brand","embeddable":true,"href":"https:\/\/mamaterra.lt\/lv\/wp-json\/wp\/v2\/product_brand?post=16543"},{"taxonomy":"product_cat","embeddable":true,"href":"https:\/\/mamaterra.lt\/lv\/wp-json\/wp\/v2\/product_cat?post=16543"},{"taxonomy":"product_tag","embeddable":true,"href":"https:\/\/mamaterra.lt\/lv\/wp-json\/wp\/v2\/product_tag?post=16543"}],"curies":[{"name":"wp","href":"https:\/\/api.w.org\/{rel}","templated":true}]}}