{"id":16531,"date":"2021-04-18T16:27:35","date_gmt":"2021-04-18T15:27:35","guid":{"rendered":"https:\/\/mamaterra.lt\/parduotuve\/uncategorized\/blue-tansy-pure-eteriska-ella-doterra-5ml\/"},"modified":"2021-04-18T16:27:35","modified_gmt":"2021-04-18T15:27:35","slug":"zils-biskreslins-tirs-doterra-eteriska-ella-5ml","status":"publish","type":"product","link":"https:\/\/mamaterra.lt\/lv\/parduotuve\/eteriskas-ellas\/tiras-eteriskas-ellas\/zils-biskreslins-tirs-doterra-eteriska-ella-5ml\/","title":{"rendered":"BLUE TANSY Pure \u0113terisk\u0101 e\u013c\u013ca doTERRA 5ml"},"content":{"rendered":"<p><strong>BLUE TANSY Pure \u0113terisk\u0101 e\u013c\u013ca doTERRA<\/strong><\/p>\n<p>Tanacetum annuum | 5ml<\/p>\n<p>&nbsp;<\/p>\n<p><strong>\u0112terisk\u0101s e\u013c\u013cas BLUE TANSY Pure doTERRA apraksts un izmanto\u0161ana:<\/strong><\/p>\n<p>Bi\u0161u \u0113terisk\u0101 e\u013c\u013ca tiek ieg\u016bta no ikgad\u0113j\u0101 dzelten\u0101 Vidusj\u016bras auga. Di\u017esk\u0101bar\u017ea \u0113terisk\u0101 e\u013c\u013ca, kas ir svar\u012bga doterra dzi\u013ci zil\u0101 mais\u012bjuma sast\u0101vda\u013ca, nomierina \u0137ermeni un pr\u0101tu.<\/p>\n<ul>\n<li>Uzkl\u0101jot uz \u0101das, tam ir prets\u0101pju efekts<\/li>\n<li>T\u0101s bag\u0101t\u012bg\u0101 zil\u0101 kr\u0101sa var notraip\u012bt virsmas, audumus un \u0101du. Ieteicams lietot piesardz\u012bgi un at\u0161\u0137aid\u012bt<\/li>\n<li>Pievienojiet vienu pilienu mitrin\u0101t\u0101jam vai t\u012br\u012b\u0161anas l\u012bdzeklim \u2013 tas samazin\u0101s \u0101das aps\u0101rtumu<\/li>\n<\/ul>\n<p>&nbsp;<\/p>\n<p>Vair\u0101k inform\u0101cijas par <strong>di\u017esk\u0101bar\u017ea doTERRA (BLUE TANSY) <\/strong> <strong><\/strong><strong> <\/strong><strong>\u0112terisko e\u013c\u013cu <\/strong>atrad\u012bsit t\u0101l\u0101k redzamaj\u0101 videoklip\u0101.<\/p>\n<p><iframe title=\"5 veidi, k\u0101 lietot \u0113terisko e\u013c\u013cu doTERRA Blue Tansy\" src=\"https:\/\/www.youtube.com\/embed\/DXV-5KFCTIM\" width=\"853\" height=\"480\" frameborder=\"0\" allowfullscreen=\"allowfullscreen\"><\/iframe><\/p>\n","protected":false},"excerpt":{"rendered":"<ul>\n<li>Uzkl\u0101jot uz \u0101das, tam ir prets\u0101pju efekts<\/li>\n<li>T\u0101s bag\u0101t\u012bg\u0101 zil\u0101 kr\u0101sa var notraip\u012bt virsmas, audumus un \u0101du. Ieteicams lietot piesardz\u012bgi un at\u0161\u0137aid\u012bt<\/li>\n<li>Pievienojiet vienu pilienu mitrin\u0101t\u0101jam vai t\u012br\u012b\u0161anas l\u012bdzeklim \u2013 tas samazin\u0101s \u0101das aps\u0101rtumu<\/li>\n<\/ul>\n","protected":false},"featured_media":11563,"template":"","meta":{"site-sidebar-layout":"default","site-content-layout":"default","ast-site-content-layout":"default","site-content-style":"default","site-sidebar-style":"default","ast-global-header-display":"","ast-banner-title-visibility":"","ast-main-header-display":"","ast-hfb-above-header-display":"","ast-hfb-below-header-display":"","ast-hfb-mobile-header-display":"","site-post-title":"","ast-breadcrumbs-content":"","ast-featured-img":"","footer-sml-layout":"","ast-disable-related-posts":"","theme-transparent-header-meta":"default","adv-header-id-meta":"","stick-header-meta":"","header-above-stick-meta":"","header-main-stick-meta":"","header-below-stick-meta":"","astra-migrate-meta-layouts":"default","ast-page-background-enabled":"default","ast-page-background-meta":{"desktop":{"background-color":"","background-image":"","background-repeat":"repeat","background-position":"center center","background-size":"auto","background-attachment":"scroll","background-type":"","background-media":"","overlay-type":"","overlay-color":"","overlay-opacity":"","overlay-gradient":""},"tablet":{"background-color":"","background-image":"","background-repeat":"repeat","background-position":"center center","background-size":"auto","background-attachment":"scroll","background-type":"","background-media":"","overlay-type":"","overlay-color":"","overlay-opacity":"","overlay-gradient":""},"mobile":{"background-color":"","background-image":"","background-repeat":"repeat","background-position":"center center","background-size":"auto","background-attachment":"scroll","background-type":"","background-media":"","overlay-type":"","overlay-color":"","overlay-opacity":"","overlay-gradient":""}},"ast-content-background-meta":{"desktop":{"background-color":"var(--ast-global-color-5)","background-image":"","background-repeat":"repeat","background-position":"center center","background-size":"auto","background-attachment":"scroll","background-type":"","background-media":"","overlay-type":"","overlay-color":"","overlay-opacity":"","overlay-gradient":""},"tablet":{"background-color":"var(--ast-global-color-5)","background-image":"","background-repeat":"repeat","background-position":"center center","background-size":"auto","background-attachment":"scroll","background-type":"","background-media":"","overlay-type":"","overlay-color":"","overlay-opacity":"","overlay-gradient":""},"mobile":{"background-color":"var(--ast-global-color-5)","background-image":"","background-repeat":"repeat","background-position":"center center","background-size":"auto","background-attachment":"scroll","background-type":"","background-media":"","overlay-type":"","overlay-color":"","overlay-opacity":"","overlay-gradient":""}}},"product_brand":[],"product_cat":[600,602],"product_tag":[677,1342,631],"class_list":{"0":"post-16531","1":"product","2":"type-product","3":"status-publish","4":"has-post-thumbnail","6":"product_cat-eteriskas-ellas","7":"product_cat-tiras-eteriskas-ellas","8":"product_tag-5-ml-lv","9":"product_tag-blue-tansy-lv","10":"product_tag-eteriskas-ellas","11":"desktop-align-left","12":"tablet-align-left","13":"mobile-align-left","15":"first","16":"instock","17":"sale","18":"taxable","19":"shipping-taxable","20":"purchasable","21":"product-type-simple"},"_links":{"self":[{"href":"https:\/\/mamaterra.lt\/lv\/wp-json\/wp\/v2\/product\/16531","targetHints":{"allow":["GET"]}}],"collection":[{"href":"https:\/\/mamaterra.lt\/lv\/wp-json\/wp\/v2\/product"}],"about":[{"href":"https:\/\/mamaterra.lt\/lv\/wp-json\/wp\/v2\/types\/product"}],"wp:featuredmedia":[{"embeddable":true,"href":"https:\/\/mamaterra.lt\/lv\/wp-json\/wp\/v2\/media\/11563"}],"wp:attachment":[{"href":"https:\/\/mamaterra.lt\/lv\/wp-json\/wp\/v2\/media?parent=16531"}],"wp:term":[{"taxonomy":"product_brand","embeddable":true,"href":"https:\/\/mamaterra.lt\/lv\/wp-json\/wp\/v2\/product_brand?post=16531"},{"taxonomy":"product_cat","embeddable":true,"href":"https:\/\/mamaterra.lt\/lv\/wp-json\/wp\/v2\/product_cat?post=16531"},{"taxonomy":"product_tag","embeddable":true,"href":"https:\/\/mamaterra.lt\/lv\/wp-json\/wp\/v2\/product_tag?post=16531"}],"curies":[{"name":"wp","href":"https:\/\/api.w.org\/{rel}","templated":true}]}}