{"id":16530,"date":"2021-04-18T16:39:55","date_gmt":"2021-04-18T15:39:55","guid":{"rendered":"https:\/\/mamaterra.lt\/parduotuve\/uncategorized\/juniper-berry-pure-doterra-eteriska-ella-5ml\/"},"modified":"2021-04-18T16:39:55","modified_gmt":"2021-04-18T15:39:55","slug":"kadikis-ogu-tirs-doterra-eteriska-ella-5ml","status":"publish","type":"product","link":"https:\/\/mamaterra.lt\/lv\/parduotuve\/eteriskas-ellas\/tiras-eteriskas-ellas\/kadikis-ogu-tirs-doterra-eteriska-ella-5ml\/","title":{"rendered":"JUNIPER BERRY Pure doTERRA \u0113terisk\u0101 e\u013c\u013ca 5ml"},"content":{"rendered":"<p><strong>JUNIPER BERRY Pure doTERRA \u0113terisk\u0101 e\u013c\u013ca<\/strong><\/p>\n<p>Juniperus communis | 5ml<\/p>\n<p>&nbsp;<\/p>\n<p><strong>JUNIPER BERRY Pure doTERRA \u0113terisk\u0101s e\u013c\u013cas apraksts:<\/strong><\/p>\n<p>Pikantajam koksnes aromatiz\u0113tajam, bet atsvaidzino\u0161ajam kadi\u0137ogu \u0113terisk\u0101s e\u013c\u013cas arom\u0101tam ir sena tradicion\u0101l\u0101s lieto\u0161anas v\u0113sture, un tam ir labv\u0113l\u012bgas \u012bpa\u0161\u012bbas vesel\u012bbai.<\/p>\n<ul>\n<li>Darbojas k\u0101 dabisks \u0101das toniks<\/li>\n<li>Pie\u0161\u0137ir pikantu gar\u0161vielu karstajiem dz\u0113rieniem un desertiem<\/li>\n<li>Nomierina un pal\u012bdz sazem\u0113t emocijas<\/li>\n<\/ul>\n<p>&nbsp;<\/p>\n<p>Vair\u0101k par <strong>JUNIPER BERRY <\/strong><strong>doTERRA<\/strong><strong> <\/strong><strong>\u0112terisko e\u013c\u013cu <\/strong>atrad\u012bsit t\u0101l\u0101k redzamaj\u0101 videoklip\u0101.<\/p>\n<p><iframe title=\"Detoksik\u0101cija, atsvaidzin\u0101\u0161ana un att\u012br\u012b\u0161ana - pievienojiet kadi\u0137u ogu savai treni\u0146u rut\u012bnai\" src=\"https:\/\/www.youtube.com\/embed\/y47-1MmuaE4\" width=\"853\" height=\"480\" frameborder=\"0\" allowfullscreen=\"allowfullscreen\"><\/iframe><\/p>\n","protected":false},"excerpt":{"rendered":"<ul>\n<li>Darbojas k\u0101 dabisks \u0101das toniks<\/li>\n<li>Pie\u0161\u0137ir pikantu gar\u0161vielu karstajiem dz\u0113rieniem un desertiem<\/li>\n<li>Nomierina un pal\u012bdz sazem\u0113t emocijas<\/li>\n<\/ul>\n","protected":false},"featured_media":11523,"template":"","meta":{"site-sidebar-layout":"default","site-content-layout":"default","ast-site-content-layout":"default","site-content-style":"default","site-sidebar-style":"default","ast-global-header-display":"","ast-banner-title-visibility":"","ast-main-header-display":"","ast-hfb-above-header-display":"","ast-hfb-below-header-display":"","ast-hfb-mobile-header-display":"","site-post-title":"","ast-breadcrumbs-content":"","ast-featured-img":"","footer-sml-layout":"","ast-disable-related-posts":"","theme-transparent-header-meta":"default","adv-header-id-meta":"","stick-header-meta":"","header-above-stick-meta":"","header-main-stick-meta":"","header-below-stick-meta":"","astra-migrate-meta-layouts":"default","ast-page-background-enabled":"default","ast-page-background-meta":{"desktop":{"background-color":"","background-image":"","background-repeat":"repeat","background-position":"center center","background-size":"auto","background-attachment":"scroll","background-type":"","background-media":"","overlay-type":"","overlay-color":"","overlay-opacity":"","overlay-gradient":""},"tablet":{"background-color":"","background-image":"","background-repeat":"repeat","background-position":"center center","background-size":"auto","background-attachment":"scroll","background-type":"","background-media":"","overlay-type":"","overlay-color":"","overlay-opacity":"","overlay-gradient":""},"mobile":{"background-color":"","background-image":"","background-repeat":"repeat","background-position":"center center","background-size":"auto","background-attachment":"scroll","background-type":"","background-media":"","overlay-type":"","overlay-color":"","overlay-opacity":"","overlay-gradient":""}},"ast-content-background-meta":{"desktop":{"background-color":"var(--ast-global-color-5)","background-image":"","background-repeat":"repeat","background-position":"center center","background-size":"auto","background-attachment":"scroll","background-type":"","background-media":"","overlay-type":"","overlay-color":"","overlay-opacity":"","overlay-gradient":""},"tablet":{"background-color":"var(--ast-global-color-5)","background-image":"","background-repeat":"repeat","background-position":"center center","background-size":"auto","background-attachment":"scroll","background-type":"","background-media":"","overlay-type":"","overlay-color":"","overlay-opacity":"","overlay-gradient":""},"mobile":{"background-color":"var(--ast-global-color-5)","background-image":"","background-repeat":"repeat","background-position":"center center","background-size":"auto","background-attachment":"scroll","background-type":"","background-media":"","overlay-type":"","overlay-color":"","overlay-opacity":"","overlay-gradient":""}}},"product_brand":[],"product_cat":[600,613,602],"product_tag":[677,631,1173],"class_list":{"0":"post-16530","1":"product","2":"type-product","3":"status-publish","4":"has-post-thumbnail","6":"product_cat-eteriskas-ellas","7":"product_cat-miegam","8":"product_cat-tiras-eteriskas-ellas","9":"product_tag-5-ml-lv","10":"product_tag-eteriskas-ellas","11":"product_tag-juniper-berry-lv","12":"desktop-align-left","13":"tablet-align-left","14":"mobile-align-left","16":"first","17":"instock","18":"taxable","19":"shipping-taxable","20":"purchasable","21":"product-type-simple"},"_links":{"self":[{"href":"https:\/\/mamaterra.lt\/lv\/wp-json\/wp\/v2\/product\/16530","targetHints":{"allow":["GET"]}}],"collection":[{"href":"https:\/\/mamaterra.lt\/lv\/wp-json\/wp\/v2\/product"}],"about":[{"href":"https:\/\/mamaterra.lt\/lv\/wp-json\/wp\/v2\/types\/product"}],"wp:featuredmedia":[{"embeddable":true,"href":"https:\/\/mamaterra.lt\/lv\/wp-json\/wp\/v2\/media\/11523"}],"wp:attachment":[{"href":"https:\/\/mamaterra.lt\/lv\/wp-json\/wp\/v2\/media?parent=16530"}],"wp:term":[{"taxonomy":"product_brand","embeddable":true,"href":"https:\/\/mamaterra.lt\/lv\/wp-json\/wp\/v2\/product_brand?post=16530"},{"taxonomy":"product_cat","embeddable":true,"href":"https:\/\/mamaterra.lt\/lv\/wp-json\/wp\/v2\/product_cat?post=16530"},{"taxonomy":"product_tag","embeddable":true,"href":"https:\/\/mamaterra.lt\/lv\/wp-json\/wp\/v2\/product_tag?post=16530"}],"curies":[{"name":"wp","href":"https:\/\/api.w.org\/{rel}","templated":true}]}}