{"id":16527,"date":"2021-04-18T16:37:44","date_gmt":"2021-04-18T15:37:44","guid":{"rendered":"https:\/\/mamaterra.lt\/parduotuve\/uncategorized\/geranium-pure-doterra-eteriska-ella-15ml\/"},"modified":"2021-04-18T16:37:44","modified_gmt":"2021-04-18T15:37:44","slug":"pelargonijs-geranija-tira-doterra-eteriska-ella-15ml","status":"publish","type":"product","link":"https:\/\/mamaterra.lt\/lv\/parduotuve\/eteriskas-ellas\/tiras-eteriskas-ellas\/pelargonijs-geranija-tira-doterra-eteriska-ella-15ml\/","title":{"rendered":"GERANIUM Pure doTERRA \u0113terisk\u0101 e\u013c\u013ca 15ml"},"content":{"rendered":"<p><strong>GERANIUM Pure doTERRA \u0113terisk\u0101 e\u013c\u013ca<\/strong><\/p>\n<p>Pelargonium graveolens | 15ml<\/p>\n<p>&nbsp;<\/p>\n<p><strong>GERANIUM Pure doTERRA \u0113terisk\u0101s e\u013c\u013cas apraksts:<\/strong><\/p>\n<p>Geranium att\u012bra \u0101du un pie\u0161\u0137ir matiem vesel\u012bgu izskatu, t\u0101p\u0113c tas ir ide\u0101li piem\u0113rots lieto\u0161anai \u0101das un matu kop\u0161anas l\u012bdzek\u013cos.<\/p>\n<ul>\n<li>Uzkl\u0101jiet tie\u0161i uz \u0101das vai lutiniet sejas \u0101du ar tvaiku<\/li>\n<li>Uzkl\u0101jot uz \u0101das p\u0113c du\u0161as, ir prets\u0101pju efekts<\/li>\n<li>Pievienojiet da\u017eus pilienus \u0161amp\u016bnam vai kondicionierim: mati k\u013c\u016bs veseli un starojo\u0161i<\/li>\n<\/ul>\n<p>&nbsp;<\/p>\n<p>Vair\u0101k par <strong>GERANIUM<\/strong><strong> <\/strong><strong>doTERRA<\/strong><strong> <\/strong><strong>\u0112terisko e\u013c\u013cu <\/strong>atrad\u012bsit t\u0101l\u0101k redzamaj\u0101 videoklip\u0101.<\/p>\n<p><iframe title=\"\u0122er\u0101niju \u0113terisko e\u013c\u013cu priek\u0161roc\u012bbas, izmanto\u0161ana un ieg\u016b\u0161ana ar doTERRA | Co Impact Sourcing s\u0113rija\" src=\"https:\/\/www.youtube.com\/embed\/HjudA5KQcoY\" width=\"853\" height=\"480\" frameborder=\"0\" allowfullscreen=\"allowfullscreen\"><\/iframe><\/p>\n","protected":false},"excerpt":{"rendered":"<ul>\n<li>Uzkl\u0101jiet tie\u0161i uz \u0101das vai lutiniet sejas \u0101du ar tvaiku<\/li>\n<li>Uzkl\u0101jot uz \u0101das p\u0113c du\u0161as, ir prets\u0101pju efekts<\/li>\n<li>Pievienojiet da\u017eus pilienus \u0161amp\u016bnam vai kondicionierim: mati k\u013c\u016bs veseli un starojo\u0161i<\/li>\n<\/ul>\n","protected":false},"featured_media":11500,"template":"","meta":{"site-sidebar-layout":"default","site-content-layout":"default","ast-site-content-layout":"default","site-content-style":"default","site-sidebar-style":"default","ast-global-header-display":"","ast-banner-title-visibility":"","ast-main-header-display":"","ast-hfb-above-header-display":"","ast-hfb-below-header-display":"","ast-hfb-mobile-header-display":"","site-post-title":"","ast-breadcrumbs-content":"","ast-featured-img":"","footer-sml-layout":"","ast-disable-related-posts":"","theme-transparent-header-meta":"default","adv-header-id-meta":"","stick-header-meta":"","header-above-stick-meta":"","header-main-stick-meta":"","header-below-stick-meta":"","astra-migrate-meta-layouts":"default","ast-page-background-enabled":"default","ast-page-background-meta":{"desktop":{"background-color":"","background-image":"","background-repeat":"repeat","background-position":"center center","background-size":"auto","background-attachment":"scroll","background-type":"","background-media":"","overlay-type":"","overlay-color":"","overlay-opacity":"","overlay-gradient":""},"tablet":{"background-color":"","background-image":"","background-repeat":"repeat","background-position":"center center","background-size":"auto","background-attachment":"scroll","background-type":"","background-media":"","overlay-type":"","overlay-color":"","overlay-opacity":"","overlay-gradient":""},"mobile":{"background-color":"","background-image":"","background-repeat":"repeat","background-position":"center center","background-size":"auto","background-attachment":"scroll","background-type":"","background-media":"","overlay-type":"","overlay-color":"","overlay-opacity":"","overlay-gradient":""}},"ast-content-background-meta":{"desktop":{"background-color":"var(--ast-global-color-5)","background-image":"","background-repeat":"repeat","background-position":"center center","background-size":"auto","background-attachment":"scroll","background-type":"","background-media":"","overlay-type":"","overlay-color":"","overlay-opacity":"","overlay-gradient":""},"tablet":{"background-color":"var(--ast-global-color-5)","background-image":"","background-repeat":"repeat","background-position":"center center","background-size":"auto","background-attachment":"scroll","background-type":"","background-media":"","overlay-type":"","overlay-color":"","overlay-opacity":"","overlay-gradient":""},"mobile":{"background-color":"var(--ast-global-color-5)","background-image":"","background-repeat":"repeat","background-position":"center center","background-size":"auto","background-attachment":"scroll","background-type":"","background-media":"","overlay-type":"","overlay-color":"","overlay-opacity":"","overlay-gradient":""}}},"product_brand":[],"product_cat":[600,617,604,612,618,602],"product_tag":[676,631,1202],"class_list":{"0":"post-16527","1":"product","2":"type-product","3":"status-publish","4":"has-post-thumbnail","6":"product_cat-eteriskas-ellas","7":"product_cat-gaisa-attirisana","8":"product_cat-higiena-un-adas-kopsana","9":"product_cat-masazai","10":"product_cat-nomierinosas","11":"product_cat-tiras-eteriskas-ellas","12":"product_tag-15-ml-lv","13":"product_tag-eteriskas-ellas","14":"product_tag-geranium-lv","15":"desktop-align-left","16":"tablet-align-left","17":"mobile-align-left","19":"first","20":"instock","21":"sale","22":"taxable","23":"shipping-taxable","24":"purchasable","25":"product-type-simple"},"_links":{"self":[{"href":"https:\/\/mamaterra.lt\/lv\/wp-json\/wp\/v2\/product\/16527","targetHints":{"allow":["GET"]}}],"collection":[{"href":"https:\/\/mamaterra.lt\/lv\/wp-json\/wp\/v2\/product"}],"about":[{"href":"https:\/\/mamaterra.lt\/lv\/wp-json\/wp\/v2\/types\/product"}],"wp:featuredmedia":[{"embeddable":true,"href":"https:\/\/mamaterra.lt\/lv\/wp-json\/wp\/v2\/media\/11500"}],"wp:attachment":[{"href":"https:\/\/mamaterra.lt\/lv\/wp-json\/wp\/v2\/media?parent=16527"}],"wp:term":[{"taxonomy":"product_brand","embeddable":true,"href":"https:\/\/mamaterra.lt\/lv\/wp-json\/wp\/v2\/product_brand?post=16527"},{"taxonomy":"product_cat","embeddable":true,"href":"https:\/\/mamaterra.lt\/lv\/wp-json\/wp\/v2\/product_cat?post=16527"},{"taxonomy":"product_tag","embeddable":true,"href":"https:\/\/mamaterra.lt\/lv\/wp-json\/wp\/v2\/product_tag?post=16527"}],"curies":[{"name":"wp","href":"https:\/\/api.w.org\/{rel}","templated":true}]}}