{"id":16509,"date":"2021-04-18T16:37:09","date_gmt":"2021-04-18T15:37:09","guid":{"rendered":"https:\/\/mamaterra.lt\/parduotuve\/uncategorized\/boswellia-frankincense-tira-doterra-eteriska-ella-15ml\/"},"modified":"2021-04-18T16:37:09","modified_gmt":"2021-04-18T15:37:09","slug":"boswelliju-frankincense-pure-doterra-essential-oil-15ml","status":"publish","type":"product","link":"https:\/\/mamaterra.lt\/lv\/parduotuve\/eteriskas-ellas\/tiras-eteriskas-ellas\/boswelliju-frankincense-pure-doterra-essential-oil-15ml\/","title":{"rendered":"Boswellia (FRANKINCENSE) T\u012bra doTERRA \u0113terisk\u0101 e\u013c\u013ca 15ml"},"content":{"rendered":"<p><strong>Boswellia (FRANKINCENSE) T\u012bra doTERRA \u0113terisk\u0101 e\u013c\u013ca<\/strong><\/p>\n<p>Boswellia carterii, frereana, sacra | 15ml<\/p>\n<p>&nbsp;<\/p>\n<p><strong>Boswellia (FRANKINCENSE) Pure doTERRA \u0113terisk\u0101s e\u013c\u013cas apraksts, lietojumi un visp\u0101r\u012bg\u0101s \u012bpa\u0161\u012bbas:<\/strong><\/p>\n<ul>\n<li><strong>Popul\u0101ra un \u012bpa\u0161a \u0113terisk\u0101 e\u013c\u013ca<\/strong><\/li>\n<\/ul>\n<p>Frankincense boswellia \u0113terisk\u0101 e\u013c\u013ca tiek ieg\u016bta no boswellia koka un tiek izmantota aromterapij\u0101. \u0160\u012b koka miz\u0101 tiek veikti iegriezumi, ar kuriem pl\u016bst b\u0101lgana auga sula, kas, rea\u0123\u0113jot ar gaisu, da\u017eu ned\u0113\u013cu laik\u0101 p\u0101rv\u0113r\u0161as par cietiem sve\u0137iem.<\/p>\n<p>\u0160ie koku sve\u0137i vai, citiem v\u0101rdiem sakot, sve\u0137i tiek destil\u0113ti, t\u0101d\u0113j\u0101di ieg\u016bstot frankincense \u0113terisko e\u013c\u013cu. T\u0101s smar\u017ea ir spilgta, nedaudz l\u012bdz\u012bga mums paz\u012bstamajam sve\u0137ainajam arom\u0101tam un tiek uzskat\u012bta par vienu no grezn\u0101kaj\u0101m smar\u017e\u0101m pasaul\u0113. Jo senos laikos bosvela sve\u0137i tika sadedzin\u0101ti uz alt\u0101riem un temp\u013cos, jo tie pal\u0113nina un padzi\u013cina elpo\u0161anu, kas nomierin\u0101s un rada apst\u0101k\u013cus l\u016bg\u0161anai un medit\u0113\u0161anai.<\/p>\n<ul>\n<li><strong>C\u012bn\u0101s ar negat\u012bv\u0101m emocij\u0101m un paaugstina garast\u0101vokli<\/strong><\/li>\n<\/ul>\n<p>Nosaukums Frankincense n\u0101k no fran\u010du termina &#8220;frankc encens&#8221;, kas noz\u012bm\u0113 &#8220;augstas kvalit\u0101tes v\u012braks&#8221;, t\u0101p\u0113c m\u0113s varam pie\u0146emt, ka \u0161\u012b zemes smar\u017ea c\u012bn\u0101s ar negat\u012bv\u0101m emocij\u0101m un pal\u012bdz nomierin\u0101ties.<\/p>\n<p>S\u0101kum\u0101 m\u0113s min\u0113j\u0101m, ka \u0161\u012b smar\u017ea tika izmantota senos laikos, temp\u013cos, k\u0101 pal\u012bgs, lai nomierin\u0101tos un ienirt dzi\u013c\u0101 medit\u0101cij\u0101. Tikai da\u017ei pilieni difuzor\u0101, vidi ap\u0146ems miers un nomazg\u0101s visas negat\u012bv\u0101s ener\u0123ijas, kas paliek telp\u0101. Piliens vann\u0101 atsl\u0101bin\u0101s musku\u013cus, k\u0101 ar\u012b dv\u0113seli. J\u016bs jut\u012bsities mier\u012bgs un atp\u016bties.<\/p>\n<ul>\n<li><strong>Da\u013ca no \u0101das kop\u0161anas<\/strong><\/li>\n<\/ul>\n<p>Varb\u016bt visv\u0113rt\u012bg\u0101k\u0101 no vis\u0101m senaj\u0101m e\u013c\u013c\u0101m, boswellia \u0113terisk\u0101 e\u013c\u013ca ir \u013coti daudzpus\u012bga un tai ir vair\u0101kas noder\u012bgas \u012bpa\u0161\u012bbas.<\/p>\n<p>Sajaucot \u0113terisko e\u013c\u013cu ar b\u0101zes e\u013c\u013c\u0101m, piem\u0113ram, kokosriekstu vai ol\u012bvu, jums b\u016bs lielisks l\u012bdzeklis pret grumb\u0101m un \u0101das noveco\u0161anos. Frankincense \u0113terisk\u0101 e\u013c\u013ca labi sader ar citrusaug\u013cu \u0113teriskaj\u0101m e\u013c\u013c\u0101m, piem\u0113ram, bergamotu, citronu un apels\u012bnu. Ja dodat priek\u0161roku bag\u0101t\u012bg\u0101k\u0101m smar\u017e\u0101m, sajauciet ar ciedra, sandalkoka un mirres \u0113teriskaj\u0101m e\u013c\u013c\u0101m. Un, lai ieg\u016btu maigas, sievi\u0161\u0137\u012bgas smar\u017eas: ylang ylang, ro\u017eu un lavandas \u0113terisk\u0101s e\u013c\u013cas.<\/p>\n<p>\u0160\u012b e\u013c\u013ca, kas smar\u017eo p\u0113c seniem kokiem, sve\u0137iem, dabas un reli\u0123ijas, joproj\u0101m ir aktu\u0101la. M\u016bsdienu pasaul\u0113, kur\u0101 ir tik daudz sint\u0113tisko produktu, neskaidra sast\u0101va un neizp\u0113t\u012btas \u0137\u012bmijas preces, piev\u0113rsieties dabai, pa\u013caujieties uz t\u0101s pied\u0101v\u0101tajiem labumiem. J\u016bs esat dabas b\u0113rns.<\/p>\n<p>National Geographic bija public\u0113jis rakstu, kur\u0101 tika run\u0101ts par to, k\u0101p\u0113c Bosvelijas koki ir apdraud\u0113ti, kur\u0101 min\u0113ts ar\u012b doTERRA, kas \u0113tisk\u0101 veid\u0101 ieg\u016bst Francincence e\u013c\u013cu, lai saglab\u0101tu \u0161o bag\u0101t\u012bbu.<\/p>\n<p>&nbsp;<\/p>\n<p>Vair\u0101k par <strong>boswellia (FRANKINCENSE) <\/strong><strong>doTERRA \u0113terisko e\u013c\u013cu<\/strong><strong> <\/strong>J\u016bs <strong>atrad\u012bsit<\/strong> t\u0101l\u0101k redzamaj\u0101 videoklip\u0101.<\/p>\n<p><iframe title=\"K\u0101 lietot doTERRA Frankincense\" src=\"https:\/\/www.youtube.com\/embed\/L4fIcGq0QO8\" width=\"853\" height=\"480\" frameborder=\"0\" allowfullscreen=\"allowfullscreen\"><\/iframe><\/p>\n","protected":false},"excerpt":{"rendered":"<ul>\n<li>Samazina \u0101das nepiln\u012bbas un atjauno \u0101du<\/li>\n<li>Pal\u012bdz atp\u016bsties un dod emocion\u0101lu l\u012bdzsvaru<\/li>\n<li>Nomierina \u0101du<\/li>\n<\/ul>\n","protected":false},"featured_media":11774,"template":"","meta":{"site-sidebar-layout":"default","site-content-layout":"default","ast-site-content-layout":"default","site-content-style":"default","site-sidebar-style":"default","ast-global-header-display":"","ast-banner-title-visibility":"","ast-main-header-display":"","ast-hfb-above-header-display":"","ast-hfb-below-header-display":"","ast-hfb-mobile-header-display":"","site-post-title":"","ast-breadcrumbs-content":"","ast-featured-img":"","footer-sml-layout":"","ast-disable-related-posts":"","theme-transparent-header-meta":"default","adv-header-id-meta":"","stick-header-meta":"","header-above-stick-meta":"","header-main-stick-meta":"","header-below-stick-meta":"","astra-migrate-meta-layouts":"default","ast-page-background-enabled":"default","ast-page-background-meta":{"desktop":{"background-color":"","background-image":"","background-repeat":"repeat","background-position":"center center","background-size":"auto","background-attachment":"scroll","background-type":"","background-media":"","overlay-type":"","overlay-color":"","overlay-opacity":"","overlay-gradient":""},"tablet":{"background-color":"","background-image":"","background-repeat":"repeat","background-position":"center center","background-size":"auto","background-attachment":"scroll","background-type":"","background-media":"","overlay-type":"","overlay-color":"","overlay-opacity":"","overlay-gradient":""},"mobile":{"background-color":"","background-image":"","background-repeat":"repeat","background-position":"center center","background-size":"auto","background-attachment":"scroll","background-type":"","background-media":"","overlay-type":"","overlay-color":"","overlay-opacity":"","overlay-gradient":""}},"ast-content-background-meta":{"desktop":{"background-color":"var(--ast-global-color-5)","background-image":"","background-repeat":"repeat","background-position":"center center","background-size":"auto","background-attachment":"scroll","background-type":"","background-media":"","overlay-type":"","overlay-color":"","overlay-opacity":"","overlay-gradient":""},"tablet":{"background-color":"var(--ast-global-color-5)","background-image":"","background-repeat":"repeat","background-position":"center center","background-size":"auto","background-attachment":"scroll","background-type":"","background-media":"","overlay-type":"","overlay-color":"","overlay-opacity":"","overlay-gradient":""},"mobile":{"background-color":"var(--ast-global-color-5)","background-image":"","background-repeat":"repeat","background-position":"center center","background-size":"auto","background-attachment":"scroll","background-type":"","background-media":"","overlay-type":"","overlay-color":"","overlay-opacity":"","overlay-gradient":""}}},"product_brand":[],"product_cat":[600,604,610,611,612,618,602],"product_tag":[676,631,1202],"class_list":{"0":"post-16509","1":"product","2":"type-product","3":"status-publish","4":"has-post-thumbnail","6":"product_cat-eteriskas-ellas","7":"product_cat-higiena-un-adas-kopsana","8":"product_cat-imunitates-stiprinasanai","9":"product_cat-koncentresanas","10":"product_cat-masazai","11":"product_cat-nomierinosas","12":"product_cat-tiras-eteriskas-ellas","13":"product_tag-15-ml-lv","14":"product_tag-eteriskas-ellas","15":"product_tag-geranium-lv","16":"desktop-align-left","17":"tablet-align-left","18":"mobile-align-left","20":"first","21":"instock","22":"taxable","23":"shipping-taxable","24":"purchasable","25":"product-type-simple"},"_links":{"self":[{"href":"https:\/\/mamaterra.lt\/lv\/wp-json\/wp\/v2\/product\/16509","targetHints":{"allow":["GET"]}}],"collection":[{"href":"https:\/\/mamaterra.lt\/lv\/wp-json\/wp\/v2\/product"}],"about":[{"href":"https:\/\/mamaterra.lt\/lv\/wp-json\/wp\/v2\/types\/product"}],"wp:featuredmedia":[{"embeddable":true,"href":"https:\/\/mamaterra.lt\/lv\/wp-json\/wp\/v2\/media\/11774"}],"wp:attachment":[{"href":"https:\/\/mamaterra.lt\/lv\/wp-json\/wp\/v2\/media?parent=16509"}],"wp:term":[{"taxonomy":"product_brand","embeddable":true,"href":"https:\/\/mamaterra.lt\/lv\/wp-json\/wp\/v2\/product_brand?post=16509"},{"taxonomy":"product_cat","embeddable":true,"href":"https:\/\/mamaterra.lt\/lv\/wp-json\/wp\/v2\/product_cat?post=16509"},{"taxonomy":"product_tag","embeddable":true,"href":"https:\/\/mamaterra.lt\/lv\/wp-json\/wp\/v2\/product_tag?post=16509"}],"curies":[{"name":"wp","href":"https:\/\/api.w.org\/{rel}","templated":true}]}}