{"id":16497,"date":"2021-04-18T16:38:15","date_gmt":"2021-04-18T15:38:15","guid":{"rendered":"https:\/\/mamaterra.lt\/parduotuve\/uncategorized\/ginger-pure-doterra-eteriska-ella-15ml\/"},"modified":"2021-04-18T16:38:15","modified_gmt":"2021-04-18T15:38:15","slug":"ingvers-tirs-doterra-eteriska-ella-15ml","status":"publish","type":"product","link":"https:\/\/mamaterra.lt\/lv\/parduotuve\/eteriskas-ellas\/tiras-eteriskas-ellas\/ingvers-tirs-doterra-eteriska-ella-15ml\/","title":{"rendered":"GINGER Pure doTERRA \u0113terisk\u0101 e\u013c\u013ca 15ml"},"content":{"rendered":"<p><strong>GINGER Pure doTERRA \u0113terisk\u0101 e\u013c\u013ca<\/strong><\/p>\n<p>Zingiber officinale | 15ml<\/p>\n<p>&nbsp;<\/p>\n<p><strong>GINGER Pure doTERRA \u0113terisk\u0101s e\u013c\u013cas apraksts:<\/strong><\/p>\n<p>doTERRA ingvera \u0113terisk\u0101 e\u013c\u013ca tiek ieg\u016bta no svaigiem ingvera sakne\u0146iem. Ingvera \u0113terisk\u0101 e\u013c\u013ca ir vislab\u0101k paz\u012bstama ar savu saldo arom\u0101tu.<\/p>\n<ul>\n<li>Smar\u017e\u012bgs un nomierino\u0161s arom\u0101ts<\/li>\n<li>Popul\u0101ra gar\u0161viela, ko izmanto daudzos \u0113dienos vis\u0101 pasaul\u0113<\/li>\n<li>Uzkl\u0101jot uz \u0101das, tas to sasilda<\/li>\n<\/ul>\n<p>&nbsp;<\/p>\n<p>Vair\u0101k par <strong>GINGER<\/strong><strong> <\/strong><strong>doTERRA<\/strong><strong> <\/strong><strong>\u0112terisko e\u013c\u013cu <\/strong>atrad\u012bsit t\u0101l\u0101k redzamaj\u0101 videoklip\u0101.<\/p>\n<p><iframe title=\"INGVERA \u0112TERISK\u0100S E\u013b\u013bAS IZMANTO\u0160ANA UN PRIEK\u0160ROC\u012aBAS| Rull\u012b\u0161u pude\u013cu receptes un difuzoru mais\u012bjumi\" src=\"https:\/\/www.youtube.com\/embed\/9Lh6HI4GIQA\" width=\"853\" height=\"480\" frameborder=\"0\" allowfullscreen=\"allowfullscreen\"><\/iframe><\/p>\n","protected":false},"excerpt":{"rendered":"<ul>\n<li>Smar\u017e\u012bgs un nomierino\u0161s arom\u0101ts<\/li>\n<li>Popul\u0101ra gar\u0161viela, ko izmanto daudzos \u0113dienos vis\u0101 pasaul\u0113<\/li>\n<li>Uzkl\u0101jot uz \u0101das, tas to sasilda<\/li>\n<\/ul>\n","protected":false},"featured_media":11529,"template":"","meta":{"site-sidebar-layout":"default","site-content-layout":"default","ast-site-content-layout":"default","site-content-style":"default","site-sidebar-style":"default","ast-global-header-display":"","ast-banner-title-visibility":"","ast-main-header-display":"","ast-hfb-above-header-display":"","ast-hfb-below-header-display":"","ast-hfb-mobile-header-display":"","site-post-title":"","ast-breadcrumbs-content":"","ast-featured-img":"","footer-sml-layout":"","ast-disable-related-posts":"","theme-transparent-header-meta":"default","adv-header-id-meta":"","stick-header-meta":"","header-above-stick-meta":"","header-main-stick-meta":"","header-below-stick-meta":"","astra-migrate-meta-layouts":"default","ast-page-background-enabled":"default","ast-page-background-meta":{"desktop":{"background-color":"","background-image":"","background-repeat":"repeat","background-position":"center center","background-size":"auto","background-attachment":"scroll","background-type":"","background-media":"","overlay-type":"","overlay-color":"","overlay-opacity":"","overlay-gradient":""},"tablet":{"background-color":"","background-image":"","background-repeat":"repeat","background-position":"center center","background-size":"auto","background-attachment":"scroll","background-type":"","background-media":"","overlay-type":"","overlay-color":"","overlay-opacity":"","overlay-gradient":""},"mobile":{"background-color":"","background-image":"","background-repeat":"repeat","background-position":"center center","background-size":"auto","background-attachment":"scroll","background-type":"","background-media":"","overlay-type":"","overlay-color":"","overlay-opacity":"","overlay-gradient":""}},"ast-content-background-meta":{"desktop":{"background-color":"var(--ast-global-color-5)","background-image":"","background-repeat":"repeat","background-position":"center center","background-size":"auto","background-attachment":"scroll","background-type":"","background-media":"","overlay-type":"","overlay-color":"","overlay-opacity":"","overlay-gradient":""},"tablet":{"background-color":"var(--ast-global-color-5)","background-image":"","background-repeat":"repeat","background-position":"center center","background-size":"auto","background-attachment":"scroll","background-type":"","background-media":"","overlay-type":"","overlay-color":"","overlay-opacity":"","overlay-gradient":""},"mobile":{"background-color":"var(--ast-global-color-5)","background-image":"","background-repeat":"repeat","background-position":"center center","background-size":"auto","background-attachment":"scroll","background-type":"","background-media":"","overlay-type":"","overlay-color":"","overlay-opacity":"","overlay-gradient":""}}},"product_brand":[],"product_cat":[600,620,612,602],"product_tag":[676,631,1196],"class_list":{"0":"post-16497","1":"product","2":"type-product","3":"status-publish","4":"has-post-thumbnail","6":"product_cat-eteriskas-ellas","7":"product_cat-gremosanai","8":"product_cat-masazai","9":"product_cat-tiras-eteriskas-ellas","10":"product_tag-15-ml-lv","11":"product_tag-eteriskas-ellas","12":"product_tag-ginger-lv","13":"desktop-align-left","14":"tablet-align-left","15":"mobile-align-left","17":"first","18":"instock","19":"sale","20":"taxable","21":"shipping-taxable","22":"purchasable","23":"product-type-simple"},"_links":{"self":[{"href":"https:\/\/mamaterra.lt\/lv\/wp-json\/wp\/v2\/product\/16497","targetHints":{"allow":["GET"]}}],"collection":[{"href":"https:\/\/mamaterra.lt\/lv\/wp-json\/wp\/v2\/product"}],"about":[{"href":"https:\/\/mamaterra.lt\/lv\/wp-json\/wp\/v2\/types\/product"}],"wp:featuredmedia":[{"embeddable":true,"href":"https:\/\/mamaterra.lt\/lv\/wp-json\/wp\/v2\/media\/11529"}],"wp:attachment":[{"href":"https:\/\/mamaterra.lt\/lv\/wp-json\/wp\/v2\/media?parent=16497"}],"wp:term":[{"taxonomy":"product_brand","embeddable":true,"href":"https:\/\/mamaterra.lt\/lv\/wp-json\/wp\/v2\/product_brand?post=16497"},{"taxonomy":"product_cat","embeddable":true,"href":"https:\/\/mamaterra.lt\/lv\/wp-json\/wp\/v2\/product_cat?post=16497"},{"taxonomy":"product_tag","embeddable":true,"href":"https:\/\/mamaterra.lt\/lv\/wp-json\/wp\/v2\/product_tag?post=16497"}],"curies":[{"name":"wp","href":"https:\/\/api.w.org\/{rel}","templated":true}]}}