{"id":16495,"date":"2021-04-18T16:35:30","date_gmt":"2021-04-18T15:35:30","guid":{"rendered":"https:\/\/mamaterra.lt\/parduotuve\/uncategorized\/douglas-fir-pure-doterra-eteriska-ella-5ml\/"},"modified":"2021-04-18T16:35:30","modified_gmt":"2021-04-18T15:35:30","slug":"douglas-fir-pure-doterra-essential-oil-5ml","status":"publish","type":"product","link":"https:\/\/mamaterra.lt\/lv\/parduotuve\/eteriskas-ellas\/tiras-eteriskas-ellas\/douglas-fir-pure-doterra-essential-oil-5ml\/","title":{"rendered":"DOUGLAS FIR Pure doTERRA \u0113terisk\u0101 e\u013c\u013ca 5ml"},"content":{"rendered":"<p><strong>DOUGLAS FIR Pure doTERRA \u0113terisk\u0101 e\u013c\u013ca<\/strong><\/p>\n<p>Pseudotsuga menziesii | 5ml<\/p>\n<p>&nbsp;<\/p>\n<p><strong>Apraksts DOUGLAS FIR Pure doTERRA \u0113terisk\u0101 e\u013c\u013ca:<\/strong><\/p>\n<p>Ieg\u016bta no jauniem kokiem, kas aug Jaunz\u0113land\u0113, liela pame\u017ea \u0113terisk\u0101 e\u013c\u013ca var pal\u012bdz\u0113t atvieglot elpo\u0161anu, att\u012br\u012bt \u0101du un rad\u012bt vidi, kas dod ener\u0123iju.<\/p>\n<ul>\n<li>Nodro\u0161ina t\u012bru elpce\u013cu un vieglas elpo\u0161anas saj\u016btu<\/li>\n<li>Piem\u012bt \u0101du att\u012bro\u0161as \u012bpa\u0161\u012bbas<\/li>\n<li>Rada pozit\u012bvu noska\u0146ojumu<\/li>\n<\/ul>\n<p>&nbsp;<\/p>\n<p>Vair\u0101k par <strong>DOUGLAS FIR \u0113terisko e\u013c\u013cu<\/strong><strong> <\/strong><strong>doTERRA<\/strong><strong> <\/strong>J\u016bs atrad\u012bsit t\u0101l\u0101k redzamaj\u0101 <strong>videoklip\u0101<\/strong> .<\/p>\n<p><iframe title=\"DoTERRA Douglas egles \u0113terisk\u0101s e\u013c\u013cas ieg\u016b\u0161ana\" src=\"https:\/\/www.youtube.com\/embed\/Qm4nXDJDX7Q\" width=\"853\" height=\"480\" frameborder=\"0\" allowfullscreen=\"allowfullscreen\"><\/iframe><\/p>\n","protected":false},"excerpt":{"rendered":"<ul>\n<li>Nodro\u0161ina t\u012bru elpce\u013cu un vieglas elpo\u0161anas saj\u016btu<\/li>\n<li>Piem\u012bt \u0101du att\u012bro\u0161as \u012bpa\u0161\u012bbas<\/li>\n<li>Rada pozit\u012bvu noska\u0146ojumu<\/li>\n<\/ul>\n","protected":false},"featured_media":11418,"template":"","meta":{"site-sidebar-layout":"default","site-content-layout":"default","ast-site-content-layout":"default","site-content-style":"default","site-sidebar-style":"default","ast-global-header-display":"","ast-banner-title-visibility":"","ast-main-header-display":"","ast-hfb-above-header-display":"","ast-hfb-below-header-display":"","ast-hfb-mobile-header-display":"","site-post-title":"","ast-breadcrumbs-content":"","ast-featured-img":"","footer-sml-layout":"","ast-disable-related-posts":"","theme-transparent-header-meta":"default","adv-header-id-meta":"","stick-header-meta":"","header-above-stick-meta":"","header-main-stick-meta":"","header-below-stick-meta":"","astra-migrate-meta-layouts":"default","ast-page-background-enabled":"default","ast-page-background-meta":{"desktop":{"background-color":"","background-image":"","background-repeat":"repeat","background-position":"center center","background-size":"auto","background-attachment":"scroll","background-type":"","background-media":"","overlay-type":"","overlay-color":"","overlay-opacity":"","overlay-gradient":""},"tablet":{"background-color":"","background-image":"","background-repeat":"repeat","background-position":"center center","background-size":"auto","background-attachment":"scroll","background-type":"","background-media":"","overlay-type":"","overlay-color":"","overlay-opacity":"","overlay-gradient":""},"mobile":{"background-color":"","background-image":"","background-repeat":"repeat","background-position":"center center","background-size":"auto","background-attachment":"scroll","background-type":"","background-media":"","overlay-type":"","overlay-color":"","overlay-opacity":"","overlay-gradient":""}},"ast-content-background-meta":{"desktop":{"background-color":"var(--ast-global-color-5)","background-image":"","background-repeat":"repeat","background-position":"center center","background-size":"auto","background-attachment":"scroll","background-type":"","background-media":"","overlay-type":"","overlay-color":"","overlay-opacity":"","overlay-gradient":""},"tablet":{"background-color":"var(--ast-global-color-5)","background-image":"","background-repeat":"repeat","background-position":"center center","background-size":"auto","background-attachment":"scroll","background-type":"","background-media":"","overlay-type":"","overlay-color":"","overlay-opacity":"","overlay-gradient":""},"mobile":{"background-color":"var(--ast-global-color-5)","background-image":"","background-repeat":"repeat","background-position":"center center","background-size":"auto","background-attachment":"scroll","background-type":"","background-media":"","overlay-type":"","overlay-color":"","overlay-opacity":"","overlay-gradient":""}}},"product_brand":[],"product_cat":[600,618,602],"product_tag":[677,1227,631],"class_list":{"0":"post-16495","1":"product","2":"type-product","3":"status-publish","4":"has-post-thumbnail","6":"product_cat-eteriskas-ellas","7":"product_cat-nomierinosas","8":"product_cat-tiras-eteriskas-ellas","9":"product_tag-5-ml-lv","10":"product_tag-douglas-fir-lv","11":"product_tag-eteriskas-ellas","12":"desktop-align-left","13":"tablet-align-left","14":"mobile-align-left","16":"first","17":"instock","18":"taxable","19":"shipping-taxable","20":"purchasable","21":"product-type-simple"},"_links":{"self":[{"href":"https:\/\/mamaterra.lt\/lv\/wp-json\/wp\/v2\/product\/16495","targetHints":{"allow":["GET"]}}],"collection":[{"href":"https:\/\/mamaterra.lt\/lv\/wp-json\/wp\/v2\/product"}],"about":[{"href":"https:\/\/mamaterra.lt\/lv\/wp-json\/wp\/v2\/types\/product"}],"wp:featuredmedia":[{"embeddable":true,"href":"https:\/\/mamaterra.lt\/lv\/wp-json\/wp\/v2\/media\/11418"}],"wp:attachment":[{"href":"https:\/\/mamaterra.lt\/lv\/wp-json\/wp\/v2\/media?parent=16495"}],"wp:term":[{"taxonomy":"product_brand","embeddable":true,"href":"https:\/\/mamaterra.lt\/lv\/wp-json\/wp\/v2\/product_brand?post=16495"},{"taxonomy":"product_cat","embeddable":true,"href":"https:\/\/mamaterra.lt\/lv\/wp-json\/wp\/v2\/product_cat?post=16495"},{"taxonomy":"product_tag","embeddable":true,"href":"https:\/\/mamaterra.lt\/lv\/wp-json\/wp\/v2\/product_tag?post=16495"}],"curies":[{"name":"wp","href":"https:\/\/api.w.org\/{rel}","templated":true}]}}