{"id":16485,"date":"2021-04-18T16:36:30","date_gmt":"2021-04-18T15:36:30","guid":{"rendered":"https:\/\/mamaterra.lt\/parduotuve\/uncategorized\/fenhel-pure-doterra-eteriska-ella-15ml\/"},"modified":"2021-04-18T16:36:30","modified_gmt":"2021-04-18T15:36:30","slug":"fenhela-tira-doterra-eteriska-ella-15ml","status":"publish","type":"product","link":"https:\/\/mamaterra.lt\/lv\/parduotuve\/eteriskas-ellas\/tiras-eteriskas-ellas\/fenhela-tira-doterra-eteriska-ella-15ml\/","title":{"rendered":"FENHEL Pure doTERRA \u0113terisk\u0101 e\u013c\u013ca 15ml"},"content":{"rendered":"<p><strong>FENHEL Pure doTERRA \u0113terisk\u0101 e\u013c\u013ca<\/strong><\/p>\n<p>Foeniculum vulgare | 15ml<\/p>\n<p>&nbsp;<\/p>\n<p><strong>FENHEL Pure doTERRA \u0113terisk\u0101s e\u013c\u013cas apraksts:<\/strong><\/p>\n<p>Fenhelim, kas izmantots gadsimtiem ilgi, ir vair\u0101kas noder\u012bgas \u012bpa\u0161\u012bbas, un tam ir izsmalcin\u0101ts lakricas arom\u0101ts.<\/p>\n<ul>\n<li>Gar\u0161\u012bgs papildin\u0101jums zup\u0101m, m\u0113rc\u0113m un sal\u0101tiem<\/li>\n<li>Uzkl\u0101jot uz \u0101das, nomierina un mazina s\u0101pes. Pirms uzkl\u0101\u0161anas uz \u0101das at\u0161\u0137aidiet.<\/li>\n<li>Dod pa\u0161apzi\u0146u un ener\u0123iju<\/li>\n<li>Pal\u012bdz gremo\u0161anas sist\u0113mai darboties<\/li>\n<li>Lietojot iek\u0161\u0113ji, tas uzlabo vielmai\u0146u un cirkul\u0101ciju.<\/li>\n<li>  1-3 pilieni (at\u0161\u0137aid\u012bti ar nes\u0113je\u013c\u013cu), lai iee\u013c\u013cotu ku\u0146\u0123a zonu pirms un p\u0113c \u0113\u0161anas &#8211; lai mazin\u0101tu \u0113\u0161anas trauc\u0113jumus<\/li>\n<li>Piliniet 1 -2 pilienus \u016bden\u012b vai t\u0113j\u0101, ja j\u016bs \u013coti piesaista saldumi.<\/li>\n<li>Piliniet 1-2 pilienus tuk\u0161\u0101 kapsul\u0101, lai uzlabotu vielmai\u0146u<\/li>\n<li>Tvaiks ar difuzoru.<\/li>\n<\/ul>\n<p>Taj\u0101 pa\u0161\u0101 laik\u0101 ir piem\u0113rotas ingvera, mandar\u012bnu, greipfr\u016btu, pa\u010d\u016blijas, eikalipta, kurkumas \u0113terisk\u0101s e\u013c\u013cas.<\/p>\n<p>&nbsp;<\/p>\n<p>Vair\u0101k par <strong>FENHEL <\/strong><strong>doTERRA<\/strong><strong> <\/strong><strong>\u0112terisko e\u013c\u013cu <\/strong>atrad\u012bsit t\u0101l\u0101k redzamaj\u0101 videoklip\u0101.<\/p>\n<p><iframe title=\"Atkl\u0101jiet doTERRA fenhe\u013ca \u0113terisk\u0101s e\u013c\u013cas priek\u0161roc\u012bbas\" src=\"https:\/\/www.youtube.com\/embed\/N73KBACVwn4\" width=\"853\" height=\"480\" frameborder=\"0\" allowfullscreen=\"allowfullscreen\"><\/iframe><\/p>\n","protected":false},"excerpt":{"rendered":"<ul>\n<li>Gar\u0161\u012bgs papildin\u0101jums zup\u0101m, m\u0113rc\u0113m un sal\u0101tiem<\/li>\n<li>Uzkl\u0101ts uz \u0101das nomierina un mazina s\u0101pes<\/li>\n<li>Dod pa\u0161apzi\u0146u un ener\u0123iju<\/li>\n<\/ul>\n","protected":false},"featured_media":11502,"template":"","meta":{"site-sidebar-layout":"default","site-content-layout":"default","ast-site-content-layout":"default","site-content-style":"default","site-sidebar-style":"default","ast-global-header-display":"","ast-banner-title-visibility":"","ast-main-header-display":"","ast-hfb-above-header-display":"","ast-hfb-below-header-display":"","ast-hfb-mobile-header-display":"","site-post-title":"","ast-breadcrumbs-content":"","ast-featured-img":"","footer-sml-layout":"","ast-disable-related-posts":"","theme-transparent-header-meta":"default","adv-header-id-meta":"","stick-header-meta":"","header-above-stick-meta":"","header-main-stick-meta":"","header-below-stick-meta":"","astra-migrate-meta-layouts":"default","ast-page-background-enabled":"default","ast-page-background-meta":{"desktop":{"background-color":"","background-image":"","background-repeat":"repeat","background-position":"center center","background-size":"auto","background-attachment":"scroll","background-type":"","background-media":"","overlay-type":"","overlay-color":"","overlay-opacity":"","overlay-gradient":""},"tablet":{"background-color":"","background-image":"","background-repeat":"repeat","background-position":"center center","background-size":"auto","background-attachment":"scroll","background-type":"","background-media":"","overlay-type":"","overlay-color":"","overlay-opacity":"","overlay-gradient":""},"mobile":{"background-color":"","background-image":"","background-repeat":"repeat","background-position":"center center","background-size":"auto","background-attachment":"scroll","background-type":"","background-media":"","overlay-type":"","overlay-color":"","overlay-opacity":"","overlay-gradient":""}},"ast-content-background-meta":{"desktop":{"background-color":"var(--ast-global-color-5)","background-image":"","background-repeat":"repeat","background-position":"center center","background-size":"auto","background-attachment":"scroll","background-type":"","background-media":"","overlay-type":"","overlay-color":"","overlay-opacity":"","overlay-gradient":""},"tablet":{"background-color":"var(--ast-global-color-5)","background-image":"","background-repeat":"repeat","background-position":"center center","background-size":"auto","background-attachment":"scroll","background-type":"","background-media":"","overlay-type":"","overlay-color":"","overlay-opacity":"","overlay-gradient":""},"mobile":{"background-color":"var(--ast-global-color-5)","background-image":"","background-repeat":"repeat","background-position":"center center","background-size":"auto","background-attachment":"scroll","background-type":"","background-media":"","overlay-type":"","overlay-color":"","overlay-opacity":"","overlay-gradient":""}}},"product_brand":[],"product_cat":[619,600,620,602],"product_tag":[676,631,1234],"class_list":{"0":"post-16485","1":"product","2":"type-product","3":"status-publish","4":"has-post-thumbnail","6":"product_cat-berniem","7":"product_cat-eteriskas-ellas","8":"product_cat-gremosanai","9":"product_cat-tiras-eteriskas-ellas","10":"product_tag-15-ml-lv","11":"product_tag-eteriskas-ellas","12":"product_tag-fennel-lv","13":"desktop-align-left","14":"tablet-align-left","15":"mobile-align-left","17":"first","18":"instock","19":"taxable","20":"shipping-taxable","21":"purchasable","22":"product-type-simple"},"_links":{"self":[{"href":"https:\/\/mamaterra.lt\/lv\/wp-json\/wp\/v2\/product\/16485","targetHints":{"allow":["GET"]}}],"collection":[{"href":"https:\/\/mamaterra.lt\/lv\/wp-json\/wp\/v2\/product"}],"about":[{"href":"https:\/\/mamaterra.lt\/lv\/wp-json\/wp\/v2\/types\/product"}],"wp:featuredmedia":[{"embeddable":true,"href":"https:\/\/mamaterra.lt\/lv\/wp-json\/wp\/v2\/media\/11502"}],"wp:attachment":[{"href":"https:\/\/mamaterra.lt\/lv\/wp-json\/wp\/v2\/media?parent=16485"}],"wp:term":[{"taxonomy":"product_brand","embeddable":true,"href":"https:\/\/mamaterra.lt\/lv\/wp-json\/wp\/v2\/product_brand?post=16485"},{"taxonomy":"product_cat","embeddable":true,"href":"https:\/\/mamaterra.lt\/lv\/wp-json\/wp\/v2\/product_cat?post=16485"},{"taxonomy":"product_tag","embeddable":true,"href":"https:\/\/mamaterra.lt\/lv\/wp-json\/wp\/v2\/product_tag?post=16485"}],"curies":[{"name":"wp","href":"https:\/\/api.w.org\/{rel}","templated":true}]}}