{"id":16481,"date":"2021-04-18T16:39:06","date_gmt":"2021-04-18T15:39:06","guid":{"rendered":"https:\/\/mamaterra.lt\/parduotuve\/uncategorized\/green-mandarin-pure-doterra-eteriska-ella-15ml\/"},"modified":"2021-04-18T16:39:06","modified_gmt":"2021-04-18T15:39:06","slug":"zala-mandarinu-tira-doterra-eteriska-ella-15ml","status":"publish","type":"product","link":"https:\/\/mamaterra.lt\/lv\/parduotuve\/eteriskas-ellas\/tiras-eteriskas-ellas\/zala-mandarinu-tira-doterra-eteriska-ella-15ml\/","title":{"rendered":"GREEN MANDARIN Pure doTERRA \u0113terisk\u0101 e\u013c\u013ca 15ml"},"content":{"rendered":"<p><strong>GREEN MANDARIN Pure doTERRA \u0113terisk\u0101 e\u013c\u013ca  <\/strong><\/p>\n<p>Citrus nobilis | 15ml<\/p>\n<p>&nbsp;<\/p>\n<p><strong>GREEN MANDARIN Pure doTERRA \u0113terisk\u0101s e\u013c\u013cas apraksts:<\/strong><\/p>\n<p>Za\u013co mandar\u012bnu \u0113terisk\u0101 e\u013c\u013ca, kas saspiesta no nenogatavoju\u0161iem mandar\u012bniem, t\u0101s smar\u017eas un lieto\u0161anas meto\u017eu d\u0113\u013c ir unik\u0101la starp vis\u0101m citrusaug\u013cu e\u013c\u013c\u0101m.<\/p>\n<p>Pal\u012bdz sajust miera saj\u016btu<br \/>\nIzmantojiet to \u0113diena gatavo\u0161an\u0101 \u2013 tas \u0101tri pie\u0161\u0137irs \u0113dieniem atsvaidzino\u0161u gar\u0161u<\/p>\n<p>Da\u017ereiz m\u0113s j\u016btamies nom\u0101kti, jo m\u0113s nesam nastu, kas mums nepieder.<\/p>\n<p>Vai var\u0113tu b\u016bt, ka jums tr\u016bkst emocion\u0101l\u0101s ener\u0123ijas, jo j\u016bs uz\u0146ematies atbild\u012bbu par citiem?<\/p>\n<p>Padom\u0101jiet par to, kad m\u0113\u0123in\u0101t atv\u0113rt savu sirdi dzi\u013cas un ilgsto\u0161as emocion\u0101las atjauno\u0161an\u0101s iesp\u0113jai. \u0160aj\u0101 ce\u013cojum\u0101 pal\u012bdz\u0113s za\u013cais mandar\u012bns.<\/p>\n<p><strong>Za\u013c\u0101s mandar\u012bnu doTERRA \u0113terisk\u0101s e\u013c\u013cas lietojumi:<\/strong><\/p>\n<ul>\n<li>\u0160\u012b e\u013c\u013ca ir \u012bpa\u0161i piem\u0113rota b\u0113rniem un \u012bpa\u0161i jut\u012bgiem cilv\u0113kiem. Lietojot kop\u0101 ar Lavandu, Vetiveru, Rozi un\/vai Nerolis, j\u016bs pal\u012bdz\u0113siet nomierin\u0101t negat\u012bv\u0101s emocijas un nodro\u0161in\u0101siet fizisku un emocion\u0101lu stabilit\u0101ti.<\/li>\n<li>Depresija, dusmas, nervozit\u0101te, iek\u0161\u0113j\u0101 b\u0113rna pamodin\u0101\u0161ana &#8211; tvaic\u0113\u0161ana, viens piliens zem m\u0113les + puls\u0113jo\u0161o zonu e\u013c\u013co\u0161ana.<\/li>\n<li>Situ\u0101cijas trauksme &#8211; uzkl\u0101jiet 1-2 pilienus zem deguna, tvaiku, ieelpojiet no plaukst\u0101m un \/ vai sken\u0113jiet \u016bdeni.<\/li>\n<\/ul>\n<p>&nbsp;<\/p>\n<p>Noskatieties video par doTERRA GREEN MANDAR\u012aNA \u0112TERISKO E\u013b\u013bU.<\/p>\n<p><iframe title=\"YouTube video atska\u0146ot\u0101js\" src=\"https:\/\/www.youtube-nocookie.com\/embed\/dhhqYLfrmgM\" width=\"560\" height=\"315\" frameborder=\"0\" allowfullscreen=\"allowfullscreen\"><\/iframe><\/p>\n","protected":false},"excerpt":{"rendered":"<ul>\n<li>Pal\u012bdz sajust miera saj\u016btu<\/li>\n<li>Izmantojiet to \u0113diena gatavo\u0161an\u0101 \u2013 tas \u0101tri pie\u0161\u0137irs \u0113dieniem atsvaidzino\u0161u gar\u0161u<\/li>\n<\/ul>\n","protected":false},"featured_media":11419,"template":"","meta":{"site-sidebar-layout":"default","site-content-layout":"default","ast-site-content-layout":"default","site-content-style":"default","site-sidebar-style":"default","ast-global-header-display":"","ast-banner-title-visibility":"","ast-main-header-display":"","ast-hfb-above-header-display":"","ast-hfb-below-header-display":"","ast-hfb-mobile-header-display":"","site-post-title":"","ast-breadcrumbs-content":"","ast-featured-img":"","footer-sml-layout":"","ast-disable-related-posts":"","theme-transparent-header-meta":"default","adv-header-id-meta":"","stick-header-meta":"","header-above-stick-meta":"","header-main-stick-meta":"","header-below-stick-meta":"","astra-migrate-meta-layouts":"default","ast-page-background-enabled":"default","ast-page-background-meta":{"desktop":{"background-color":"","background-image":"","background-repeat":"repeat","background-position":"center center","background-size":"auto","background-attachment":"scroll","background-type":"","background-media":"","overlay-type":"","overlay-color":"","overlay-opacity":"","overlay-gradient":""},"tablet":{"background-color":"","background-image":"","background-repeat":"repeat","background-position":"center center","background-size":"auto","background-attachment":"scroll","background-type":"","background-media":"","overlay-type":"","overlay-color":"","overlay-opacity":"","overlay-gradient":""},"mobile":{"background-color":"","background-image":"","background-repeat":"repeat","background-position":"center center","background-size":"auto","background-attachment":"scroll","background-type":"","background-media":"","overlay-type":"","overlay-color":"","overlay-opacity":"","overlay-gradient":""}},"ast-content-background-meta":{"desktop":{"background-color":"var(--ast-global-color-5)","background-image":"","background-repeat":"repeat","background-position":"center center","background-size":"auto","background-attachment":"scroll","background-type":"","background-media":"","overlay-type":"","overlay-color":"","overlay-opacity":"","overlay-gradient":""},"tablet":{"background-color":"var(--ast-global-color-5)","background-image":"","background-repeat":"repeat","background-position":"center center","background-size":"auto","background-attachment":"scroll","background-type":"","background-media":"","overlay-type":"","overlay-color":"","overlay-opacity":"","overlay-gradient":""},"mobile":{"background-color":"var(--ast-global-color-5)","background-image":"","background-repeat":"repeat","background-position":"center center","background-size":"auto","background-attachment":"scroll","background-type":"","background-media":"","overlay-type":"","overlay-color":"","overlay-opacity":"","overlay-gradient":""}}},"product_brand":[],"product_cat":[600,602],"product_tag":[676,631,1495],"class_list":{"0":"post-16481","1":"product","2":"type-product","3":"status-publish","4":"has-post-thumbnail","6":"product_cat-eteriskas-ellas","7":"product_cat-tiras-eteriskas-ellas","8":"product_tag-15-ml-lv","9":"product_tag-eteriskas-ellas","10":"product_tag-green-mandarin-lv","11":"desktop-align-left","12":"tablet-align-left","13":"mobile-align-left","15":"first","16":"instock","17":"taxable","18":"shipping-taxable","19":"purchasable","20":"product-type-simple"},"_links":{"self":[{"href":"https:\/\/mamaterra.lt\/lv\/wp-json\/wp\/v2\/product\/16481","targetHints":{"allow":["GET"]}}],"collection":[{"href":"https:\/\/mamaterra.lt\/lv\/wp-json\/wp\/v2\/product"}],"about":[{"href":"https:\/\/mamaterra.lt\/lv\/wp-json\/wp\/v2\/types\/product"}],"wp:featuredmedia":[{"embeddable":true,"href":"https:\/\/mamaterra.lt\/lv\/wp-json\/wp\/v2\/media\/11419"}],"wp:attachment":[{"href":"https:\/\/mamaterra.lt\/lv\/wp-json\/wp\/v2\/media?parent=16481"}],"wp:term":[{"taxonomy":"product_brand","embeddable":true,"href":"https:\/\/mamaterra.lt\/lv\/wp-json\/wp\/v2\/product_brand?post=16481"},{"taxonomy":"product_cat","embeddable":true,"href":"https:\/\/mamaterra.lt\/lv\/wp-json\/wp\/v2\/product_cat?post=16481"},{"taxonomy":"product_tag","embeddable":true,"href":"https:\/\/mamaterra.lt\/lv\/wp-json\/wp\/v2\/product_tag?post=16481"}],"curies":[{"name":"wp","href":"https:\/\/api.w.org\/{rel}","templated":true}]}}