{"id":16470,"date":"2021-04-18T16:46:34","date_gmt":"2021-04-18T15:46:34","guid":{"rendered":"https:\/\/mamaterra.lt\/parduotuve\/uncategorized\/roman-kumelite-pure-doterra-eteriska-ella-5ml\/"},"modified":"2024-03-11T19:31:33","modified_gmt":"2024-03-11T18:31:33","slug":"romans-kumelite-tira-doterra-essential-ella-5ml","status":"publish","type":"product","link":"https:\/\/mamaterra.lt\/lv\/parduotuve\/eteriskas-ellas\/tiras-eteriskas-ellas\/romans-kumelite-tira-doterra-essential-ella-5ml\/","title":{"rendered":"ROMAN KUMEL\u012aTE Pure doTERRA \u0113terisk\u0101 e\u013c\u013ca 5ml"},"content":{"rendered":"<p><strong>ROMIE\u0160U kumel\u012b\u0161u t\u012br\u0101 doTERRA \u0113terisk\u0101 e\u013c\u013ca<\/strong><\/p>\n<p>Anthemis nobilis | 5ml<\/p>\n<p>&nbsp;<\/p>\n<p><strong>ROMAN KUMEL\u012a\u0160U t\u012bras doTERRA \u0113terisk\u0101s e\u013c\u013cas apraksts:<\/strong><\/p>\n<p>Rom\u0101nisk\u0101 kumel\u012bte ir visdaudzpus\u012bg\u0101k\u0101 no vis\u0101m kumel\u012bt\u0113m. T\u0101s \u0113terisk\u0101 e\u013c\u013ca tiek ieg\u016bta no margrieti\u0146\u0101m l\u012bdz\u012bg\u0101 rom\u0101nikas kumel\u012b\u0161u auga ziediem.<\/p>\n<ul>\n<li>Uzkl\u0101jiet zoles pirms gul\u0113tie\u0161anas<\/li>\n<li>Pie\u0161\u0137ir matiem vesel\u012bgu izskatu un svaigu ziedu smar\u017eu<\/li>\n<li>Uzkl\u0101j uz \u0101das un visam \u0137ermenim ir nomierino\u0161a iedarb\u012bba<\/li>\n<\/ul>\n<p>&nbsp;<\/p>\n<p>Vair\u0101k par <strong>ROMIE\u0160U KUMEL\u012aTE<\/strong> <strong>doTERRA<\/strong> <strong>\u0112terisko e\u013c\u013cu <\/strong>atrad\u012bsit t\u0101l\u0101k redzamaj\u0101 videoklip\u0101.<\/p>\n<p><iframe title=\"doTERRA Romas kumel\u012b\u0161u \u0113terisk\u0101s e\u013c\u013cas-DEOWA akad\u0113mija\" src=\"https:\/\/www.youtube.com\/embed\/ToU2t7Vyh2Y\" width=\"853\" height=\"480\" frameborder=\"0\" allowfullscreen=\"allowfullscreen\"><\/iframe><\/p>\n","protected":false},"excerpt":{"rendered":"<ul>\n<li>Uzkl\u0101jiet zoles pirms gul\u0113tie\u0161anas<\/li>\n<li>Pie\u0161\u0137ir matiem vesel\u012bgu izskatu un svaigu ziedu smar\u017eu<\/li>\n<li>Uzkl\u0101j uz \u0101das un visam \u0137ermenim ir nomierino\u0161a iedarb\u012bba<\/li>\n<\/ul>\n<p>&nbsp;<\/p>\n<div id=\"gtx-trans\" style=\"position: absolute; left: 214px; top: 103px;\">\n<div class=\"gtx-trans-icon\"><\/div>\n<\/div>\n","protected":false},"featured_media":0,"template":"","meta":{"site-sidebar-layout":"default","site-content-layout":"default","ast-site-content-layout":"default","site-content-style":"default","site-sidebar-style":"default","ast-global-header-display":"","ast-banner-title-visibility":"","ast-main-header-display":"","ast-hfb-above-header-display":"","ast-hfb-below-header-display":"","ast-hfb-mobile-header-display":"","site-post-title":"","ast-breadcrumbs-content":"","ast-featured-img":"","footer-sml-layout":"","ast-disable-related-posts":"","theme-transparent-header-meta":"default","adv-header-id-meta":"","stick-header-meta":"","header-above-stick-meta":"","header-main-stick-meta":"","header-below-stick-meta":"","astra-migrate-meta-layouts":"set","ast-page-background-enabled":"default","ast-page-background-meta":{"desktop":{"background-color":"","background-image":"","background-repeat":"repeat","background-position":"center center","background-size":"auto","background-attachment":"scroll","background-type":"","background-media":"","overlay-type":"","overlay-color":"","overlay-opacity":"","overlay-gradient":""},"tablet":{"background-color":"","background-image":"","background-repeat":"repeat","background-position":"center center","background-size":"auto","background-attachment":"scroll","background-type":"","background-media":"","overlay-type":"","overlay-color":"","overlay-opacity":"","overlay-gradient":""},"mobile":{"background-color":"","background-image":"","background-repeat":"repeat","background-position":"center center","background-size":"auto","background-attachment":"scroll","background-type":"","background-media":"","overlay-type":"","overlay-color":"","overlay-opacity":"","overlay-gradient":""}},"ast-content-background-meta":{"desktop":{"background-color":"var(--ast-global-color-5)","background-image":"","background-repeat":"repeat","background-position":"center center","background-size":"auto","background-attachment":"scroll","background-type":"","background-media":"","overlay-type":"","overlay-color":"","overlay-opacity":"","overlay-gradient":""},"tablet":{"background-color":"var(--ast-global-color-5)","background-image":"","background-repeat":"repeat","background-position":"center center","background-size":"auto","background-attachment":"scroll","background-type":"","background-media":"","overlay-type":"","overlay-color":"","overlay-opacity":"","overlay-gradient":""},"mobile":{"background-color":"var(--ast-global-color-5)","background-image":"","background-repeat":"repeat","background-position":"center center","background-size":"auto","background-attachment":"scroll","background-type":"","background-media":"","overlay-type":"","overlay-color":"","overlay-opacity":"","overlay-gradient":""}}},"product_brand":[],"product_cat":[619,600,613,618,602],"product_tag":[677,631,996],"class_list":{"0":"post-16470","1":"product","2":"type-product","3":"status-publish","5":"product_cat-berniem","6":"product_cat-eteriskas-ellas","7":"product_cat-miegam","8":"product_cat-nomierinosas","9":"product_cat-tiras-eteriskas-ellas","10":"product_tag-5-ml-lv","11":"product_tag-eteriskas-ellas","12":"product_tag-roman-chamomile-lv","13":"desktop-align-left","14":"tablet-align-left","15":"mobile-align-left","17":"first","18":"instock","19":"taxable","20":"shipping-taxable","21":"purchasable","22":"product-type-simple"},"_links":{"self":[{"href":"https:\/\/mamaterra.lt\/lv\/wp-json\/wp\/v2\/product\/16470","targetHints":{"allow":["GET"]}}],"collection":[{"href":"https:\/\/mamaterra.lt\/lv\/wp-json\/wp\/v2\/product"}],"about":[{"href":"https:\/\/mamaterra.lt\/lv\/wp-json\/wp\/v2\/types\/product"}],"wp:attachment":[{"href":"https:\/\/mamaterra.lt\/lv\/wp-json\/wp\/v2\/media?parent=16470"}],"wp:term":[{"taxonomy":"product_brand","embeddable":true,"href":"https:\/\/mamaterra.lt\/lv\/wp-json\/wp\/v2\/product_brand?post=16470"},{"taxonomy":"product_cat","embeddable":true,"href":"https:\/\/mamaterra.lt\/lv\/wp-json\/wp\/v2\/product_cat?post=16470"},{"taxonomy":"product_tag","embeddable":true,"href":"https:\/\/mamaterra.lt\/lv\/wp-json\/wp\/v2\/product_tag?post=16470"}],"curies":[{"name":"wp","href":"https:\/\/api.w.org\/{rel}","templated":true}]}}