{"id":16467,"date":"2021-04-18T16:45:06","date_gmt":"2021-04-18T15:45:06","guid":{"rendered":"https:\/\/mamaterra.lt\/parduotuve\/uncategorized\/doterra-peppermint-eterisko-ellu-zirni-125-gab\/"},"modified":"2021-04-18T16:45:06","modified_gmt":"2021-04-18T15:45:06","slug":"doterra-piparmetru-eteriskas-ellas-zirni-125-gab","status":"publish","type":"product","link":"https:\/\/mamaterra.lt\/lv\/parduotuve\/eteriskas-ellas\/tiras-eteriskas-ellas\/doterra-piparmetru-eteriskas-ellas-zirni-125-gab\/","title":{"rendered":"doTERRA PEPPERMINT \u0113terisko e\u013c\u013cu zir\u0146i (125 gab.)"},"content":{"rendered":"<p><strong>doTERRA piparm\u0113tru \u0113terisko e\u013c\u013cu zir\u0146i<\/strong><\/p>\n<p>Mentha piperita | 125 zir\u0146i<\/p>\n<p>&nbsp;<\/p>\n<p><strong>doTERRA PIPARM\u0112TRU \u0113terisk\u0101 e\u013c\u013ca Zir\u0146u zir\u0146u inform\u0101cija:<\/strong><\/p>\n<p>Izbaudiet atsvaidzino\u0161u un uzmundrino\u0161u piparm\u0113tru k\u0101rtrid\u017eu ar \u0113rtiem mutes dzirdino\u0161iem zir\u0146iem.<\/p>\n<ul>\n<li>Pal\u012bdz uztur\u0113t mutes dobuma vesel\u012bbu<\/li>\n<li>Nov\u0113r\u0161 nepat\u012bkamo saj\u016btu ku\u0146\u0123\u012b<\/li>\n<li>Ir visas piparm\u0113tru \u0113terisk\u0101s e\u013c\u013cas priek\u0161roc\u012bbas<\/li>\n<\/ul>\n<p>&nbsp;<\/p>\n<p>Vair\u0101k par <strong>doTERRA On Guard\u2122 \u0113terisko e\u013c\u013cu zir\u0146iem<\/strong><strong> <\/strong>To atrad\u012bsit t\u0101l\u0101k redzamaj\u0101 videoklip\u0101.<\/p>\n<p><iframe title=\"doTERRA piparm\u0113tru lod\u012btes\" src=\"https:\/\/www.youtube.com\/embed\/tO20VEF3F4k\" width=\"853\" height=\"480\" frameborder=\"0\" allowfullscreen=\"allowfullscreen\"><\/iframe><\/p>\n","protected":false},"excerpt":{"rendered":"<ul>\n<li>Pal\u012bdz uztur\u0113t mutes dobuma vesel\u012bbu<\/li>\n<li>Nov\u0113r\u0161 nepat\u012bkamo saj\u016btu ku\u0146\u0123\u012b<\/li>\n<li>Ir visas piparm\u0113tru \u0113terisk\u0101s e\u013c\u013cas priek\u0161roc\u012bbas<\/li>\n<\/ul>\n","protected":false},"featured_media":11498,"template":"","meta":{"site-sidebar-layout":"default","site-content-layout":"default","ast-site-content-layout":"default","site-content-style":"default","site-sidebar-style":"default","ast-global-header-display":"","ast-banner-title-visibility":"","ast-main-header-display":"","ast-hfb-above-header-display":"","ast-hfb-below-header-display":"","ast-hfb-mobile-header-display":"","site-post-title":"","ast-breadcrumbs-content":"","ast-featured-img":"","footer-sml-layout":"","ast-disable-related-posts":"","theme-transparent-header-meta":"default","adv-header-id-meta":"","stick-header-meta":"","header-above-stick-meta":"","header-main-stick-meta":"","header-below-stick-meta":"","astra-migrate-meta-layouts":"default","ast-page-background-enabled":"default","ast-page-background-meta":{"desktop":{"background-color":"","background-image":"","background-repeat":"repeat","background-position":"center center","background-size":"auto","background-attachment":"scroll","background-type":"","background-media":"","overlay-type":"","overlay-color":"","overlay-opacity":"","overlay-gradient":""},"tablet":{"background-color":"","background-image":"","background-repeat":"repeat","background-position":"center center","background-size":"auto","background-attachment":"scroll","background-type":"","background-media":"","overlay-type":"","overlay-color":"","overlay-opacity":"","overlay-gradient":""},"mobile":{"background-color":"","background-image":"","background-repeat":"repeat","background-position":"center center","background-size":"auto","background-attachment":"scroll","background-type":"","background-media":"","overlay-type":"","overlay-color":"","overlay-opacity":"","overlay-gradient":""}},"ast-content-background-meta":{"desktop":{"background-color":"var(--ast-global-color-5)","background-image":"","background-repeat":"repeat","background-position":"center center","background-size":"auto","background-attachment":"scroll","background-type":"","background-media":"","overlay-type":"","overlay-color":"","overlay-opacity":"","overlay-gradient":""},"tablet":{"background-color":"var(--ast-global-color-5)","background-image":"","background-repeat":"repeat","background-position":"center center","background-size":"auto","background-attachment":"scroll","background-type":"","background-media":"","overlay-type":"","overlay-color":"","overlay-opacity":"","overlay-gradient":""},"mobile":{"background-color":"var(--ast-global-color-5)","background-image":"","background-repeat":"repeat","background-position":"center center","background-size":"auto","background-attachment":"scroll","background-type":"","background-media":"","overlay-type":"","overlay-color":"","overlay-opacity":"","overlay-gradient":""}}},"product_brand":[],"product_cat":[600,602],"product_tag":[1031,674],"class_list":{"0":"post-16467","1":"product","2":"type-product","3":"status-publish","4":"has-post-thumbnail","6":"product_cat-eteriskas-ellas","7":"product_cat-tiras-eteriskas-ellas","8":"product_tag-peppermint-lv","9":"product_tag-zirni","10":"desktop-align-left","11":"tablet-align-left","12":"mobile-align-left","14":"first","15":"instock","16":"featured","17":"taxable","18":"shipping-taxable","19":"purchasable","20":"product-type-simple"},"_links":{"self":[{"href":"https:\/\/mamaterra.lt\/lv\/wp-json\/wp\/v2\/product\/16467","targetHints":{"allow":["GET"]}}],"collection":[{"href":"https:\/\/mamaterra.lt\/lv\/wp-json\/wp\/v2\/product"}],"about":[{"href":"https:\/\/mamaterra.lt\/lv\/wp-json\/wp\/v2\/types\/product"}],"wp:featuredmedia":[{"embeddable":true,"href":"https:\/\/mamaterra.lt\/lv\/wp-json\/wp\/v2\/media\/11498"}],"wp:attachment":[{"href":"https:\/\/mamaterra.lt\/lv\/wp-json\/wp\/v2\/media?parent=16467"}],"wp:term":[{"taxonomy":"product_brand","embeddable":true,"href":"https:\/\/mamaterra.lt\/lv\/wp-json\/wp\/v2\/product_brand?post=16467"},{"taxonomy":"product_cat","embeddable":true,"href":"https:\/\/mamaterra.lt\/lv\/wp-json\/wp\/v2\/product_cat?post=16467"},{"taxonomy":"product_tag","embeddable":true,"href":"https:\/\/mamaterra.lt\/lv\/wp-json\/wp\/v2\/product_tag?post=16467"}],"curies":[{"name":"wp","href":"https:\/\/api.w.org\/{rel}","templated":true}]}}