{"id":16465,"date":"2021-04-18T16:47:31","date_gmt":"2021-04-18T15:47:31","guid":{"rendered":"https:\/\/mamaterra.lt\/parduotuve\/uncategorized\/rosemary-pure-doterra-eteriska-ella-15ml\/"},"modified":"2021-04-18T16:47:31","modified_gmt":"2021-04-18T15:47:31","slug":"rozmarins-tirs-doterra-eteriska-ella-15ml","status":"publish","type":"product","link":"https:\/\/mamaterra.lt\/lv\/parduotuve\/higiena-un-adas-kopsana\/salon-essentials-matu-kopsanas-lidzekli\/rozmarins-tirs-doterra-eteriska-ella-15ml\/","title":{"rendered":"ROSEMARY Pure doTERRA \u0113terisk\u0101 e\u013c\u013ca 15ml"},"content":{"rendered":"<p><strong>ROSEMARY Pure doTERRA \u0113terisk\u0101 e\u013c\u013ca<\/strong><\/p>\n<p>Rosmarinus officinalis | 15ml<\/p>\n<p>&nbsp;<\/p>\n<p><strong>ROSEMARY Pure doTERRA \u0113terisk\u0101s e\u013c\u013cas apraksts:<\/strong><\/p>\n<p>Rozmar\u012bnam, kas grie\u0137u, romie\u0161u, \u0113\u0123iptie\u0161u un ebreju kult\u016br\u0101s tiek uzskat\u012bts par sv\u0113tu, ir neskait\u0101mi lietojumi un \u012bpa\u0161\u012bbas.<\/p>\n<ul>\n<li>Pie\u0161\u0137ir pikantu augu gar\u0161u ga\u013cai un \u012bpa\u0161iem \u0113dieniem<\/li>\n<li>Ener\u0123iju dodo\u0161s arom\u0101ts<\/li>\n<li>Pacil\u0101 ma\u0146as<\/li>\n<li>Uzlabo smadze\u0146u darb\u012bbu un atmi\u0146u<\/li>\n<li>Atvieglo atkr\u0113po\u0161anu<\/li>\n<li>Samazina matu izkri\u0161anu<\/li>\n<\/ul>\n<p>Tas ir smar\u017e\u012bgs m\u016b\u017eza\u013c\u0161 kr\u016bms, kura lapas bie\u017ei izmanto, lai aromatiz\u0113tu p\u0101rtiku. ROSEMARY \u0113terisk\u0101 e\u013c\u013ca ar augu ener\u0123isku arom\u0101tu ir smar\u017e\u012bgs papildin\u0101jums pikantiem \u0113dieniem.<\/p>\n<p>Ja recept\u0113 ir nor\u0101d\u012bts sausais rozmar\u012bns, varat to aizst\u0101t ar ROSEMARY \u0113terisko e\u013c\u013cu &#8211; j\u016bs izveidosiet atsvaidzino\u0161u un smar\u017e\u012bgu \u0113dienu. Nedaudz doTERRA rozmar\u012bna e\u013c\u013cas gar\u0161os kartupe\u013cu biezeni.<\/p>\n<p><strong>ROSEMARY Pure doTERRA b\u016btiskie emocion\u0101lie efekti:<\/strong><\/p>\n<ul>\n<li>Rozmar\u012bns pal\u012bdz cilv\u0113kiem, piem\u0113ram, p\u0101rejas un p\u0101rmai\u0146u laikos. p\u0101rcel\u0161an\u0101s uz jaun\u0101m m\u0101j\u0101m, skolas mai\u0146a vai jaunu cilv\u0113ku iepaz\u012b\u0161ana.<\/li>\n<li>\u0160\u012b e\u013c\u013ca pal\u012bdz papla\u0161in\u0101t re\u0101l\u0101s zin\u0101\u0161anas un inteli\u0123enci, dod skaidr\u012bbu pr\u0101tam, atvieglo m\u0101c\u012bbu procesu.<\/li>\n<\/ul>\n<p>&nbsp;<\/p>\n<p>Lai ieg\u016btu papildinform\u0101ciju par<strong> ROSEMARY doTERRA \u0113terisko e\u013c\u013cu<\/strong> , skatiet t\u0101l\u0101k redzamo videoklipu.<\/p>\n<p><iframe title=\"doTERRA rozmar\u012bns\" src=\"https:\/\/www.youtube.com\/embed\/ttHRTvikPak\" width=\"853\" height=\"480\" frameborder=\"0\" allowfullscreen=\"allowfullscreen\"><\/iframe><\/p>\n","protected":false},"excerpt":{"rendered":"<ul>\n<li>Pie\u0161\u0137ir pikantu augu gar\u0161u ga\u013cai un \u012bpa\u0161iem \u0113dieniem<\/li>\n<li>Ener\u0123iju dodo\u0161s arom\u0101ts<\/li>\n<li>Pacil\u0101 ma\u0146as<\/li>\n<\/ul>\n","protected":false},"featured_media":11488,"template":"","meta":{"site-sidebar-layout":"default","site-content-layout":"default","ast-site-content-layout":"default","site-content-style":"default","site-sidebar-style":"default","ast-global-header-display":"","ast-banner-title-visibility":"","ast-main-header-display":"","ast-hfb-above-header-display":"","ast-hfb-below-header-display":"","ast-hfb-mobile-header-display":"","site-post-title":"","ast-breadcrumbs-content":"","ast-featured-img":"","footer-sml-layout":"","ast-disable-related-posts":"","theme-transparent-header-meta":"default","adv-header-id-meta":"","stick-header-meta":"","header-above-stick-meta":"","header-main-stick-meta":"","header-below-stick-meta":"","astra-migrate-meta-layouts":"default","ast-page-background-enabled":"default","ast-page-background-meta":{"desktop":{"background-color":"","background-image":"","background-repeat":"repeat","background-position":"center center","background-size":"auto","background-attachment":"scroll","background-type":"","background-media":"","overlay-type":"","overlay-color":"","overlay-opacity":"","overlay-gradient":""},"tablet":{"background-color":"","background-image":"","background-repeat":"repeat","background-position":"center center","background-size":"auto","background-attachment":"scroll","background-type":"","background-media":"","overlay-type":"","overlay-color":"","overlay-opacity":"","overlay-gradient":""},"mobile":{"background-color":"","background-image":"","background-repeat":"repeat","background-position":"center center","background-size":"auto","background-attachment":"scroll","background-type":"","background-media":"","overlay-type":"","overlay-color":"","overlay-opacity":"","overlay-gradient":""}},"ast-content-background-meta":{"desktop":{"background-color":"var(--ast-global-color-5)","background-image":"","background-repeat":"repeat","background-position":"center center","background-size":"auto","background-attachment":"scroll","background-type":"","background-media":"","overlay-type":"","overlay-color":"","overlay-opacity":"","overlay-gradient":""},"tablet":{"background-color":"var(--ast-global-color-5)","background-image":"","background-repeat":"repeat","background-position":"center center","background-size":"auto","background-attachment":"scroll","background-type":"","background-media":"","overlay-type":"","overlay-color":"","overlay-opacity":"","overlay-gradient":""},"mobile":{"background-color":"var(--ast-global-color-5)","background-image":"","background-repeat":"repeat","background-position":"center center","background-size":"auto","background-attachment":"scroll","background-type":"","background-media":"","overlay-type":"","overlay-color":"","overlay-opacity":"","overlay-gradient":""}}},"product_brand":[],"product_cat":[600,617,610,611,615,605,602],"product_tag":[676,631,979],"class_list":{"0":"post-16465","1":"product","2":"type-product","3":"status-publish","4":"has-post-thumbnail","6":"product_cat-eteriskas-ellas","7":"product_cat-gaisa-attirisana","8":"product_cat-imunitates-stiprinasanai","9":"product_cat-koncentresanas","10":"product_cat-no-odiem-un-ercem","11":"product_cat-salon-essentials-matu-kopsanas-lidzekli","12":"product_cat-tiras-eteriskas-ellas","13":"product_tag-15-ml-lv","14":"product_tag-eteriskas-ellas","15":"product_tag-rosemary-lv","16":"desktop-align-left","17":"tablet-align-left","18":"mobile-align-left","20":"first","21":"instock","22":"taxable","23":"shipping-taxable","24":"purchasable","25":"product-type-simple"},"_links":{"self":[{"href":"https:\/\/mamaterra.lt\/lv\/wp-json\/wp\/v2\/product\/16465","targetHints":{"allow":["GET"]}}],"collection":[{"href":"https:\/\/mamaterra.lt\/lv\/wp-json\/wp\/v2\/product"}],"about":[{"href":"https:\/\/mamaterra.lt\/lv\/wp-json\/wp\/v2\/types\/product"}],"wp:featuredmedia":[{"embeddable":true,"href":"https:\/\/mamaterra.lt\/lv\/wp-json\/wp\/v2\/media\/11488"}],"wp:attachment":[{"href":"https:\/\/mamaterra.lt\/lv\/wp-json\/wp\/v2\/media?parent=16465"}],"wp:term":[{"taxonomy":"product_brand","embeddable":true,"href":"https:\/\/mamaterra.lt\/lv\/wp-json\/wp\/v2\/product_brand?post=16465"},{"taxonomy":"product_cat","embeddable":true,"href":"https:\/\/mamaterra.lt\/lv\/wp-json\/wp\/v2\/product_cat?post=16465"},{"taxonomy":"product_tag","embeddable":true,"href":"https:\/\/mamaterra.lt\/lv\/wp-json\/wp\/v2\/product_tag?post=16465"}],"curies":[{"name":"wp","href":"https:\/\/api.w.org\/{rel}","templated":true}]}}